{"id":8513,"date":"2017-12-30T16:22:19","date_gmt":"2017-12-30T16:22:19","guid":{"rendered":"http:\/\/www.tatanka.nl\/?post_type=product&#038;p=8513"},"modified":"2025-10-16T07:58:44","modified_gmt":"2025-10-16T06:58:44","slug":"peyote-seeds","status":"publish","type":"product","link":"https:\/\/www.tatanka.nl\/fr\/peyote-seeds\/","title":{"rendered":"Graines de cactus Peyote"},"content":{"rendered":"<h2 data-start=\"427\" data-end=\"476\">Qu'est-ce que le Lophophora Williamsii - Peyote Cactus ?<\/h2>\n<p data-start=\"478\" data-end=\"1364\">Le Lophophora Williamsii, commun\u00e9ment appel\u00e9 Peyotl, est un petit cactus sans \u00e9pines originaire des d\u00e9serts du Mexique et du sud-ouest des \u00c9tats-Unis. Connu pour ses effets psychoactifs, le peyotl contient de la mescaline, un compos\u00e9 naturel qui induit des hallucinations et des \u00e9tats de conscience alt\u00e9r\u00e9s. Le peyotl est utilis\u00e9 depuis des si\u00e8cles dans les c\u00e9r\u00e9monies spirituelles et curatives des Am\u00e9rindiens. Le cactus est traditionnellement consomm\u00e9 en coupant des tranches de la plante et en mangeant la chair crue, en la s\u00e9chant ou en la faisant infuser. Ses effets sont profond\u00e9ment introspectifs et sont souvent d\u00e9crits comme \u00e9tant \u00e0 la fois color\u00e9s et stimulants pour l'esprit. Le cactus Peyotl occupe une place importante dans l'histoire botanique et spirituelle, et il est d\u00e9sormais possible de le cultiver chez soi \u00e0 partir de graines. Malgr\u00e9 son apparence modeste, le Peyotl est connu pour ses effets puissants et durables sur l'esprit et le corps.<\/p>\n<h2 data-start=\"1371\" data-end=\"1422\">Histoire de Lophophora Williamsii - Peyote Cactus<\/h2>\n<p data-start=\"1424\" data-end=\"2361\">L'histoire de Lophophora Williamsii remonte \u00e0 des milliers d'ann\u00e9es, avec son utilisation par les cultures indig\u00e8nes des Am\u00e9riques, en particulier parmi les tribus am\u00e9rindiennes du Mexique et du sud-ouest des \u00c9tats-Unis. Le cactus a \u00e9t\u00e9 rencontr\u00e9 pour la premi\u00e8re fois par les explorateurs espagnols au cours de leurs exp\u00e9ditions vers le Nouveau Monde. Les explorateurs ont \u00e9t\u00e9 choqu\u00e9s par les effets psychoactifs de la plante et ont souvent consid\u00e9r\u00e9 l'utilisation de la plante par les peuples indig\u00e8nes comme pa\u00efenne ou satanique. Cependant, au fil du temps, les botanistes, les m\u00e9decins et les pharmacologues ont commenc\u00e9 \u00e0 reconna\u00eetre les bienfaits m\u00e9dicinaux et spirituels potentiels du peyotl. On pense que les Azt\u00e8ques ont \u00e9t\u00e9 parmi les premiers \u00e0 utiliser le peyotl lors de c\u00e9r\u00e9monies religieuses, estimant qu'il les reliait \u00e0 leurs dieux et qu'il leur permettait de mieux comprendre la nature de la vie. La plante est rest\u00e9e au c\u0153ur de diverses pratiques religieuses et culturelles, et elle est encore largement utilis\u00e9e dans les c\u00e9r\u00e9monies de l'\u00c9glise am\u00e9rindienne d'aujourd'hui.<\/p>\n<h2 data-start=\"2368\" data-end=\"2419\">Comment utiliser Lophophora Williamsii - Peyote Cactus<\/h2>\n<p data-start=\"2421\" data-end=\"3388\">L'utilisation du Lophophora Williamsii - Peyote cactus consiste \u00e0 pr\u00e9parer le cactus de diff\u00e9rentes mani\u00e8res pour ressentir ses effets psychoactifs. La m\u00e9thode la plus courante consiste \u00e0 couper des tranches du cactus, puis \u00e0 consommer la chair crue, qui a un go\u00fbt amer. Il est \u00e9galement possible de s\u00e9cher le cactus et de l'utiliser sous diff\u00e9rentes formes, comme dans la nourriture ou sous forme de th\u00e9. Lors de l'ingestion du cactus frais, il est important de noter que les premiers effets peuvent inclure des naus\u00e9es et des vomissements en raison de son amertume. Cependant, une fois que ces effets s'estompent au bout d'une heure, les utilisateurs vivent une exp\u00e9rience psych\u00e9d\u00e9lique puissante qui est souvent d\u00e9crite comme un voyage color\u00e9 et de longue dur\u00e9e. Pour les nouveaux consommateurs, il est recommand\u00e9 de commencer par une petite quantit\u00e9 afin d'\u00e9valuer la tol\u00e9rance, et il est essentiel d'\u00e9viter toute activit\u00e9 intense, en particulier la conduite ou l'utilisation de machines, pendant l'exp\u00e9rience. Il est \u00e9galement conseill\u00e9 d'\u00e9viter le Peyotl en cas d'ant\u00e9c\u00e9dents de troubles mentaux, tels que l'anxi\u00e9t\u00e9 ou la d\u00e9pression.<\/p>\n<h2 data-start=\"3395\" data-end=\"3450\">Ingr\u00e9dients de Lophophora Williamsii - Cactus Peyote<\/h2>\n<p data-start=\"3452\" data-end=\"4408\">Le principal compos\u00e9 psychoactif pr\u00e9sent dans le cactus Lophophora Williamsii - Peyote est la mescaline, un alcalo\u00efde naturel dont il a \u00e9t\u00e9 d\u00e9montr\u00e9 qu'il induit des effets psych\u00e9d\u00e9liques. La mescaline se trouve principalement dans la chair du cactus, la concentration la plus \u00e9lev\u00e9e se situant juste sous la peau. Ce compos\u00e9 affecte les r\u00e9cepteurs de la s\u00e9rotonine dans le cerveau, ce qui entra\u00eene des alt\u00e9rations de la perception, de l'humeur et de la conscience. Bien que le principal ingr\u00e9dient soit la mescaline, le cactus contient \u00e9galement divers autres compos\u00e9s, notamment des alcalo\u00efdes, qui contribuent \u00e0 ses effets uniques. Outre ses propri\u00e9t\u00e9s psychoactives, le peyotl a \u00e9t\u00e9 \u00e9tudi\u00e9 pour ses vertus m\u00e9dicinales potentielles, telles que sa capacit\u00e9 \u00e0 soulager la douleur, \u00e0 favoriser l'\u00e9veil spirituel et \u00e0 aider au traitement de la toxicomanie. Bien que l'utilisation du peyotl soit l\u00e9galement restreinte dans de nombreux pays, sa signification dans les contextes religieux et culturels reste importante, en particulier au sein des communaut\u00e9s am\u00e9rindiennes.<\/p>\n<p data-start=\"4415\" data-end=\"4427\"><strong data-start=\"4415\" data-end=\"4427\">Avertissement :<\/strong><\/p>\n<p data-start=\"4429\" data-end=\"4970\" data-is-last-node=\"\">Le peyotl peut provoquer des effets psychologiques importants, notamment des hallucinations intenses. Il peut entra\u00eener des naus\u00e9es, des vomissements et d'autres d\u00e9sagr\u00e9ments physiques, en particulier chez les utilisateurs inexp\u00e9riment\u00e9s. Il est recommand\u00e9 d'aborder l'utilisation de ce cactus avec prudence. \u00c9vitez de consommer du Peyotl si vous avez des ant\u00e9c\u00e9dents de troubles mentaux tels que la d\u00e9pression, l'anxi\u00e9t\u00e9 ou la psychose. Veillez toujours \u00e0 vous trouver dans un environnement s\u00fbr et contr\u00f4l\u00e9 lorsque vous consommez du peyotl, et ne vous livrez pas \u00e0 des activit\u00e9s telles que la conduite automobile ou l'utilisation de machines lorsque vous \u00eates sous l'influence du peyotl.<\/p>","protected":false},"excerpt":{"rendered":"<p>Le Lophophora Williamsii, commun\u00e9ment appel\u00e9 cactus Peyotl, est une plante unique \u00e0 l'histoire riche et aux propri\u00e9t\u00e9s psychoactives. Connu pour sa teneur en mescaline, ce cactus est utilis\u00e9 depuis des si\u00e8cles dans des pratiques spirituelles et m\u00e9dicinales. Avec sa forme arrondie et sans aiguilles, le cactus Peysiote est facile \u00e0 cultiver chez soi \u00e0 l'aide de graines, et permet d'exp\u00e9rimenter ses effets psych\u00e9d\u00e9liques.<\/p>\n<p>Cultivez vos propres graines ! Contient 10 graines.<span style=\"color: #000000;\"><br \/>\n<\/span><\/p>","protected":false},"featured_media":126153,"template":"","meta":[],"product_brand":[],"product_cat":[536,297,600,513,476],"product_tag":[],"class_list":{"0":"post-8513","1":"product","2":"type-product","3":"status-publish","4":"has-post-thumbnail","6":"product_cat-mescaline-cacti","7":"product_cat-all-products","8":"product_cat-mcmystic","9":"product_cat-party","10":"product_cat-smartshop","11":"product_shipping_class-creditcard-off","13":"first","14":"instock","15":"taxable","16":"shipping-taxable","17":"purchasable","18":"product-type-variable"},"_links":{"self":[{"href":"https:\/\/www.tatanka.nl\/fr\/wp-json\/wp\/v2\/product\/8513","targetHints":{"allow":["GET"]}}],"collection":[{"href":"https:\/\/www.tatanka.nl\/fr\/wp-json\/wp\/v2\/product"}],"about":[{"href":"https:\/\/www.tatanka.nl\/fr\/wp-json\/wp\/v2\/types\/product"}],"wp:featuredmedia":[{"embeddable":true,"href":"https:\/\/www.tatanka.nl\/fr\/wp-json\/wp\/v2\/media\/126153"}],"wp:attachment":[{"href":"https:\/\/www.tatanka.nl\/fr\/wp-json\/wp\/v2\/media?parent=8513"}],"wp:term":[{"taxonomy":"product_brand","embeddable":true,"href":"https:\/\/www.tatanka.nl\/fr\/wp-json\/wp\/v2\/product_brand?post=8513"},{"taxonomy":"product_cat","embeddable":true,"href":"https:\/\/www.tatanka.nl\/fr\/wp-json\/wp\/v2\/product_cat?post=8513"},{"taxonomy":"product_tag","embeddable":true,"href":"https:\/\/www.tatanka.nl\/fr\/wp-json\/wp\/v2\/product_tag?post=8513"}],"curies":[{"name":"wp","href":"https:\/\/api.w.org\/{rel}","templated":true}]}}