{"id":8517,"date":"2017-12-30T16:46:37","date_gmt":"2017-12-30T16:46:37","guid":{"rendered":"http:\/\/www.tatanka.nl\/?post_type=product&#038;p=8517"},"modified":"2025-10-16T07:58:43","modified_gmt":"2025-10-16T06:58:43","slug":"san-pedro-trichocereus-bridgesii-seeds","status":"publish","type":"product","link":"https:\/\/www.tatanka.nl\/fr\/san-pedro-trichocereus-bridgesii-seeds\/","title":{"rendered":"San Pedro Bridgesii graines"},"content":{"rendered":"<h2 data-pm-slice=\"1 1 []\">Qu'est-ce que le Trichocereus Bridgesii ?<\/h2>\n<p>Les <strong>Trichocereus Bridgesii - San Pedro cactus<\/strong> est un membre peu connu du genre Trichocereus. Reconnue pour sa forme de colonne haute et ses cr\u00eates distinctives, elle est devenue une plante recherch\u00e9e par les collectionneurs. Bien qu'elle contienne moins de mescaline que les autres esp\u00e8ces de Trichocereus, ses effets sont toujours appr\u00e9ci\u00e9s pour leurs am\u00e9liorations sensorielles, y compris les exp\u00e9riences visuelles vives.<\/p>\n<p>Botaniquement reclass\u00e9e comme <strong>Echinopsis Lageniformis<\/strong>En raison de sa forme unique, ce cactus est aussi commun\u00e9ment appel\u00e9 \"plante p\u00e9nis\". Malgr\u00e9 sa r\u00e9putation psych\u00e9d\u00e9lique, il est largement appr\u00e9ci\u00e9 en tant que plante ornementale. De nombreux amateurs la cultivent non seulement pour son attrait esth\u00e9tique, mais aussi pour sa signification culturelle dans les pratiques m\u00e9dicinales traditionnelles.<\/p>\n<div><\/div>\n<h2>Histoire du Trichocereus Bridgesii<\/h2>\n<p>Les origines de la <strong>Trichocereus Bridgesii - San Pedro cactus<\/strong> L'origine de ce cactus remonte \u00e0 la Bolivie, o\u00f9 il est utilis\u00e9 depuis longtemps pour ses propri\u00e9t\u00e9s m\u00e9dicinales et spirituelles. Les cultures indig\u00e8nes ont historiquement int\u00e9gr\u00e9 ce cactus dans des rituels, appr\u00e9ciant ses effets \u00e0 des fins de gu\u00e9rison et d'introspection.<\/p>\n<p>Le nom \"San Pedro\" fait r\u00e9f\u00e9rence \u00e0 Saint Pierre, le saint chr\u00e9tien cens\u00e9 d\u00e9tenir les cl\u00e9s du paradis. Cela sugg\u00e8re une croyance historique selon laquelle le cactus pourrait d\u00e9bloquer des exp\u00e9riences ou des id\u00e9es profondes. Au fil du temps, le cactus a acquis une renomm\u00e9e mondiale et divers cultivars ont \u00e9t\u00e9 d\u00e9velopp\u00e9s gr\u00e2ce \u00e0 des techniques de clonage afin de pr\u00e9server ses modes de croissance les plus distinctifs.<\/p>\n<p>M\u00eame si le cactus a \u00e9t\u00e9 reclass\u00e9 dans le genre Echinopsis, le nom traditionnel Trichocereus Bridgesii reste largement utilis\u00e9. La compr\u00e9hension de son histoire permet de comprendre l'importance culturelle et botanique qui a fait de ce cactus un favori de longue date.<\/p>\n<div><\/div>\n<h2>Comment utiliser Trichocereus Bridgesii<\/h2>\n<p>Cultiver <strong>Trichocereus Bridgesii - San Pedro cactus<\/strong> est une exp\u00e9rience enrichissante pour les d\u00e9butants comme pour les cultivateurs chevronn\u00e9s. Elle peut \u00eatre cultiv\u00e9e \u00e0 l'int\u00e9rieur ou \u00e0 l'ext\u00e9rieur, \u00e0 condition qu'elle re\u00e7oive suffisamment de lumi\u00e8re du soleil. Bien qu'elle prosp\u00e8re en plein soleil, il est pr\u00e9f\u00e9rable de la placer dans un endroit o\u00f9 elle re\u00e7oit un peu d'ombre pendant les heures les plus chaudes de la journ\u00e9e.<\/p>\n<p>Les graines doivent \u00eatre plant\u00e9es dans un sol bien drain\u00e9 pour \u00e9viter le pourrissement des racines. Un m\u00e9lange de sable, de perlite et de terreau pour cactus constitue un milieu de culture id\u00e9al. La germination n\u00e9cessite de la chaleur et de l'humidit\u00e9, mais une fois que le cactus est \u00e9tabli, il devient tr\u00e8s r\u00e9sistant \u00e0 la s\u00e9cheresse.<\/p>\n<p>La patience est de mise pour cultiver ce cactus, car il met du temps \u00e0 arriver \u00e0 maturit\u00e9. Un arrosage r\u00e9gulier mais mod\u00e9r\u00e9 est essentiel, et il est pr\u00e9f\u00e9rable de laisser le sol s'ass\u00e9cher entre les arrosages. L'exp\u00e9rimentation de diff\u00e9rentes conditions d'\u00e9clairage et d'arrosage permettra de d\u00e9terminer l'environnement optimal pour la croissance.<\/p>\n<div><\/div>\n<h2>Ingr\u00e9dients de Trichocereus Bridgesii<\/h2>\n<p>Les <strong>Trichocereus Bridgesii - San Pedro cactus<\/strong> se compose principalement de tissus v\u00e9g\u00e9taux riches en alcalo\u00efdes. Les principaux compos\u00e9s actifs sont les suivants<\/p>\n<ul data-spread=\"false\">\n<li><strong>Mescaline (en faible concentration)<\/strong> - Substance psychoactive qui contribue aux effets sensoriels du cactus.<\/li>\n<li><strong>Tyramine et Hord\u00e9nine<\/strong> - Alcalo\u00efdes naturels qui jouent un r\u00f4le dans la composition chimique de la plante.<\/li>\n<li><strong>Cellulose et tissus fibreux<\/strong> - Ils assurent l'int\u00e9grit\u00e9 structurelle du cactus et lui donnent sa forme caract\u00e9ristique de colonne.<\/li>\n<\/ul>\n<p>Bien que la plante contienne de la mescaline, ses effets sont consid\u00e9r\u00e9s comme plus doux que ceux d'autres esp\u00e8ces telles que le Trichocereus Peruvianus. Cela en fait un choix populaire pour ceux qui pr\u00e9f\u00e8rent une exp\u00e9rience sensorielle plus subtile plut\u00f4t qu'un voyage psych\u00e9d\u00e9lique intense.<\/p>\n<div><\/div>\n<p><strong>Avertissement<\/strong><br \/>\nTandis que <strong>Trichocereus Bridgesii - San Pedro cactus<\/strong> est souvent cultiv\u00e9e \u00e0 des fins d\u00e9coratives, certaines juridictions en r\u00e9glementent l'usage en raison de sa teneur en mescaline. V\u00e9rifiez toujours la l\u00e9gislation locale avant de cultiver ou d'utiliser cette plante \u00e0 des fins autres qu'ornementales.<\/p>\n<p>&nbsp;<\/p>","protected":false},"excerpt":{"rendered":"<p data-pm-slice=\"1 1 []\">D\u00e9couvrez l'unique <strong>Trichocereus Bridgesii - San Pedro cactus<\/strong>. Originaire de Bolivie, ce cactus particulier est appr\u00e9ci\u00e9 pour son attrait ornemental et ses l\u00e9gers effets psych\u00e9d\u00e9liques. Qu'il soit cultiv\u00e9 \u00e0 l'int\u00e9rieur ou \u00e0 l'ext\u00e9rieur, il prosp\u00e8re dans des conditions ensoleill\u00e9es et ajoute une pr\u00e9sence frappante \u00e0 toute collection.<\/p>\n<p align=\"LEFT\">Cultivez vos propres graines ! Contient 100 graines. <span style=\"color: #000000;\"><br \/>\n<\/span><\/p>","protected":false},"featured_media":126151,"template":"","meta":[],"product_brand":[],"product_cat":[536,297,600,513,476],"product_tag":[],"class_list":{"0":"post-8517","1":"product","2":"type-product","3":"status-publish","4":"has-post-thumbnail","6":"product_cat-mescaline-cacti","7":"product_cat-all-products","8":"product_cat-mcmystic","9":"product_cat-party","10":"product_cat-smartshop","11":"product_shipping_class-creditcard-off","13":"first","14":"instock","15":"taxable","16":"shipping-taxable","17":"purchasable","18":"product-type-variable"},"_links":{"self":[{"href":"https:\/\/www.tatanka.nl\/fr\/wp-json\/wp\/v2\/product\/8517","targetHints":{"allow":["GET"]}}],"collection":[{"href":"https:\/\/www.tatanka.nl\/fr\/wp-json\/wp\/v2\/product"}],"about":[{"href":"https:\/\/www.tatanka.nl\/fr\/wp-json\/wp\/v2\/types\/product"}],"wp:featuredmedia":[{"embeddable":true,"href":"https:\/\/www.tatanka.nl\/fr\/wp-json\/wp\/v2\/media\/126151"}],"wp:attachment":[{"href":"https:\/\/www.tatanka.nl\/fr\/wp-json\/wp\/v2\/media?parent=8517"}],"wp:term":[{"taxonomy":"product_brand","embeddable":true,"href":"https:\/\/www.tatanka.nl\/fr\/wp-json\/wp\/v2\/product_brand?post=8517"},{"taxonomy":"product_cat","embeddable":true,"href":"https:\/\/www.tatanka.nl\/fr\/wp-json\/wp\/v2\/product_cat?post=8517"},{"taxonomy":"product_tag","embeddable":true,"href":"https:\/\/www.tatanka.nl\/fr\/wp-json\/wp\/v2\/product_tag?post=8517"}],"curies":[{"name":"wp","href":"https:\/\/api.w.org\/{rel}","templated":true}]}}