{"id":8522,"date":"2017-12-30T17:45:20","date_gmt":"2017-12-30T15:45:20","guid":{"rendered":"http:\/\/www.tatanka.nl\/?post_type=product&#038;p=8522"},"modified":"2025-10-16T07:58:42","modified_gmt":"2025-10-16T06:58:42","slug":"san-pedro-trichocereus-peruvianus-seeds","status":"publish","type":"product","link":"https:\/\/www.tatanka.nl\/fr\/san-pedro-trichocereus-peruvianus-seeds\/","title":{"rendered":"San Pedro Peruvianus graines"},"content":{"rendered":"<h2 data-pm-slice=\"1 1 []\">Qu'est-ce que San Pedro Trichocereus Peruvianus ?<\/h2>\n<p>Trichocereus Peruvianus est une esp\u00e8ce de cactus originaire du P\u00e9rou. Il appartient au genre Echinopsis et est \u00e9troitement li\u00e9 au Trichocereus Pachanoi, \u00e9galement connu sous le nom de San Pedro. Le cactus torche du P\u00e9rou se distingue par sa forme haute et cylindrique, atteignant souvent plusieurs m\u00e8tres de hauteur. Il se caract\u00e9rise par une teinte vert bleut\u00e9, des \u00e9pines pro\u00e9minentes et des c\u00f4tes distinctes, qui lui conf\u00e8rent un aspect unique et d\u00e9coratif. En raison de sa ressemblance avec les piliers des temples, il est parfois appel\u00e9 \"cactus San Pedro\".<\/p>\n<p>Ce cactus a une riche histoire d'utilisation traditionnelle et est appr\u00e9ci\u00e9 pour sa r\u00e9sistance. Il peut prosp\u00e9rer dans divers environnements, mais pr\u00e9f\u00e8re un sol acide et bien drain\u00e9, ainsi qu'un ensoleillement important. Avec des soins appropri\u00e9s, le Trichocereus Peruvianus peut \u00eatre cultiv\u00e9 \u00e0 l'int\u00e9rieur ou \u00e0 l'ext\u00e9rieur, ce qui en fait une plante polyvalente pour les collectionneurs et les jardiniers.<\/p>\n<h2>Historique de San Pedro Trichocereus Peruvianus<\/h2>\n<p>L'histoire du Trichocereus Peruvianus est profond\u00e9ment li\u00e9e aux cultures d'Am\u00e9rique du Sud. Les populations indig\u00e8nes appr\u00e9cient ce cactus depuis des si\u00e8cles et l'utilisent souvent dans le cadre de pratiques spirituelles et m\u00e9dicinales. Le nom \"San Pedro\" est partag\u00e9 avec le Trichocereus Pachanoi et provient de Saint Pierre, qui est cens\u00e9 d\u00e9tenir les cl\u00e9s du paradis - une r\u00e9f\u00e9rence \u00e0 la signification spirituelle historique de la plante.<\/p>\n<p>Comme de nombreux cactus de la r\u00e9gion des Andes, le Trichocereus Peruvianus a fait partie de rituels traditionnels. Il \u00e9tait souvent utilis\u00e9 dans les c\u00e9r\u00e9monies pour faciliter les exp\u00e9riences visionnaires et l'introspection profonde. Au fil du temps, sa culture s'est \u00e9tendue au-del\u00e0 du P\u00e9rou, ce qui en a fait une plante recherch\u00e9e \u00e0 la fois par les amateurs de botanique et par ceux qui s'int\u00e9ressent \u00e0 ses applications historiques. Aujourd'hui, elle reste une esp\u00e8ce populaire parmi les collectionneurs et les amateurs du monde entier.<\/p>\n<h2>Comment utiliser San Pedro Trichocereus Peruvianus<\/h2>\n<p>Le Trichocereus Peruvianus est principalement cultiv\u00e9 comme plante ornementale. En raison de son apparence frappante et de sa r\u00e9sistance, c'est un favori parmi les amateurs de cactus. Il prosp\u00e8re dans les climats chauds et secs et n\u00e9cessite peu d'entretien une fois \u00e9tabli. Pour cultiver ce cactus, plantez ses graines dans un sol l\u00e9g\u00e8rement acide et bien drain\u00e9, en veillant \u00e0 ce que l'humidit\u00e9 soit \u00e9lev\u00e9e pendant la p\u00e9riode de germination. Les jeunes pousses germent g\u00e9n\u00e9ralement en douze jours.<\/p>\n<p>\u00c0 mesure qu'il grandit, le Trichocereus Peruvianus a besoin d'\u00eatre expos\u00e9 en plein soleil et d'\u00eatre arros\u00e9 de temps en temps. Il est essentiel de laisser le sol s\u00e9cher entre les arrosages pour \u00e9viter le pourrissement des racines. Ce cactus convient bien aux rocailles, aux serres ou aux pots d'int\u00e9rieur plac\u00e9s pr\u00e8s d'une fen\u00eatre ensoleill\u00e9e. Dans les r\u00e9gions au climat plus froid, le fait de rentrer le cactus \u00e0 l'int\u00e9rieur pendant l'hiver permet de le prot\u00e9ger contre les dommages caus\u00e9s par le gel.<\/p>\n<h2>Ingr\u00e9dients de San Pedro Trichocereus Peruvianus<\/h2>\n<p>Trichocereus Peruvianus est une plante naturelle compos\u00e9e principalement de tissus fibreux de cactus, de cellules stockant l'eau et de compos\u00e9s v\u00e9g\u00e9taux essentiels. Comme d'autres cactus, il contient des alcalo\u00efdes, notamment de la mescaline, mais \u00e0 des concentrations plus faibles que certaines esp\u00e8ces apparent\u00e9es. La mescaline est un compos\u00e9 naturel que l'on trouve dans plusieurs cactus et qui diff\u00e8re de la psilocybine des champignons et du LSD, qui est produit synth\u00e9tiquement.<\/p>\n<p>Outre sa teneur en alcalo\u00efdes, le Trichocereus Peruvianus contient \u00e9galement des nutriments essentiels qui l'aident \u00e0 prosp\u00e9rer dans des environnements difficiles. Il s'agit notamment de min\u00e9raux comme le calcium et le magn\u00e9sium, qui renforcent sa structure, et d'acides v\u00e9g\u00e9taux naturels qui contribuent \u00e0 sa croissance dans les sols acides. Sa capacit\u00e9 \u00e0 stocker l'eau lui permet de survivre dans des conditions arides, ce qui en fait une plante r\u00e9sistante et n\u00e9cessitant peu d'entretien.<\/p>\n<p><strong>Avertissement<\/strong><br \/>\nLe Trichocereus Peruvianus est destin\u00e9 uniquement \u00e0 des fins ornementales et horticoles. Il est essentiel de se renseigner sur les r\u00e9glementations locales concernant la culture et l'utilisation de ce cactus et de s'y conformer. Ne le consommez pas si la loi ne l'autorise pas. Manipulez-le toujours avec pr\u00e9caution, car ses \u00e9pines peuvent provoquer des blessures.<\/p>\n<p>&nbsp;<\/p>","protected":false},"excerpt":{"rendered":"<p data-pm-slice=\"1 1 []\">Trichocereus Peruvianus, \u00e9galement connu sous le nom de cactus torche du P\u00e9rou, est un cactus visuellement frappant originaire du P\u00e9rou. Reconnu pour sa forme colonnaire vert bleut\u00e9, ce cactus est appr\u00e9ci\u00e9 des amateurs pour son attrait esth\u00e9tique et ses utilisations traditionnelles. Il prosp\u00e8re dans les climats secs et chauds et est facile \u00e0 cultiver, ce qui en fait un excellent choix pour les cultivateurs amateurs.<\/p>\n<p>Faites pousser votre propre cactus ! Contient 100 graines.<span style=\"color: #000000;\"><br \/>\n<\/span><\/p>","protected":false},"featured_media":126145,"template":"","meta":[],"product_brand":[],"product_cat":[536,297,537,600,513,476],"product_tag":[],"class_list":{"0":"post-8522","1":"product","2":"type-product","3":"status-publish","4":"has-post-thumbnail","6":"product_cat-mescaline-cacti","7":"product_cat-all-products","8":"product_cat-lsa-seeds","9":"product_cat-mcmystic","10":"product_cat-party","11":"product_cat-smartshop","12":"product_shipping_class-creditcard-off","14":"first","15":"instock","16":"taxable","17":"shipping-taxable","18":"purchasable","19":"product-type-variable"},"_links":{"self":[{"href":"https:\/\/www.tatanka.nl\/fr\/wp-json\/wp\/v2\/product\/8522","targetHints":{"allow":["GET"]}}],"collection":[{"href":"https:\/\/www.tatanka.nl\/fr\/wp-json\/wp\/v2\/product"}],"about":[{"href":"https:\/\/www.tatanka.nl\/fr\/wp-json\/wp\/v2\/types\/product"}],"wp:featuredmedia":[{"embeddable":true,"href":"https:\/\/www.tatanka.nl\/fr\/wp-json\/wp\/v2\/media\/126145"}],"wp:attachment":[{"href":"https:\/\/www.tatanka.nl\/fr\/wp-json\/wp\/v2\/media?parent=8522"}],"wp:term":[{"taxonomy":"product_brand","embeddable":true,"href":"https:\/\/www.tatanka.nl\/fr\/wp-json\/wp\/v2\/product_brand?post=8522"},{"taxonomy":"product_cat","embeddable":true,"href":"https:\/\/www.tatanka.nl\/fr\/wp-json\/wp\/v2\/product_cat?post=8522"},{"taxonomy":"product_tag","embeddable":true,"href":"https:\/\/www.tatanka.nl\/fr\/wp-json\/wp\/v2\/product_tag?post=8522"}],"curies":[{"name":"wp","href":"https:\/\/api.w.org\/{rel}","templated":true}]}}