{"id":8529,"date":"2017-12-30T18:42:24","date_gmt":"2017-12-30T18:42:24","guid":{"rendered":"http:\/\/www.tatanka.nl\/?post_type=product&#038;p=8529"},"modified":"2025-06-04T15:46:33","modified_gmt":"2025-06-04T14:46:33","slug":"yopo-seeds","status":"publish","type":"product","link":"https:\/\/www.tatanka.nl\/fr\/yopo-seeds\/","title":{"rendered":"Yopo Seeds"},"content":{"rendered":"<h2 data-start=\"515\" data-end=\"559\">Qu'est-ce que Yopo (Anadenanthera Peregrina) ?<\/h2>\n<p data-start=\"561\" data-end=\"980\">Le yopo, scientifiquement connu sous le nom d'Anadenanthera Peregrina, est une plante originaire des Cara\u00efbes et d'Am\u00e9rique du Sud. Ses graines contiennent des compos\u00e9s hallucinog\u00e8nes naturels, dont le DMT, ce qui en fait un outil puissant pour les \u00e9tats de conscience modifi\u00e9s. Les tribus indig\u00e8nes utilisent le Yopo depuis des si\u00e8cles dans le cadre de rituels chamaniques, souvent pour obtenir une vision spirituelle, une conscience de soi ou m\u00eame des aper\u00e7us de l'avenir.<\/p>\n<p data-start=\"982\" data-end=\"1337\">Les effets psychoactifs des graines de Yopo sont intenses mais relativement brefs, puisqu'ils durent g\u00e9n\u00e9ralement environ 90 minutes. Les usagers ressentent souvent de vives hallucinations visuelles, des \u00e9motions exacerb\u00e9es et un sentiment d'expansion de la conscience. En raison de sa puissance, Yopo est recommand\u00e9 aux consommateurs exp\u00e9riment\u00e9s qui connaissent ses effets et les m\u00e9thodes de pr\u00e9paration ad\u00e9quates.<\/p>\n<p data-start=\"1339\" data-end=\"1624\">Le yopo est principalement utilis\u00e9 comme tabac \u00e0 priser, ce qui n\u00e9cessite un traitement minutieux des graines. La pr\u00e9paration traditionnelle consiste \u00e0 torr\u00e9fier, broyer et m\u00e9langer les graines \u00e0 des substances alcalines avant d'inhaler la poudre. Cela permet d'exploiter pleinement les propri\u00e9t\u00e9s psychoactives de la plante.<\/p>\n<h2 data-start=\"1633\" data-end=\"1679\">Histoire de Yopo (Anadenanthera Peregrina)<\/h2>\n<p data-start=\"1681\" data-end=\"2064\">L'utilisation du yopo remonte \u00e0 des milliers d'ann\u00e9es, et des preuves sugg\u00e8rent qu'il a \u00e9t\u00e9 utilis\u00e9 par d'anciennes civilisations pour ses bienfaits psychoactifs et spirituels. Des d\u00e9couvertes arch\u00e9ologiques indiquent que des cultures anciennes, dont les \u00c9gyptiens, ont pu exp\u00e9rimenter des plantes similaires, bien que l'usage le plus r\u00e9pandu soit celui des Incas et d'autres tribus indig\u00e8nes d'Am\u00e9rique du Sud.<\/p>\n<p data-start=\"2066\" data-end=\"2463\">Les Incas, ainsi que d'autres groupes indig\u00e8nes, consid\u00e9raient le Yopo comme un outil sacr\u00e9 pour l'exploration mentale et \u00e9motionnelle. Les chamans l'utilisaient pour entrer dans des \u00e9tats de conscience alt\u00e9r\u00e9s, o\u00f9 ils pouvaient acqu\u00e9rir de la sagesse, pr\u00e9voir des \u00e9v\u00e9nements futurs ou communiquer avec les esprits. Les c\u00e9r\u00e9monies impliquant le Yopo \u00e9taient souvent communautaires, les participants \u00e9tant guid\u00e9s par un gu\u00e9risseur ou un chef spirituel exp\u00e9riment\u00e9 tout au long de l'exp\u00e9rience.<\/p>\n<p data-start=\"2465\" data-end=\"2828\">La pr\u00e9paration traditionnelle des graines de Yopo a \u00e9t\u00e9 soigneusement affin\u00e9e au fil des g\u00e9n\u00e9rations. Les tribus indig\u00e8nes ont mis au point des m\u00e9thodes complexes de traitement des graines afin de maximiser leur puissance tout en minimisant les d\u00e9sagr\u00e9ments potentiels. Aujourd'hui encore, le Yopo reste un \u00e9l\u00e9ment important de certains rituels tribaux, en particulier dans les cultures qui conservent leurs anciennes traditions spirituelles.<\/p>\n<p data-start=\"2830\" data-end=\"3075\">Avec le regain d'int\u00e9r\u00eat pour les substances psychoactives naturelles, le Yopo est aujourd'hui explor\u00e9 par les psychonautes modernes \u00e0 la recherche d'exp\u00e9riences profondes. Toutefois, il s'agit d'une substance puissante et complexe qui doit \u00eatre manipul\u00e9e avec pr\u00e9caution et respect.<\/p>\n<h2 data-start=\"3084\" data-end=\"3130\">Comment utiliser Yopo (Anadenanthera Peregrina)<\/h2>\n<p data-start=\"3132\" data-end=\"3389\">Les graines de yopo sont le plus souvent utilis\u00e9es comme tabac \u00e0 priser, une pratique qui remonte \u00e0 des si\u00e8cles dans les tribus indig\u00e8nes d'Am\u00e9rique du Sud. Toutefois, les graines doivent d'abord subir un processus de pr\u00e9paration sp\u00e9cifique pour renforcer leur puissance et les rendre aptes \u00e0 l'inhalation.<\/p>\n<p data-start=\"3391\" data-end=\"3439\">La m\u00e9thode traditionnelle comporte plusieurs \u00e9tapes :<\/p>\n<ol data-start=\"3441\" data-end=\"3929\">\n<li data-start=\"3441\" data-end=\"3499\">Les graines sont d'abord nettoy\u00e9es pour les d\u00e9barrasser de toute impuret\u00e9.<\/li>\n<li data-start=\"3500\" data-end=\"3595\">Ils sont ensuite grill\u00e9s dans une po\u00eale chaude jusqu'\u00e0 ce que la coquille ext\u00e9rieure se fissure et puisse \u00eatre facilement retir\u00e9e.<\/li>\n<li data-start=\"3596\" data-end=\"3650\">Les graines sont mises \u00e0 s\u00e9cher jusqu'\u00e0 ce qu'elles deviennent dures.<\/li>\n<li data-start=\"3651\" data-end=\"3705\">Une fois s\u00e9ch\u00e9es, elles sont finement broy\u00e9es pour obtenir une poudre.<\/li>\n<li data-start=\"3706\" data-end=\"3848\">Cette poudre est ensuite m\u00e9lang\u00e9e \u00e0 des substances alcalines telles que le bicarbonate de soude ou la chaux, et associ\u00e9e \u00e0 une petite quantit\u00e9 d'eau pour former une p\u00e2te.<\/li>\n<li data-start=\"3849\" data-end=\"3929\">La p\u00e2te est \u00e0 nouveau s\u00e9ch\u00e9e, puis broy\u00e9e en une fine poudre pour l'inhalation.<\/li>\n<\/ol>\n<p data-start=\"3931\" data-end=\"4245\">Les effets de Yopo peuvent \u00eatre ressentis m\u00eame avec une petite dose de 1 \u00e0 3 graines. Des doses plus \u00e9lev\u00e9es produisent une exp\u00e9rience plus intense, souvent d\u00e9crite comme profond\u00e9ment immersive et visionnaire. En raison de sa puissance, il est conseill\u00e9 aux nouveaux utilisateurs de commencer par la dose la plus faible possible et de l'augmenter progressivement en fonction de leur exp\u00e9rience.<\/p>\n<p data-start=\"4247\" data-end=\"4396\">Outre l'inhalation, les graines de Yopo ont \u00e9galement \u00e9t\u00e9 utilis\u00e9es de diverses mani\u00e8res exp\u00e9rimentales, mais le priser reste la m\u00e9thode la plus efficace et la plus traditionnelle.<\/p>\n<p data-start=\"5353\" data-end=\"5927\" data-is-last-node=\"\"><strong data-start=\"5353\" data-end=\"5364\">Avertissement<\/strong><br data-start=\"5364\" data-end=\"5367\" \/>Yopo (Anadenanthera Peregrina) est une substance naturelle tr\u00e8s puissante qui doit \u00eatre utilis\u00e9e avec prudence. Il ne convient pas aux personnes \u00e2g\u00e9es de moins de 18 ans. Les femmes enceintes ou allaitantes, les personnes souffrant d'une maladie sous-jacente ou prenant des m\u00e9dicaments doivent consulter un professionnel de la sant\u00e9 avant d'utiliser ce produit. Une mauvaise pr\u00e9paration ou un dosage excessif peut entra\u00eener des naus\u00e9es, des vertiges ou des malaises. Ce produit est destin\u00e9 \u00e0 des utilisateurs responsables ayant une exp\u00e9rience des substances psychoactives. Conserver dans un endroit frais et sec et tenir hors de port\u00e9e des enfants.<\/p>","protected":false},"excerpt":{"rendered":"<p>Le yopo (Anadenanthera Peregrina) est une plante traditionnelle d'Am\u00e9rique du Sud connue pour ses propri\u00e9t\u00e9s psychoactives. Les graines de cette plante sont utilis\u00e9es depuis des si\u00e8cles par les cultures indig\u00e8nes pour des exp\u00e9riences spirituelles et visionnaires. Le Yopo procure un effet puissant et de courte dur\u00e9e, g\u00e9n\u00e9ralement d'environ 90 minutes, et est souvent utilis\u00e9 dans des contextes rituels ou introspectifs. Ce produit naturel est id\u00e9al pour ceux qui cherchent \u00e0 explorer des \u00e9tats mentaux et \u00e9motionnels profonds de mani\u00e8re contr\u00f4l\u00e9e.<\/p>","protected":false},"featured_media":126139,"template":"","meta":[],"product_brand":[],"product_cat":[600,297,537,513,476],"product_tag":[],"class_list":{"0":"post-8529","1":"product","2":"type-product","3":"status-publish","4":"has-post-thumbnail","6":"product_cat-mcmystic","7":"product_cat-all-products","8":"product_cat-lsa-seeds","9":"product_cat-party","10":"product_cat-smartshop","11":"product_shipping_class-not-allowed-group-3","13":"first","14":"instock","15":"taxable","16":"shipping-taxable","17":"purchasable","18":"product-type-variable"},"_links":{"self":[{"href":"https:\/\/www.tatanka.nl\/fr\/wp-json\/wp\/v2\/product\/8529","targetHints":{"allow":["GET"]}}],"collection":[{"href":"https:\/\/www.tatanka.nl\/fr\/wp-json\/wp\/v2\/product"}],"about":[{"href":"https:\/\/www.tatanka.nl\/fr\/wp-json\/wp\/v2\/types\/product"}],"wp:featuredmedia":[{"embeddable":true,"href":"https:\/\/www.tatanka.nl\/fr\/wp-json\/wp\/v2\/media\/126139"}],"wp:attachment":[{"href":"https:\/\/www.tatanka.nl\/fr\/wp-json\/wp\/v2\/media?parent=8529"}],"wp:term":[{"taxonomy":"product_brand","embeddable":true,"href":"https:\/\/www.tatanka.nl\/fr\/wp-json\/wp\/v2\/product_brand?post=8529"},{"taxonomy":"product_cat","embeddable":true,"href":"https:\/\/www.tatanka.nl\/fr\/wp-json\/wp\/v2\/product_cat?post=8529"},{"taxonomy":"product_tag","embeddable":true,"href":"https:\/\/www.tatanka.nl\/fr\/wp-json\/wp\/v2\/product_tag?post=8529"}],"curies":[{"name":"wp","href":"https:\/\/api.w.org\/{rel}","templated":true}]}}