{"id":8553,"date":"2018-01-05T13:45:17","date_gmt":"2018-01-05T13:45:17","guid":{"rendered":"http:\/\/www.tatanka.nl\/?post_type=product&#038;p=8553"},"modified":"2025-05-20T10:57:45","modified_gmt":"2025-05-20T09:57:45","slug":"kanna-5-grams","status":"publish","type":"product","link":"https:\/\/www.tatanka.nl\/fr\/kanna-5-grams\/","title":{"rendered":"Kanna Poudre"},"content":{"rendered":"<h2 class=\"\" data-start=\"94\" data-end=\"111\">Qu'est-ce que le Kanna ?<\/h2>\n<p class=\"\" data-start=\"113\" data-end=\"548\">Kanna, scientifiquement connu sous le nom de <em data-start=\"144\" data-end=\"165\">Sceletium tortuosum<\/em>est une plante succulente originaire d'Afrique du Sud. Elle est traditionnellement utilis\u00e9e par le peuple indig\u00e8ne khoisan pour ses propri\u00e9t\u00e9s calmantes et sa capacit\u00e9 \u00e0 am\u00e9liorer l'humeur. Reconnu pour sa capacit\u00e9 \u00e0 soulager le stress et \u00e0 favoriser le bien-\u00eatre \u00e9motionnel, le Kanna est devenu un compl\u00e9ment naturel populaire dans le monde entier. Contrairement \u00e0 certains relaxants, le Kanna favorise la tranquillit\u00e9 sans provoquer de somnolence.<\/p>\n<p class=\"\" data-start=\"550\" data-end=\"890\">La plante agit principalement en influen\u00e7ant le syst\u00e8me s\u00e9rotoninergique du corps, produisant une douce sensation d'euphorie et de relaxation. De nombreux utilisateurs font \u00e9tat d'une am\u00e9lioration de la clart\u00e9 mentale et d'une r\u00e9duction de l'anxi\u00e9t\u00e9 sociale. Les effets du Kanna peuvent varier en fonction de la m\u00e9thode de consommation et du dosage, allant d'un calme subtil \u00e0 une sensation d'euphorie plus prononc\u00e9e.<\/p>\n<h2 class=\"\" data-start=\"897\" data-end=\"920\">L'histoire de Kanna<\/h2>\n<p class=\"\" data-start=\"922\" data-end=\"1139\">L'utilisation du Kanna remonte \u00e0 des centaines d'ann\u00e9es dans les tribus indig\u00e8nes d'Afrique du Sud, en particulier les Khoisan. Ils m\u00e2chaient, faisaient fermenter ou infusaient les feuilles de la plante pour lutter contre le stress, am\u00e9liorer l'humeur et favoriser les exp\u00e9riences sociales.<\/p>\n<p class=\"\" data-start=\"1141\" data-end=\"1402\">Au XIXe si\u00e8cle, des colons et botanistes hollandais ont document\u00e9 la Kanna et l'ont rapport\u00e9e en Europe. Depuis lors, la plante est pass\u00e9e du statut de rem\u00e8de traditionnel r\u00e9gional \u00e0 celui de compl\u00e9ment \u00e0 base de plantes reconnu dans le monde entier, avec des extraits raffin\u00e9s offrant des avantages concentr\u00e9s.<\/p>\n<h2 class=\"\" data-start=\"1409\" data-end=\"1428\">Comment utiliser Kanna<\/h2>\n<p class=\"\" data-start=\"1430\" data-end=\"1525\">Il existe plusieurs m\u00e9thodes pour consommer le Kanna, chacune offrant des effets et des d\u00e9lais d'action diff\u00e9rents :<\/p>\n<ul data-start=\"1527\" data-end=\"1954\">\n<li class=\"\" data-start=\"1527\" data-end=\"1643\">\n<p class=\"\" data-start=\"1529\" data-end=\"1643\"><strong data-start=\"1529\" data-end=\"1540\">M\u00e2cher<\/strong>: La m\u00e9thode traditionnelle, qui consiste \u00e0 m\u00e2cher des feuilles s\u00e9ch\u00e9es ou de la poudre et \u00e0 les porter \u00e0 la bouche pour les absorber.<\/p>\n<\/li>\n<li class=\"\" data-start=\"1644\" data-end=\"1729\">\n<p class=\"\" data-start=\"1646\" data-end=\"1729\"><strong data-start=\"1646\" data-end=\"1653\">Th\u00e9<\/strong>: L'infusion de Kanna permet d'obtenir un effet calmant plus lent et plus durable.<\/p>\n<\/li>\n<li class=\"\" data-start=\"1730\" data-end=\"1846\">\n<p class=\"\" data-start=\"1732\" data-end=\"1846\"><strong data-start=\"1732\" data-end=\"1744\">L'\u00e9touffement<\/strong>: L'inhalation de poudre finement moulue entra\u00eene une apparition plus rapide des effets, bien que cette m\u00e9thode soit moins r\u00e9pandue.<\/p>\n<\/li>\n<li class=\"\" data-start=\"1847\" data-end=\"1954\">\n<p class=\"\" data-start=\"1849\" data-end=\"1954\"><strong data-start=\"1849\" data-end=\"1861\">Extracts<\/strong>: Les extraits modernes offrent des effets puissants \u00e0 des doses plus faibles, ce qui les rend populaires pour des raisons de commodit\u00e9.<\/p>\n<\/li>\n<\/ul>\n<p class=\"\" data-start=\"1956\" data-end=\"2184\">Il est recommand\u00e9 de commencer par une faible dose et de l'ajuster progressivement en fonction de la sensibilit\u00e9 personnelle. L'association du Kanna avec d'autres substances, en particulier celles qui affectent la s\u00e9rotonine, doit \u00eatre envisag\u00e9e avec prudence ou \u00e9vit\u00e9e compl\u00e8tement.<\/p>\n<h2 class=\"\" data-start=\"2191\" data-end=\"2221\">Ingr\u00e9dients actifs dans Kanna<\/h2>\n<p class=\"\" data-start=\"2223\" data-end=\"2345\">Le Kanna doit ses effets \u00e0 un groupe d'alcalo\u00efdes qui interagissent avec le syst\u00e8me s\u00e9rotoninergique du cerveau. Les principaux compos\u00e9s sont les suivants<\/p>\n<ul data-start=\"2347\" data-end=\"2570\">\n<li class=\"\" data-start=\"2347\" data-end=\"2420\">\n<p class=\"\" data-start=\"2349\" data-end=\"2420\"><strong data-start=\"2349\" data-end=\"2363\">M\u00e9sembrine<\/strong>: Connu pour ses vertus apaisantes et anxiolytiques.<\/p>\n<\/li>\n<li class=\"\" data-start=\"2421\" data-end=\"2494\">\n<p class=\"\" data-start=\"2423\" data-end=\"2494\"><strong data-start=\"2423\" data-end=\"2439\">Mesembrenone<\/strong>: Aide \u00e0 r\u00e9duire le stress et \u00e0 am\u00e9liorer la clart\u00e9 mentale.<\/p>\n<\/li>\n<li class=\"\" data-start=\"2495\" data-end=\"2570\">\n<p class=\"\" data-start=\"2497\" data-end=\"2570\"><strong data-start=\"2497\" data-end=\"2512\">Mesembrenol<\/strong>: Contribue aux effets calmants de la plante.<\/p>\n<\/li>\n<\/ul>\n<p class=\"\" data-start=\"2572\" data-end=\"2803\">Ces compos\u00e9s naturels constituent une approche douce et \u00e9quilibr\u00e9e du soutien de l'humeur et offrent une alternative v\u00e9g\u00e9tale aux relaxants synth\u00e9tiques, avec moins de risques d'effets secondaires ind\u00e9sirables. N\u00e9anmoins, il est essentiel d'en faire un usage responsable et \u00e9clair\u00e9.<\/p>\n<p data-start=\"2810\" data-end=\"2835\"><strong>S\u00e9curit\u00e9 et pr\u00e9cautions<\/strong><\/p>\n<p class=\"\" data-start=\"2837\" data-end=\"3110\">Bien que le Kanna soit g\u00e9n\u00e9ralement bien tol\u00e9r\u00e9, il doit \u00eatre utilis\u00e9 avec pr\u00e9caution. Il ne doit pas \u00eatre associ\u00e9 \u00e0 des antid\u00e9presseurs ou \u00e0 d'autres m\u00e9dicaments qui influencent la s\u00e9rotonine, car cela peut entra\u00eener des interactions n\u00e9fastes. En outre, les femmes enceintes ou allaitantes doivent \u00e9viter d'utiliser le Kanna.<\/p>\n<p class=\"\" data-start=\"3112\" data-end=\"3223\">Consultez toujours un professionnel de la sant\u00e9 avant d'introduire le Kanna ou tout autre nouveau suppl\u00e9ment dans votre routine.<\/p>","protected":false},"excerpt":{"rendered":"<p><span style=\"color: #000000;\">Kanna <\/span><span style=\"color: #000000;\">La premi\u00e8re poudre a des effets \u00e9nerg\u00e9tiques l\u00e9gers et stimulants. Elle est suivie d'une transition vers la stimulation et la relaxation. Cette poudre Kanna vous rend \u00e9nergique, excitant et euphorique \u00e0 faible dose et d\u00e9tendu \u00e0 forte dose.<br \/>\n<\/span><\/p>","protected":false},"featured_media":126902,"template":"","meta":[],"product_brand":[],"product_cat":[600,297,508,476],"product_tag":[],"class_list":{"0":"post-8553","1":"product","2":"type-product","3":"status-publish","4":"has-post-thumbnail","6":"product_cat-mcmystic","7":"product_cat-all-products","8":"product_cat-kanna","9":"product_cat-smartshop","11":"first","12":"instock","13":"taxable","14":"shipping-taxable","15":"purchasable","16":"product-type-simple"},"_links":{"self":[{"href":"https:\/\/www.tatanka.nl\/fr\/wp-json\/wp\/v2\/product\/8553","targetHints":{"allow":["GET"]}}],"collection":[{"href":"https:\/\/www.tatanka.nl\/fr\/wp-json\/wp\/v2\/product"}],"about":[{"href":"https:\/\/www.tatanka.nl\/fr\/wp-json\/wp\/v2\/types\/product"}],"wp:featuredmedia":[{"embeddable":true,"href":"https:\/\/www.tatanka.nl\/fr\/wp-json\/wp\/v2\/media\/126902"}],"wp:attachment":[{"href":"https:\/\/www.tatanka.nl\/fr\/wp-json\/wp\/v2\/media?parent=8553"}],"wp:term":[{"taxonomy":"product_brand","embeddable":true,"href":"https:\/\/www.tatanka.nl\/fr\/wp-json\/wp\/v2\/product_brand?post=8553"},{"taxonomy":"product_cat","embeddable":true,"href":"https:\/\/www.tatanka.nl\/fr\/wp-json\/wp\/v2\/product_cat?post=8553"},{"taxonomy":"product_tag","embeddable":true,"href":"https:\/\/www.tatanka.nl\/fr\/wp-json\/wp\/v2\/product_tag?post=8553"}],"curies":[{"name":"wp","href":"https:\/\/api.w.org\/{rel}","templated":true}]}}