{"id":8577,"date":"2018-01-05T16:18:24","date_gmt":"2018-01-05T16:18:24","guid":{"rendered":"http:\/\/www.tatanka.nl\/?post_type=product&#038;p=8577"},"modified":"2025-11-18T15:37:57","modified_gmt":"2025-11-18T14:37:57","slug":"mitragyna-javanica","status":"publish","type":"product","link":"https:\/\/www.tatanka.nl\/fr\/mitragyna-javanica\/","title":{"rendered":"Mitragyna Javanica"},"content":{"rendered":"<h2 data-pm-slice=\"1 1 []\">Qu'est-ce que Mitragyna Javanica ?<\/h2>\n<p><strong>Mitragyna Javanica<\/strong> est une plante tropicale qui appartient \u00e0 la m\u00eame famille botanique que la Mitragyna Speciosa, commun\u00e9ment appel\u00e9e Kratom. Cette plante est originaire d'Asie du Sud-Est et a \u00e9t\u00e9 utilis\u00e9e traditionnellement pour ses effets l\u00e9g\u00e8rement stimulants et relaxants. Contrairement au Kratom, <strong>Mitragyna Javanica<\/strong> contient diff\u00e9rents alcalo\u00efdes, offrant une alternative unique et l\u00e9gale avec un effet plus subtil. Elle est particuli\u00e8rement appr\u00e9ci\u00e9e par ceux qui recherchent un l\u00e9ger regain d'\u00e9nergie et un sentiment de bien-\u00eatre sans effets s\u00e9datifs puissants.<\/p>\n<p>Les feuilles de <strong>Mitragyna Javanica<\/strong> sont r\u00e9colt\u00e9es, s\u00e9ch\u00e9es et transform\u00e9es en une fine poudre qui peut \u00eatre utilis\u00e9e de diverses mani\u00e8res. Il est souvent choisi par les personnes \u00e0 la recherche d'un suppl\u00e9ment \u00e0 base de plantes qui favorise la relaxation et la concentration. Comme il est 100% naturel et v\u00e9g\u00e9talien, il s'inscrit bien dans un mode de vie soucieux de la sant\u00e9.<\/p>\n<div><\/div>\n<h2>Histoire de Mitragyna Javanica<\/h2>\n<p>L'histoire de la <strong>Mitragyna Javanica<\/strong> L'utilisation de l'huile d'olive remonte \u00e0 plusieurs si\u00e8cles, en particulier dans des r\u00e9gions comme Thailand, la Malaisie et l'Indon\u00e9sie, o\u00f9 elle est traditionnellement utilis\u00e9e pour ses effets l\u00e9g\u00e8rement euphorisants et \u00e9nergisants. Les communaut\u00e9s locales comptaient sur cette plante pour am\u00e9liorer l'endurance et r\u00e9duire la fatigue, en particulier chez les ouvriers qui travaillaient de longues heures dans les champs.<\/p>\n<p>L'int\u00e9r\u00eat pour les compl\u00e9ments naturels s'est accru au niveau mondial, <strong>Mitragyna Javanica<\/strong> a gagn\u00e9 en popularit\u00e9 en tant qu'alternative l\u00e9gale et accessible \u00e0 d'autres substances v\u00e9g\u00e9tales. Contrairement au Kratom, qui fait l'objet d'une r\u00e9glementation stricte dans de nombreux pays, <strong>Mitragyna Javanica<\/strong> reste largement disponible et appr\u00e9ci\u00e9 pour ses effets \u00e9quilibr\u00e9s. Aujourd'hui, elle est couramment utilis\u00e9e dans les th\u00e9s, les g\u00e9lules et les poudres, ce qui en fait un choix polyvalent pour les amateurs de plantes du monde entier.<\/p>\n<div><\/div>\n<h2>Comment utiliser Mitragyna Javanica<\/h2>\n<p>Utilisation <strong>Mitragyna Javanica<\/strong> est simple et pratique. Le dosage recommand\u00e9 est de 20 grammes par portion, mais les pr\u00e9f\u00e9rences individuelles peuvent varier. Il est commun\u00e9ment consomm\u00e9 de la mani\u00e8re suivante :<\/p>\n<ul data-spread=\"false\">\n<li><strong>Th\u00e9 :<\/strong> L'une des m\u00e9thodes les plus populaires consiste \u00e0 en faire une infusion. Il suffit de m\u00e9langer la poudre \u00e0 de l'eau chaude, de la laisser infuser pendant quelques minutes et de la filtrer avant de la boire.<\/li>\n<li><strong>Capsules :<\/strong> Pour ceux qui pr\u00e9f\u00e8rent une option sans go\u00fbt, l'encapsulation de la poudre est une excellente alternative.<\/li>\n<li><strong>M\u00e9lange avec du jus ou des smoothies :<\/strong> Le go\u00fbt l\u00e9g\u00e8rement amer peut \u00eatre \u00e9quilibr\u00e9 en le m\u00e9langeant \u00e0 un jus de fruit ou \u00e0 un smoothie.<\/li>\n<\/ul>\n<p>Il est conseill\u00e9 de commencer par une dose plus faible afin d'\u00e9valuer la tol\u00e9rance et les effets individuels. Comme pour tout suppl\u00e9ment \u00e0 base de plantes, une utilisation responsable est essentielle pour obtenir les avantages souhait\u00e9s.<\/p>\n<div><\/div>\n<h2>Ingr\u00e9dients de Mitragyna Javanica<\/h2>\n<p><strong>Mitragyna Javanica<\/strong> est compos\u00e9 d'un seul ingr\u00e9dient naturel :<\/p>\n<ul data-spread=\"false\">\n<li><strong>Mitragyna Javanica (100%)<\/strong> - Cette plante contient des alcalo\u00efdes uniques qui contribuent \u00e0 ses effets l\u00e9g\u00e8rement euphorisants et \u00e9nergisants. Contrairement \u00e0 sa cousine Kratom, elle ne contient pas de mitragynine, ce qui en fait une alternative plus accessible et l\u00e9gale dans de nombreuses r\u00e9gions.<\/li>\n<\/ul>\n<p>Ce produit est enti\u00e8rement naturel, v\u00e9g\u00e9talien et exempt d'additifs artificiels ou de conservateurs, ce qui en fait un excellent choix pour ceux qui privil\u00e9gient les solutions de bien-\u00eatre \u00e0 base de plantes.<\/p>\n<div><\/div>\n<p><strong>Avertissement :<\/strong><br \/>\nCe produit est destin\u00e9 \u00e0 \u00eatre utilis\u00e9 par des personnes \u00e2g\u00e9es de 18 ans et plus. Tenir hors de port\u00e9e des enfants.<\/p>\n<p><strong>Mitragyna Javanica<\/strong> ne doit pas \u00eatre utilis\u00e9 en association avec des inhibiteurs de la MAO. Les personnes souffrant de probl\u00e8mes r\u00e9naux ou cardiaques, d'hypertension ou d'hypotension, de diab\u00e8te ou sous l'influence de m\u00e9dicaments, de drogues ou d'alcool doivent \u00e9viter d'utiliser ce produit. Il s'agit d'un compl\u00e9ment alimentaire qui doit \u00eatre utilis\u00e9 comme tel. Ne pas utiliser si le sceau est bris\u00e9.<\/p>\n<p>Conserver \u00e0 l'abri de la lumi\u00e8re et de l'humidit\u00e9 pour pr\u00e9server la fra\u00eecheur et l'efficacit\u00e9 du produit.<\/p>","protected":false},"excerpt":{"rendered":"<p data-pm-slice=\"1 1 []\">D\u00e9couvrez les effets naturels de <strong>Mitragyna Javanica<\/strong>une plante unique connue pour ses propri\u00e9t\u00e9s euphorisantes. Ce suppl\u00e9ment naturel et v\u00e9g\u00e9talien 100% est facile \u00e0 utiliser et offre une exp\u00e9rience l\u00e9g\u00e8re mais stimulante. Il est parfait pour ceux qui recherchent une alternative naturelle pour am\u00e9liorer leur humeur et leur bien-\u00eatre.<\/p>","protected":false},"featured_media":125966,"template":"","meta":[],"product_brand":[],"product_cat":[597,297,477,509,510,511,476],"product_tag":[],"class_list":{"0":"post-8577","1":"product","2":"type-product","3":"status-publish","4":"has-post-thumbnail","6":"product_cat-indian-elements","7":"product_cat-all-products","8":"product_cat-herbs","9":"product_cat-kratom","10":"product_cat-relax","11":"product_cat-relax-herbs","12":"product_cat-smartshop","13":"product_shipping_class-creditcard-off","15":"first","16":"instock","17":"taxable","18":"shipping-taxable","19":"purchasable","20":"product-type-variable"},"_links":{"self":[{"href":"https:\/\/www.tatanka.nl\/fr\/wp-json\/wp\/v2\/product\/8577","targetHints":{"allow":["GET"]}}],"collection":[{"href":"https:\/\/www.tatanka.nl\/fr\/wp-json\/wp\/v2\/product"}],"about":[{"href":"https:\/\/www.tatanka.nl\/fr\/wp-json\/wp\/v2\/types\/product"}],"wp:featuredmedia":[{"embeddable":true,"href":"https:\/\/www.tatanka.nl\/fr\/wp-json\/wp\/v2\/media\/125966"}],"wp:attachment":[{"href":"https:\/\/www.tatanka.nl\/fr\/wp-json\/wp\/v2\/media?parent=8577"}],"wp:term":[{"taxonomy":"product_brand","embeddable":true,"href":"https:\/\/www.tatanka.nl\/fr\/wp-json\/wp\/v2\/product_brand?post=8577"},{"taxonomy":"product_cat","embeddable":true,"href":"https:\/\/www.tatanka.nl\/fr\/wp-json\/wp\/v2\/product_cat?post=8577"},{"taxonomy":"product_tag","embeddable":true,"href":"https:\/\/www.tatanka.nl\/fr\/wp-json\/wp\/v2\/product_tag?post=8577"}],"curies":[{"name":"wp","href":"https:\/\/api.w.org\/{rel}","templated":true}]}}