{"id":8579,"date":"2018-01-05T16:32:32","date_gmt":"2018-01-05T16:32:32","guid":{"rendered":"http:\/\/www.tatanka.nl\/?post_type=product&#038;p=8579"},"modified":"2025-05-20T10:51:23","modified_gmt":"2025-05-20T09:51:23","slug":"skullcap-herbs","status":"publish","type":"product","link":"https:\/\/www.tatanka.nl\/fr\/skullcap-herbs\/","title":{"rendered":"Scutellaire"},"content":{"rendered":"<h2 data-pm-slice=\"1 3 []\">Qu'est-ce que la scutellaire ?<\/h2>\n<p>La scutellaire, \u00e9galement connue sous le nom de glidkruid, est une plante qui appartient \u00e0 la famille de la menthe. Elle est utilis\u00e9e depuis des si\u00e8cles pour r\u00e9pondre \u00e0 divers probl\u00e8mes de sant\u00e9, principalement pour ses effets calmants et l\u00e9g\u00e8rement s\u00e9datifs. Le nom botanique de la scutellaire est <em>Scutellaire<\/em>Il existe environ 200 esp\u00e8ces diff\u00e9rentes dans le monde. La vari\u00e9t\u00e9 utilis\u00e9e dans la scutellaire Indian Elements est la suivante <em>Scutellaria Lateriflora<\/em>Cette plante est originaire d'Am\u00e9rique du Nord et se distingue par ses fleurs violettes, qui ressemblent \u00e0 de petits casques. Cette plante est originaire d'Am\u00e9rique du Nord et se distingue par ses fleurs violettes, qui ressemblent \u00e0 de petits casques. Aujourd'hui, la scutellaire est tr\u00e8s appr\u00e9ci\u00e9e pour sa capacit\u00e9 \u00e0 favoriser la relaxation, \u00e0 soulager la tension nerveuse et \u00e0 favoriser un cycle de sommeil sain. Si vous souffrez de stress quotidien, de tensions musculaires ou de difficult\u00e9s \u00e0 dormir, la scutellaire peut offrir une solution naturelle et douce.<\/p>\n<div><\/div>\n<h2>L'histoire de la scutellaire<\/h2>\n<p>Tout au long de l'histoire, la scutellaire a jou\u00e9 un r\u00f4le important dans la m\u00e9decine traditionnelle. Dans la Chine ancienne, la plante \u00e9tait utilis\u00e9e dans le cadre du c\u00e9l\u00e8bre rem\u00e8de \u00e0 base de plantes Huangqin, cens\u00e9 dissiper les \u00e9nergies n\u00e9gatives et favoriser l'\u00e9quilibre. Dans les traditions am\u00e9rindiennes, la scutellaire \u00e9tait couramment utilis\u00e9e pour favoriser la sant\u00e9 des femmes, soulager la nervosit\u00e9 et induire un \u00e9tat de calme. Les herboristes europ\u00e9ens ont \u00e9galement reconnu ses propri\u00e9t\u00e9s apaisantes et l'ont souvent prescrite pour r\u00e9duire la tension et am\u00e9liorer le sommeil. Au fil du temps, cette plante puissante a conserv\u00e9 sa r\u00e9putation de relaxant naturel. Aujourd'hui, elle continue d'\u00eatre un choix populaire pour ceux qui recherchent un soutien \u00e0 base de plantes pour la relaxation et le bien-\u00eatre. L'utilisation moderne de la scutellaire reste profond\u00e9ment ancr\u00e9e dans ces pratiques traditionnelles, ce qui d\u00e9montre son importance durable dans la phytoth\u00e9rapie.<\/p>\n<div><\/div>\n<h2>Comment utiliser la scutellaire<\/h2>\n<p>Indian Elements La scutellaire est polyvalente et facile \u00e0 utiliser. La fa\u00e7on la plus courante de la consommer est d'en faire une infusion. Pour la pr\u00e9parer, il suffit de faire infuser 1 gramme de scutellaire dans de l'eau chaude pendant environ 10 minutes. Cela permet aux compos\u00e9s b\u00e9n\u00e9fiques d'infuser dans le liquide, cr\u00e9ant ainsi une boisson \u00e0 base de plantes apaisante. De nombreux utilisateurs d\u00e9clarent ressentir un sentiment de calme et de d\u00e9tente apr\u00e8s avoir bu une tisane de scutellaire, ce qui en fait un excellent choix pour se d\u00e9tendre apr\u00e8s une journ\u00e9e stressante. Outre la tisane, la scutellaire peut \u00e9galement \u00eatre utilis\u00e9e dans des m\u00e9langes de plantes, des teintures ou des g\u00e9lules. Bien que les r\u00e9sultats puissent varier, une utilisation r\u00e9guli\u00e8re peut aider \u00e0 promouvoir un \u00e9tat de relaxation, favoriser un meilleur sommeil et soulager l'inconfort musculaire. Pour maximiser les b\u00e9n\u00e9fices, il est recommand\u00e9 de prendre 1 gramme par jour. Conservez toujours le produit dans un endroit frais et sec afin de pr\u00e9server sa puissance et sa fra\u00eecheur.<\/p>\n<div><\/div>\n<h2>Ingr\u00e9dients de la scutellaire<\/h2>\n<p>Indian Elements Skullcap est compos\u00e9 d'un seul ingr\u00e9dient de haute qualit\u00e9 : <em>Scutellaria Lateriflora<\/em>. Cela garantit un produit pur et naturel, exempt d'additifs, d'agents de remplissage ou de substances artificielles. La plante est soigneusement s\u00e9lectionn\u00e9e et pr\u00e9par\u00e9e pour conserver ses propri\u00e9t\u00e9s b\u00e9n\u00e9fiques. La scutellaire est 100% v\u00e9g\u00e9talienne et s'int\u00e8gre parfaitement dans un programme de bien-\u00eatre naturel. Qu'elle soit utilis\u00e9e seule ou associ\u00e9e \u00e0 d'autres plantes calmantes, la scutellaire constitue un moyen doux et efficace de favoriser la relaxation et le bien-\u00eatre g\u00e9n\u00e9ral. En choisissant la scutellaire Indian Elements, vous optez pour un rem\u00e8de traditionnel \u00e0 base de plantes qui a fait ses preuves.<\/p>\n<div><\/div>\n<p><strong>Avertissement :<\/strong><\/p>\n<ul data-spread=\"false\">\n<li>R\u00e9serv\u00e9 aux adultes de plus de 18 ans. Tenir hors de port\u00e9e des enfants.<\/li>\n<li>Ne pas utiliser en association avec des inhibiteurs de la MAO.<\/li>\n<li>D\u00e9conseill\u00e9 aux personnes souffrant de troubles r\u00e9naux ou cardiaques, d'hypertension ou d'hypotension, de diab\u00e8te ou sous l'influence de m\u00e9dicaments, de drogues ou d'alcool.<\/li>\n<li>Ce produit n'est pas un m\u00e9dicament mais un compl\u00e9ment alimentaire et doit \u00eatre utilis\u00e9 comme tel.<\/li>\n<li>Ne pas consommer si le sceau est bris\u00e9. Conserver dans un endroit sombre et sec pour une fra\u00eecheur optimale.<\/li>\n<\/ul>","protected":false},"excerpt":{"rendered":"<p data-pm-slice=\"1 1 []\">Indian Elements La scutellaire est un compl\u00e9ment naturel \u00e0 base de plantes connu pour ses propri\u00e9t\u00e9s calmantes et relaxantes. Fabriqu\u00e9 \u00e0 partir de Scutellaria Lateriflora, ce produit aide \u00e0 r\u00e9duire le stress, favorise un sommeil r\u00e9parateur et contribue au bien-\u00eatre g\u00e9n\u00e9ral. Id\u00e9al pour ceux qui recherchent une relaxation naturelle, la scutellaire peut \u00eatre consomm\u00e9e sous forme de th\u00e9 ou sous d'autres formes.<\/p>","protected":false},"featured_media":125963,"template":"","meta":[],"product_brand":[],"product_cat":[597,297,477,510,511,476],"product_tag":[],"class_list":{"0":"post-8579","1":"product","2":"type-product","3":"status-publish","4":"has-post-thumbnail","6":"product_cat-indian-elements","7":"product_cat-all-products","8":"product_cat-herbs","9":"product_cat-relax","10":"product_cat-relax-herbs","11":"product_cat-smartshop","13":"first","14":"instock","15":"taxable","16":"shipping-taxable","17":"purchasable","18":"product-type-variable"},"_links":{"self":[{"href":"https:\/\/www.tatanka.nl\/fr\/wp-json\/wp\/v2\/product\/8579","targetHints":{"allow":["GET"]}}],"collection":[{"href":"https:\/\/www.tatanka.nl\/fr\/wp-json\/wp\/v2\/product"}],"about":[{"href":"https:\/\/www.tatanka.nl\/fr\/wp-json\/wp\/v2\/types\/product"}],"wp:featuredmedia":[{"embeddable":true,"href":"https:\/\/www.tatanka.nl\/fr\/wp-json\/wp\/v2\/media\/125963"}],"wp:attachment":[{"href":"https:\/\/www.tatanka.nl\/fr\/wp-json\/wp\/v2\/media?parent=8579"}],"wp:term":[{"taxonomy":"product_brand","embeddable":true,"href":"https:\/\/www.tatanka.nl\/fr\/wp-json\/wp\/v2\/product_brand?post=8579"},{"taxonomy":"product_cat","embeddable":true,"href":"https:\/\/www.tatanka.nl\/fr\/wp-json\/wp\/v2\/product_cat?post=8579"},{"taxonomy":"product_tag","embeddable":true,"href":"https:\/\/www.tatanka.nl\/fr\/wp-json\/wp\/v2\/product_tag?post=8579"}],"curies":[{"name":"wp","href":"https:\/\/api.w.org\/{rel}","templated":true}]}}