{"id":8586,"date":"2018-01-05T17:08:56","date_gmt":"2018-01-05T17:08:56","guid":{"rendered":"http:\/\/www.tatanka.nl\/?post_type=product&#038;p=8586"},"modified":"2025-11-18T15:37:56","modified_gmt":"2025-11-18T14:37:56","slug":"kratom-15x-extract","status":"publish","type":"product","link":"https:\/\/www.tatanka.nl\/fr\/kratom-15x-extract\/","title":{"rendered":"Kratom 15x Extrait"},"content":{"rendered":"<h2 data-start=\"414\" data-end=\"462\">Qu'est-ce que Thaise Mitragyna Speciosa - Kratom 15x ?<\/h2>\n<p data-start=\"464\" data-end=\"951\">Thaise Mitragyna Speciosa - Kratom L'extrait 15x est une forme concentr\u00e9e de kratom d\u00e9riv\u00e9e de feuilles de Mitragyna Speciosa de haute qualit\u00e9 trouv\u00e9es dans le Thailand. Cet extrait est significativement plus puissant que les feuilles de kratom s\u00e9ch\u00e9es ordinaires, ce qui en fait un choix efficace pour ceux qui recherchent des effets puissants et durables. Kratom contient plusieurs alcalo\u00efdes actifs, dont la mitragynine et la 7-hydroxymitragynine, qui interagissent avec le corps pour fournir une combinaison unique de stimulation et de relaxation.<\/p>\n<p data-start=\"953\" data-end=\"1401\">Les effets du Thaise Mitragyna Speciosa - Kratom d\u00e9pendent largement du dosage. \u00c0 faible dose, il est connu pour am\u00e9liorer la concentration, stimuler l'\u00e9nergie et favoriser une humeur positive. \u00c0 des doses plus \u00e9lev\u00e9es, il favorise la relaxation et le soulagement du stress. En raison de sa forme concentr\u00e9e, seule une petite quantit\u00e9 est n\u00e9cessaire pour ressentir tous les effets, ce qui en fait une option pratique pour les utilisateurs exp\u00e9riment\u00e9s et les d\u00e9butants \u00e0 la recherche d'une exp\u00e9rience efficace du kratom.<\/p>\n<h2 data-start=\"1410\" data-end=\"1460\">Historique de Thaise Mitragyna Speciosa - Kratom 15x<\/h2>\n<p data-start=\"1462\" data-end=\"1886\">L'histoire de l'utilisation du kratom remonte \u00e0 plusieurs si\u00e8cles en Asie du Sud-Est, en particulier en Thailand, en Indon\u00e9sie et en Malaisie. Traditionnellement, les ouvriers et les fermiers m\u00e2chaient les feuilles brutes de l'arbre Mitragyna Speciosa pour combattre la fatigue, soulager la douleur et am\u00e9liorer l'endurance pendant les longues heures de travail. Au fil du temps, le kratom est devenu un \u00e9l\u00e9ment essentiel de la m\u00e9decine traditionnelle, utilis\u00e9 pour favoriser la relaxation, promouvoir le bien-\u00eatre et am\u00e9liorer la clart\u00e9 mentale.<\/p>\n<p data-start=\"1888\" data-end=\"2323\">Lorsque le kratom a gagn\u00e9 en popularit\u00e9 au-del\u00e0 de l'Asie, il a attir\u00e9 l'attention des chercheurs et des amateurs d'herbes m\u00e9dicinales. C'est ainsi qu'ont \u00e9t\u00e9 d\u00e9velopp\u00e9s des extraits puissants comme l'extrait Thaise Mitragyna Speciosa - Kratom 15x, con\u00e7u pour produire des effets plus puissants \u00e0 des doses plus faibles. L'introduction d'extraits de kratom a permis aux utilisateurs d'exp\u00e9rimenter les avantages du kratom plus efficacement, le rendant plus facile \u00e0 consommer tout en conservant sa puissance naturelle.<\/p>\n<p data-start=\"2325\" data-end=\"2734\">Aujourd'hui, le kratom est largement utilis\u00e9 en Occident \u00e0 des fins diverses, notamment pour la relaxation, l'am\u00e9lioration de l'humeur et m\u00eame en tant qu'alternative naturelle pour stimuler l'\u00e9nergie. De nombreux utilisateurs appr\u00e9cient sa capacit\u00e9 \u00e0 produire des effets \u00e0 la fois stimulants et calmants, en fonction de la mani\u00e8re dont il est consomm\u00e9. L'int\u00e9r\u00eat continu pour le kratom a consolid\u00e9 sa place comme l'un des produits botaniques les plus recherch\u00e9s au monde.<\/p>\n<h2 data-start=\"2743\" data-end=\"2793\">Comment utiliser Thaise Mitragyna Speciosa - Kratom 15x<\/h2>\n<p data-start=\"2795\" data-end=\"3158\">En raison de sa puissance \u00e9lev\u00e9e, l'extrait Thaise Mitragyna Speciosa - Kratom 15x doit \u00eatre utilis\u00e9 avec pr\u00e9caution. La mani\u00e8re la plus courante de consommer cet extrait est de le pr\u00e9parer sous forme de th\u00e9. Pour pr\u00e9parer un th\u00e9 de kratom, il faut dissoudre environ 0,2 gramme d'extrait dans de l'eau chaude et bien remuer. L'infusion pendant quelques minutes permet aux alcalo\u00efdes de se lib\u00e9rer, ce qui am\u00e9liore l'exp\u00e9rience globale.<\/p>\n<p data-start=\"3160\" data-end=\"3529\">Pour ceux qui n'aiment pas l'amertume naturelle du kratom, le m\u00e9langer avec des jus de fruits comme le jus d'orange peut aider \u00e0 masquer le go\u00fbt tout en pr\u00e9servant les effets. A faible dose, Thaise Mitragyna Speciosa - Kratom procure un regain d'\u00e9nergie, ce qui en fait un produit id\u00e9al pour la journ\u00e9e. A plus forte dose, il peut favoriser la relaxation et peut convenir \u00e0 une utilisation en soir\u00e9e.<\/p>\n<p data-start=\"3531\" data-end=\"3881\">Les effets peuvent varier en fonction de la tol\u00e9rance individuelle, du m\u00e9tabolisme et de la chimie corporelle. Certains utilisateurs font \u00e9tat d'une concentration et d'une motivation accrues, tandis que d'autres appr\u00e9cient sa capacit\u00e9 \u00e0 soulager le stress et \u00e0 favoriser un sentiment de bien-\u00eatre. Il est toujours conseill\u00e9 de commencer par une faible dose et de l'ajuster progressivement pour trouver la quantit\u00e9 id\u00e9ale qui r\u00e9pond le mieux aux besoins personnels.<\/p>\n<h2 data-start=\"3890\" data-end=\"3944\">Ingr\u00e9dients de Thaise Mitragyna Speciosa - Kratom 15x<\/h2>\n<p data-start=\"3946\" data-end=\"4258\">Thaise Mitragyna Speciosa - Kratom L'extrait 15x est fabriqu\u00e9 \u00e0 partir d'un m\u00e9lange de feuilles de kratom soigneusement s\u00e9lectionn\u00e9es, provenant d'arbres Mitragyna Speciosa de haute qualit\u00e9 en Thailand. Cet extrait contient une quantit\u00e9 concentr\u00e9e de mitragynine et de 7-hydroxymitragynine, deux puissants alcalo\u00efdes responsables des effets du kratom.<\/p>\n<p data-start=\"4260\" data-end=\"4606\">La mitragynine est le principal compos\u00e9 actif qui contribue aux propri\u00e9t\u00e9s stimulantes et \u00e0 l'am\u00e9lioration de l'humeur du kratom. En petites quantit\u00e9s, elle favorise la vigilance, la concentration et le bien-\u00eatre g\u00e9n\u00e9ral. La 7-hydroxymitragynine, par contre, a des effets plus relaxants et calmants, ce qui peut \u00eatre b\u00e9n\u00e9fique pour ceux qui cherchent \u00e0 soulager le stress ou \u00e0 se d\u00e9tendre.<\/p>\n<p data-start=\"4608\" data-end=\"4999\">Contrairement \u00e0 la poudre de kratom traditionnelle, l'extrait 15x est soumis \u00e0 un processus d'extraction sp\u00e9cialis\u00e9 qui augmente consid\u00e9rablement sa puissance. De ce fait, les utilisateurs ont besoin de doses beaucoup plus petites que pour la poudre de kratom ordinaire. Cela fait de Thaise Mitragyna Speciosa - Kratom un choix efficace pour ceux qui veulent profiter de tous les avantages du kratom sous une forme plus concentr\u00e9e et plus pratique.<\/p>\n<p data-start=\"5008\" data-end=\"5487\" data-is-last-node=\"\"><strong data-start=\"5008\" data-end=\"5019\">Avertissement<\/strong><br data-start=\"5019\" data-end=\"5022\" \/>Thaise Mitragyna Speciosa - Kratom L'extrait 15x est un produit tr\u00e8s concentr\u00e9 qui doit \u00eatre utilis\u00e9 de mani\u00e8re responsable. Il ne convient pas aux personnes \u00e2g\u00e9es de moins de 18 ans. \u00c9vitez une consommation excessive, car des doses \u00e9lev\u00e9es peuvent entra\u00eener des naus\u00e9es, des vertiges ou une s\u00e9cheresse de la bouche. Les femmes enceintes ou allaitantes, les personnes souffrant de probl\u00e8mes cardiaques ou prenant des m\u00e9dicaments doivent consulter un professionnel de la sant\u00e9 avant d'utiliser ce produit. Conserver dans un endroit frais et sec et tenir hors de port\u00e9e des enfants.<\/p>","protected":false},"excerpt":{"rendered":"<p>Thaise Mitragyna Speciosa - Kratom L'extrait 15x est un m\u00e9lange tr\u00e8s puissant de feuilles de kratom Thai soigneusement s\u00e9lectionn\u00e9es. Cette formule concentr\u00e9e est environ 15 fois plus puissante que les feuilles de kratom s\u00e9ch\u00e9es traditionnelles, offrant des effets physiques et mentaux puissants. Connu pour sa polyvalence, cet extrait peut fournir des propri\u00e9t\u00e9s \u00e0 la fois \u00e9nergisantes et relaxantes, selon le dosage.<\/p>","protected":false},"featured_media":126133,"template":"","meta":[],"product_brand":[],"product_cat":[600,297,512,477,509,510,511,476],"product_tag":[],"class_list":{"0":"post-8586","1":"product","2":"type-product","3":"status-publish","4":"has-post-thumbnail","6":"product_cat-mcmystic","7":"product_cat-all-products","8":"product_cat-extracts","9":"product_cat-herbs","10":"product_cat-kratom","11":"product_cat-relax","12":"product_cat-relax-herbs","13":"product_cat-smartshop","14":"product_shipping_class-creditcard-off","16":"first","17":"outofstock","18":"taxable","19":"shipping-taxable","20":"product-type-variable"},"_links":{"self":[{"href":"https:\/\/www.tatanka.nl\/fr\/wp-json\/wp\/v2\/product\/8586","targetHints":{"allow":["GET"]}}],"collection":[{"href":"https:\/\/www.tatanka.nl\/fr\/wp-json\/wp\/v2\/product"}],"about":[{"href":"https:\/\/www.tatanka.nl\/fr\/wp-json\/wp\/v2\/types\/product"}],"wp:featuredmedia":[{"embeddable":true,"href":"https:\/\/www.tatanka.nl\/fr\/wp-json\/wp\/v2\/media\/126133"}],"wp:attachment":[{"href":"https:\/\/www.tatanka.nl\/fr\/wp-json\/wp\/v2\/media?parent=8586"}],"wp:term":[{"taxonomy":"product_brand","embeddable":true,"href":"https:\/\/www.tatanka.nl\/fr\/wp-json\/wp\/v2\/product_brand?post=8586"},{"taxonomy":"product_cat","embeddable":true,"href":"https:\/\/www.tatanka.nl\/fr\/wp-json\/wp\/v2\/product_cat?post=8586"},{"taxonomy":"product_tag","embeddable":true,"href":"https:\/\/www.tatanka.nl\/fr\/wp-json\/wp\/v2\/product_tag?post=8586"}],"curies":[{"name":"wp","href":"https:\/\/api.w.org\/{rel}","templated":true}]}}