{"id":8636,"date":"2017-01-06T16:23:32","date_gmt":"2017-01-06T14:23:32","guid":{"rendered":"http:\/\/www.tatanka.nl\/?post_type=product&#038;p=8636"},"modified":"2026-03-31T15:20:46","modified_gmt":"2026-03-31T14:20:46","slug":"trip-stopper","status":"publish","type":"product","link":"https:\/\/www.tatanka.nl\/fr\/trip-stopper\/","title":{"rendered":"Bad Trip Stopper"},"content":{"rendered":"<h2 data-start=\"51\" data-end=\"77\">Qu'est-ce que Trip Stopper ?<\/h2>\n<p data-start=\"78\" data-end=\"395\">Trip Stopper est un suppl\u00e9ment sp\u00e9cialis\u00e9 con\u00e7u pour soutenir les individus lors d'exp\u00e9riences psych\u00e9d\u00e9liques. Il aide \u00e0 promouvoir le calme et \u00e0 r\u00e9duire l'inconfort ou l'anxi\u00e9t\u00e9 qui peuvent survenir au cours d'un voyage. Que vous soyez novice en mati\u00e8re de psych\u00e9d\u00e9liques ou un utilisateur exp\u00e9riment\u00e9, Trip Stopper vous offre un moyen de vous sentir plus stable et en contr\u00f4le.<\/p>\n<p data-start=\"397\" data-end=\"768\">Ce compl\u00e9ment n'emp\u00eache pas compl\u00e8tement un voyage, mais aide les utilisateurs \u00e0 garder les pieds sur terre. Les comprim\u00e9s de dextrose fournissent une \u00e9nergie rapide et aident \u00e0 stabiliser le taux de sucre dans le sang, tandis que les capsules de val\u00e9riane favorisent la relaxation. Ensemble, ces ingr\u00e9dients aident \u00e0 g\u00e9rer les sensations \u00e9motionnelles et physiques qui accompagnent un voyage psych\u00e9d\u00e9lique, rendant les moments difficiles plus faciles \u00e0 vivre.<\/p>\n<p data-start=\"770\" data-end=\"915\">En offrant un sentiment de contr\u00f4le et de stabilit\u00e9, Trip Stopper est un compagnon pr\u00e9cieux pour ceux qui recherchent une exp\u00e9rience plus douce et plus facile \u00e0 g\u00e9rer.<\/p>\n<h2 data-start=\"917\" data-end=\"945\">Histoire de Trip Stopper<\/h2>\n<p data-start=\"946\" data-end=\"1343\">Trip Stopper a \u00e9t\u00e9 d\u00e9velopp\u00e9 en r\u00e9ponse \u00e0 l'int\u00e9r\u00eat croissant pour les psych\u00e9d\u00e9liques et au besoin d'un soutien naturel pendant les voyages. Alors que de plus en plus de personnes explorent les psych\u00e9d\u00e9liques, l'importance de maintenir un environnement \u00e9quilibr\u00e9 et s\u00fbr est devenue largement reconnue. Cette formule, bas\u00e9e sur des ann\u00e9es de recherche, combine le dextrose et la val\u00e9riane, deux agents naturels bien connus pour le soutien \u00e9nerg\u00e9tique et la relaxation.<\/p>\n<p data-start=\"1345\" data-end=\"1684\">La val\u00e9riane est utilis\u00e9e depuis longtemps en phytoth\u00e9rapie pour ses propri\u00e9t\u00e9s calmantes, contribuant \u00e0 r\u00e9duire le stress et l'anxi\u00e9t\u00e9. Le dextrose, un sucre simple, fournit un regain d'\u00e9nergie rapide, particuli\u00e8rement utile lors d'exp\u00e9riences psych\u00e9d\u00e9liques intenses. En m\u00e9langeant ces deux ingr\u00e9dients, Trip Stopper offre un moyen holistique de g\u00e9rer efficacement les trips.<\/p>\n<p data-start=\"1686\" data-end=\"1865\">Bien qu'il ne puisse pas \u00e9liminer les effets d'un voyage, Trip Stopper rassure et aide les utilisateurs \u00e0 rester calmes, ce qui en fait un outil utile pour naviguer dans les exp\u00e9riences psych\u00e9d\u00e9liques.<\/p>\n<h2 data-start=\"1867\" data-end=\"1895\">Comment utiliser Trip Stopper<\/h2>\n<p data-start=\"1896\" data-end=\"1967\">Trip Stopper est facile \u00e0 utiliser. Suivez les \u00e9tapes suivantes pour obtenir les meilleurs r\u00e9sultats :<\/p>\n<ol data-start=\"1969\" data-end=\"2418\">\n<li data-start=\"1969\" data-end=\"2140\">Prendre <strong data-start=\"1977\" data-end=\"2001\">deux comprim\u00e9s de dextrose<\/strong> et laissez-les se dissoudre lentement dans votre bouche. Le sucre est ainsi absorb\u00e9 efficacement, ce qui contribue \u00e0 r\u00e9duire l'intensit\u00e9 du voyage.<\/li>\n<li data-start=\"2141\" data-end=\"2247\">Avalez le <strong data-start=\"2156\" data-end=\"2177\">G\u00e9lules de val\u00e9riane<\/strong> avec un grand verre d'eau pour favoriser la d\u00e9tente et apaiser l'anxi\u00e9t\u00e9.<\/li>\n<li data-start=\"2248\" data-end=\"2418\">Attendre environ <strong data-start=\"2262\" data-end=\"2276\">10 minutes<\/strong> avant de manger quelque chose de solide, comme une tranche de pain. Cela permet aux ingr\u00e9dients d'agir et de stabiliser davantage le taux de sucre dans le sang.<\/li>\n<\/ol>\n<p data-start=\"2420\" data-end=\"2667\">Pour des r\u00e9sultats optimaux, prenez Trip Stopper dans un sac \u00e0 dos. <strong data-start=\"2464\" data-end=\"2499\">environnement calme et contr\u00f4l\u00e9<\/strong> o\u00f9 vous pouvez vous concentrer sur la relaxation et la mise \u00e0 la terre. Que vous soyez un utilisateur d\u00e9butant ou exp\u00e9riment\u00e9, ces \u00e9tapes simples vous aideront \u00e0 vous sentir mieux pr\u00e9par\u00e9 et \u00e0 ma\u00eetriser la situation.<\/p>\n<h2 data-start=\"2669\" data-end=\"2701\">Ingr\u00e9dients de Trip Stopper<\/h2>\n<p data-start=\"2702\" data-end=\"2821\">Trip Stopper contient deux ingr\u00e9dients cl\u00e9s qui agissent ensemble pour soutenir le corps et l'esprit pendant un voyage psych\u00e9d\u00e9lique :<\/p>\n<ul data-start=\"2823\" data-end=\"3248\">\n<li data-start=\"2823\" data-end=\"3022\"><strong data-start=\"2825\" data-end=\"2837\">Dextrose<\/strong> - Un sucre simple qui fournit une source d'\u00e9nergie instantan\u00e9e, aidant \u00e0 \u00e9quilibrer les niveaux de sucre dans le sang et \u00e0 pr\u00e9venir la fatigue. Il aide \u00e0 maintenir la concentration et la vigilance tout au long de l'exp\u00e9rience.<\/li>\n<li data-start=\"3023\" data-end=\"3248\"><strong data-start=\"3025\" data-end=\"3037\">Val\u00e9riane<\/strong> - Un rem\u00e8de naturel \u00e0 base de plantes connu pour ses effets calmants. La val\u00e9riane est utilis\u00e9e depuis des si\u00e8cles pour r\u00e9duire l'anxi\u00e9t\u00e9 et favoriser la relaxation, ce qui la rend id\u00e9ale pour g\u00e9rer les aspects mentaux et \u00e9motionnels d'un voyage.<\/li>\n<\/ul>\n<p data-start=\"3250\" data-end=\"3511\">Ensemble, ces ingr\u00e9dients cr\u00e9ent un <strong data-start=\"3287\" data-end=\"3308\">solution \u00e9quilibr\u00e9e<\/strong> pour ceux qui se sentent d\u00e9pass\u00e9s ou anxieux. Bien que Trip Stopper n'arr\u00eate pas compl\u00e8tement l'exp\u00e9rience psych\u00e9d\u00e9lique, il aide \u00e0 procurer un sentiment de stabilit\u00e9 et de paix pour un voyage plus doux et plus facile \u00e0 g\u00e9rer.<\/p>\n<p data-start=\"3513\" data-end=\"3525\"><strong>Avertissement<\/strong><\/p>\n<p data-start=\"3526\" data-end=\"3582\" data-is-last-node=\"\">Tenir hors de port\u00e9e des enfants. Ceci n'est pas un m\u00e9dicament.<\/p>","protected":false},"excerpt":{"rendered":"<p>Pour les d\u00e9butants comme pour les exp\u00e9riment\u00e9s, le trip stopper peut aider \u00e0 minimiser une mauvaise exp\u00e9rience. Au bout de 20 \u00e0 30 minutes, le trip devient moins intense et le simple fait de savoir que vous pouvez l'arr\u00eater vous permet de profiter davantage de votre exp\u00e9rience.<\/p>","protected":false},"featured_media":127320,"template":"","meta":[],"product_brand":[],"product_cat":[595,297,592,577,539,540,516,518,513,515,476,593,578],"product_tag":[662],"class_list":{"0":"post-8636","1":"product","2":"type-product","3":"status-publish","4":"has-post-thumbnail","6":"product_cat-mcsmart","7":"product_cat-all-products","8":"product_cat-beginner-magic-mushroom-grow-kits","9":"product_cat-beginner-magic-truffles","10":"product_cat-magic-mushroom-grow-kits","11":"product_cat-magic-mushroom-spore-syringes","12":"product_cat-magic-truffles","13":"product_cat-mushrooms","14":"product_cat-party","15":"product_cat-shroomshop","16":"product_cat-smartshop","17":"product_cat-strongest-magic-mushroom-grow-kits","18":"product_cat-strongest-magic-truffles","19":"product_tag-shrdeal","20":"product_shipping_class-creditcard-on","22":"first","23":"instock","24":"taxable","25":"shipping-taxable","26":"purchasable","27":"product-type-variable","28":"has-default-attributes"},"_links":{"self":[{"href":"https:\/\/www.tatanka.nl\/fr\/wp-json\/wp\/v2\/product\/8636","targetHints":{"allow":["GET"]}}],"collection":[{"href":"https:\/\/www.tatanka.nl\/fr\/wp-json\/wp\/v2\/product"}],"about":[{"href":"https:\/\/www.tatanka.nl\/fr\/wp-json\/wp\/v2\/types\/product"}],"wp:featuredmedia":[{"embeddable":true,"href":"https:\/\/www.tatanka.nl\/fr\/wp-json\/wp\/v2\/media\/127320"}],"wp:attachment":[{"href":"https:\/\/www.tatanka.nl\/fr\/wp-json\/wp\/v2\/media?parent=8636"}],"wp:term":[{"taxonomy":"product_brand","embeddable":true,"href":"https:\/\/www.tatanka.nl\/fr\/wp-json\/wp\/v2\/product_brand?post=8636"},{"taxonomy":"product_cat","embeddable":true,"href":"https:\/\/www.tatanka.nl\/fr\/wp-json\/wp\/v2\/product_cat?post=8636"},{"taxonomy":"product_tag","embeddable":true,"href":"https:\/\/www.tatanka.nl\/fr\/wp-json\/wp\/v2\/product_tag?post=8636"}],"curies":[{"name":"wp","href":"https:\/\/api.w.org\/{rel}","templated":true}]}}