{"id":8650,"date":"2018-01-08T11:45:57","date_gmt":"2018-01-08T11:45:57","guid":{"rendered":"http:\/\/www.tatanka.nl\/?post_type=product&#038;p=8650"},"modified":"2025-06-20T00:48:29","modified_gmt":"2025-06-19T23:48:29","slug":"hempcare-ruby-10-cbd-oil","status":"publish","type":"product","link":"https:\/\/www.tatanka.nl\/fr\/hempcare-ruby-10-cbd-oil\/","title":{"rendered":"HempCare Ruby 10% CBD Oil 10ml"},"content":{"rendered":"<h2>HempCare Ruby 10% CBD Oil 10ml<\/h2>\n<h2 data-start=\"0\" data-end=\"33\">Qu'est-ce que HempCare RUBY 10% CBD ?<\/h2>\n<p data-start=\"35\" data-end=\"548\">HempCare RUBY 10% CBD est une huile de CBD naturelle hautement concentr\u00e9e, 100%, d\u00e9riv\u00e9e d'une plante de chanvre rare cultiv\u00e9e dans un sol d'argile rouge riche en min\u00e9raux dans les montagnes. L'environnement unique dans lequel ce chanvre pousse contribue \u00e0 la couleur rouge rubis de l'huile et \u00e0 ses puissantes propri\u00e9t\u00e9s naturelles. HempCare RUBY 10% CBD est riche en cannabino\u00efdes b\u00e9n\u00e9fiques, y compris le cannabidiol (CBD), le cannabig\u00e9rol (CBG) et le cannabinol (CBN), ainsi que des terp\u00e8nes, des flavono\u00efdes et des ph\u00e9nols, qui agissent tous en synergie pour soutenir le corps de mani\u00e8re naturelle.<\/p>\n<p data-start=\"550\" data-end=\"923\">Ce qui distingue HempCare RUBY 10% CBD est sa concentration plus \u00e9lev\u00e9e en b\u00eata-caryophyll\u00e8ne, un terp\u00e8ne connu pour ses puissantes propri\u00e9t\u00e9s anti-inflammatoires et anti-douleur. Cela en fait un excellent choix pour ceux qui cherchent \u00e0 soulager l'inconfort ou \u00e0 r\u00e9duire le stress. Sa composition naturelle garantit qu'il est exempt de substances toxiques, offrant une exp\u00e9rience pure et organique.<\/p>\n<h2 data-start=\"925\" data-end=\"960\">Histoire de HempCare RUBY 10% CBD<\/h2>\n<p data-start=\"962\" data-end=\"1417\">L'histoire de HempCare RUBY 10% CBD commence par la culture du chanvre dans une r\u00e9gion montagneuse unique, o\u00f9 l'argile rouge naturelle du sol contribue aux qualit\u00e9s exceptionnelles de la plante. HempCare s\u00e9lectionne soigneusement les meilleures vari\u00e9t\u00e9s de chanvre et utilise un processus d'extraction sp\u00e9cial pour pr\u00e9server le spectre complet des cannabino\u00efdes, des terp\u00e8nes et d'autres nutriments essentiels. Ces plantes de chanvre sont cultiv\u00e9es sans pesticides, ce qui garantit un produit pur et de haute qualit\u00e9.<\/p>\n<p data-start=\"1419\" data-end=\"1727\">HempCare est reconnu pour ses produits CBD de qualit\u00e9 sup\u00e9rieure, et l'huile CBD RUBY 10% se distingue par sa teneur \u00e9lev\u00e9e en terp\u00e8nes et ses conditions de culture rares. Cette huile n'est pas un produit CBD comme les autres, mais t\u00e9moigne de l'engagement de HempCare \u00e0 offrir une exp\u00e9rience CBD vraiment unique et efficace.<\/p>\n<h2 data-start=\"1729\" data-end=\"1764\">Comment utiliser HempCare RUBY 10% CBD<\/h2>\n<p data-start=\"1766\" data-end=\"2110\">Pour des r\u00e9sultats optimaux, il est recommand\u00e9 de commencer avec 5 gouttes de HempCare RUBY 10% CBD deux fois par jour sous la langue. Maintenez l'huile sous la langue pendant environ 20 secondes avant de l'avaler pour garantir une absorption maximale. De nombreux utilisateurs d\u00e9clarent ressentir les effets apr\u00e8s quelques jours d'utilisation r\u00e9guli\u00e8re, bien que les r\u00e9sultats optimaux puissent varier d'une personne \u00e0 l'autre.<\/p>\n<p data-start=\"2112\" data-end=\"2512\">En cas d'effets ind\u00e9sirables, il est conseill\u00e9 de r\u00e9duire le dosage. L'organisme n'absorbe que ce dont il a besoin, l'exc\u00e9dent \u00e9tant naturellement \u00e9vacu\u00e9 par l'urine ou la sueur. Si vous souhaitez obtenir un effet plus fort, vous pouvez augmenter progressivement le dosage en fonction de vos besoins. HempCare RUBY 10% CBD offre une approche flexible de l'utilisation du CBD, vous permettant d'ajuster le dosage en fonction de votre exp\u00e9rience personnelle.<\/p>\n<h2 data-start=\"2514\" data-end=\"2553\">Ingr\u00e9dients de HempCare RUBY 10% CBD<\/h2>\n<p data-start=\"2555\" data-end=\"2921\">HempCare RUBY 10% CBD contient deux ingr\u00e9dients principaux : l'huile de graines de chanvre et l'extrait de chanvre. Ces ingr\u00e9dients travaillent ensemble pour fournir un m\u00e9lange puissant de cannabino\u00efdes, y compris le CBD, le CBG et le CBN, ainsi qu'une vari\u00e9t\u00e9 de terp\u00e8nes, de flavono\u00efdes et d'autres compos\u00e9s b\u00e9n\u00e9fiques. L'inclusion d'huile de graines de chanvre garantit que le produit reste biologique et exempt de produits chimiques nocifs.<\/p>\n<p data-start=\"2923\" data-end=\"3292\">Les terp\u00e8nes contenus dans HempCare RUBY 10% CBD, tels que le bisabolol, sont connus pour leurs propri\u00e9t\u00e9s antibact\u00e9riennes et antifongiques, contribuant ainsi aux bienfaits th\u00e9rapeutiques de l'huile. Cette combinaison d'ingr\u00e9dients naturels cr\u00e9e un produit \u00e0 la fois efficace et s\u00fbr pour un usage quotidien. Sans additifs toxiques, HempCare RUBY 10% CBD vous garantit le meilleur de la nature.<\/p>\n<p data-start=\"3294\" data-end=\"3304\"><strong>Avertissement<\/strong><\/p>\n<p data-start=\"3306\" data-end=\"3457\">Consultez un professionnel de la sant\u00e9 avant toute utilisation, en particulier si vous \u00eates enceinte, si vous allaitez ou si vous prenez des m\u00e9dicaments. Ne pas d\u00e9passer la dose recommand\u00e9e.<\/p>\n<p data-start=\"3459\" data-end=\"3755\" data-is-last-node=\"\">HempCare RUBY 10% CBD est un produit unique et efficace qui combine les propri\u00e9t\u00e9s curatives naturelles du chanvre avec la science moderne. Que vous recherchiez un soulagement de la douleur, une r\u00e9duction du stress ou simplement un regain de bien-\u00eatre naturel, HempCare RUBY 10% CBD fournit une solution enti\u00e8rement naturelle pour votre routine quotidienne.<\/p>","protected":false},"excerpt":{"rendered":"<p>HempCare RUBY 10% CBD est une huile unique aux propri\u00e9t\u00e9s particuli\u00e8res. Cette huile se distingue par une couleur rouge pur caract\u00e9ristique et une teneur \u00e9lev\u00e9e en CBD de 10%.<\/p>\n<p>En plus du CBD, cette huile contient des quantit\u00e9s significatives d'autres cannabino\u00efdes tels que le CBG et le CBN. Contient 10ml.<span style=\"color: #000000;\"><br \/>\n<\/span><\/p>","protected":false},"featured_media":126597,"template":"","meta":[],"product_brand":[],"product_cat":[601,297,485,371,483],"product_tag":[],"class_list":{"0":"post-8650","1":"product","2":"type-product","3":"status-publish","4":"has-post-thumbnail","6":"product_cat-hempcare","7":"product_cat-all-products","8":"product_cat-cbd-oils","9":"product_cat-cbd-top-10","10":"product_cat-cbdshop","12":"first","13":"instock","14":"taxable","15":"shipping-taxable","16":"purchasable","17":"product-type-variable"},"_links":{"self":[{"href":"https:\/\/www.tatanka.nl\/fr\/wp-json\/wp\/v2\/product\/8650","targetHints":{"allow":["GET"]}}],"collection":[{"href":"https:\/\/www.tatanka.nl\/fr\/wp-json\/wp\/v2\/product"}],"about":[{"href":"https:\/\/www.tatanka.nl\/fr\/wp-json\/wp\/v2\/types\/product"}],"wp:featuredmedia":[{"embeddable":true,"href":"https:\/\/www.tatanka.nl\/fr\/wp-json\/wp\/v2\/media\/126597"}],"wp:attachment":[{"href":"https:\/\/www.tatanka.nl\/fr\/wp-json\/wp\/v2\/media?parent=8650"}],"wp:term":[{"taxonomy":"product_brand","embeddable":true,"href":"https:\/\/www.tatanka.nl\/fr\/wp-json\/wp\/v2\/product_brand?post=8650"},{"taxonomy":"product_cat","embeddable":true,"href":"https:\/\/www.tatanka.nl\/fr\/wp-json\/wp\/v2\/product_cat?post=8650"},{"taxonomy":"product_tag","embeddable":true,"href":"https:\/\/www.tatanka.nl\/fr\/wp-json\/wp\/v2\/product_tag?post=8650"}],"curies":[{"name":"wp","href":"https:\/\/api.w.org\/{rel}","templated":true}]}}