{"id":8711,"date":"2018-01-09T15:17:44","date_gmt":"2018-01-09T15:17:44","guid":{"rendered":"http:\/\/www.tatanka.nl\/?post_type=product&#038;p=8711"},"modified":"2025-05-20T10:48:20","modified_gmt":"2025-05-20T09:48:20","slug":"smoking-silver-kingsize-box","status":"publish","type":"product","link":"https:\/\/www.tatanka.nl\/fr\/smoking-silver-kingsize-box\/","title":{"rendered":"Smoking Argent, ultra-mince"},"content":{"rendered":"<h2><span style=\"color: #000000; font-size: 95%;\">Smoking Papier \u00e0 rouler argent\u00e9, bo\u00eete Kingsize.<\/span><\/h2>\n<p><span style=\"color: #000000;\">Chaque feuille est fabriqu\u00e9e \u00e0 partir d'un papier de riz pur filigran\u00e9 pour plus d'assurance et d'une gomme naturelle qui adh\u00e8re \u00e0 chaque fois. Un bordereau de papier pli\u00e9 avec les feuilles vous rappelle que vous n'en avez plus. Un paquet contient 33 feuilles \u00e0 rouler. La bo\u00eete compl\u00e8te contient 50 paquets.<\/span><\/p>\n<p><span style=\"color: #000000;\"><strong>En effet, il s'agit d'un produit de qualit\u00e9 :<\/strong> Papier de riz pur + 100% Gomme v\u00e9g\u00e9tale naturelle<\/span><br \/>\n<span style=\"color: #000000;\"><strong> Papier :<\/strong> Ultra-l\u00e9ger + extra-mince<\/span><br \/>\n<span style=\"color: #000000;\"><strong> Papier \u00e0 rouler :<\/strong> 33 feuilles par paquet<\/span><br \/>\n<span style=\"color: #000000;\"><strong> Bo\u00eete :<\/strong> Contient 50 paquets<\/span><br \/>\n<span style=\"color: #000000;\"><strong> Taille :<\/strong> 108mm x 37mm<\/span><br \/>\n<span style=\"color: #000000;\"><strong> Poids :<\/strong> 13 g\/m2<\/span><\/p>","protected":false},"excerpt":{"rendered":"<p><span style=\"color: #000000;\">Smoking Silver Extra Slim Rolling Papers sont ultra l\u00e9gers et br\u00fblent lentement. Ces papiers \u00e0 rouler sont faciles \u00e0 rouler. La largeur de chaque papier n'est que de 37 mm. Si vous aimez fumer moins de papier, le Smoking Silver est fait pour vous. Contient 50 paquets.<\/span><\/p>","protected":false},"featured_media":13283,"template":"","meta":[],"product_brand":[],"product_cat":[492,297,488],"product_tag":[],"class_list":{"0":"post-8711","1":"product","2":"type-product","3":"status-publish","4":"has-post-thumbnail","6":"product_cat-rolling-papers","7":"product_cat-all-products","8":"product_cat-headshop","9":"product_shipping_class-creditcard-on","11":"first","12":"instock","13":"taxable","14":"shipping-taxable","15":"purchasable","16":"product-type-simple"},"_links":{"self":[{"href":"https:\/\/www.tatanka.nl\/fr\/wp-json\/wp\/v2\/product\/8711","targetHints":{"allow":["GET"]}}],"collection":[{"href":"https:\/\/www.tatanka.nl\/fr\/wp-json\/wp\/v2\/product"}],"about":[{"href":"https:\/\/www.tatanka.nl\/fr\/wp-json\/wp\/v2\/types\/product"}],"wp:featuredmedia":[{"embeddable":true,"href":"https:\/\/www.tatanka.nl\/fr\/wp-json\/wp\/v2\/media\/13283"}],"wp:attachment":[{"href":"https:\/\/www.tatanka.nl\/fr\/wp-json\/wp\/v2\/media?parent=8711"}],"wp:term":[{"taxonomy":"product_brand","embeddable":true,"href":"https:\/\/www.tatanka.nl\/fr\/wp-json\/wp\/v2\/product_brand?post=8711"},{"taxonomy":"product_cat","embeddable":true,"href":"https:\/\/www.tatanka.nl\/fr\/wp-json\/wp\/v2\/product_cat?post=8711"},{"taxonomy":"product_tag","embeddable":true,"href":"https:\/\/www.tatanka.nl\/fr\/wp-json\/wp\/v2\/product_tag?post=8711"}],"curies":[{"name":"wp","href":"https:\/\/api.w.org\/{rel}","templated":true}]}}