{"id":8989,"date":"2018-01-12T18:25:35","date_gmt":"2018-01-12T18:25:35","guid":{"rendered":"http:\/\/www.tatanka.nl\/?post_type=product&#038;p=8989"},"modified":"2025-05-20T10:36:58","modified_gmt":"2025-05-20T09:36:58","slug":"damiana-capsules-sex","status":"publish","type":"product","link":"https:\/\/www.tatanka.nl\/fr\/damiana-capsules-sex\/","title":{"rendered":"Damiana Capsules"},"content":{"rendered":"<h2 data-pm-slice=\"1 1 []\">Qu'est-ce que Damiana ?<\/h2>\n<p>La damiana est un petit arbuste aromatique originaire d'Am\u00e9rique centrale et d'Am\u00e9rique du Sud. Connu scientifiquement sous le nom de <strong>Turnera Diffusa<\/strong>Cette plante appartient \u00e0 la famille des passiflores et se reconna\u00eet \u00e0 ses fleurs jaune vif et \u00e0 ses feuilles vertes.<\/p>\n<p>Depuis des si\u00e8cles, les cultures indig\u00e8nes utilisent la damiana pour ses bienfaits naturels sur la sant\u00e9, en particulier comme stimulant de la libido. Cette plante est souvent associ\u00e9e \u00e0 une augmentation du d\u00e9sir sexuel, \u00e0 une am\u00e9lioration de l'endurance et \u00e0 un meilleur bien-\u00eatre g\u00e9n\u00e9ral. Outre ses effets aphrodisiaques, la damiana est \u00e9galement appr\u00e9ci\u00e9e pour ses propri\u00e9t\u00e9s relaxantes, qui peuvent contribuer \u00e0 r\u00e9duire le stress et \u00e0 favoriser la clart\u00e9 mentale. Si vous cherchez un moyen naturel de stimuler votre \u00e9nergie, d'\u00e9lever votre humeur ou d'am\u00e9liorer votre intimit\u00e9, le damiana est peut-\u00eatre le compl\u00e9ment \u00e0 base de plantes qu'il vous faut.<\/p>\n<h2>L'histoire de la damiana<\/h2>\n<p>L'utilisation de la damiana remonte \u00e0 des centaines d'ann\u00e9es, en particulier au Mexique et dans d'autres r\u00e9gions d'Am\u00e9rique latine. Les tribus indig\u00e8nes appr\u00e9ciaient beaucoup cette plante pour ses propri\u00e9t\u00e9s m\u00e9dicinales, l'utilisant pour traiter diverses affections physiques et am\u00e9liorer la sant\u00e9 sexuelle.<\/p>\n<p>La damiane est traditionnellement consid\u00e9r\u00e9e comme un puissant aphrodisiaque, cens\u00e9 stimuler la libido, am\u00e9liorer les performances sexuelles et accro\u00eetre les sensations. Les cultures anciennes utilisaient la damiana pour pr\u00e9parer des philtres d'amour et des toniques \u00e0 base de plantes destin\u00e9s \u00e0 soutenir la sant\u00e9 reproductive et la vitalit\u00e9 g\u00e9n\u00e9rale. Au fil des ans, cette plante a conserv\u00e9 sa r\u00e9putation et est encore largement utilis\u00e9e dans la phytoth\u00e9rapie moderne. Au Mexique, elle est m\u00eame infus\u00e9e dans certaines boissons alcoolis\u00e9es traditionnelles, comme les margaritas, pour en renforcer les effets. Gr\u00e2ce \u00e0 sa longue histoire et \u00e0 ses puissants bienfaits, la damiana continue d'\u00eatre un rem\u00e8de \u00e0 base de plantes recherch\u00e9 par ceux qui cherchent \u00e0 am\u00e9liorer leur bien-\u00eatre de mani\u00e8re naturelle.<\/p>\n<h2>Comment utiliser la damiana<\/h2>\n<p>La damiana est le plus souvent consomm\u00e9e sous forme de g\u00e9lules pour un dosage facile et pr\u00e9cis. Le dosage recommand\u00e9 est de <strong>une g\u00e9lule par prise<\/strong>Prendre avec un verre d'eau. Pour des r\u00e9sultats optimaux, il est pr\u00e9f\u00e9rable d'int\u00e9grer la Damiana dans une routine de bien-\u00eatre coh\u00e9rente.<\/p>\n<p>Les hommes et les femmes peuvent b\u00e9n\u00e9ficier des propri\u00e9t\u00e9s de la damiana. Si certains ressentent ses effets relativement rapidement, d'autres peuvent constater des am\u00e9liorations progressives au fil du temps. La damiana peut \u00e9galement \u00eatre associ\u00e9e \u00e0 d'autres compl\u00e9ments alimentaires \u00e0 base de plantes, comme le Muira Puama, pour renforcer ses effets \u00e9nergisants et aphrodisiaques.<\/p>\n<p>En plus de stimuler la libido, la damiana est souvent utilis\u00e9e pour favoriser la relaxation, r\u00e9duire le stress et favoriser le bien-\u00eatre \u00e9motionnel. Ses effets psychoactifs l\u00e9gers sont parfois compar\u00e9s \u00e0 ceux du cannabis, offrant une sensation de calme sans intoxication. Respectez toujours la posologie recommand\u00e9e et consultez un professionnel de la sant\u00e9 si vous avez des doutes quant \u00e0 son utilisation.<\/p>\n<h2>Ingr\u00e9dients de la Damiana<\/h2>\n<p>Les g\u00e9lules de Damiana de Indian Elements ne contiennent qu'un seul ingr\u00e9dient actif :<\/p>\n<ul data-spread=\"false\">\n<li><strong>Turnera Diffusa<\/strong> (extrait de Damiana)<\/li>\n<\/ul>\n<p>Cette formulation pure et naturelle garantit que vous b\u00e9n\u00e9ficiez de tous les avantages de la Damiana sans additifs inutiles. Indian Elements se consacre \u00e0 la fourniture de produits \u00e0 base de plantes de haute qualit\u00e9 qui sont <strong>100% naturel et respectueux de l'environnement<\/strong>ce qui en fait un excellent choix pour ceux qui recherchent des solutions de bien-\u00eatre \u00e0 base de plantes.<\/p>\n<div><\/div>\n<p><strong>Avertissement :<\/strong><br \/>\nCe produit est destin\u00e9 aux personnes \u00e2g\u00e9es de <strong>18 ans et plus<\/strong>. Tenir hors de port\u00e9e des enfants. Damiana ne doit pas \u00eatre utilis\u00e9 en association avec <strong>Inhibiteurs de la MAO<\/strong>. Les personnes souffrant de troubles r\u00e9naux ou cardiaques, d'hypertension ou d'hypotension, de diab\u00e8te ou sous l'influence de m\u00e9dicaments, de drogues ou d'alcool doivent \u00e9viter d'utiliser ce produit. Il s'agit d'un compl\u00e9ment alimentaire qui doit \u00eatre utilis\u00e9 comme tel. Ne pas utiliser si le sceau est bris\u00e9.<\/p>","protected":false},"excerpt":{"rendered":"<p data-pm-slice=\"1 1 []\">D\u00e9couvrez les bienfaits naturels de la Damiana ! Ce compl\u00e9ment \u00e0 base de plantes unique est connu pour ses propri\u00e9t\u00e9s \u00e9nergisantes et aphrodisiaques. Utilis\u00e9 traditionnellement depuis des si\u00e8cles, le damiana peut renforcer la libido, am\u00e9liorer l'humeur et procurer un l\u00e9ger effet relaxant. D\u00e9sormais disponible sous forme de g\u00e9lules pratiques, il est facile de l'int\u00e9grer \u00e0 votre routine quotidienne.<\/p>","protected":false},"featured_media":125960,"template":"","meta":[],"product_brand":[],"product_cat":[597,297,531,576,383,476],"product_tag":[],"class_list":{"0":"post-8989","1":"product","2":"type-product","3":"status-publish","4":"has-post-thumbnail","6":"product_cat-indian-elements","7":"product_cat-all-products","8":"product_cat-aphrodisiacs","9":"product_cat-sex-products-for-couples","10":"product_cat-sex-shop","11":"product_cat-smartshop","13":"first","14":"instock","15":"taxable","16":"shipping-taxable","17":"purchasable","18":"product-type-variable"},"_links":{"self":[{"href":"https:\/\/www.tatanka.nl\/fr\/wp-json\/wp\/v2\/product\/8989","targetHints":{"allow":["GET"]}}],"collection":[{"href":"https:\/\/www.tatanka.nl\/fr\/wp-json\/wp\/v2\/product"}],"about":[{"href":"https:\/\/www.tatanka.nl\/fr\/wp-json\/wp\/v2\/types\/product"}],"wp:featuredmedia":[{"embeddable":true,"href":"https:\/\/www.tatanka.nl\/fr\/wp-json\/wp\/v2\/media\/125960"}],"wp:attachment":[{"href":"https:\/\/www.tatanka.nl\/fr\/wp-json\/wp\/v2\/media?parent=8989"}],"wp:term":[{"taxonomy":"product_brand","embeddable":true,"href":"https:\/\/www.tatanka.nl\/fr\/wp-json\/wp\/v2\/product_brand?post=8989"},{"taxonomy":"product_cat","embeddable":true,"href":"https:\/\/www.tatanka.nl\/fr\/wp-json\/wp\/v2\/product_cat?post=8989"},{"taxonomy":"product_tag","embeddable":true,"href":"https:\/\/www.tatanka.nl\/fr\/wp-json\/wp\/v2\/product_tag?post=8989"}],"curies":[{"name":"wp","href":"https:\/\/api.w.org\/{rel}","templated":true}]}}