{"id":8999,"date":"2018-01-13T09:23:41","date_gmt":"2018-01-13T09:23:41","guid":{"rendered":"http:\/\/www.tatanka.nl\/?post_type=product&#038;p=8999"},"modified":"2025-05-20T10:35:58","modified_gmt":"2025-05-20T09:35:58","slug":"damiana-dried-herbs","status":"publish","type":"product","link":"https:\/\/www.tatanka.nl\/fr\/damiana-dried-herbs\/","title":{"rendered":"Damiana Herbs"},"content":{"rendered":"<h2>Qu'est-ce que Damiana ?<\/h2>\n<p><strong>Damiana<\/strong> est un arbuste originaire d'Am\u00e9rique centrale et d'Am\u00e9rique du Sud, largement reconnu pour ses diverses utilisations th\u00e9rapeutiques. Cette plante appartient \u00e0 la famille des Passifloraceae et se caract\u00e9rise par ses fleurs jaunes et ses feuilles vertes. La damiana est notamment appr\u00e9ci\u00e9e depuis longtemps pour ses effets sur le bien-\u00eatre sexuel. Historiquement, la plante a \u00e9t\u00e9 utilis\u00e9e par les cultures indig\u00e8nes du Mexique pour am\u00e9liorer la libido et les performances sexuelles. Elle est \u00e9galement connue pour avoir de l\u00e9g\u00e8res propri\u00e9t\u00e9s psychoactives qui favorisent la relaxation et un sentiment de bien-\u00eatre, un peu comme une forme douce de cannabis, mais sans le THC.<\/p>\n<p>La damiana agit en stimulant le syst\u00e8me nerveux et en favorisant une meilleure circulation sanguine dans les zones g\u00e9nitales, ce qui peut contribuer \u00e0 augmenter le d\u00e9sir sexuel et \u00e0 am\u00e9liorer les performances. Si cette plante est traditionnellement consomm\u00e9e sous forme de th\u00e9 ou de feuilles s\u00e9ch\u00e9es, elle est aujourd'hui \u00e9galement disponible sous forme de suppl\u00e9ment, ce qui permet de profiter de ses bienfaits de mani\u00e8re simple et pratique.<\/p>\n<h2>Histoire de la damiana<\/h2>\n<p>L'histoire de la <strong>Damiana<\/strong> remonte \u00e0 des si\u00e8cles, avec une utilisation significative par les peuples indig\u00e8nes \u00e0 travers le Mexique et les r\u00e9gions plus larges d'Am\u00e9rique centrale et d'Am\u00e9rique du Sud. Elle \u00e9tait tr\u00e8s appr\u00e9ci\u00e9e par les cultures anciennes, qui l'utilisaient \u00e0 diverses fins m\u00e9dicinales, notamment pour am\u00e9liorer la sant\u00e9 sexuelle et traiter des troubles tels que l'anxi\u00e9t\u00e9, la d\u00e9pression et la fatigue. La r\u00e9putation de la plante en tant qu'aphrodisiaque n'\u00e9tait plus \u00e0 faire, et elle \u00e9tait m\u00eame int\u00e9gr\u00e9e \u00e0 des rituels religieux dans certaines cultures am\u00e9rindiennes.<\/p>\n<p>L'importance historique de la damiana tient \u00e0 son r\u00f4le dans les pratiques culturelles, en particulier au Mexique, o\u00f9 elle a \u00e9t\u00e9 un \u00e9l\u00e9ment essentiel de la m\u00e9decine traditionnelle. Elle a m\u00eame \u00e9t\u00e9 utilis\u00e9e pour fabriquer une boisson alcoolis\u00e9e traditionnelle, la \"liqueur de damiana\", qui est toujours populaire aujourd'hui. Au fil du temps, sa r\u00e9putation d'am\u00e9liorer la vitalit\u00e9 sexuelle s'est maintenue, et les utilisateurs modernes continuent de se tourner vers cette plante pour am\u00e9liorer leur libido et leur bien-\u00eatre g\u00e9n\u00e9ral.<\/p>\n<p>Malgr\u00e9 des si\u00e8cles d'utilisation, la popularit\u00e9 de la damiana n'a commenc\u00e9 \u00e0 se r\u00e9pandre \u00e0 l'\u00e9chelle internationale qu'aux XIXe et XXe si\u00e8cles, \u00e0 mesure que l'int\u00e9r\u00eat pour les rem\u00e8des naturels et les m\u00e9decines alternatives grandissait. Aujourd'hui, elle est encore largement utilis\u00e9e pour ses pr\u00e9tendus effets b\u00e9n\u00e9fiques sur la sant\u00e9, notamment sa capacit\u00e9 \u00e0 stimuler l'\u00e9nergie et \u00e0 am\u00e9liorer les performances sexuelles.<\/p>\n<h2>Comment utiliser la damiana<\/h2>\n<p>Il y a plusieurs fa\u00e7ons d'incorporer <strong>Damiana<\/strong> dans votre quotidien pour profiter de ses bienfaits. La m\u00e9thode la plus traditionnelle consiste \u00e0 infuser les feuilles s\u00e9ch\u00e9es de la plante dans de l'eau chaude. Cela permet aux compos\u00e9s actifs de la damiana d'\u00eatre lib\u00e9r\u00e9s, ce qui procure un l\u00e9ger effet relaxant et favorise la sant\u00e9 sexuelle. Le th\u00e9 de damiana peut \u00eatre consomm\u00e9 seul ou associ\u00e9 \u00e0 d'autres plantes, comme le Muira Puama, pour une exp\u00e9rience encore plus intense.<\/p>\n<p>La damiana peut \u00e9galement \u00eatre prise sous forme de suppl\u00e9ment, ce qui constitue une option plus pratique pour ceux qui pr\u00e9f\u00e8rent une prise rapide et facile. Il est important de respecter la posologie recommand\u00e9e - typiquement 1 gramme par jour - afin de profiter des effets \u00e9nergisants et stimulants de la plante sur la libido sans surconsommation. Comme pour tout suppl\u00e9ment, il est recommand\u00e9 de commencer par une dose plus faible et de l'augmenter progressivement afin d'\u00e9valuer la r\u00e9action de votre corps.<\/p>\n<p>Pour ceux qui appr\u00e9cient le go\u00fbt des tisanes, la damiana peut \u00eatre combin\u00e9e \u00e0 d'autres ingr\u00e9dients pour cr\u00e9er une boisson agr\u00e9able et b\u00e9n\u00e9fique. Que vous l'utilisiez pour vous d\u00e9tendre apr\u00e8s une longue journ\u00e9e ou pour pr\u00e9parer une soir\u00e9e intime, cette plante est flexible et facile \u00e0 int\u00e9grer dans votre mode de vie.<\/p>\n<h2>Ingr\u00e9dients de la Damiana<\/h2>\n<p>L'ingr\u00e9dient principal de la <strong>Damiana<\/strong> est la feuille de <em>Turnera Diffusa<\/em>Les feuilles de cette plante sont soigneusement r\u00e9colt\u00e9es et s\u00e9ch\u00e9es afin de pr\u00e9server leurs propri\u00e9t\u00e9s naturelles. Les feuilles de cette plante sont soigneusement r\u00e9colt\u00e9es et s\u00e9ch\u00e9es afin de pr\u00e9server leurs propri\u00e9t\u00e9s naturelles. Bien que cette plante soit largement reconnue pour ses effets aphrodisiaques, elle contient \u00e9galement des compos\u00e9s cens\u00e9s favoriser la relaxation, r\u00e9duire l'anxi\u00e9t\u00e9 et am\u00e9liorer l'humeur.<\/p>\n<p>Les composants actifs de la damiana comprennent des flavono\u00efdes, des alcalo\u00efdes et des huiles essentielles, qui agissent ensemble pour apporter toute une s\u00e9rie de bienfaits. Ces compos\u00e9s ont de l\u00e9gers effets stimulants et relaxants sur le syst\u00e8me nerveux, ce qui peut contribuer \u00e0 am\u00e9liorer la concentration, \u00e0 augmenter l'\u00e9nergie et \u00e0 procurer une meilleure sensation de bien-\u00eatre. Malgr\u00e9 ses effets psychoactifs, la damiana ne contient pas de THC, le compos\u00e9 responsable de l'effet \"high\" associ\u00e9 \u00e0 la marijuana, ce qui en fait une alternative s\u00fbre pour ceux qui recherchent un l\u00e9ger stimulant de l'humeur sans les effets intoxicants.<\/p>\n<p><strong>Avertissement :<\/strong><\/p>\n<p>Damiana ne doit \u00eatre utilis\u00e9 que par des personnes \u00e2g\u00e9es de plus de 18 ans. Il doit \u00eatre tenu hors de port\u00e9e des enfants. Les personnes souffrant de probl\u00e8mes cardiaques ou r\u00e9naux, d'hypertension ou d'hypotension, de diab\u00e8te ou sous l'influence de m\u00e9dicaments, de drogues ou d'alcool doivent \u00e9viter d'utiliser Damiana. Il ne doit pas \u00eatre pris en combinaison avec des inhibiteurs de la MAO. Ce produit \u00e9tant un compl\u00e9ment alimentaire, il doit \u00eatre utilis\u00e9 comme tel et ne pas se substituer \u00e0 un r\u00e9gime alimentaire \u00e9quilibr\u00e9. Veillez \u00e0 v\u00e9rifier l'int\u00e9grit\u00e9 du sceau de l'emballage avant de l'utiliser, car le produit ne doit pas \u00eatre consomm\u00e9 si le sceau est bris\u00e9.<\/p>","protected":false},"excerpt":{"rendered":"<p><span style=\"color: #000000;\">La damiane est une plante myst\u00e9rieuse aux effets libidineux et psychoactifs. Elle d\u00e9tend et a un effet euphorique. Cette herbe s\u00e9ch\u00e9e de Damiana est plus l\u00e9g\u00e8re que l'extrait de Damiana 10x. Elle peut \u00eatre consomm\u00e9e sous forme de th\u00e9 ou fum\u00e9e.\u00a0 <\/span><\/p>","protected":false},"featured_media":125954,"template":"","meta":[],"product_brand":[],"product_cat":[597,297,531,576,573,383,476],"product_tag":[],"class_list":{"0":"post-8999","1":"product","2":"type-product","3":"status-publish","4":"has-post-thumbnail","6":"product_cat-indian-elements","7":"product_cat-all-products","8":"product_cat-aphrodisiacs","9":"product_cat-sex-products-for-couples","10":"product_cat-sex-products-top-10","11":"product_cat-sex-shop","12":"product_cat-smartshop","14":"first","15":"instock","16":"taxable","17":"shipping-taxable","18":"purchasable","19":"product-type-variable"},"_links":{"self":[{"href":"https:\/\/www.tatanka.nl\/fr\/wp-json\/wp\/v2\/product\/8999","targetHints":{"allow":["GET"]}}],"collection":[{"href":"https:\/\/www.tatanka.nl\/fr\/wp-json\/wp\/v2\/product"}],"about":[{"href":"https:\/\/www.tatanka.nl\/fr\/wp-json\/wp\/v2\/types\/product"}],"wp:featuredmedia":[{"embeddable":true,"href":"https:\/\/www.tatanka.nl\/fr\/wp-json\/wp\/v2\/media\/125954"}],"wp:attachment":[{"href":"https:\/\/www.tatanka.nl\/fr\/wp-json\/wp\/v2\/media?parent=8999"}],"wp:term":[{"taxonomy":"product_brand","embeddable":true,"href":"https:\/\/www.tatanka.nl\/fr\/wp-json\/wp\/v2\/product_brand?post=8999"},{"taxonomy":"product_cat","embeddable":true,"href":"https:\/\/www.tatanka.nl\/fr\/wp-json\/wp\/v2\/product_cat?post=8999"},{"taxonomy":"product_tag","embeddable":true,"href":"https:\/\/www.tatanka.nl\/fr\/wp-json\/wp\/v2\/product_tag?post=8999"}],"curies":[{"name":"wp","href":"https:\/\/api.w.org\/{rel}","templated":true}]}}