{"id":9256,"date":"2018-01-16T17:22:59","date_gmt":"2018-01-16T17:22:59","guid":{"rendered":"http:\/\/www.tatanka.nl\/?post_type=product&#038;p=9256"},"modified":"2025-05-20T10:32:24","modified_gmt":"2025-05-20T09:32:24","slug":"wild-lettuce-herbs","status":"publish","type":"product","link":"https:\/\/www.tatanka.nl\/fr\/wild-lettuce-herbs\/","title":{"rendered":"Wild Lettuce Herbs"},"content":{"rendered":"<h2>Qu'est-ce que le Wild Lettuce ?<\/h2>\n<p>Wild Lettuce, ou Lactuca Virosa, est une plante naturelle traditionnellement reconnue pour ses effets calmants et s\u00e9datifs. Elle procure une exp\u00e9rience douce mais efficace, semblable \u00e0 celle de l'opium, mais sans les effets secondaires intenses. Connu pour sa capacit\u00e9 \u00e0 apaiser le syst\u00e8me nerveux, le Wild Lettuce favorise la relaxation et aide \u00e0 r\u00e9duire le stress. Ses effets l\u00e9g\u00e8rement euphorisants peuvent am\u00e9liorer l'humeur et il est couramment utilis\u00e9 comme rem\u00e8de naturel contre l'insomnie et l'inconfort. En outre, il peut induire des r\u00eaves intenses, am\u00e9liorant ainsi la clart\u00e9 mentale et le repos profond.<\/p>\n<p>Cette plante est disponible sous de multiples formes, y compris des herbes en vrac et des g\u00e9lules, ce qui permet de l'ajouter facilement \u00e0 votre routine de bien-\u00eatre. Ses propri\u00e9t\u00e9s \u00e0 la fois douces et puissantes sont recherch\u00e9es par les personnes \u00e0 la recherche d'un moyen naturel de se d\u00e9tendre et d'att\u00e9nuer le stress.<\/p>\n<h2>Historique de Wild Lettuce<\/h2>\n<p>L'utilisation du Wild Lettuce remonte \u00e0 plusieurs si\u00e8cles, avec des preuves historiques de son utilisation par les tribus am\u00e9rindiennes pour soulager la douleur et les troubles du sommeil. Cette plante \u00e9tait tr\u00e8s appr\u00e9ci\u00e9e pour ses qualit\u00e9s calmantes, car elle apportait un soulagement sans avoir recours \u00e0 des m\u00e9dicaments synth\u00e9tiques ou \u00e0 des produits chimiques agressifs.<\/p>\n<p>En Europe, le Wild Lettuce \u00e9tait consomm\u00e9 sous diverses formes, comme des th\u00e9s ou des teintures, pour favoriser la relaxation et traiter des troubles tels que l'anxi\u00e9t\u00e9 et l'insomnie. Il \u00e9tait reconnu comme une alternative naturelle et plus s\u00fbre aux opiac\u00e9s et aux tranquillisants plus puissants. Tout au long de l'histoire, le Wild Lettuce a acquis une r\u00e9putation de rem\u00e8de \u00e0 base de plantes digne de confiance, en particulier dans la m\u00e9decine traditionnelle.<\/p>\n<p>R\u00e9cemment, le Wild Lettuce a gagn\u00e9 en popularit\u00e9 dans les cercles de bien-\u00eatre modernes. Alors que les gens sont de plus en plus sensibles aux rem\u00e8des naturels, cette plante conna\u00eet un regain d'int\u00e9r\u00eat en tant qu'option polyvalente pour ceux qui recherchent le calme et l'apaisement mental.<\/p>\n<h2>Comment utiliser Wild Lettuce<\/h2>\n<p>Le Wild Lettuce est une plante polyvalente qui peut \u00eatre utilis\u00e9e de diff\u00e9rentes mani\u00e8res pour profiter de ses bienfaits calmants. Le dosage typique est d'environ 1 gramme par jour, que ce soit sous forme d'herbe en vrac ou de g\u00e9lules. Les personnes qui utilisent des plantes en vrac peuvent pr\u00e9parer un th\u00e9, une teinture ou m\u00eame des extraits maison pour obtenir un effet plus puissant.<\/p>\n<p>Capsules offre une alternative pratique et facile \u00e0 suivre pour ceux qui pr\u00e9f\u00e8rent ne pas pr\u00e9parer l'herbe manuellement. Il suffit de respecter le dosage recommand\u00e9 de 1 gramme par jour pour obtenir les meilleurs r\u00e9sultats.<\/p>\n<p>Les propri\u00e9t\u00e9s calmantes du Wild Lettuce sont plus efficaces lorsqu'il est utilis\u00e9 r\u00e9guli\u00e8rement au fil du temps. Une utilisation r\u00e9guli\u00e8re peut contribuer \u00e0 soulager le stress, \u00e0 favoriser un sommeil r\u00e9parateur et \u00e0 soulager l'inconfort. Comme pour tout suppl\u00e9ment \u00e0 base de plantes, il est important de surveiller la r\u00e9ponse de votre corps et d'ajuster votre dosage en cons\u00e9quence.<\/p>\n<h2>Ingr\u00e9dients de Wild Lettuce<\/h2>\n<p>L'ingr\u00e9dient principal du Wild Lettuce est la Lactuca Virosa, connue pour ses propri\u00e9t\u00e9s s\u00e9datives et analg\u00e9siques. Cette plante contient divers compos\u00e9s bioactifs, notamment des alcalo\u00efdes, qui contribuent \u00e0 calmer le syst\u00e8me nerveux, \u00e0 att\u00e9nuer la douleur et \u00e0 favoriser la relaxation. Bien que les m\u00e9canismes exacts ne soient pas enti\u00e8rement compris, ces compos\u00e9s interagissent probablement avec les r\u00e9cepteurs c\u00e9r\u00e9braux, ce qui entra\u00eene un l\u00e9ger effet s\u00e9datif.<\/p>\n<p>En plus des alcalo\u00efdes, le Wild Lettuce contient \u00e9galement des flavono\u00efdes, des antioxydants et d'autres compos\u00e9s qui contribuent \u00e0 ses effets b\u00e9n\u00e9fiques sur la sant\u00e9. Ces ingr\u00e9dients travaillent en tandem pour soutenir les processus naturels de gu\u00e9rison du corps, am\u00e9liorer le bien-\u00eatre et promouvoir un \u00e9tat d'esprit calme et \u00e9quilibr\u00e9.<\/p>\n<p><strong>Avertissement :<\/strong><br \/>\nWild Lettuce est destin\u00e9 \u00e0 \u00eatre utilis\u00e9 par des personnes \u00e2g\u00e9es de plus de 18 ans. Tenir hors de port\u00e9e des enfants. Ne pas utiliser si vous prenez des inhibiteurs de la MAO ou si vous souffrez de probl\u00e8mes r\u00e9naux ou cardiaques, d'hypertension ou d'hypotension, ou de diab\u00e8te. Il est \u00e9galement d\u00e9conseill\u00e9 aux personnes sous l'influence de m\u00e9dicaments, de drogues ou d'alcool. Cette plante n'est pas un m\u00e9dicament mais un compl\u00e9ment alimentaire et doit \u00eatre trait\u00e9e comme tel. Ne pas acheter si le sceau est bris\u00e9.<\/p>","protected":false},"excerpt":{"rendered":"<p>Wild Lettuce (Lactuca Virosa) est une herbe naturelle connue pour ses propri\u00e9t\u00e9s calmantes, offrant un effet plus doux similaire \u00e0 celui de l'opium. Elle a des effets apaisants, euphorisants, analg\u00e9siques et somnif\u00e8res, ce qui en fait un choix id\u00e9al pour ceux qui recherchent une relaxation douce et la tranquillit\u00e9.<\/p>","protected":false},"featured_media":125948,"template":"","meta":[],"product_brand":[],"product_cat":[597,297,477,510,511,476],"product_tag":[],"class_list":{"0":"post-9256","1":"product","2":"type-product","3":"status-publish","4":"has-post-thumbnail","6":"product_cat-indian-elements","7":"product_cat-all-products","8":"product_cat-herbs","9":"product_cat-relax","10":"product_cat-relax-herbs","11":"product_cat-smartshop","13":"first","14":"instock","15":"taxable","16":"shipping-taxable","17":"purchasable","18":"product-type-variable"},"_links":{"self":[{"href":"https:\/\/www.tatanka.nl\/fr\/wp-json\/wp\/v2\/product\/9256","targetHints":{"allow":["GET"]}}],"collection":[{"href":"https:\/\/www.tatanka.nl\/fr\/wp-json\/wp\/v2\/product"}],"about":[{"href":"https:\/\/www.tatanka.nl\/fr\/wp-json\/wp\/v2\/types\/product"}],"wp:featuredmedia":[{"embeddable":true,"href":"https:\/\/www.tatanka.nl\/fr\/wp-json\/wp\/v2\/media\/125948"}],"wp:attachment":[{"href":"https:\/\/www.tatanka.nl\/fr\/wp-json\/wp\/v2\/media?parent=9256"}],"wp:term":[{"taxonomy":"product_brand","embeddable":true,"href":"https:\/\/www.tatanka.nl\/fr\/wp-json\/wp\/v2\/product_brand?post=9256"},{"taxonomy":"product_cat","embeddable":true,"href":"https:\/\/www.tatanka.nl\/fr\/wp-json\/wp\/v2\/product_cat?post=9256"},{"taxonomy":"product_tag","embeddable":true,"href":"https:\/\/www.tatanka.nl\/fr\/wp-json\/wp\/v2\/product_tag?post=9256"}],"curies":[{"name":"wp","href":"https:\/\/api.w.org\/{rel}","templated":true}]}}