{"id":1001,"date":"2017-08-20T16:03:41","date_gmt":"2017-08-20T16:03:41","guid":{"rendered":"http:\/\/www.tatanka.nl\/?page_id=1001"},"modified":"2025-04-16T15:57:44","modified_gmt":"2025-04-16T14:57:44","slug":"shipping-psychedelics","status":"publish","type":"page","link":"https:\/\/www.tatanka.nl\/it\/shipping-psychedelics\/","title":{"rendered":"Metodi di spedizione"},"content":{"rendered":"<div id=\"gap-479053324\" class=\"gap-element clearfix\" style=\"display:block; height:auto;\">\n\t\t\n<style>\n#gap-479053324 {\n  padding-top: 70px;\n}\n<\/style>\n\t<\/div>\n\t\n\n<div class=\"row row-large\"  id=\"row-695786378\">\n\n\n\t<div id=\"col-2093223796\" class=\"col small-12 large-12\"  >\n\t\t\t\t<div class=\"col-inner text-left\"  >\n\t\t\t\n\t\t\t\n\n<h1>Effettuate spedizioni nel mio paese?<\/h1>\n<p>Effettuiamo spedizioni nella maggior parte dei Paesi dell'UE. Potete trovarli nella tabella sottostante. Spediamo tutti i nostri pacchi nell'UE con DHL, DPD o PostNL a seconda dell'area. In questo modo possiamo offrire il miglior servizio possibile. Riceverete sempre un codice di tracciabilit\u00e0 per seguire il vostro pacco da porta a porta.<\/p>\n<table class=\"tblcal;\">\n<tbody>\n<tr>\n<th class=\"tblcall\">Paese<\/th>\n<th class=\"tblcalll\">Consegna<\/th>\n<th class=\"tblcallll\">Costi<\/th>\n<th class=\"tblcalllll\" style=\"text-align: left;\">Spedizione gratuita<\/th>\n<\/tr>\n<tr>\n<td>Austria<\/td>\n<td>2 - 3<\/td>\n<td>\u20ac11,95<\/td>\n<td style=\"text-align: left;\">\u20ac125,-<\/td>\n<\/tr>\n<tr>\n<td>Belgio<\/td>\n<td>1 - 2<\/td>\n<td>\u20ac7,95<\/td>\n<td style=\"text-align: left;\">\u20ac125,-<\/td>\n<\/tr>\n<tr>\n<td>Bulgaria<\/td>\n<td>6 - 8<\/td>\n<td>\u20ac21,95<\/td>\n<td style=\"text-align: left;\">\u20ac125,-<\/td>\n<\/tr>\n<tr>\n<td>Croazia<\/td>\n<td>3 - 5<\/td>\n<td>\u20ac17,95<\/td>\n<td style=\"text-align: left;\">\u20ac125,-<\/td>\n<\/tr>\n<tr>\n<td>Repubblica Ceca<\/td>\n<td>2 - 4<\/td>\n<td>\u20ac13,95<\/td>\n<td style=\"text-align: left;\">\u20ac125,-<\/td>\n<\/tr>\n<tr>\n<td>Estonia<\/td>\n<td>4 - 6<\/td>\n<td>\u20ac19,95<\/td>\n<td style=\"text-align: left;\">\u20ac125,-<\/td>\n<\/tr>\n<tr>\n<td>Francia<\/td>\n<td>2 - 3<\/td>\n<td>\u20ac10,95<\/td>\n<td style=\"text-align: left;\">\u20ac125,-<\/td>\n<\/tr>\n<tr>\n<td>Germania<\/td>\n<td>1 - 3<\/td>\n<td>\u20ac7,95<\/td>\n<td style=\"text-align: left;\">\u20ac125,-<\/td>\n<\/tr>\n<tr>\n<td>Grecia<\/td>\n<td>6 - 8<\/td>\n<td>\u20ac21,95<\/td>\n<td style=\"text-align: left;\">\u20ac125,-<\/td>\n<\/tr>\n<tr>\n<td>Irlanda<\/td>\n<td>3 - 4<\/td>\n<td>\u20ac16,95<\/td>\n<td style=\"text-align: left;\">\u20ac125,-<\/td>\n<\/tr>\n<tr>\n<td>Italia<\/td>\n<td>2 - 4<\/td>\n<td>\u20ac18,95<\/td>\n<td style=\"text-align: left;\">\u20ac125,-<\/td>\n<\/tr>\n<tr>\n<td>Lettonia<\/td>\n<td>3 - 5<\/td>\n<td>\u20ac15,95<\/td>\n<td style=\"text-align: left;\">\u20ac125,-<\/td>\n<\/tr>\n<tr>\n<td>Lituania<\/td>\n<td>3 - 5<\/td>\n<td>\u20ac22,95<\/td>\n<td style=\"text-align: left;\">\u20ac125,-<\/td>\n<\/tr>\n<tr>\n<td>Lussemburgo<\/td>\n<td>1 - 2<\/td>\n<td>\u20ac11,95<\/td>\n<td style=\"text-align: left;\">\u20ac125,-<\/td>\n<\/tr>\n<tr>\n<td>Paesi Bassi<\/td>\n<td>1 - 2<\/td>\n<td>\u20ac6,95<\/td>\n<td style=\"text-align: left;\">\u20ac125,-<\/td>\n<\/tr>\n<tr>\n<td>Polonia<\/td>\n<td>2 - 3<\/td>\n<td>\u20ac14,95<\/td>\n<td style=\"text-align: left;\">\u20ac125,-<\/td>\n<\/tr>\n<tr>\n<td>Portogallo<\/td>\n<td>3 - 4<\/td>\n<td>\u20ac20,95<\/td>\n<td style=\"text-align: left;\">\u20ac125,-<\/td>\n<\/tr>\n<tr>\n<td>Romania<\/td>\n<td>3 - 5<\/td>\n<td>\u20ac17,95<\/td>\n<td style=\"text-align: left;\">\u20ac125,-<\/td>\n<\/tr>\n<tr>\n<td>Slovacchia<\/td>\n<td>3 - 5<\/td>\n<td>\u20ac17,95<\/td>\n<td style=\"text-align: left;\">\u20ac125,-<\/td>\n<\/tr>\n<tr>\n<td>Slovenia<\/td>\n<td>2 - 3<\/td>\n<td>\u20ac17,95<\/td>\n<td style=\"text-align: left;\">\u20ac125,-<\/td>\n<\/tr>\n<tr>\n<td>Spagna<\/td>\n<td>2 - 3<\/td>\n<td>\u20ac14,95<\/td>\n<td style=\"text-align: left;\">\u20ac125,-<\/td>\n<\/tr>\n<\/tbody>\n<\/table>\n<p>* Le aree difficili da raggiungere, come le isole o altre regioni remote, costeranno circa 20 euro in pi\u00f9 a causa delle spese aggiuntive del vettore.<\/p>\n<p>Nota: cerchiamo di spedire tutti gli ordini entro 1 giorno lavorativo, tutti i tempi di consegna sono stimati e possono variare a causa del traffico e delle festivit\u00e0.<\/p>\n\n\t\t<\/div>\n\t\t\t\t\t<\/div>\n\n\t\n\n<\/div>\n\n\t<section class=\"section\" id=\"section_207854268\">\n\t\t<div class=\"section-bg fill\" >\n\t\t\t\t\t\t\t\t\t<div class=\"section-bg-overlay absolute fill\"><\/div>\n\t\t\t\n\t<div class=\"is-border\"\n\t\tstyle=\"border-width:0px 0px 0px 0px;\">\n\t<\/div>\n\n\t\t<\/div>\n\n\t\t\n\n\t\t<div class=\"section-content relative\">\n\t\t\t\n\n<div class=\"row row-large align-middle\"  id=\"row-761549742\">\n\n\n\t<div id=\"col-1129338231\" class=\"col medium-6 small-12 large-6\"  >\n\t\t\t\t<div class=\"col-inner text-left dark\"  >\n\t\t\t\n\t\t\t\n\n<h2>Spedizione discreta<\/h3>\n<p>Spediamo tutti i nostri pacchi UE con DHL, DPD o PostNL a seconda della zona.<\/p>\n<p>Tutti i nostri ordini sono confezionati e spediti in modo discreto. Non c'\u00e8 alcun riferimento a chi sia il mittente. Non c'\u00e8 nemmeno alcun riferimento al contenuto. Nessun logo o testo che menzioni \"Tatanka\" sar\u00e0 presente sulla confezione.<\/p>\n\n\t\t<\/div>\n\t\t\t\t\t<\/div>\n\n\t\n\n\t<div id=\"col-1335381582\" class=\"col medium-6 small-12 large-6 small-col-first\"  >\n\t\t\t\t<div class=\"col-inner\"  >\n\t\t\t\n\t\t\t\n\n\t<div class=\"img has-hover x md-x lg-x y md-y lg-y\" id=\"image_1108815773\">\n\t\t\t\t\t\t\t\t<div class=\"img-inner image-cover dark\" style=\"padding-top:75%;\">\n\t\t\t<img loading=\"lazy\" decoding=\"async\" width=\"600\" height=\"400\" src=\"https:\/\/www.tatanka.nl\/wp-content\/uploads\/2018\/05\/Discreet-Shipping-Tatanka.jpg\" class=\"attachment-original size-original\" alt=\"- Tatanka.nl\" srcset=\"https:\/\/www.tatanka.nl\/wp-content\/uploads\/2018\/05\/Discreet-Shipping-Tatanka.jpg 600w, https:\/\/www.tatanka.nl\/wp-content\/uploads\/2018\/05\/Discreet-Shipping-Tatanka-420x280.jpg 420w, https:\/\/www.tatanka.nl\/wp-content\/uploads\/2018\/05\/Discreet-Shipping-Tatanka-64x43.jpg 64w\" sizes=\"auto, (max-width: 600px) 100vw, 600px\" title=\"- Tatanka.nl\">\t\t\t\t\t\t\n\t\t\t\t\t<\/div>\n\t\t\t\t\t\t\t\t\n<style>\n#image_1108815773 {\n  width: 100%;\n}\n<\/style>\n\t<\/div>\n\t\n\n\t<div id=\"gap-1607257184\" class=\"gap-element clearfix\" style=\"display:block; height:auto;\">\n\t\t\n<style>\n#gap-1607257184 {\n  padding-top: 30px;\n}\n<\/style>\n\t<\/div>\n\t\n\n\n\t\t<\/div>\n\t\t\t\t\t<\/div>\n\n\t\n\n<\/div>\n\n\t\t<\/div>\n\n\t\t\n<style>\n#section_207854268 {\n  padding-top: 60px;\n  padding-bottom: 60px;\n}\n#section_207854268 .section-bg-overlay {\n  background-color: #000000;\n}\n<\/style>\n\t<\/section>\n\t\n\t<div id=\"gap-1234312228\" class=\"gap-element clearfix\" style=\"display:block; height:auto;\">\n\t\t\n<style>\n#gap-1234312228 {\n  padding-top: 60px;\n}\n<\/style>\n\t<\/div>\n\t\n\n<div class=\"row row-large\"  id=\"row-661623638\">\n\n\n\t<div id=\"col-738199954\" class=\"col medium-6 small-12 large-6\"  >\n\t\t\t\t<div class=\"col-inner text-left\"  >\n\t\t\t\n\t\t\t\n\n\t<div class=\"img has-hover x md-x lg-x y md-y lg-y\" id=\"image_383951985\">\n\t\t\t\t\t\t\t\t<div class=\"img-inner image-cover dark\" style=\"padding-top:75%;\">\n\t\t\t<img loading=\"lazy\" decoding=\"async\" width=\"500\" height=\"300\" src=\"https:\/\/www.tatanka.nl\/wp-content\/uploads\/2018\/05\/Track-and-Trace-your-Package.jpg\" class=\"attachment-original size-original\" alt=\"- Tatanka.nl\" srcset=\"https:\/\/www.tatanka.nl\/wp-content\/uploads\/2018\/05\/Track-and-Trace-your-Package.jpg 500w, https:\/\/www.tatanka.nl\/wp-content\/uploads\/2018\/05\/Track-and-Trace-your-Package-420x252.jpg 420w, https:\/\/www.tatanka.nl\/wp-content\/uploads\/2018\/05\/Track-and-Trace-your-Package-64x38.jpg 64w\" sizes=\"auto, (max-width: 500px) 100vw, 500px\" title=\"- Tatanka.nl\">\t\t\t\t\t\t\n\t\t\t\t\t<\/div>\n\t\t\t\t\t\t\t\t\n<style>\n#image_383951985 {\n  width: 100%;\n}\n<\/style>\n\t<\/div>\n\t\n\n\t<div id=\"gap-674580565\" class=\"gap-element clearfix\" style=\"display:block; height:auto;\">\n\t\t\n<style>\n#gap-674580565 {\n  padding-top: 30px;\n}\n<\/style>\n\t<\/div>\n\t\n\n\n\t\t<\/div>\n\t\t\t\t\t<\/div>\n\n\t\n\n\t<div id=\"col-1158541927\" class=\"col medium-6 small-12 large-6\"  >\n\t\t\t\t<div class=\"col-inner\"  >\n\t\t\t\n\t\t\t\n\n<h1>Tracciabilit\u00e0 della spedizione<\/h1>\n<p>Una volta che il corriere avr\u00e0 ricevuto il vostro pacco, riceverete un'e-mail con il link per la tracciabilit\u00e0.<\/p>\n<p>Se il pacco non \u00e8 stato consegnato, di solito il corriere cercher\u00e0 di consegnarlo di nuovo un paio di volte. Se il pacco viene consegnato altrove, il corriere lascer\u00e0 un biglietto con l'indirizzo dell'ufficio postale pi\u00f9 vicino per ritirarlo. In casi eccezionali, il corriere consegner\u00e0 il pacco ai vostri vicini. Ma non preoccupatevi, grazie alla spedizione discreta nessuno sa cosa contiene il pacco.<\/p>\n<p>\u00c8 possibile contattare il corriere con il numero di tracciabilit\u00e0 per evitare che ci rispediscano il pacco. Normalmente un pacco rimane nell'ufficio postale per 1 o 2 settimane.<\/p>\n<p><strong>Non avete ricevuto il numero di tracciabilit\u00e0?<\/strong> Controllare lo spam. Non c'\u00e8? Contattateci<strong>.<\/strong><\/p>\n\t<div id=\"gap-1044313027\" class=\"gap-element clearfix\" style=\"display:block; height:auto;\">\n\t\t\n<style>\n#gap-1044313027 {\n  padding-top: 30px;\n}\n<\/style>\n\t<\/div>\n\t\n\n\n\t\t<\/div>\n\t\t\t\t\t<\/div>\n\n\t\n\n<\/div>\n\n\t<section class=\"section\" id=\"section_2025877960\">\n\t\t<div class=\"section-bg fill\" >\n\t\t\t\t\t\t\t\t\t<div class=\"section-bg-overlay absolute fill\"><\/div>\n\t\t\t\n\t<div class=\"is-border\"\n\t\tstyle=\"border-width:0px 0px 0px 0px;\">\n\t<\/div>\n\n\t\t<\/div>\n\n\t\t\n\n\t\t<div class=\"section-content relative\">\n\t\t\t\n\n<div class=\"row row-large align-middle\"  id=\"row-1497516233\">\n\n\n\t<div id=\"col-2100368107\" class=\"col medium-6 small-12 large-6\"  >\n\t\t\t\t<div class=\"col-inner dark\"  >\n\t\t\t\n\t\t\t\n\n<h1>Stato giuridico nel mio paese<\/h1>\n<p>Tutti i nostri prodotti sono naturali, integratori e legali nei Paesi Bassi. \u00c8 possibile ordinare solo se si \u00e8 maggiorenni. \u00c8 vostra responsabilit\u00e0 conoscere lo stato legale dei nostri prodotti nel vostro paese. Informatevi sulle leggi vigenti nel vostro Paese prima di effettuare un acquisto.<\/p>\n<p><strong>Importante:<\/strong> Non rimborsiamo il vostro denaro se la dogana ha sequestrato il vostro pacco. La dogana pu\u00f2 sequestrare il pacco sia prima che dopo l'invio al vostro paese. Tuttavia, \u00e8 sempre possibile tracciare e rintracciare il pacco per seguirne lo stato pi\u00f9 recente.<\/p>\n<p>Si prega di leggere il nostro <span style=\"color: #749a00;\"><a style=\"color: #749a00;\" href=\"https:\/\/www.tatanka.nl\/it\/terms-and-conditions\/\" rel=\"noopener\"><strong>Termini e condizioni.<\/strong><\/a><\/span><\/p>\n\n\t\t<\/div>\n\t\t\t\t\t<\/div>\n\n\t\n\n\t<div id=\"col-334019816\" class=\"col medium-6 small-12 large-6 small-col-first\"  >\n\t\t\t\t<div class=\"col-inner\"  >\n\t\t\t\n\t\t\t\n\n\t<div class=\"img has-hover x md-x lg-x y md-y lg-y\" id=\"image_645296855\">\n\t\t\t\t\t\t\t\t<div class=\"img-inner image-cover dark\" style=\"padding-top:75%;\">\n\t\t\t<img loading=\"lazy\" decoding=\"async\" width=\"500\" height=\"341\" src=\"https:\/\/www.tatanka.nl\/wp-content\/uploads\/2018\/05\/Tatanka-delivery.jpg\" class=\"attachment-original size-original\" alt=\"- Tatanka.nl\" srcset=\"https:\/\/www.tatanka.nl\/wp-content\/uploads\/2018\/05\/Tatanka-delivery.jpg 500w, https:\/\/www.tatanka.nl\/wp-content\/uploads\/2018\/05\/Tatanka-delivery-420x286.jpg 420w, https:\/\/www.tatanka.nl\/wp-content\/uploads\/2018\/05\/Tatanka-delivery-64x44.jpg 64w\" sizes=\"auto, (max-width: 500px) 100vw, 500px\" title=\"- Tatanka.nl\">\t\t\t\t\t\t\n\t\t\t\t\t<\/div>\n\t\t\t\t\t\t\t\t\n<style>\n#image_645296855 {\n  width: 100%;\n}\n<\/style>\n\t<\/div>\n\t\n\n\t<div id=\"gap-726731286\" class=\"gap-element clearfix\" style=\"display:block; height:auto;\">\n\t\t\n<style>\n#gap-726731286 {\n  padding-top: 30px;\n}\n<\/style>\n\t<\/div>\n\t\n\n\n\t\t<\/div>\n\t\t\t\t\t<\/div>\n\n\t\n\n<\/div>\n\n\t\t<\/div>\n\n\t\t\n<style>\n#section_2025877960 {\n  padding-top: 60px;\n  padding-bottom: 60px;\n}\n#section_2025877960 .section-bg-overlay {\n  background-color: #000000;\n}\n<\/style>\n\t<\/section>\n\t\n\t<div id=\"gap-200527958\" class=\"gap-element clearfix\" style=\"display:block; height:auto;\">\n\t\t\n<style>\n#gap-200527958 {\n  padding-top: 40px;\n}\n<\/style>\n\t<\/div>\n\t\n\n<div class=\"row row-large align-middle\"  id=\"row-682479767\">\n\n\n\t<div id=\"col-1379348247\" class=\"col medium-6 small-12 large-6\"  >\n\t\t\t\t<div class=\"col-inner\"  >\n\t\t\t\n\t\t\t\n\n\t<div class=\"img has-hover x md-x lg-x y md-y lg-y\" id=\"image_854262046\">\n\t\t\t\t\t\t\t\t<div class=\"img-inner image-cover dark\" style=\"padding-top:75%;\">\n\t\t\t<img loading=\"lazy\" decoding=\"async\" width=\"600\" height=\"340\" src=\"https:\/\/www.tatanka.nl\/wp-content\/uploads\/2018\/05\/Shipping-after-Payment.jpg\" class=\"attachment-original size-original\" alt=\"- Tatanka.nl\" srcset=\"https:\/\/www.tatanka.nl\/wp-content\/uploads\/2018\/05\/Shipping-after-Payment.jpg 600w, https:\/\/www.tatanka.nl\/wp-content\/uploads\/2018\/05\/Shipping-after-Payment-420x238.jpg 420w, https:\/\/www.tatanka.nl\/wp-content\/uploads\/2018\/05\/Shipping-after-Payment-64x36.jpg 64w\" sizes=\"auto, (max-width: 600px) 100vw, 600px\" title=\"- Tatanka.nl\">\t\t\t\t\t\t\n\t\t\t\t\t<\/div>\n\t\t\t\t\t\t\t\t\n<style>\n#image_854262046 {\n  width: 100%;\n}\n<\/style>\n\t<\/div>\n\t\n\n\t<div id=\"gap-1380705967\" class=\"gap-element clearfix\" style=\"display:block; height:auto;\">\n\t\t\n<style>\n#gap-1380705967 {\n  padding-top: 30px;\n}\n<\/style>\n\t<\/div>\n\t\n\n\n\t\t<\/div>\n\t\t\t\t\t<\/div>\n\n\t\n\n\t<div id=\"col-1141950120\" class=\"col medium-6 small-12 large-6\"  >\n\t\t\t\t<div class=\"col-inner text-left\"  >\n\t\t\t\n\t\t\t\n\n<h1><strong>Spediamo dopo aver ricevuto il pagamento<\/strong><\/h1>\n<p>Si prega di notare che possiamo preparare gli ordini solo dopo aver ricevuto il pagamento. Il vostro pacchetto viene preparato entro 24 ore dalla conferma del pagamento.<\/p>\n<p>Alcuni metodi di pagamento, come il bonifico bancario, richiedono fino a qualche giorno. Se si utilizza il metodo dell'Online banking, il pagamento viene ricevuto quasi immediatamente, in modo da poter spedire il pacco pi\u00f9 velocemente.<\/p>\n<a href=\"https:\/\/www.tatanka.nl\/it\/payment-methods\/\" class=\"button primary box-shadow-2 box-shadow-4-hover\" >\n\t\t<span>Opzioni di pagamento<\/span>\n\t<\/a>\n\n\n\n\t\t<\/div>\n\t\t\t\t\t<\/div>\n\n\t\n\n<\/div>\n\t<div id=\"gap-330086488\" class=\"gap-element clearfix\" style=\"display:block; height:auto;\">\n\t\t\n<style>\n#gap-330086488 {\n  padding-top: 30px;\n}\n<\/style>\n\t<\/div>\n\t\n\n\n\t<section class=\"section\" id=\"section_229900946\">\n\t\t<div class=\"section-bg fill\" >\n\t\t\t\t\t\t\t\t\t\n\t\t\t\n\n\t\t<\/div>\n\n\t\t\n\n\t\t<div class=\"section-content relative\">\n\t\t\t\n\n<div class=\"row align-middle align-center\"  id=\"row-745693030\">\n\n\n\t<div id=\"col-1872841343\" class=\"col medium-6 small-12 large-6\"  >\n\t\t\t\t<div class=\"col-inner text-left dark\"  >\n\t\t\t\n\t\t\t\n\n\t<div id=\"gap-347374976\" class=\"gap-element clearfix\" style=\"display:block; height:auto;\">\n\t\t\n<style>\n#gap-347374976 {\n  padding-top: 30px;\n}\n<\/style>\n\t<\/div>\n\t\n\n<h1>Spedizione gratuita<\/h1>\n<p>Offriamo la spedizione gratuita per ordini superiori a 125 euro. Se ordinate di pi\u00f9, pagherete di meno. Approfittate di tutti i vantaggi che potete ottenere e iniziate subito a fare acquisti!<\/p>\n<a href=\"https:\/\/www.tatanka.nl\/it\/\" class=\"button success\" target=\"_blank\" rel=\"noopener\">\n\t\t<span>Acquista ora!<\/span>\n\t<\/a>\n\n\n\n\t\t<\/div>\n\t\t\t\t\t<\/div>\n\n\t\n\n\t<div id=\"col-1427569786\" class=\"col medium-4 small-12 large-4 small-col-first\"  >\n\t\t\t\t<div class=\"col-inner text-center\"  >\n\t\t\t\n\t\t\t\n\n\t<div class=\"img has-hover x md-x lg-x y md-y lg-y\" id=\"image_1093419817\">\n\t\t\t\t\t\t\t\t<div class=\"img-inner dark\" >\n\t\t\t<img loading=\"lazy\" decoding=\"async\" width=\"420\" height=\"400\" src=\"https:\/\/www.tatanka.nl\/wp-content\/uploads\/2018\/04\/Shipping.jpg\" class=\"attachment-original size-original\" alt=\"- Tatanka.nl\" srcset=\"https:\/\/www.tatanka.nl\/wp-content\/uploads\/2018\/04\/Shipping.jpg 420w, https:\/\/www.tatanka.nl\/wp-content\/uploads\/2018\/04\/Shipping-64x61.jpg 64w\" sizes=\"auto, (max-width: 420px) 100vw, 420px\" title=\"- Tatanka.nl\">\t\t\t\t\t\t\n\t\t\t\t\t<\/div>\n\t\t\t\t\t\t\t\t\n<style>\n#image_1093419817 {\n  width: 100%;\n}\n<\/style>\n\t<\/div>\n\t\n\n\n\t\t<\/div>\n\t\t\t\t\t<\/div>\n\n\t\n\n<\/div>\n\n\t\t<\/div>\n\n\t\t\n<style>\n#section_229900946 {\n  padding-top: 30px;\n  padding-bottom: 30px;\n  background-color: rgb(0,0,0);\n}\n<\/style>\n\t<\/section>\n\t\n\n\t<section class=\"section\" id=\"section_2079486205\">\n\t\t<div class=\"section-bg fill\" >\n\t\t\t\t\t\t\t\t\t\n\t\t\t\n\n\t\t<\/div>\n\n\t\t\n\n\t\t<div class=\"section-content relative\">\n\t\t\t\n\n<div class=\"row align-middle align-center\"  id=\"row-1102510277\">\n\n\n\t<div id=\"col-161794095\" class=\"col medium-6 small-12 large-6\"  >\n\t\t\t\t<div class=\"col-inner\"  >\n\t\t\t\n\t\t\t\n\n\t<div id=\"gap-1169855139\" class=\"gap-element clearfix\" style=\"display:block; height:auto;\">\n\t\t\n<style>\n#gap-1169855139 {\n  padding-top: 50px;\n}\n<\/style>\n\t<\/div>\n\t\n\n\t<div class=\"img has-hover x md-x lg-x y md-y lg-y\" id=\"image_1312569167\">\n\t\t\t\t\t\t\t\t<div class=\"img-inner image-cover dark\" style=\"padding-top:75%;\">\n\t\t\t<img loading=\"lazy\" decoding=\"async\" width=\"550\" height=\"310\" src=\"https:\/\/www.tatanka.nl\/wp-content\/uploads\/2018\/05\/waiting-on-your-package.jpg\" class=\"attachment-original size-original\" alt=\"- Tatanka.nl\" srcset=\"https:\/\/www.tatanka.nl\/wp-content\/uploads\/2018\/05\/waiting-on-your-package.jpg 550w, https:\/\/www.tatanka.nl\/wp-content\/uploads\/2018\/05\/waiting-on-your-package-420x237.jpg 420w, https:\/\/www.tatanka.nl\/wp-content\/uploads\/2018\/05\/waiting-on-your-package-64x36.jpg 64w\" sizes=\"auto, (max-width: 550px) 100vw, 550px\" title=\"- Tatanka.nl\">\t\t\t\t\t\t\n\t\t\t\t\t<\/div>\n\t\t\t\t\t\t\t\t\n<style>\n#image_1312569167 {\n  width: 100%;\n}\n<\/style>\n\t<\/div>\n\t\n\n\t<div id=\"gap-3844730\" class=\"gap-element clearfix\" style=\"display:block; height:auto;\">\n\t\t\n<style>\n#gap-3844730 {\n  padding-top: 10px;\n}\n<\/style>\n\t<\/div>\n\t\n\n\n\t\t<\/div>\n\t\t\t\t\t<\/div>\n\n\t\n\n\t<div id=\"col-508017056\" class=\"col medium-6 small-12 large-6\"  >\n\t\t\t\t<div class=\"col-inner text-left dark\"  >\n\t\t\t\n\t\t\t\n\n\t<div id=\"gap-1595788946\" class=\"gap-element clearfix\" style=\"display:block; height:auto;\">\n\t\t\n<style>\n#gap-1595788946 {\n  padding-top: 50px;\n}\n<\/style>\n\t<\/div>\n\t\n\n<h1>State aspettando il vostro pacco?<\/h1>\n<p>Il pacco potrebbe subire un ritardo perch\u00e9 non abbiamo ancora ricevuto il pagamento. Anche la dogana o l'azienda postale locale possono ritardare o trattenere il pacco. Altri fattori sono le festivit\u00e0, le condizioni atmosferiche e le informazioni errate o mancanti sull'indirizzo.<\/p>\n<p><strong>Importante:<\/strong> L'utente \u00e8 responsabile di fornire dati di consegna completi e corretti al momento dell'acquisto. Tatanka non pu\u00f2 essere ritenuta responsabile per eventuali consegne errate, ritardi, mancate consegne o spese sostenute.<\/p>\n<p>Non effettuiamo rimborsi se ci sono state fornite informazioni errate sull'indirizzo. A meno che non abbiate ordinato prodotti che possono essere conservati pi\u00f9 a lungo e il pacco ci venga restituito.<\/p>\n\t<div id=\"gap-1564940398\" class=\"gap-element clearfix\" style=\"display:block; height:auto;\">\n\t\t\n<style>\n#gap-1564940398 {\n  padding-top: 30px;\n}\n<\/style>\n\t<\/div>\n\t\n\n\n\t\t<\/div>\n\t\t\t\t\t<\/div>\n\n\t\n\n<\/div>\n\n\t\t<\/div>\n\n\t\t\n<style>\n#section_2079486205 {\n  padding-top: 30px;\n  padding-bottom: 30px;\n  background-color: rgb(0,0,0);\n}\n<\/style>\n\t<\/section>","protected":false},"excerpt":{"rendered":"","protected":false},"author":1,"featured_media":0,"parent":0,"menu_order":0,"comment_status":"closed","ping_status":"closed","template":"page-blank.php","meta":{"footnotes":""},"class_list":["post-1001","page","type-page","status-publish","hentry"],"_links":{"self":[{"href":"https:\/\/www.tatanka.nl\/it\/wp-json\/wp\/v2\/pages\/1001","targetHints":{"allow":["GET"]}}],"collection":[{"href":"https:\/\/www.tatanka.nl\/it\/wp-json\/wp\/v2\/pages"}],"about":[{"href":"https:\/\/www.tatanka.nl\/it\/wp-json\/wp\/v2\/types\/page"}],"author":[{"embeddable":true,"href":"https:\/\/www.tatanka.nl\/it\/wp-json\/wp\/v2\/users\/1"}],"replies":[{"embeddable":true,"href":"https:\/\/www.tatanka.nl\/it\/wp-json\/wp\/v2\/comments?post=1001"}],"version-history":[{"count":1,"href":"https:\/\/www.tatanka.nl\/it\/wp-json\/wp\/v2\/pages\/1001\/revisions"}],"predecessor-version":[{"id":129195,"href":"https:\/\/www.tatanka.nl\/it\/wp-json\/wp\/v2\/pages\/1001\/revisions\/129195"}],"wp:attachment":[{"href":"https:\/\/www.tatanka.nl\/it\/wp-json\/wp\/v2\/media?parent=1001"}],"curies":[{"name":"wp","href":"https:\/\/api.w.org\/{rel}","templated":true}]}}