{"id":130971,"date":"2025-07-15T08:39:57","date_gmt":"2025-07-15T07:39:57","guid":{"rendered":"https:\/\/www.tatanka.nl\/?page_id=130971"},"modified":"2026-03-25T11:28:53","modified_gmt":"2026-03-25T10:28:53","slug":"discount","status":"publish","type":"page","link":"https:\/\/www.tatanka.nl\/it\/discount\/","title":{"rendered":"Sconto"},"content":{"rendered":"<div id=\"text-826757292\" class=\"text\">\n\t\t\n\n<h1>Ultimi sconti<\/h1>\n\t\t\n<style>\n#text-826757292 {\n  line-height: 1.5;\n  text-align: center;\n}\n<\/style>\n\t<\/div>\n\t\n<p style=\"text-align: center;\">Godetevi un grande risparmio sui vostri prodotti preferiti di Tatanka con i nostri ultimi codici sconto. Aggiorniamo regolarmente questa pagina per portarvi le offerte pi\u00f9 attuali, quindi controllate spesso. Afferra il tuo sconto finch\u00e9 dura. Buon shopping e buon risparmio!<\/p>\n<div class=\"is-divider divider clearfix\" style=\"max-width:100%;height:1px;\"><\/div>\n\n<div class=\"row\"  id=\"row-569992669\">\n\n\n\t<div id=\"col-126409859\" class=\"col medium-6 small-12 large-6\"  >\n\t\t\t\t<div class=\"col-inner\"  >\n\t\t\t\n\t\t\t\n\n\n  <div class=\"banner has-hover\" id=\"banner-1741809321\">\n          <div class=\"banner-inner fill\">\n        <div class=\"banner-bg fill\" >\n            <img loading=\"lazy\" decoding=\"async\" width=\"2560\" height=\"732\" src=\"https:\/\/www.tatanka.nl\/wp-content\/uploads\/2026\/03\/Bunnys-Best-Shroomdeals_Wide_Steve_V3-scaled.png\" class=\"bg attachment-original size-original\" alt=\"- Tatanka.nl\" title=\"- Tatanka.nl\">                                    \n                    <\/div>\n\t\t\n        <div class=\"banner-layers container\">\n            <a class=\"fill\" href=\"https:\/\/www.tatanka.nl\/it\/shroomshop\/\"><div class=\"fill banner-link\"><\/div><\/a>            \n\n\n        <\/div>\n      <\/div>\n\n            \n<style>\n#banner-1741809321 {\n  padding-top: 146px;\n}\n<\/style>\n  <\/div>\n\n\n<div class=\"is-divider divider clearfix\" style=\"height:0px;\"><\/div>\n\n<h2>Le migliori offerte di funghi del coniglio<\/h2>\n<p class=\"p1\">La primavera \u00e8 arrivata! Approfittate dello sconto di 25% su tutto lo shroomshop* e scoprite o fate scorta dei vostri prodotti preferiti. Non perdetevi questa offerta stagionale! Questa promozione \u00e8 attiva fino al 20 aprile.<\/p>\n<p><em>* Non valido in combinazione con altre promozioni.\u00a0<\/em><\/p>\n<div class=\"row\"  id=\"row-1329898135\">\n\n\n\t<div id=\"col-977189724\" class=\"col medium-6 small-7 large-6\"  >\n\t\t\t\t<div class=\"col-inner\"  >\n\t\t\t\n\t\t\t\n\n<a href=\"https:\/\/www.tatanka.nl\/it\/shroomshop\/\" class=\"button primary\" >\n\t\t<span>Vai allo sconto<\/span>\n\t<\/a>\n\n\n\n\t\t<\/div>\n\t\t\t\t\t<\/div>\n\n\t\n\n\t<div id=\"col-573868895\" class=\"col medium-6 small-5 large-6\"  >\n\t\t\t\t<div class=\"col-inner text-right\"  >\n\t\t\t\n\t\t\t\n\n<a class=\"button success\" >\n\t\t<span>Attivo<\/span>\n\t<i class=\"icon-checkmark\" aria-hidden=\"true\"><\/i><\/a>\n\n\n\n\t\t<\/div>\n\t\t\t\t\t<\/div>\n\n\t\n\n<\/div>\n<div class=\"is-divider divider clearfix\" style=\"max-width:100%;height:1px;\"><\/div>\n\n\n\t\t<\/div>\n\t\t\t\t\t<\/div>\n\n\t\n\n\t<div id=\"col-953838325\" class=\"col medium-6 small-12 large-6\"  >\n\t\t\t\t<div class=\"col-inner\"  >\n\t\t\t\n\t\t\t\n\n\n  <div class=\"banner has-hover\" id=\"banner-1847000702\">\n          <div class=\"banner-inner fill\">\n        <div class=\"banner-bg fill\" >\n            <img loading=\"lazy\" decoding=\"async\" width=\"1610\" height=\"460\" src=\"https:\/\/www.tatanka.nl\/wp-content\/uploads\/2025\/07\/Bulkactie_wide_v2.jpg\" class=\"bg attachment-medium size-medium\" alt=\"- Tatanka.nl\" title=\"- Tatanka.nl\">                                    \n                    <\/div>\n\t\t\n        <div class=\"banner-layers container\">\n            <a class=\"fill\" href=\"https:\/\/www.tatanka.nl\/it\/shroomshop\/magic-mushroom-grow-kits\/\"><div class=\"fill banner-link\"><\/div><\/a>            \n\n\n        <\/div>\n      <\/div>\n\n            \n<style>\n#banner-1847000702 {\n  padding-top: 146px;\n}\n<\/style>\n  <\/div>\n\n\n<div class=\"is-divider divider clearfix\" style=\"height:0px;\"><\/div>\n\n<h2><strong>Kit per la coltivazione di funghi magici sconto all'ingrosso<\/strong><\/h2>\n<p>Per gli amanti del fai-da-te e della natura. Vivete un'esperienza magica con i nostri tartufi di alta qualit\u00e0. \u00c8 semplice: pi\u00f9 si acquista, pi\u00f9 si risparmia*.\u00a0<\/p>\n<p><em>* Non valido in combinazione con altre promozioni.\u00a0<\/em><\/p>\n<div class=\"row\"  id=\"row-1350961914\">\n\n\n\t<div id=\"col-572533921\" class=\"col medium-6 small-7 large-6\"  >\n\t\t\t\t<div class=\"col-inner\"  >\n\t\t\t\n\t\t\t\n\n<a href=\"https:\/\/www.tatanka.nl\/it\/shroomshop\/magic-mushroom-grow-kits\/\" class=\"button primary\" >\n\t\t<span>Vai allo sconto<\/span>\n\t<\/a>\n\n\n\n\t\t<\/div>\n\t\t\t\t\t<\/div>\n\n\t\n\n\t<div id=\"col-297682034\" class=\"col medium-6 small-5 large-6\"  >\n\t\t\t\t<div class=\"col-inner text-right\"  >\n\t\t\t\n\t\t\t\n\n<a class=\"button success\" >\n\t\t<span>Attivo<\/span>\n\t<i class=\"icon-checkmark\" aria-hidden=\"true\"><\/i><\/a>\n\n\n\n\t\t<\/div>\n\t\t\t\t\t<\/div>\n\n\t\n\n<\/div>\n<div class=\"is-divider divider clearfix\" style=\"max-width:100%;height:1px;\"><\/div>\n\n\n\t\t<\/div>\n\t\t\t\t\t<\/div>\n\n\t\n\n<\/div>\n<div class=\"row\"  id=\"row-1845996046\">\n\n\n\t<div id=\"col-1688001921\" class=\"col medium-6 small-12 large-6\"  >\n\t\t\t\t<div class=\"col-inner\"  >\n\t\t\t\n\t\t\t\n\n\n  <div class=\"banner has-hover\" id=\"banner-1831542400\">\n          <div class=\"banner-inner fill\">\n        <div class=\"banner-bg fill\" >\n            <img loading=\"lazy\" decoding=\"async\" width=\"1610\" height=\"460\" src=\"https:\/\/www.tatanka.nl\/wp-content\/uploads\/2025\/07\/Bulkactie_wide_v3.jpg\" class=\"bg attachment-medium size-medium\" alt=\"- Tatanka.nl\" title=\"- Tatanka.nl\">                                    \n                    <\/div>\n\t\t\n        <div class=\"banner-layers container\">\n            <a class=\"fill\" href=\"https:\/\/www.tatanka.nl\/it\/shroomshop\/magic-truffles\/\"><div class=\"fill banner-link\"><\/div><\/a>            \n\n\n        <\/div>\n      <\/div>\n\n            \n<style>\n#banner-1831542400 {\n  padding-top: 146px;\n}\n<\/style>\n  <\/div>\n\n\n<div class=\"is-divider divider clearfix\" style=\"height:0px;\"><\/div>\n\n<h2><strong>Tartufi magici sconto all'ingrosso<\/strong><\/h2>\n<p>Per gli avventurieri e gli esploratori. Vivi un'esperienza magica con i nostri tartufi di alta qualit\u00e0. \u00c8 semplice: pi\u00f9 si acquista, pi\u00f9 si risparmia*.\u00a0<\/p>\n<p><em>* Non valido in combinazione con altre promozioni.<\/em><\/p>\n<div class=\"row\"  id=\"row-1661099795\">\n\n\n\t<div id=\"col-1125825749\" class=\"col medium-6 small-7 large-6\"  >\n\t\t\t\t<div class=\"col-inner\"  >\n\t\t\t\n\t\t\t\n\n<a href=\"https:\/\/www.tatanka.nl\/it\/shroomshop\/magic-truffles\/\" class=\"button primary\" >\n\t\t<span>Vai allo sconto<\/span>\n\t<\/a>\n\n\n\n\t\t<\/div>\n\t\t\t\t\t<\/div>\n\n\t\n\n\t<div id=\"col-791567459\" class=\"col medium-6 small-5 large-6\"  >\n\t\t\t\t<div class=\"col-inner text-right\"  >\n\t\t\t\n\t\t\t\n\n<a class=\"button success\" >\n\t\t<span>Attivo<\/span>\n\t<i class=\"icon-checkmark\" aria-hidden=\"true\"><\/i><\/a>\n\n\n\n\t\t<\/div>\n\t\t\t\t\t<\/div>\n\n\t\n\n<\/div>\n<div class=\"is-divider divider clearfix\" style=\"max-width:100%;height:1px;\"><\/div>\n\n\n\t\t<\/div>\n\t\t\t\t\t<\/div>\n\n\t\n\n\t<div id=\"col-309045949\" class=\"col medium-6 small-12 large-6\"  >\n\t\t\t\t<div class=\"col-inner\"  >\n\t\t\t\n\t\t\t\n\n\n  <div class=\"banner has-hover\" id=\"banner-1354072483\">\n          <div class=\"banner-inner fill\">\n        <div class=\"banner-bg fill\" >\n            <img loading=\"lazy\" decoding=\"async\" width=\"1610\" height=\"460\" src=\"https:\/\/www.tatanka.nl\/wp-content\/uploads\/2025\/07\/Bulkactie_wide_v1.jpg\" class=\"bg attachment-medium size-medium\" alt=\"- Tatanka.nl\" title=\"- Tatanka.nl\">                                    \n                    <\/div>\n\t\t\n        <div class=\"banner-layers container\">\n            <a class=\"fill\" href=\"https:\/\/www.tatanka.nl\/it\/shroomshop\/magic-mushroom-spore-syringes\/\"><div class=\"fill banner-link\"><\/div><\/a>            \n\n\n        <\/div>\n      <\/div>\n\n            \n<style>\n#banner-1354072483 {\n  padding-top: 146px;\n}\n<\/style>\n  <\/div>\n\n\n<div class=\"is-divider divider clearfix\" style=\"height:0px;\"><\/div>\n\n<h2><strong>Spore di funghi magici sconto all'ingrosso<\/strong><\/h2>\n<p>Per gli intenditori e i collezionisti esperti. Vivete un'esperienza magica con i nostri tartufi di alta qualit\u00e0. \u00c8 semplice: pi\u00f9 si acquista, pi\u00f9 si risparmia*.\u00a0<\/p>\n<p><em>* Non valido in combinazione con altre promozioni.<\/em><\/p>\n<div class=\"row\"  id=\"row-1457184774\">\n\n\n\t<div id=\"col-1157270516\" class=\"col medium-6 small-7 large-6\"  >\n\t\t\t\t<div class=\"col-inner\"  >\n\t\t\t\n\t\t\t\n\n<a href=\"https:\/\/www.tatanka.nl\/it\/shroomshop\/magic-mushroom-spore-syringes\/\" class=\"button primary\" >\n\t\t<span>Vai allo sconto<\/span>\n\t<\/a>\n\n\n\n\t\t<\/div>\n\t\t\t\t\t<\/div>\n\n\t\n\n\t<div id=\"col-1761772566\" class=\"col medium-6 small-5 large-6\"  >\n\t\t\t\t<div class=\"col-inner text-right\"  >\n\t\t\t\n\t\t\t\n\n<a class=\"button success\" >\n\t\t<span>Attivo<\/span>\n\t<i class=\"icon-checkmark\" aria-hidden=\"true\"><\/i><\/a>\n\n\n\n\t\t<\/div>\n\t\t\t\t\t<\/div>\n\n\t\n\n<\/div>\n<div class=\"is-divider divider clearfix\" style=\"max-width:100%;height:1px;\"><\/div>\n\n\n\t\t<\/div>\n\t\t\t\t\t<\/div>\n\n\t\n\n<\/div>\n\n\t<div id=\"text-1622743550\" class=\"text\">\n\t\t\n\n<h3><strong>Termini e condizioni<\/strong><\/h3>\n\t\t\n<style>\n#text-1622743550 {\n  font-size: 1.55rem;\n  line-height: 0.75;\n}\n<\/style>\n\t<\/div>\n\t\n<p>Sappiamo che tutti amano i buoni affari e per questo abbiamo fatto la nostra missione di portare a voi codici sconto Tatanka speciali. Per essere sicuri che tutti comprendano gli sconti di Tatanka, sotto troverete i termini e le condizioni degli sconti.\u00a0<\/p>\n<p>Tutte le offerte sono soggette a disponibilit\u00e0 e possono cambiare durante il periodo promozionale specificato. Gli ordini devono essere effettuati mentre l'offerta \u00e8 attiva e disponibile. Le offerte in corso non possono essere scambiate con prodotti alternativi o con denaro. Gli articoli in promozione sono destinati esclusivamente all'uso promozionale. Gli sconti per grandi quantit\u00e0 saranno applicati automaticamente. Gli sconti per grandi quantit\u00e0 sono uno sconto solo online. Durante le grandi promozioni, gli sconti per grandi quantit\u00e0 sono temporaneamente disabilitati. Ci impegniamo a fornire sempre informazioni accurate, ma non siamo responsabili di eventuali errori o omissioni. Ci riserviamo il diritto di modificare dettagli, descrizioni e disponibilit\u00e0 di offerte e prodotti.<\/p>","protected":false},"excerpt":{"rendered":"","protected":false},"author":7496,"featured_media":0,"parent":0,"menu_order":0,"comment_status":"closed","ping_status":"closed","template":"","meta":{"footnotes":""},"class_list":["post-130971","page","type-page","status-publish","hentry"],"_links":{"self":[{"href":"https:\/\/www.tatanka.nl\/it\/wp-json\/wp\/v2\/pages\/130971","targetHints":{"allow":["GET"]}}],"collection":[{"href":"https:\/\/www.tatanka.nl\/it\/wp-json\/wp\/v2\/pages"}],"about":[{"href":"https:\/\/www.tatanka.nl\/it\/wp-json\/wp\/v2\/types\/page"}],"author":[{"embeddable":true,"href":"https:\/\/www.tatanka.nl\/it\/wp-json\/wp\/v2\/users\/7496"}],"replies":[{"embeddable":true,"href":"https:\/\/www.tatanka.nl\/it\/wp-json\/wp\/v2\/comments?post=130971"}],"version-history":[{"count":59,"href":"https:\/\/www.tatanka.nl\/it\/wp-json\/wp\/v2\/pages\/130971\/revisions"}],"predecessor-version":[{"id":138572,"href":"https:\/\/www.tatanka.nl\/it\/wp-json\/wp\/v2\/pages\/130971\/revisions\/138572"}],"wp:attachment":[{"href":"https:\/\/www.tatanka.nl\/it\/wp-json\/wp\/v2\/media?parent=130971"}],"curies":[{"name":"wp","href":"https:\/\/api.w.org\/{rel}","templated":true}]}}