{"id":32294,"date":"2021-07-26T16:18:13","date_gmt":"2021-07-26T14:18:13","guid":{"rendered":"https:\/\/www.tatanka.nl\/?page_id=32294"},"modified":"2024-08-20T11:03:27","modified_gmt":"2024-08-20T10:03:27","slug":"partners","status":"publish","type":"page","link":"https:\/\/www.tatanka.nl\/it\/partners\/","title":{"rendered":"Partner"},"content":{"rendered":"<div id=\"gap-887451078\" class=\"gap-element clearfix\" style=\"display:block; height:auto;\">\n\t\t\n<style>\n#gap-887451078 {\n  padding-top: 30px;\n}\n<\/style>\n\t<\/div>\n\t\n\n<div class=\"container section-title-container\" ><h3 class=\"section-title section-title-normal\"><b aria-hidden=\"true\"><\/b><span class=\"section-title-main\" style=\"font-size:149%;\">Partner<\/span><b aria-hidden=\"true\"><\/b><\/h3><\/div>\n\n<div class=\"row\"  id=\"row-727289572\">\n\n\n\t<div id=\"col-56631785\" class=\"col medium-8 small-12 large-8\"  >\n\t\t\t\t<div class=\"col-inner\"  >\n\t\t\t\n\t\t\t\n\n<h2 data-animated=\"true\" data-animate=\"fadeInLeft\">Tatanka x Headshop x Smartific<\/h2>\n<p>I negozi Tatanka sono molto conosciuti in Europa. Ma sapevate che oltre alle nostre 2 sedi Tatanka di Amsterdam, anche l'Headshop fa parte della nostra famiglia? Assicuratevi di dare un'occhiata!<\/p>\n<p>Poich\u00e9 non tutti possono venire a trovarci nella nostra bella citt\u00e0, cerchiamo sempre di trovare il modo di agevolarvi ovunque vi troviate in Europa. Abbiamo unito le forze con uno dei migliori webshop europei per i prodotti head e smartshop: Smartific. Questo negozio online con sede in Olanda ha un'incredibile quantit\u00e0 di prodotti, conoscenze ed esperienza nel mercato degli smartshop. Insieme siamo in grado di fornire il miglior servizio possibile in tutta Europa.<\/p>\n<p>Smartific \u00e8 uno dei leader del mercato olandese ed \u00e8 specializzato in tutti i tipi di prodotti. Si concentra inoltre sul fornire informazioni chiare su tutti i prodotti. I loro coinvolgenti articoli informativi sono molto approfonditi e impressionanti. Prima di utilizzare i prodotti Smartific, consigliamo assolutamente di informarsi sull'argomento. La banca delle conoscenze di Smartific \u00e8 lo strumento perfetto per farlo.<\/p>\n<p>Le nostre conoscenze condivise sono molto utili nei nostri smartshop di Amsterdam. Il nostro personale altamente esperto pu\u00f2 utilizzare ancora pi\u00f9 informazioni di quelle che gi\u00e0 possedeva. E grazie alla nostra alleanza, siamo anche in grado di aiutarvi con un servizio di live chat. Avete domande durante il giorno? Saremo lieti di rispondere a tutte al volo!<\/p>\n<p>Siete curiosi di conoscere Smartific? Date un'occhiata al loro sito web olandese: <span style=\"text-decoration: underline;\"><a href=\"https:\/\/www.smartific.nl\/\" target=\"_blank\" rel=\"noopener\">https:\/\/www.smartific.nl\/<\/a><\/span> o per il resto dell'Europa: <span style=\"text-decoration: underline;\"><a href=\"https:\/\/www.smartific.com\" target=\"_blank\" rel=\"noopener\">https:\/\/www.smartific.com<\/a>\/<\/span>. E non dimenticate l'incredibile Headshop: <span style=\"text-decoration: underline;\"><a href=\"https:\/\/www.headshop.nl\/\" target=\"_blank\" rel=\"noopener\">https:\/\/www.headshop.nl\/<\/a><\/span><\/p>\n<h2 data-animated=\"true\" data-animate=\"fadeInLeft\">Tatanka x MagicTruffels.shop X Paddo.shop<\/h2>\n<p>I nostri negozi Tatanka sono pieni di ottimi prodotti smartshop. Probabilmente i pi\u00f9 popolari di questi prodotti sono i tartufi magici e i kit per la coltivazione dei funghi. Abbiamo avviato una collaborazione con gli esperti di tartufi magici online di MagicTruffels.shop. Sono completamente specializzati in prodotti contenenti psilocibina. Insieme utilizziamo le nostre conoscenze e i risultati delle nostre ricerche per offrire a voi clienti la migliore esperienza possibile. Date un'occhiata al loro sito web: <span style=\"text-decoration: underline;\"><a href=\"https:\/\/www.magictruffels.shop\/\" target=\"_blank\" rel=\"noopener\">https:\/\/www.magictruffels.shop\/<\/a><\/span>.\u00a0<\/p>\n<p>Hanno anche un ottimo sito web dedicato ai kit per la coltivazione di funghi magici. Potete trovare il loro negozio speciale di funghi qui: <a href=\"https:\/\/www.paddo.shop\/\" target=\"_blank\" rel=\"noopener\">https:\/\/www.paddo.shop\/<\/a><\/p>\n<h2 data-pm-slice=\"1 1 &#091;&#093;\">Tatanka x McSmart<\/h2>\n<p>Noi di Tatanka siamo impegnati in un incontro con i nostri amici. <a href=\"https:\/\/www.mcsmart.com\/\" target=\"_blank\" rel=\"noopener\">McSmart<\/a>, il pi\u00f9 grande gruppo di negozi intelligenti. Grazie a questa collaborazione, i nostri clienti possono usufruire di una scala di prodotti di qualit\u00e0 superiore. Tra gli articoli di qualit\u00e0 superiore offerti da McSmart vi sono i Magic Truffels, i Growkits e gli integratori alimentari. Questi prodotti sono famosi per la loro affidabilit\u00e0 ed efficacia, che li rende i preferiti dai nostri clienti. Tatanka \u00e8 pronta a fornire i migliori prodotti e, con McSmart come partner, a garantire lo standard di qualit\u00e0 che i nostri clienti apprezzano e apprezzano.<\/p>\n\n\t\t<\/div>\n\t\t\t\t\t<\/div>\n\n\t\n\n\t<div id=\"col-1053666067\" class=\"col medium-4 small-12 large-4 small-col-first\"  >\n\t\t\t\t<div class=\"col-inner\"  >\n\t\t\t\n\t\t\t\n\n\t<div class=\"img has-hover x md-x lg-x y md-y lg-y\" id=\"image_2013785631\">\n\t\t\t\t\t\t\t\t<div class=\"img-inner dark\" >\n\t\t\t<img loading=\"lazy\" decoding=\"async\" width=\"512\" height=\"512\" src=\"https:\/\/www.tatanka.nl\/wp-content\/uploads\/2018\/05\/Tatanka-Logo-512x512.jpg\" class=\"attachment-original size-original\" alt=\"- Tatanka.nl\" srcset=\"https:\/\/www.tatanka.nl\/wp-content\/uploads\/2018\/05\/Tatanka-Logo-512x512.jpg 512w, https:\/\/www.tatanka.nl\/wp-content\/uploads\/2018\/05\/Tatanka-Logo-512x512-420x420.jpg 420w, https:\/\/www.tatanka.nl\/wp-content\/uploads\/2018\/05\/Tatanka-Logo-512x512-100x100.jpg 100w, https:\/\/www.tatanka.nl\/wp-content\/uploads\/2018\/05\/Tatanka-Logo-512x512-64x64.jpg 64w, https:\/\/www.tatanka.nl\/wp-content\/uploads\/2018\/05\/Tatanka-Logo-512x512-380x380.jpg 380w\" sizes=\"auto, (max-width: 512px) 100vw, 512px\" title=\"- Tatanka.nl\">\t\t\t\t\t\t\n\t\t\t\t\t<\/div>\n\t\t\t\t\t\t\t\t\n<style>\n#image_2013785631 {\n  width: 100%;\n}\n<\/style>\n\t<\/div>\n\t\n\n\t<div id=\"gap-1280198790\" class=\"gap-element clearfix\" style=\"display:block; height:auto;\">\n\t\t\n<style>\n#gap-1280198790 {\n  padding-top: 10px;\n}\n<\/style>\n\t<\/div>\n\t\n\n\n\t\t<\/div>\n\t\t\t\t\t<\/div>\n\n\t\n\n<\/div>","protected":false},"excerpt":{"rendered":"","protected":false},"author":1427,"featured_media":0,"parent":0,"menu_order":0,"comment_status":"closed","ping_status":"closed","template":"page-blank.php","meta":{"footnotes":""},"class_list":["post-32294","page","type-page","status-publish","hentry"],"_links":{"self":[{"href":"https:\/\/www.tatanka.nl\/it\/wp-json\/wp\/v2\/pages\/32294","targetHints":{"allow":["GET"]}}],"collection":[{"href":"https:\/\/www.tatanka.nl\/it\/wp-json\/wp\/v2\/pages"}],"about":[{"href":"https:\/\/www.tatanka.nl\/it\/wp-json\/wp\/v2\/types\/page"}],"author":[{"embeddable":true,"href":"https:\/\/www.tatanka.nl\/it\/wp-json\/wp\/v2\/users\/1427"}],"replies":[{"embeddable":true,"href":"https:\/\/www.tatanka.nl\/it\/wp-json\/wp\/v2\/comments?post=32294"}],"version-history":[{"count":0,"href":"https:\/\/www.tatanka.nl\/it\/wp-json\/wp\/v2\/pages\/32294\/revisions"}],"wp:attachment":[{"href":"https:\/\/www.tatanka.nl\/it\/wp-json\/wp\/v2\/media?parent=32294"}],"curies":[{"name":"wp","href":"https:\/\/api.w.org\/{rel}","templated":true}]}}