{"id":38285,"date":"2021-12-10T17:00:37","date_gmt":"2021-12-10T15:00:37","guid":{"rendered":"https:\/\/www.tatanka.nl\/?page_id=38285"},"modified":"2023-08-22T11:26:40","modified_gmt":"2023-08-22T09:26:40","slug":"grow-kit-instructions","status":"publish","type":"page","link":"https:\/\/www.tatanka.nl\/it\/grow-kit-instructions\/","title":{"rendered":"Istruzioni per il kit di coltivazione"},"content":{"rendered":"<div class=\"container section-title-container\" ><h1 class=\"section-title section-title-normal\"><b aria-hidden=\"true\"><\/b><span class=\"section-title-main\" >Istruzioni per il kit di coltivazione<\/span><b aria-hidden=\"true\"><\/b><\/h1><\/div>\n\n<p>Benvenuti nella pagina delle istruzioni del kit di coltivazione Headshop. Di seguito troverete le ultime istruzioni del kit di coltivazione. Assicuratevi di seguirle attentamente. Ogni passo \u00e8 importante e avr\u00e0 un effetto sui risultati della vostra coltivazione. <span style=\"text-decoration: underline;\"><a href=\"https:\/\/www.tatanka.nl\/it\/shroomshop\/magic-mushroom-grow-kits\/\">Kit per la coltivazione dei funghi<\/a><\/span>. Nota bene: sotto troverete le istruzioni del nostro kit di coltivazione. Esistono due tipi diversi.<\/p>\n<div class=\"row\"  id=\"row-1721372576\">\n\n\n\t<div id=\"col-394427159\" class=\"col medium-6 small-12 large-6\"  >\n\t\t\t\t<div class=\"col-inner\"  >\n\t\t\t\n\t\t\t\n\n<h3><strong>Istruzioni generali sul kit di coltivazione<\/strong><\/h3>\n<p>Queste istruzioni sono applicabili a tutti i kit di coltivazione&nbsp;<strong>tranne<\/strong> la Copelandia Cyanescens Hawaiian.<\/p>\n<a href=\"#growkit1\" class=\"button primary\" >\n\t\t<span>Clicca qui<\/span>\n\t<\/a>\n\n\n\n\t\t<\/div>\n\t\t\t\t\t<\/div>\n\n\t\n\n\t<div id=\"col-1533332633\" class=\"col medium-6 small-12 large-6\"  >\n\t\t\t\t<div class=\"col-inner\"  >\n\t\t\t\n\t\t\t\n\n<h3><b>Hawaiian Copelandia Cyanesens istruzioni<\/b><\/h3>\n<p>Questi sono applicabili solo al kit di coltivazione Hawaiian Copelandia e richiedono un'attenzione particolare.<\/p>\n<a href=\"#growkit2\" class=\"button primary\" >\n\t\t<span>Clicca qui<\/span>\n\t<\/a>\n\n\n\n\t\t<\/div>\n\t\t\t\t\t<\/div>\n\n\t\n\n<\/div>\n<p>Seguire istruzioni precise e prendersi cura del kit per la coltivazione dei funghi magici \u00e8 la parte pi\u00f9 importante quando si coltivano i propri funghi magici. In breve: siate sterili, usate acqua pulita e seguite le istruzioni che troverete di seguito.Mushrooms fanno parte della natura e quindi crescono tutti in modo diverso. Non importa quante volte abbiate preparato un kit di coltivazione, ogni volta pu\u00f2 essere diverso. Seguite sempre attentamente le istruzioni. In questo modo riuscirete anche a ottenere il raccolto pi\u00f9 abbondante. Buona coltivazione di funghi!<\/p>\n\t<div id=\"gap-1306932148\" class=\"gap-element clearfix\" style=\"display:block; height:auto;\">\n\t\t\n<style>\n#gap-1306932148 {\n  padding-top: 30px;\n}\n<\/style>\n\t<\/div>\n\t\n\n<span class=\"scroll-to\" data-label=\"Scroll to: #growkit1\" data-bullet=\"true\" data-link=\"#growkit1\" data-title=\"General grow kit instructions\"><a name=\"growkit1\"><\/a><\/span>\n\n<div class=\"container section-title-container\" ><h2 class=\"section-title section-title-normal\"><b aria-hidden=\"true\"><\/b><span class=\"section-title-main\" >Istruzioni generali sul kit di coltivazione<\/span><b aria-hidden=\"true\"><\/b><\/h2><\/div>\n\n\n  \n    <div class=\"row  lightbox-multi-gallery large-columns-2 medium-columns- small-columns-\" >\n  <div class=\"gallery-col col\" >\n          <div class=\"col-inner\">\n            <a class=\"\" href=\"https:\/\/www.tatanka.nl\/wp-content\/uploads\/2023\/08\/GrowKit-instructies-ENG_STAP-4-tm-7.jpg\" title=\"Funghi magici GrowKit istruiti davanti a tatanka\">            <div class=\"box has-hover gallery-box box-none\">\n              <div class=\"box-image\" >\n                <img loading=\"lazy\" decoding=\"async\" width=\"874\" height=\"1240\" src=\"https:\/\/www.tatanka.nl\/wp-content\/uploads\/2023\/08\/GrowKit-instructies-ENG_STAP-4-tm-7.jpg\" class=\"attachment-medium size-medium\" alt=\"Funghi magici GrowKit istruiti davanti a tatanka\" ids=\"115915,115916\" style=\"none\" columns=\"2\" srcset=\"https:\/\/www.tatanka.nl\/wp-content\/uploads\/2023\/08\/GrowKit-instructies-ENG_STAP-4-tm-7.jpg 874w, https:\/\/www.tatanka.nl\/wp-content\/uploads\/2023\/08\/GrowKit-instructies-ENG_STAP-4-tm-7-106x150.jpg 106w, https:\/\/www.tatanka.nl\/wp-content\/uploads\/2023\/08\/GrowKit-instructies-ENG_STAP-4-tm-7-768x1090.jpg 768w, https:\/\/www.tatanka.nl\/wp-content\/uploads\/2023\/08\/GrowKit-instructies-ENG_STAP-4-tm-7-420x596.jpg 420w, https:\/\/www.tatanka.nl\/wp-content\/uploads\/2023\/08\/GrowKit-instructies-ENG_STAP-4-tm-7-64x91.jpg 64w\" sizes=\"auto, (max-width: 874px) 100vw, 874px\" title=\"- Tatanka.nl\">                                                              <\/div>\n              <div class=\"box-text text-left\" >\n                 <p>Funghi magici GrowKit istruiti davanti a tatanka<\/p>\n              <\/div>\n            <\/div>\n            <\/a>          <\/div>\n         <\/div><div class=\"gallery-col col\" >\n          <div class=\"col-inner\">\n            <a class=\"\" href=\"https:\/\/www.tatanka.nl\/wp-content\/uploads\/2023\/08\/GrowKit-instructies-ENG_STAP-4-tm-72.jpg\" title=\"Fungo magico GrowKit istruisce di nuovo tatanka\">            <div class=\"box has-hover gallery-box box-none\">\n              <div class=\"box-image\" >\n                <img loading=\"lazy\" decoding=\"async\" width=\"874\" height=\"1240\" src=\"https:\/\/www.tatanka.nl\/wp-content\/uploads\/2023\/08\/GrowKit-instructies-ENG_STAP-4-tm-72.jpg\" class=\"attachment-medium size-medium\" alt=\"Fungo magico GrowKit istruisce di nuovo tatanka\" ids=\"115915,115916\" style=\"none\" columns=\"2\" srcset=\"https:\/\/www.tatanka.nl\/wp-content\/uploads\/2023\/08\/GrowKit-instructies-ENG_STAP-4-tm-72.jpg 874w, https:\/\/www.tatanka.nl\/wp-content\/uploads\/2023\/08\/GrowKit-instructies-ENG_STAP-4-tm-72-106x150.jpg 106w, https:\/\/www.tatanka.nl\/wp-content\/uploads\/2023\/08\/GrowKit-instructies-ENG_STAP-4-tm-72-768x1090.jpg 768w, https:\/\/www.tatanka.nl\/wp-content\/uploads\/2023\/08\/GrowKit-instructies-ENG_STAP-4-tm-72-420x596.jpg 420w, https:\/\/www.tatanka.nl\/wp-content\/uploads\/2023\/08\/GrowKit-instructies-ENG_STAP-4-tm-72-64x91.jpg 64w\" sizes=\"auto, (max-width: 874px) 100vw, 874px\" title=\"- Tatanka.nl\">                                                              <\/div>\n              <div class=\"box-text text-left\" >\n                 <p>Fungo magico GrowKit istruisce di nuovo tatanka<\/p>\n              <\/div>\n            <\/div>\n            <\/a>          <\/div>\n         <\/div><\/div>\n\n<div class=\"row\"  id=\"row-1320152266\">\n\n\n\t<div id=\"col-1325140915\" class=\"col medium-6 small-12 large-6\"  >\n\t\t\t\t<div class=\"col-inner\"  >\n\t\t\t\n\t\t\t\n\n<p><strong>Passo 1<\/strong><\/p>\n<p>Lavarsi accuratamente le mani e pulire l'esterno del growkit con un panno asciutto. Rimuovere il coperchio e conservarlo per la fase 2.<\/p>\n<p><strong>Passo 2<\/strong><\/p>\n<p>Riempire il growkit fino al bordo con acqua tiepida (20\u00b0C), rimettere il coperchio e lasciarlo in ammollo per 5 minuti. Importante: non immergere mai il growkit per pi\u00f9 di 1 ora.<\/p>\n<p><strong>Passo 3<\/strong><\/p>\n<p>Rimuovere il coperchio dal kit di coltivazione e scaricare bene l'acqua. Lasciare scolare il growkit per 10 secondi.<\/p>\n<p><strong>Passo 4<\/strong><\/p>\n<p>Posizionare il growkit nella busta di coltivazione e riempire la busta con una tazza (200-250 ml) di acqua tiepida (20\u00b0C). Quindi piegare la parte superiore del sacchetto e chiuderlo con 2 graffette.<\/p>\n\n\t\t<\/div>\n\t\t\t\t\t<\/div>\n\n\t\n\n\t<div id=\"col-673345557\" class=\"col medium-6 small-12 large-6\"  >\n\t\t\t\t<div class=\"col-inner\"  >\n\t\t\t\n\t\t\t\n\n<p><strong>Passo 5<\/strong><\/p>\n<p>Collocare il growkit in un luogo con una temperatura ambiente media di 20-25\u00b0C. Assicurarsi che il growkit non sia esposto alla luce diretta del sole, non sia sotto una lampada e non sia vicino a un radiatore\/fonte di calore. Importante: il sacchetto deve rimanere chiuso fino alla formazione delle prime capocchie di spillo. Fino ad allora, il contenuto di CO2 e l'umidit\u00e0 all'interno del sacchetto devono essere il pi\u00f9 possibile elevati.<\/p>\n<p><strong>Passo 6<\/strong><\/p>\n<p>Quando sono visibili le prime capocchie di spillo*, fate entrare quotidianamente un po' d'aria fresca nella busta di coltivazione (per qualche minuto) e poi inumidite il growkit con un nebulizzatore. *Le teste di spillo sono le prime forme visibili di piccoli cappelli di funghi. Possono essere necessari da 10 a 20 giorni perch\u00e9 siano visibili le prime capocchie di spillo.<\/p>\n<p><strong>Passo 7<\/strong><\/p>\n<p>I funghi possono essere raccolti appena prima che le membrane sul fondo del cappello si aprano. Durante la raccolta afferrare delicatamente il gambo e ruotarlo a destra e a sinistra. Quando il fungo si stacca, estrarlo con la massima cautela. <strong>Importante:<\/strong> il fungo deve essere completamente rimosso in modo da lasciare spazio a un nuovo fungo.<\/p>\n<p><strong>Passo 8<\/strong><\/p>\n<p><strong>Congratulazioni<\/strong>Il raccolto \u00e8 completo. A questo punto \u00e8 possibile far crescere un nuovo gruppo di funghi ripetendo nuovamente le fasi da 4 a 7.<\/p>\n\n\t\t<\/div>\n\t\t\t\t\t<\/div>\n\n\t\n\n<\/div>\n<div class=\"row\"  id=\"row-86926555\">\n\n\n\t<div id=\"col-959557511\" class=\"col medium-6 small-12 large-6\"  >\n\t\t\t\t<div class=\"col-inner text-left\"  >\n\t\t\t\n\t<div class=\"is-border\"\n\t\tstyle=\"border-color:rgb(0, 0, 0);border-width:1px 1px 1px 1;margin:0px -10px 0px -10px;\">\n\t<\/div>\n\t\t\t\n\n<div class=\"row\"  id=\"row-988751561\">\n\n\n\t<div id=\"col-1622658038\" class=\"col small-12 large-12\"  >\n\t\t\t\t<div class=\"col-inner\"  >\n\t\t\t\n\t\t\t\n\n\t<div id=\"text-2911619907\" class=\"text\">\n\t\t\n\n<table>\n<tbody>\n<tr>\n<td style=\"width: 332.25px;\">\n<h3><strong>Suggerimento 1<\/strong><\/h3>\n<p>Assicuratevi che il kit di coltivazione sia sempre umido. \u00c8 inoltre importante che il kit di coltivazione non si asciughi tra le fasi 5 e 6. In questo caso potete aprire il sacchetto e inumidire nuovamente il kit. In questo caso \u00e8 possibile aprire il sacchetto e inumidire nuovamente il kit di coltivazione.<\/p>\n<\/td>\n<td style=\"width: 204.75px;\"><img loading=\"lazy\" decoding=\"async\" class=\"alignnone size-full wp-image-47098\" src=\"https:\/\/www.tatanka.nl\/wp-content\/uploads\/2022\/05\/Stap-1.jpg\" alt=\"- Tatanka.nl\" width=\"300\" height=\"300\" title=\"- Tatanka.nl\" srcset=\"https:\/\/www.tatanka.nl\/wp-content\/uploads\/2022\/05\/Stap-1.jpg 300w, https:\/\/www.tatanka.nl\/wp-content\/uploads\/2022\/05\/Stap-1-100x100.jpg 100w, https:\/\/www.tatanka.nl\/wp-content\/uploads\/2022\/05\/Stap-1-64x64.jpg 64w\" sizes=\"auto, (max-width: 300px) 100vw, 300px\" \/><\/td>\n<\/tr>\n<\/tbody>\n<\/table>\n\t\t\n<style>\n#text-2911619907 {\n  font-size: 1.15rem;\n}\n@media (min-width:550px) {\n  #text-2911619907 {\n    font-size: 1rem;\n  }\n}\n<\/style>\n\t<\/div>\n\t\n\n\t\t<\/div>\n\t\t\t\t\t<\/div>\n\n\t\n\n<\/div>\n\n\t\t<\/div>\n\t\t\t\t\n<style>\n#col-959557511 > .col-inner {\n  padding: 0px 0px 0px 0px;\n  margin: 0px 0px 25px 0px;\n}\n<\/style>\n\t<\/div>\n\n\t\n\n\t<div id=\"col-1165238985\" class=\"col medium-6 small-12 large-6\"  >\n\t\t\t\t<div class=\"col-inner text-left\"  >\n\t\t\t\n\t<div class=\"is-border\"\n\t\tstyle=\"border-color:rgb(0, 0, 0);border-width:1px 1px 1px 1;margin:0px -10px 0px -10px;\">\n\t<\/div>\n\t\t\t\n\n<div class=\"row\"  id=\"row-1130977103\">\n\n\n\t<div id=\"col-2109677032\" class=\"col small-12 large-12\"  >\n\t\t\t\t<div class=\"col-inner\"  >\n\t\t\t\n\t\t\t\n\n\t<div id=\"text-1589805827\" class=\"text\">\n\t\t\n\n<table>\n<tbody>\n<tr>\n<td style=\"width: 332.25px;\">\n<h3><strong>Suggerimento 2<\/strong><\/h3>\n<p>Maneggiate con cura il vostro kit di coltivazione, in modo da aumentare le possibilit\u00e0 di ottenere una resa migliore durante la prossima fioritura.<\/p>\n<\/td>\n<td style=\"width: 204.75px;\"><img loading=\"lazy\" decoding=\"async\" class=\"alignnone wp-image-47099 size-full\" src=\"https:\/\/www.tatanka.nl\/wp-content\/uploads\/2022\/05\/Stap-2.jpg\" alt=\"- Tatanka.nl\" width=\"300\" height=\"300\" title=\"- Tatanka.nl\" srcset=\"https:\/\/www.tatanka.nl\/wp-content\/uploads\/2022\/05\/Stap-2.jpg 300w, https:\/\/www.tatanka.nl\/wp-content\/uploads\/2022\/05\/Stap-2-100x100.jpg 100w, https:\/\/www.tatanka.nl\/wp-content\/uploads\/2022\/05\/Stap-2-64x64.jpg 64w\" sizes=\"auto, (max-width: 300px) 100vw, 300px\" \/><\/td>\n<\/tr>\n<\/tbody>\n<\/table>\n\t\t\n<style>\n#text-1589805827 {\n  font-size: 1rem;\n}\n<\/style>\n\t<\/div>\n\t\n\n\t\t<\/div>\n\t\t\t\t\t<\/div>\n\n\t\n\n<\/div>\n\n\t\t<\/div>\n\t\t\t\t\n<style>\n#col-1165238985 > .col-inner {\n  padding: 0px 0px 0px 0px;\n  margin: 0px 0px 25px 0px;\n}\n<\/style>\n\t<\/div>\n\n\t\n\n\t<div id=\"col-2057280232\" class=\"col medium-6 small-12 large-6\"  >\n\t\t\t\t<div class=\"col-inner text-left\"  >\n\t\t\t\n\t<div class=\"is-border\"\n\t\tstyle=\"border-color:rgb(0, 0, 0);border-width:1px 1px 1px 1;margin:0px -10px 0px -10px;\">\n\t<\/div>\n\t\t\t\n\n<div class=\"row\"  id=\"row-2100533812\">\n\n\n\t<div id=\"col-1424557432\" class=\"col small-12 large-12\"  >\n\t\t\t\t<div class=\"col-inner\"  >\n\t\t\t\n\t\t\t\n\n\t<div id=\"text-4018288620\" class=\"text\">\n\t\t\n\n<table>\n<tbody>\n<tr>\n<td style=\"width: 332.25px;\">\n<h3><strong>Suggerimento 3<\/strong><\/h3>\n<p>Non sapete quando raccogliere i funghi? Una raccolta anticipata \u00e8 meglio di una troppo tardiva.<\/p>\n<\/td>\n<td style=\"width: 204.75px;\"><img loading=\"lazy\" decoding=\"async\" class=\"alignnone size-full wp-image-47100\" src=\"https:\/\/www.tatanka.nl\/wp-content\/uploads\/2022\/05\/Stap-3.jpg\" alt=\"- Tatanka.nl\" width=\"300\" height=\"300\" title=\"- Tatanka.nl\" srcset=\"https:\/\/www.tatanka.nl\/wp-content\/uploads\/2022\/05\/Stap-3.jpg 300w, https:\/\/www.tatanka.nl\/wp-content\/uploads\/2022\/05\/Stap-3-100x100.jpg 100w, https:\/\/www.tatanka.nl\/wp-content\/uploads\/2022\/05\/Stap-3-64x64.jpg 64w\" sizes=\"auto, (max-width: 300px) 100vw, 300px\" \/><\/td>\n<\/tr>\n<\/tbody>\n<\/table>\n\t\t\n<style>\n#text-4018288620 {\n  font-size: 1rem;\n}\n<\/style>\n\t<\/div>\n\t\n\n\t\t<\/div>\n\t\t\t\t\t<\/div>\n\n\t\n\n<\/div>\n\n\t\t<\/div>\n\t\t\t\t\n<style>\n#col-2057280232 > .col-inner {\n  padding: 0px 0px 0px 0px;\n  margin: 0px 0px 25px 0px;\n}\n<\/style>\n\t<\/div>\n\n\t\n\n\t<div id=\"col-1435157724\" class=\"col medium-6 small-12 large-6\"  >\n\t\t\t\t<div class=\"col-inner text-left\"  >\n\t\t\t\n\t<div class=\"is-border\"\n\t\tstyle=\"border-color:rgb(0, 0, 0);border-width:1px 1px 1px 1;margin:0px -10px 0px -10px;\">\n\t<\/div>\n\t\t\t\n\n<div class=\"row\"  id=\"row-2091327569\">\n\n\n\t<div id=\"col-2007811050\" class=\"col small-12 large-12\"  >\n\t\t\t\t<div class=\"col-inner\"  >\n\t\t\t\n\t\t\t\n\n\t<div id=\"text-1192629032\" class=\"text\">\n\t\t\n\n<table>\n<tbody>\n<tr>\n<td style=\"width: 332.25px;\">\n<h3><strong>Suggerimento 4<\/strong><\/h3>\n<p>Una temperatura bassa pu\u00f2 causare il mancato funzionamento del kit di coltivazione. Assicuratevi che la temperatura non scenda mai sotto i 20 gradi. Prestate attenzione a questo aspetto e non abbassate la temperatura durante la notte.<\/p>\n<\/td>\n<td style=\"width: 204.75px;\"><img loading=\"lazy\" decoding=\"async\" class=\"alignnone size-full wp-image-47101\" src=\"https:\/\/www.tatanka.nl\/wp-content\/uploads\/2022\/05\/Stap-4.jpg\" alt=\"- Tatanka.nl\" width=\"300\" height=\"300\" title=\"- Tatanka.nl\" srcset=\"https:\/\/www.tatanka.nl\/wp-content\/uploads\/2022\/05\/Stap-4.jpg 300w, https:\/\/www.tatanka.nl\/wp-content\/uploads\/2022\/05\/Stap-4-100x100.jpg 100w, https:\/\/www.tatanka.nl\/wp-content\/uploads\/2022\/05\/Stap-4-64x64.jpg 64w\" sizes=\"auto, (max-width: 300px) 100vw, 300px\" \/><\/td>\n<\/tr>\n<\/tbody>\n<\/table>\n\t\t\n<style>\n#text-1192629032 {\n  font-size: 1rem;\n}\n<\/style>\n\t<\/div>\n\t\n\n\t\t<\/div>\n\t\t\t\t\t<\/div>\n\n\t\n\n<\/div>\n\n\t\t<\/div>\n\t\t\t\t\n<style>\n#col-1435157724 > .col-inner {\n  padding: 0px 0px 0px 0px;\n  margin: 0px 0px 25px 0px;\n}\n<\/style>\n\t<\/div>\n\n\t\n\n<\/div>\n<span class=\"scroll-to\" data-label=\"Scroll to: #growkit2\" data-bullet=\"true\" data-link=\"#growkit2\" data-title=\"Hawaiian Copelandia Cyanesens instructions\"><a name=\"growkit2\"><\/a><\/span>\n\n<div class=\"container section-title-container\" ><h2 class=\"section-title section-title-normal\"><b aria-hidden=\"true\"><\/b><span class=\"section-title-main\" >Hawaiian Copelandia Cyanesens istruzioni<\/span><b aria-hidden=\"true\"><\/b><\/h2><\/div>\n\n<p>Di seguito troverete le istruzioni per il kit di coltivazione Hawaiian Copelandia. Questo growkit richiede un'attenzione particolare, leggete attentamente le istruzioni.<\/p>\n\n  \n    <div class=\"row  lightbox-multi-gallery large-columns-2 medium-columns- small-columns-\" >\n  <div class=\"gallery-col col\" >\n          <div class=\"col-inner\">\n            <a class=\"\" href=\"https:\/\/www.tatanka.nl\/wp-content\/uploads\/2022\/08\/Hawaiian-GrowKit-instructies-ENG-Front-564x800.jpg\" title=\"\">            <div class=\"box has-hover gallery-box box-none\">\n              <div class=\"box-image\" >\n                <img loading=\"lazy\" decoding=\"async\" width=\"423\" height=\"600\" src=\"https:\/\/www.tatanka.nl\/wp-content\/uploads\/2022\/08\/Hawaiian-GrowKit-instructies-ENG-Front-423x600.jpg\" class=\"attachment-medium size-medium\" alt=\"- Tatanka.nl\" ids=\"54309,54308\" style=\"none\" columns=\"2\" srcset=\"https:\/\/www.tatanka.nl\/wp-content\/uploads\/2022\/08\/Hawaiian-GrowKit-instructies-ENG-Front-423x600.jpg 423w, https:\/\/www.tatanka.nl\/wp-content\/uploads\/2022\/08\/Hawaiian-GrowKit-instructies-ENG-Front-564x800.jpg 564w, https:\/\/www.tatanka.nl\/wp-content\/uploads\/2022\/08\/Hawaiian-GrowKit-instructies-ENG-Front-268x380.jpg 268w, https:\/\/www.tatanka.nl\/wp-content\/uploads\/2022\/08\/Hawaiian-GrowKit-instructies-ENG-Front-768x1090.jpg 768w, https:\/\/www.tatanka.nl\/wp-content\/uploads\/2022\/08\/Hawaiian-GrowKit-instructies-ENG-Front-420x596.jpg 420w, https:\/\/www.tatanka.nl\/wp-content\/uploads\/2022\/08\/Hawaiian-GrowKit-instructies-ENG-Front-64x91.jpg 64w, https:\/\/www.tatanka.nl\/wp-content\/uploads\/2022\/08\/Hawaiian-GrowKit-instructies-ENG-Front.jpg 874w\" sizes=\"auto, (max-width: 423px) 100vw, 423px\" title=\"- Tatanka.nl\">                                                              <\/div>\n              <div class=\"box-text text-left\" >\n                 <p><\/p>\n              <\/div>\n            <\/div>\n            <\/a>          <\/div>\n         <\/div><div class=\"gallery-col col\" >\n          <div class=\"col-inner\">\n            <a class=\"\" href=\"https:\/\/www.tatanka.nl\/wp-content\/uploads\/2022\/08\/Hawaiian-GrowKit-instructies-ENG-Back-564x800.jpg\" title=\"\">            <div class=\"box has-hover gallery-box box-none\">\n              <div class=\"box-image\" >\n                <img loading=\"lazy\" decoding=\"async\" width=\"423\" height=\"600\" src=\"https:\/\/www.tatanka.nl\/wp-content\/uploads\/2022\/08\/Hawaiian-GrowKit-instructies-ENG-Back-423x600.jpg\" class=\"attachment-medium size-medium\" alt=\"- Tatanka.nl\" ids=\"54309,54308\" style=\"none\" columns=\"2\" srcset=\"https:\/\/www.tatanka.nl\/wp-content\/uploads\/2022\/08\/Hawaiian-GrowKit-instructies-ENG-Back-423x600.jpg 423w, https:\/\/www.tatanka.nl\/wp-content\/uploads\/2022\/08\/Hawaiian-GrowKit-instructies-ENG-Back-564x800.jpg 564w, https:\/\/www.tatanka.nl\/wp-content\/uploads\/2022\/08\/Hawaiian-GrowKit-instructies-ENG-Back-268x380.jpg 268w, https:\/\/www.tatanka.nl\/wp-content\/uploads\/2022\/08\/Hawaiian-GrowKit-instructies-ENG-Back-768x1090.jpg 768w, https:\/\/www.tatanka.nl\/wp-content\/uploads\/2022\/08\/Hawaiian-GrowKit-instructies-ENG-Back-420x596.jpg 420w, https:\/\/www.tatanka.nl\/wp-content\/uploads\/2022\/08\/Hawaiian-GrowKit-instructies-ENG-Back-64x91.jpg 64w, https:\/\/www.tatanka.nl\/wp-content\/uploads\/2022\/08\/Hawaiian-GrowKit-instructies-ENG-Back.jpg 874w\" sizes=\"auto, (max-width: 423px) 100vw, 423px\" title=\"- Tatanka.nl\">                                                              <\/div>\n              <div class=\"box-text text-left\" >\n                 <p><\/p>\n              <\/div>\n            <\/div>\n            <\/a>          <\/div>\n         <\/div><\/div>\n\n<div class=\"row\"  id=\"row-578569624\">\n\n\n\t<div id=\"col-1023938665\" class=\"col medium-6 small-12 large-6\"  >\n\t\t\t\t<div class=\"col-inner\"  >\n\t\t\t\n\t\t\t\n\n<p><strong>Passo 1<\/strong><\/p>\n<p>Aprite la scatola ed estraete il contenuto: il kit di coltivazione, il sacchetto di coltivazione, due vassoi di terriccio nero e una graffetta.<\/p>\n<p><strong>Passo 2<\/strong><\/p>\n<p>Lavarsi accuratamente le mani con il sapone e rimuovere il coperchio del kit di coltivazione. Spargete il terriccio nero in modo uniforme sul kit di coltivazione.<\/p>\n<p><strong>Passo 3<\/strong><\/p>\n<p>Spruzzare lo strato superiore del kit con acqua e assicurarsi che sia umido. Spruzzate anche l'interno del sacchetto. Assicuratevi che ci sia abbastanza ossigeno nel sacchetto e inseritelo nel kit di coltivazione. Chiudere il sacchetto con la graffetta.<\/p>\n<p><strong>Passo 4<\/strong><\/p>\n<p>Assicuratevi di spruzzare il kit di coltivazione ogni giorno e di dargli ossigeno fresco. \u00c8 possibile spremere il sacchetto per assicurarsi che l'ossigeno si rinfreschi. \u00c8 importante mantenere umido lo strato superiore del kit.<\/p>\n\n\t\t<\/div>\n\t\t\t\t\t<\/div>\n\n\t\n\n\t<div id=\"col-245197388\" class=\"col medium-6 small-12 large-6\"  >\n\t\t\t\t<div class=\"col-inner\"  >\n\t\t\t\n\t\t\t\n\n<p><strong>Passo 5<\/strong><\/p>\n<p>Dopo 6-11 giorni si formeranno i primi funghi. A questo punto \u00e8 possibile estrarre brevemente il kit dal sacchetto. Spruzzare l'interno del sacchetto e rimettere il kit di coltivazione nel sacchetto. (I funghi Hawaiian non amano il contatto diretto con l'acqua).<\/p>\n<p><strong>Passo 6<\/strong><\/p>\n<p>Dopo circa 5-7 giorni dall'inizio della crescita, i funghi sono pronti per essere raccolti. Iniziate a spennare appena prima che i cappelli inizino ad aprirsi. Cercate di farlo appena prima della caduta delle prime spore nere, ma non preoccupatevi se ci\u00f2 \u00e8 gi\u00e0 avvenuto. Lavatevi le mani ed estraete con cura i funghi dal kit.<\/p>\n<p><strong>Passo 7<\/strong><\/p>\n<p>Dopo aver raccolto l'intero raccolto, potete ripetere l'intero processo a partire dalla fase 3 (nebulizzazione) e il ciclo si ripeter\u00e0. La cosa pi\u00f9 importante \u00e8 mantenere il kit di coltivazione umido e assicurarsi che riceva aria fresca ogni giorno. Tenete presente che la Copelandia Hawaiian \u00e8 un prodotto molto pi\u00f9 delicato rispetto ad altri kit di coltivazione di funghi.<\/p>\n\n\t\t<\/div>\n\t\t\t\t\t<\/div>\n\n\t\n\n<\/div>","protected":false},"excerpt":{"rendered":"","protected":false},"author":1427,"featured_media":0,"parent":0,"menu_order":0,"comment_status":"closed","ping_status":"closed","template":"","meta":{"footnotes":""},"class_list":["post-38285","page","type-page","status-publish","hentry"],"_links":{"self":[{"href":"https:\/\/www.tatanka.nl\/it\/wp-json\/wp\/v2\/pages\/38285","targetHints":{"allow":["GET"]}}],"collection":[{"href":"https:\/\/www.tatanka.nl\/it\/wp-json\/wp\/v2\/pages"}],"about":[{"href":"https:\/\/www.tatanka.nl\/it\/wp-json\/wp\/v2\/types\/page"}],"author":[{"embeddable":true,"href":"https:\/\/www.tatanka.nl\/it\/wp-json\/wp\/v2\/users\/1427"}],"replies":[{"embeddable":true,"href":"https:\/\/www.tatanka.nl\/it\/wp-json\/wp\/v2\/comments?post=38285"}],"version-history":[{"count":0,"href":"https:\/\/www.tatanka.nl\/it\/wp-json\/wp\/v2\/pages\/38285\/revisions"}],"wp:attachment":[{"href":"https:\/\/www.tatanka.nl\/it\/wp-json\/wp\/v2\/media?parent=38285"}],"curies":[{"name":"wp","href":"https:\/\/api.w.org\/{rel}","templated":true}]}}