{"id":105264,"date":"2023-06-20T09:22:11","date_gmt":"2023-06-20T07:22:11","guid":{"rendered":"https:\/\/www.tatanka.nl\/?post_type=product&#038;p=105264"},"modified":"2025-09-23T12:48:31","modified_gmt":"2025-09-23T11:48:31","slug":"trippy-x","status":"publish","type":"product","link":"https:\/\/www.tatanka.nl\/it\/trippy-x\/","title":{"rendered":"Trippy X"},"content":{"rendered":"<h2 data-start=\"0\" data-end=\"22\">Che cos'\u00e8 Trippy X?<\/h2>\n<p data-start=\"24\" data-end=\"955\">Trippy X \u00e8 una pillola per feste potente e unica, progettata per portare gli utenti in un viaggio caleidoscopico come nessun altro. Formulata con ingredienti naturali accuratamente selezionati, aumenta la percezione e stimola l'immaginazione, creando un'esperienza indimenticabile. Che si tratti di elevare l'atmosfera di una festa o di intraprendere un viaggio personale alla scoperta di se stessi, Trippy X incoraggia la creativit\u00e0, l'esplorazione e le nuove prospettive. Questo integratore favorisce la trasformazione visiva e sensoriale, consentendo agli utenti di entrare in contatto con l'ambiente circostante in modo pi\u00f9 profondo. Modificando la percezione e migliorando il modo in cui si vive il mondo, Trippy X apre le porte a nuove possibilit\u00e0 e ad emozionanti avventure. La sua miscela di ingredienti naturali, accuratamente studiata, offre un'esperienza ipnotica, immergendovi in sensazioni vivide e visioni accattivanti, perfette per chi cerca un'esperienza intensa e trasformativa.<\/p>\n<h2 data-start=\"957\" data-end=\"985\">La storia di Trippy X<\/h2>\n<p data-start=\"987\" data-end=\"1911\">Trippy X si ispira a secoli di cure tradizionali a base di piante, incorporando ingredienti famosi per le loro propriet\u00e0 di espansione della mente. L'uso di sostanze naturali per il potenziamento cognitivo e percettivo risale alle antiche civilt\u00e0, dove le culture di tutto il mondo hanno sfruttato il potere delle piante per indurre stati alterati di coscienza. Queste antiche pratiche hanno gettato le basi per le moderne esplorazioni della percezione sensoriale. Trippy X \u00e8 un'evoluzione contemporanea di queste tradizioni, che fonde la saggezza erboristica di lunga data con le pi\u00f9 recenti ricerche sugli integratori naturali. La sua miscela attentamente studiata massimizza l'esperienza di espansione della mente, aiutando gli utenti a sfruttare la loro creativit\u00e0, le emozioni e la consapevolezza sensoriale. Incapsulando questi potenti ingredienti in una forma facile da usare, Trippy X offre un modo sicuro e conveniente per intraprendere un viaggio personale di auto-esplorazione e di aumento della percezione.<\/p>\n<h2 data-start=\"1913\" data-end=\"1937\">Come utilizzare Trippy X<\/h2>\n<p data-start=\"1939\" data-end=\"2469\">Per sperimentare appieno gli effetti di Trippy X, assumere una capsula da 30 a 45 minuti prima dell'effetto desiderato. Per un assorbimento ottimale, consumare la capsula con acqua o succo di frutta. Il dosaggio consigliato \u00e8 di una capsula al giorno, e non \u00e8 consigliabile superare questo limite. Trippy X \u00e8 stato progettato per offrire un'esperienza coinvolgente e trasformativa, rendendo il tempismo essenziale per ottenere tutti gli effetti. Poich\u00e9 la formula agisce in modo graduale, l'assunzione della capsula al momento giusto consente di entrare nel viaggio con facilit\u00e0 e di abbracciarlo appieno.<\/p>\n<p data-start=\"2471\" data-end=\"2827\">\u00c8 importante utilizzare Trippy X con consapevolezza e rispetto. Sia che lo si usi per un evento sociale o per un'esplorazione personale, l'ambiente giusto migliora l'esperienza. Assicuratevi di trovarvi in uno spazio sicuro e confortevole, dove possiate godervi appieno il viaggio. Preparatevi ad aprire la mente, a coinvolgere la vostra creativit\u00e0 e a esplorare nuove dimensioni della percezione.<\/p>\n<h2 data-start=\"2829\" data-end=\"2857\">Ingredienti di Trippy X<\/h2>\n<p data-start=\"2859\" data-end=\"3022\">Le capsule Trippy X contengono una miscela accuratamente selezionata di ingredienti noti per le loro propriet\u00e0 di espansione mentale e sensoriale. Gli ingredienti chiave includono:<\/p>\n<ul data-start=\"3024\" data-end=\"3663\">\n<li data-start=\"3024\" data-end=\"3230\"><strong data-start=\"3026\" data-end=\"3062\">Baby Hawaiian Woodrosio (175 mg):<\/strong> Utilizzata da secoli nella medicina tradizionale, questa potente pianta induce visioni vivide e stimola la creativit\u00e0, trasportando gli utilizzatori in stati alterati di coscienza.<\/li>\n<li data-start=\"3231\" data-end=\"3479\"><strong data-start=\"3233\" data-end=\"3264\">Passiflora 10% (250 mg):<\/strong> Apprezzata per i suoi effetti calmanti, la passiflora aiuta ad alleviare l'ansia e garantisce un'esperienza equilibrata tra relax e stimolazione. Permette di affrontare il viaggio con un senso di concentrazione e tranquillit\u00e0.<\/li>\n<li data-start=\"3480\" data-end=\"3663\"><strong data-start=\"3482\" data-end=\"3499\">Zinco (10 mg):<\/strong> Favorisce la funzione cognitiva e il benessere generale, aiutando l'organismo a elaborare gli effetti degli altri ingredienti per un'esperienza pi\u00f9 fluida e coinvolgente.<\/li>\n<\/ul>\n<p data-start=\"3665\" data-end=\"3911\" data-is-last-node=\"\">Insieme, questi ingredienti creano una formula potente che guida gli utenti in un'avventura caleidoscopica e ricca di sensi. Con Trippy X \u00e8 possibile aprire nuove prospettive, espandere l'immaginazione ed esplorare i regni pi\u00f9 profondi della creativit\u00e0 e della scoperta di s\u00e9.<\/p>\n<p><strong style=\"font-size: 14.4px;\">Attenzione:<\/strong><\/p>\n<p>Non utilizzare un integratore alimentare come sostituto di una dieta varia. Tenere fuori dalla portata dei bambini. L'uso \u00e8 consentito solo ai maggiori di 18 anni. Non utilizzare in combinazione con farmaci o altri stimolanti, in caso di pressione alta\/bassa, patologie cardiache, disturbi della tiroide, malattie renali, depressione, nervosismo, disturbi fisici e\/o mentali e uso di inibitori MAO. Fare attenzione al consumo eccessivo di alcol. In caso di dubbio, consultare il medico.<\/p>","protected":false},"excerpt":{"rendered":"<p>Provate un viaggio affascinante e indimenticabile con Trippy X, la nostra accattivante pillola per feste che garantisce di trasportarvi in nuovi regni di meraviglia caleidoscopica. Infuse con un'impareggiabile miscela di elementi naturali, le nostre capsule caleidoscopiche promettono un viaggio mozzafiato che vi invita a tuffarvi nell'emozionante abisso della vostra immaginazione. Abbracciate la potente potenza di Trippy X e preparatevi a vivere un'esperienza impareggiabile e ipnotica come mai prima d'ora.<\/p>","protected":false},"featured_media":115901,"template":"","meta":[],"product_brand":[],"product_cat":[535,525,476,532],"product_tag":[],"class_list":{"0":"post-105264","1":"product","2":"type-product","3":"status-publish","4":"has-post-thumbnail","6":"product_cat-dnx","7":"product_cat-party-pills","8":"product_cat-smartshop","9":"product_cat-trippy-pills","10":"product_shipping_class-not-allowed-group-3","12":"first","13":"instock","14":"taxable","15":"shipping-taxable","16":"purchasable","17":"product-type-variable","18":"has-default-attributes"},"_links":{"self":[{"href":"https:\/\/www.tatanka.nl\/it\/wp-json\/wp\/v2\/product\/105264","targetHints":{"allow":["GET"]}}],"collection":[{"href":"https:\/\/www.tatanka.nl\/it\/wp-json\/wp\/v2\/product"}],"about":[{"href":"https:\/\/www.tatanka.nl\/it\/wp-json\/wp\/v2\/types\/product"}],"wp:featuredmedia":[{"embeddable":true,"href":"https:\/\/www.tatanka.nl\/it\/wp-json\/wp\/v2\/media\/115901"}],"wp:attachment":[{"href":"https:\/\/www.tatanka.nl\/it\/wp-json\/wp\/v2\/media?parent=105264"}],"wp:term":[{"taxonomy":"product_brand","embeddable":true,"href":"https:\/\/www.tatanka.nl\/it\/wp-json\/wp\/v2\/product_brand?post=105264"},{"taxonomy":"product_cat","embeddable":true,"href":"https:\/\/www.tatanka.nl\/it\/wp-json\/wp\/v2\/product_cat?post=105264"},{"taxonomy":"product_tag","embeddable":true,"href":"https:\/\/www.tatanka.nl\/it\/wp-json\/wp\/v2\/product_tag?post=105264"}],"curies":[{"name":"wp","href":"https:\/\/api.w.org\/{rel}","templated":true}]}}