{"id":11395,"date":"2018-02-14T17:08:28","date_gmt":"2018-02-14T17:08:28","guid":{"rendered":"http:\/\/www.tatanka.nl\/?post_type=product&#038;p=11395"},"modified":"2025-05-20T10:28:47","modified_gmt":"2025-05-20T09:28:47","slug":"hempcare-ruby-10-cbd-oil-30ml","status":"publish","type":"product","link":"https:\/\/www.tatanka.nl\/it\/hempcare-ruby-10-cbd-oil-30ml\/","title":{"rendered":"HempCare Ruby 10% Olio di CBD 30ml"},"content":{"rendered":"<h2>HempCare Ruby 10% Olio di CBD 30ml<\/h2>\n<h2 data-start=\"0\" data-end=\"33\">Che cos'\u00e8 il CBD HempCare RUBY 10%?<\/h2>\n<p data-start=\"35\" data-end=\"548\">HempCare RUBY 10% CBD \u00e8 un olio di CBD naturale altamente concentrato, 100%, derivato da una rara pianta di canapa coltivata in un terreno ricco di minerali e argilla rossa in montagna. L'ambiente unico in cui cresce questa canapa contribuisce al colore rosso rubino dell'olio e alle sue potenti propriet\u00e0 naturali. Il CBD HempCare RUBY 10% \u00e8 ricco di cannabinoidi benefici, tra cui il cannabidiolo (CBD), il cannabigerolo (CBG) e il cannabinolo (CBN), oltre a terpeni, flavonoidi e fenoli, che agiscono tutti in sinergia per sostenere l'organismo in modo naturale.<\/p>\n<p data-start=\"550\" data-end=\"923\">Ci\u00f2 che distingue il CBD RUBY 10% di HempCare \u00e8 la sua maggiore concentrazione di beta-cariofillene, un terpene noto per le sue potenti propriet\u00e0 antinfiammatorie e antidolorifiche. Questo la rende una scelta eccellente per chi cerca di alleviare il disagio o ridurre lo stress. La sua composizione naturale garantisce l'assenza di sostanze tossiche, offrendo un'esperienza pura e biologica.<\/p>\n<h2 data-start=\"925\" data-end=\"960\">Storia di HempCare RUBY 10% CBD<\/h2>\n<p data-start=\"962\" data-end=\"1417\">La storia di HempCare RUBY 10% CBD inizia con la coltivazione della canapa in una regione montuosa unica, dove l'argilla rossa naturale del terreno contribuisce alle qualit\u00e0 eccezionali della pianta. HempCare seleziona con cura le migliori variet\u00e0 di canapa e utilizza uno speciale processo di estrazione per preservare l'intero spettro di cannabinoidi, terpeni e altri nutrienti essenziali. Le piante di canapa sono coltivate senza pesticidi, per garantire un prodotto puro e di alta qualit\u00e0.<\/p>\n<p data-start=\"1419\" data-end=\"1727\">HempCare si \u00e8 guadagnata il riconoscimento per la produzione di prodotti CBD di alta qualit\u00e0 e l'olio CBD RUBY 10% si distingue per l'elevato contenuto di terpeni e le rare condizioni di coltivazione. Quest'olio non \u00e8 solo un altro prodotto CBD, ma una testimonianza dell'impegno di HempCare nel fornire un'esperienza CBD davvero unica ed efficace.<\/p>\n<h2 data-start=\"1729\" data-end=\"1764\">Come utilizzare il CBD HempCare RUBY 10%<\/h2>\n<p data-start=\"1766\" data-end=\"2110\">Per ottenere risultati ottimali, si consiglia di iniziare con 5 gocce di CBD HempCare RUBY 10% due volte al giorno sotto la lingua. Tenere l'olio sotto la lingua per circa 20 secondi prima di deglutire per garantire il massimo assorbimento. Molti utenti riferiscono di averne avvertito gli effetti dopo pochi giorni di uso costante, anche se i risultati ottimali possono variare da persona a persona.<\/p>\n<p data-start=\"2112\" data-end=\"2512\">Se si verificano reazioni avverse, \u00e8 consigliabile ridurre il dosaggio. L'organismo assorbe solo il fabbisogno e l'eventuale eccesso viene espulso naturalmente attraverso l'urina o il sudore. Se si desidera un effetto pi\u00f9 forte, \u00e8 possibile aumentare gradualmente il dosaggio in base alle proprie esigenze. HempCare RUBY 10% CBD offre un approccio flessibile all'uso del CBD, consentendo di regolare il dosaggio in base alla propria esperienza personale.<\/p>\n<h2 data-start=\"2514\" data-end=\"2553\">Ingredienti di HempCare RUBY 10% CBD<\/h2>\n<p data-start=\"2555\" data-end=\"2921\">HempCare RUBY 10% CBD contiene due ingredienti principali: olio di semi di canapa ed estratto di canapa. Questi ingredienti lavorano insieme per fornire una potente miscela di cannabinoidi, tra cui CBD, CBG e CBN, oltre a una variet\u00e0 di terpeni, flavonoidi e altri composti benefici. L'inclusione dell'olio di semi di canapa assicura che il prodotto rimanga organico e privo di sostanze chimiche nocive.<\/p>\n<p data-start=\"2923\" data-end=\"3292\">I terpeni contenuti nel CBD HempCare RUBY 10%, come il bisabololo, sono noti per le loro propriet\u00e0 antibatteriche e antimicotiche e contribuiscono ai benefici terapeutici dell'olio. Questa combinazione di ingredienti naturali crea un prodotto efficace e sicuro per l'uso quotidiano. Senza additivi tossici, HempCare RUBY 10% CBD vi garantisce il meglio dalla natura.<\/p>\n<p data-start=\"3294\" data-end=\"3304\"><strong>Avvertenze<\/strong><\/p>\n<p data-start=\"3306\" data-end=\"3457\">Consultare un medico prima dell'uso, soprattutto in caso di gravidanza, allattamento o assunzione di farmaci. Non superare il dosaggio consigliato.<\/p>\n<p data-start=\"3459\" data-end=\"3755\" data-is-last-node=\"\">HempCare RUBY 10% CBD \u00e8 un prodotto unico ed efficace che combina le propriet\u00e0 curative naturali della canapa con la scienza moderna. Se cercate sollievo dal dolore, riduzione dello stress o semplicemente una spinta naturale al benessere, HempCare RUBY 10% CBD offre una soluzione completamente naturale per la vostra routine quotidiana.<\/p>","protected":false},"excerpt":{"rendered":"<p>Hempcare RUBY 10% CBD \u00e8 una variante speciale di CBD. Mentre hempcare utilizza una comune pianta di canapa da fibra con CBD RAW 5% CBD, ha optato per CBD RUBY, una pianta pi\u00f9 rara. L'olio di CBD Hempcare RUBY 10% \u00e8 ricco di terpeni \"speciali\", che svolgono un ruolo importante in diverse funzioni dell'organismo.<\/p>","protected":false},"featured_media":126600,"template":"","meta":[],"product_brand":[],"product_cat":[601,297,485,371,483],"product_tag":[],"class_list":{"0":"post-11395","1":"product","2":"type-product","3":"status-publish","4":"has-post-thumbnail","6":"product_cat-hempcare","7":"product_cat-all-products","8":"product_cat-cbd-oils","9":"product_cat-cbd-top-10","10":"product_cat-cbdshop","12":"first","13":"instock","14":"taxable","15":"shipping-taxable","16":"purchasable","17":"product-type-variable"},"_links":{"self":[{"href":"https:\/\/www.tatanka.nl\/it\/wp-json\/wp\/v2\/product\/11395","targetHints":{"allow":["GET"]}}],"collection":[{"href":"https:\/\/www.tatanka.nl\/it\/wp-json\/wp\/v2\/product"}],"about":[{"href":"https:\/\/www.tatanka.nl\/it\/wp-json\/wp\/v2\/types\/product"}],"wp:featuredmedia":[{"embeddable":true,"href":"https:\/\/www.tatanka.nl\/it\/wp-json\/wp\/v2\/media\/126600"}],"wp:attachment":[{"href":"https:\/\/www.tatanka.nl\/it\/wp-json\/wp\/v2\/media?parent=11395"}],"wp:term":[{"taxonomy":"product_brand","embeddable":true,"href":"https:\/\/www.tatanka.nl\/it\/wp-json\/wp\/v2\/product_brand?post=11395"},{"taxonomy":"product_cat","embeddable":true,"href":"https:\/\/www.tatanka.nl\/it\/wp-json\/wp\/v2\/product_cat?post=11395"},{"taxonomy":"product_tag","embeddable":true,"href":"https:\/\/www.tatanka.nl\/it\/wp-json\/wp\/v2\/product_tag?post=11395"}],"curies":[{"name":"wp","href":"https:\/\/api.w.org\/{rel}","templated":true}]}}