{"id":115892,"date":"2023-08-21T15:19:48","date_gmt":"2023-08-21T13:19:48","guid":{"rendered":"https:\/\/www.tatanka.nl\/?post_type=product&#038;p=115892"},"modified":"2025-06-04T15:41:32","modified_gmt":"2025-06-04T14:41:32","slug":"sexy-x","status":"publish","type":"product","link":"https:\/\/www.tatanka.nl\/it\/sexy-x\/","title":{"rendered":"Sexy X"},"content":{"rendered":"<h2 data-start=\"51\" data-end=\"90\">Cosa sono i cappucci Sexy X Euphoric Sex?<\/h2>\n<p data-start=\"92\" data-end=\"971\">Sexy X Euphoric Sex Caps \u00e8 un integratore di qualit\u00e0 superiore studiato per migliorare le esperienze intime amplificando le sensazioni fisiche e approfondendo le connessioni emotive. Questa miscela di erbe accuratamente realizzata stimola i sensi, favorisce il rilassamento e aumenta il piacere, rendendola la compagna perfetta per i momenti di intimit\u00e0. Aumentando l'euforia e la passione, Sexy X permette a voi e al vostro partner di esplorare nuove dimensioni del desiderio. Pi\u00f9 che una semplice pillola per le feste, \u00e8 uno strumento per migliorare l'intimit\u00e0 e creare un'atmosfera di piacere e di connessione. Con ingredienti accuratamente selezionati, sblocca un'esperienza pi\u00f9 sensuale, aiutandovi a raggiungere un piacere pi\u00f9 profondo e una maggiore vicinanza emotiva. Se state cercando di intensificare i vostri momenti di intimit\u00e0 o di intraprendere un viaggio appassionato, Sexy X Euphoric Sex Caps offre la spinta necessaria per elevare la vostra esperienza.<\/p>\n<h2 data-start=\"973\" data-end=\"1017\">La storia dei tappi Sexy X Euphoric Sex<\/h2>\n<p data-start=\"1019\" data-end=\"1781\">Sexy X Euphoric Sex Caps \u00e8 stato creato in risposta alla crescente domanda di prodotti che migliorino l'intimit\u00e0 sia fisica che emotiva. Sfruttando il potere delle erbe naturali, i creatori di Sexy X hanno sviluppato un integratore che rafforza il legame naturale tra i partner. Gli ingredienti chiave di questa formula sono stati utilizzati per secoli in diverse culture per aumentare la libido, aumentare il piacere e indurre euforia. Combinando queste potenti erbe in una comoda capsula, \u00e8 nato Sexy X. Da quando \u00e8 stato lanciato, ha guadagnato una vasta popolarit\u00e0 tra le persone che cercano di migliorare le loro relazioni e di approfondire il loro legame emotivo e fisico. \u00c8 diventata una scelta obbligata per chi vuole esplorare nuovi livelli di intimit\u00e0 e sensualit\u00e0.<\/p>\n<h2 data-start=\"1783\" data-end=\"1823\">Come utilizzare i cappucci Sexy X Euphoric Sex<\/h2>\n<p data-start=\"1825\" data-end=\"2537\">Per un'esperienza ottimale, assumere una capsula da 30 a 45 minuti prima dell'effetto desiderato. Per garantire un assorbimento ottimale, consumare la capsula con acqua o succo di frutta. Il limite giornaliero consigliato \u00e8 di due capsule ed \u00e8 essenziale non superare questo dosaggio nell'arco delle 24 ore. L'assunzione di Sexy X al momento giusto garantisce di sentire tutti i suoi effetti nel momento ideale. La formula \u00e8 stata progettata per migliorare i legami fisici ed emotivi, rendendola ideale per l'uso prima di un'esperienza intima. Seguire il dosaggio consigliato aiuta a garantire un'esperienza sicura e piacevole. Se state cercando di aumentare la vostra sensualit\u00e0 e sbloccare nuovi livelli di piacere, Sexy X Euphoric Sex Caps \u00e8 la scelta perfetta.<\/p>\n<h2 data-start=\"2539\" data-end=\"2583\">Ingredienti di Sexy X Euphoric Sex Caps<\/h2>\n<p data-start=\"2585\" data-end=\"2835\">Sexy X Euphoric Sex Le capsule sono formulate con una miscela accuratamente selezionata di erbe, ciascuna scelta per la sua capacit\u00e0 di migliorare le sensazioni fisiche, aumentare il piacere e rafforzare i legami emotivi. Gli ingredienti chiave di ogni capsula vegetariana comprendono:<\/p>\n<ul data-start=\"2837\" data-end=\"3449\">\n<li data-start=\"2837\" data-end=\"2928\"><strong data-start=\"2839\" data-end=\"2864\">Damiana 10% (100 mg):<\/strong> Tradizionalmente utilizzato per favorire la salute sessuale e aumentare il desiderio.<\/li>\n<li data-start=\"2929\" data-end=\"3033\"><strong data-start=\"2931\" data-end=\"2949\">GABA (100 mg):<\/strong> Favorisce il rilassamento e riduce lo stress, consentendo un'esperienza di maggiore connessione.<\/li>\n<li data-start=\"3034\" data-end=\"3129\"><strong data-start=\"3036\" data-end=\"3063\">Ginkgo Biloba (100 mg):<\/strong> Migliora la circolazione, con conseguente aumento delle sensazioni fisiche.<\/li>\n<li data-start=\"3130\" data-end=\"3228\"><strong data-start=\"3132\" data-end=\"3159\">Estratto Kanna (100 mg):<\/strong> Migliora l'umore e allevia lo stress, favorendo l'intimit\u00e0 emotiva.<\/li>\n<li data-start=\"3229\" data-end=\"3334\"><strong data-start=\"3231\" data-end=\"3258\">Passiflora (100 mg):<\/strong> Fornisce effetti calmanti, aiutando a rilassarsi completamente e ad abbracciare il momento.<\/li>\n<li data-start=\"3335\" data-end=\"3449\"><strong data-start=\"3337\" data-end=\"3378\">Acido ascorbico (80 mg) e zinco (10 mg):<\/strong> Favoriscono la salute e l'energia generale, migliorando ulteriormente l'esperienza.<\/li>\n<\/ul>\n<p data-start=\"3451\" data-end=\"3623\" data-is-last-node=\"\">Insieme, questi ingredienti agiscono sinergicamente per offrire un'esperienza elevata e sensuale, sbloccando nuovi livelli di piacere e intimit\u00e0 sia per voi che per il vostro partner.<\/p>\n<p><strong>Attenzione:<\/strong><br \/>\nNon utilizzare un integratore alimentare come sostituto di una dieta varia. Tenere fuori dalla portata dei bambini. L'uso \u00e8 consentito solo ai maggiori di 18 anni. Non utilizzare in combinazione con farmaci o altri stimolanti, in caso di pressione alta\/bassa, patologie cardiache, disturbi della tiroide, malattie renali, depressione, nervosismo, disturbi fisici e\/o mentali e uso di inibitori MAO. Fare attenzione al consumo eccessivo di alcol. In caso di dubbio, consultare il medico.<\/p>","protected":false},"excerpt":{"rendered":"<p><span data-sheets-value=\"{&quot;1&quot;:2,&quot;2&quot;:&quot;Experience Passion and Ecstasy with Sexy X Euphoric Sex Caps!\\n\\nIndulge in the extraordinary with Sexy X Euphoric Sex Caps \u2013 a one-of-a-kind herbal blend meticulously crafted to ignite your senses and set the stage for an unforgettable journey into the realms of love and desire. From enhancing your physical sensations to deepening emotional connections, Sexy X is the secret ingredient that transforms intimate moments into a symphony of euphoria and passion.\\n\\nIgnite Your Senses and Explore New Depths of Pleasure\\n\\nImagine a world where every touch, every whisper, and every glance carries an electrifying charge. With Sexy X, that fantasy becomes your reality. Our unique blend of carefully selected herbs is designed to awaken your body and mind, elevating your experiences to new heights. Feel the tingle of anticipation as you take the first step towards sensual exploration, opening doors to pleasure you never thought possible.\\n\\nUnleash Your Inner Sensuality with Sexy X\\n\\nUnveil the hidden facets of your sensuality with Sexy X Euphoric Sex Caps. Let go of inhibitions and allow your inner desires to flourish. Whether you're igniting the flames of a long-term relationship or kindling a new spark, Sexy X provides the key to unlocking the door to a world where inhibitions fade and passion takes the lead.\\n\\nWhy Choose Sexy X Euphoric Sex Caps?\\n\\nSexy X is more than just a party pill \u2013 it's a gateway to a universe of unparalleled ecstasy. Our meticulously crafted blend is formulated with a focus on quality, safety, and the ultimate satisfaction of you and your partner. Every moment becomes an opportunity to delve into the depths of connection, amplifying the intimacy and excitement you share.\\n\\nElevate Your Intimate Moments Today\\n\\nReady to embark on a journey that will redefine your understanding of passion and connection? The Sexy X Euphoric Sex Caps are here to guide you. Unveil a world of heightened sensations, emotional intensity, and unbridled desire. Elevate your intimate moments and create memories that will last a lifetime. Experience the magic of Sexy X \u2013 order now and discover the euphoria that awaits!\\n\\n\\n\\n\\n\\n&quot;}\" data-sheets-userformat=\"{&quot;2&quot;:771,&quot;3&quot;:{&quot;1&quot;:0},&quot;4&quot;:{&quot;1&quot;:2,&quot;2&quot;:16711935},&quot;11&quot;:3,&quot;12&quot;:0}\">Provate passione ed estasi con Sexy X Euphoric Sex Caps! Concedetevi lo straordinario con Sexy X Euphoric Sex Caps, una miscela di erbe unica nel suo genere, meticolosamente realizzata per accendere i vostri sensi e preparare il terreno per un viaggio indimenticabile nei regni dell'amore e del desiderio. Dal potenziamento delle sensazioni fisiche all'approfondimento delle connessioni emotive, Sexy X \u00e8 l'ingrediente segreto che trasforma i momenti di intimit\u00e0 in una sinfonia di euforia e passione.<\/span><\/p>","protected":false},"featured_media":115895,"template":"","meta":[],"product_brand":[],"product_cat":[535,525,476,532],"product_tag":[],"class_list":{"0":"post-115892","1":"product","2":"type-product","3":"status-publish","4":"has-post-thumbnail","6":"product_cat-dnx","7":"product_cat-party-pills","8":"product_cat-smartshop","9":"product_cat-trippy-pills","10":"product_shipping_class-not-allowed-group-1","12":"first","13":"instock","14":"taxable","15":"shipping-taxable","16":"purchasable","17":"product-type-variable","18":"has-default-attributes"},"_links":{"self":[{"href":"https:\/\/www.tatanka.nl\/it\/wp-json\/wp\/v2\/product\/115892","targetHints":{"allow":["GET"]}}],"collection":[{"href":"https:\/\/www.tatanka.nl\/it\/wp-json\/wp\/v2\/product"}],"about":[{"href":"https:\/\/www.tatanka.nl\/it\/wp-json\/wp\/v2\/types\/product"}],"wp:featuredmedia":[{"embeddable":true,"href":"https:\/\/www.tatanka.nl\/it\/wp-json\/wp\/v2\/media\/115895"}],"wp:attachment":[{"href":"https:\/\/www.tatanka.nl\/it\/wp-json\/wp\/v2\/media?parent=115892"}],"wp:term":[{"taxonomy":"product_brand","embeddable":true,"href":"https:\/\/www.tatanka.nl\/it\/wp-json\/wp\/v2\/product_brand?post=115892"},{"taxonomy":"product_cat","embeddable":true,"href":"https:\/\/www.tatanka.nl\/it\/wp-json\/wp\/v2\/product_cat?post=115892"},{"taxonomy":"product_tag","embeddable":true,"href":"https:\/\/www.tatanka.nl\/it\/wp-json\/wp\/v2\/product_tag?post=115892"}],"curies":[{"name":"wp","href":"https:\/\/api.w.org\/{rel}","templated":true}]}}