{"id":118547,"date":"2024-01-26T10:54:06","date_gmt":"2024-01-26T08:54:06","guid":{"rendered":"https:\/\/www.tatanka.nl\/?post_type=product&#038;p=118547"},"modified":"2026-01-20T00:48:29","modified_gmt":"2026-01-19T23:48:29","slug":"tripping-tea-dragons-dynamite-20-grams","status":"publish","type":"product","link":"https:\/\/www.tatanka.nl\/it\/tripping-tea-dragons-dynamite-20-grams\/","title":{"rendered":"Tripping T\u00e8: Dragon\u2019s Dynamite 20 grammi"},"content":{"rendered":"<h2 dir=\"ltr\" data-pm-slice=\"1 1 []\">Che cos'\u00e8 il t\u00e8 Dragon\u2019s Dynamite Tripping?<\/h2>\n<p dir=\"ltr\">Il T\u00e8 Dragon\u2019s Dynamite Tripping \u00e8 una potente miscela psichedelica che combina 20 grammi di tartufi magici con il T\u00e8 Shamanita, un infuso di erbe appositamente curato. Pensato per chi cerca un'immersione profonda nella propria coscienza, questo t\u00e8 offre allucinazioni vivide, percezioni sensoriali e temporali alterate ed esperienze emotive intense. I tartufi magici, noti per i loro potenti effetti, lavorano in sinergia con la tisana per amplificare il viaggio, favorendo la creativit\u00e0, l'introspezione e la crescita spirituale. Ideale per i consumatori esperti, offre un'esperienza trasformativa se consumata in un ambiente calmo e confortevole, in presenza di una guida sobria. Il t\u00e8 \u00e8 facile da preparare e consente di macerare i tartufi e le erbe per ottenere un effetto equilibrato e coinvolgente. Questo prodotto non \u00e8 una semplice bevanda, ma una porta d'accesso per esplorare i regni pi\u00f9 profondi della mente, incoraggiando profonde intuizioni ed espressioni artistiche. La sua formula accuratamente realizzata garantisce un equilibrio armonioso tra intensit\u00e0 e consapevolezza, rendendolo un'offerta unica per chi \u00e8 pronto a intraprendere un'avventura mistica. Seguire sempre le indicazioni di dosaggio per garantire un'esperienza sicura e illuminante.<\/p>\n<h2 dir=\"ltr\">Storia del t\u00e8 Dragon\u2019s Dynamite Tripping<\/h2>\n<p dir=\"ltr\">Le origini del T\u00e8 Dragon\u2019s Dynamite Tripping risalgono ad antiche tradizioni di utilizzo di sostanze psicoattive per la crescita spirituale e personale. I tartufi magici, il componente principale, sono stati usati per secoli in varie culture per le loro propriet\u00e0 di alterazione della mente, spesso in rituali per connettersi con il divino o per esplorare il s\u00e9. La formulazione moderna di questo t\u00e8 \u00e8 nata dalla rinascita dell'interesse per gli psichedelici a scopo terapeutico e creativo. Miscelando questi tartufi con il T\u00e8 Shamanita, una miscela di erbe ispirata alle pratiche sciamaniche, questo prodotto combina la saggezza antica con l'innovazione contemporanea. I tartufi sono coltivati per massimizzare la potenza, mentre il t\u00e8 ne potenzia gli effetti, creando un'esperienza pi\u00f9 morbida e riflessiva. Questa fusione riflette il crescente apprezzamento per gli psichedelici naturali nelle comunit\u00e0 del benessere e dell'arte. Dragon\u2019s Dynamite Tripping Il t\u00e8 rappresenta un ponte tra passato e presente, offrendo agli utenti la possibilit\u00e0 di attingere allo stesso potere trasformativo che ha guidato sciamani e cercatori per generazioni. Il suo aumento di popolarit\u00e0 sottolinea un cambiamento culturale verso l'adozione di psichedelici per la consapevolezza e la scoperta di s\u00e9, sempre con un'enfasi sull'uso sicuro e intenzionale.<\/p>\n<h2 dir=\"ltr\">Come utilizzare il t\u00e8 Dragon\u2019s Dynamite Tripping<\/h2>\n<p>La preparazione del T\u00e8 Magic Truffle Tripping \u00e8 un processo semplice che migliora l'esperienza complessiva di arricchimento:<\/p>\n<p>1. Fate bollire 1,5 litri di acqua in un bollitore o in una pentola. Una volta che l'acqua inizia a bollire, toglierla dal fuoco e lasciarla raffreddare per qualche minuto a circa 80 gradi Celsius.<br \/>\n2. Inserire la bustina di t\u00e8 Shamanita nella teiera o nel bricco.<br \/>\n3. Macinare o tritare i tartufi magici in piccoli pezzi, quindi riempire con essi la bustina di t\u00e8 vuota in dotazione e metterla nella teiera o nel bricco.<br \/>\n4. Versare con cautela l'acqua calda sulle bustine di t\u00e8 nella teiera o nel bricco.<br \/>\n5. Lasciare in infusione il t\u00e8 Shamanita per circa 7 minuti. Il tempo di infusione esatto pu\u00f2 variare a seconda delle preferenze personali. Quindi rimuovere la bustina di t\u00e8 Shamanita dalla teiera o dal bricco.<br \/>\n6. Lasciare in infusione la bustina di t\u00e8 con i tartufi magici per 10-15 minuti.<br \/>\n7. Dopo la macerazione, rimuovere la bustina di t\u00e8 con i tartufi magici. Si pu\u00f2 scegliere di mangiare i tartufi per avere una marcia in pi\u00f9.<br \/>\n8. Servire il t\u00e8 Shamanita caldo in tazze o bicchieri.<\/p>\n<h2 dir=\"ltr\">Ingredienti del t\u00e8 Dragon\u2019s Dynamite Tripping<\/h2>\n<p dir=\"ltr\">Il t\u00e8 Dragon\u2019s Dynamite Tripping \u00e8 realizzato con due componenti principali: 20 grammi di tartufi magici e il t\u00e8 Shamanita. I tartufi magici, noti per i loro potenti composti psicoattivi, sono coltivati con cura per garantire una forza e una qualit\u00e0 costanti, offrendo allucinazioni vivide e profonde intuizioni emotive. Questi tartufi contengono composti naturali che interagiscono con il cervello per alterare la percezione, l'umore e la coscienza, rendendoli ideali per i consumatori esperti. Il t\u00e8 Shamanita, una miscela di erbe proprietaria, completa i tartufi potenziandone gli effetti e favorendo un viaggio pi\u00f9 fluido e introspettivo. Questo t\u00e8 comprende erbe accuratamente selezionate che si armonizzano con i tartufi, favorendo un'esperienza equilibrata che incoraggia la creativit\u00e0 e la connessione spirituale. La combinazione di questi ingredienti crea un effetto sinergico, amplificando il viaggio psichedelico e radicandolo in un contesto di consapevolezza. Non sono inclusi additivi o conservanti artificiali, per garantire un'esperienza naturale e autentica. La formulazione precisa di questo t\u00e8 \u00e8 stata studiata per sostenere gli utenti nell'esplorazione dei loro paesaggi interiori, rendendolo un'offerta unica per coloro che cercano una trasformazione profonda. Conservare sempre il prodotto in un luogo fresco e asciutto per mantenerne la potenza.<\/p>\n<p dir=\"ltr\"><strong>Avvertenze<\/strong><br \/>\nUsare solo se si \u00e8 maggiorenni e tenere fuori dalla portata dei bambini. Consultare un medico prima dell'uso in caso di gravidanza, allattamento o problemi di salute. Evitare l'uso in caso di problemi renali o cardiaci, pressione alta o bassa, diabete o sotto l'effetto di farmaci, alcol o droghe. Questo prodotto non \u00e8 un farmaco. Non acquistare se il sigillo \u00e8 rotto.<\/p>","protected":false},"excerpt":{"rendered":"<p dir=\"auto\">Il T\u00e8 Dragon\u2019s Dynamite Tripping \u00e8 una potente miscela di 20 grammi di tartufi magici e di T\u00e8 Shamanita, creata per utenti esperti alla ricerca di vivide allucinazioni e di una profonda scoperta di s\u00e9. Questo t\u00e8 unico offre un viaggio psichedelico coinvolgente, che aumenta la creativit\u00e0, la profondit\u00e0 emotiva e l'esplorazione spirituale in un ambiente sicuro e confortevole con una guida sobria.<\/p>","protected":false},"featured_media":118802,"template":"","meta":[],"product_brand":[],"product_cat":[620,297,615,515,476],"product_tag":[662],"class_list":{"0":"post-118547","1":"product","2":"type-product","3":"status-publish","4":"has-post-thumbnail","6":"product_cat-shamanita","7":"product_cat-all-products","8":"product_cat-magic-truffle-tea","9":"product_cat-shroomshop","10":"product_cat-smartshop","11":"product_tag-shrdeal","12":"product_shipping_class-creditcard-off","14":"first","15":"instock","16":"taxable","17":"shipping-taxable","18":"purchasable","19":"product-type-variable","20":"has-default-attributes"},"_links":{"self":[{"href":"https:\/\/www.tatanka.nl\/it\/wp-json\/wp\/v2\/product\/118547","targetHints":{"allow":["GET"]}}],"collection":[{"href":"https:\/\/www.tatanka.nl\/it\/wp-json\/wp\/v2\/product"}],"about":[{"href":"https:\/\/www.tatanka.nl\/it\/wp-json\/wp\/v2\/types\/product"}],"wp:featuredmedia":[{"embeddable":true,"href":"https:\/\/www.tatanka.nl\/it\/wp-json\/wp\/v2\/media\/118802"}],"wp:attachment":[{"href":"https:\/\/www.tatanka.nl\/it\/wp-json\/wp\/v2\/media?parent=118547"}],"wp:term":[{"taxonomy":"product_brand","embeddable":true,"href":"https:\/\/www.tatanka.nl\/it\/wp-json\/wp\/v2\/product_brand?post=118547"},{"taxonomy":"product_cat","embeddable":true,"href":"https:\/\/www.tatanka.nl\/it\/wp-json\/wp\/v2\/product_cat?post=118547"},{"taxonomy":"product_tag","embeddable":true,"href":"https:\/\/www.tatanka.nl\/it\/wp-json\/wp\/v2\/product_tag?post=118547"}],"curies":[{"name":"wp","href":"https:\/\/api.w.org\/{rel}","templated":true}]}}