{"id":118553,"date":"2024-01-26T10:55:20","date_gmt":"2024-01-26T08:55:20","guid":{"rendered":"https:\/\/www.tatanka.nl\/?post_type=product&#038;p=118553"},"modified":"2025-11-04T11:58:46","modified_gmt":"2025-11-04T10:58:46","slug":"hero-trip-tea-high-hawaiians-25-grams","status":"publish","type":"product","link":"https:\/\/www.tatanka.nl\/it\/hero-trip-tea-high-hawaiians-25-grams\/","title":{"rendered":"Hero Trip T\u00e8: High Hawaiians 25 grammi"},"content":{"rendered":"<h2 dir=\"ltr\" data-pm-slice=\"1 1 []\">Cosa sono i t\u00e8 High Hawaiians Hero Trip?<\/h2>\n<p dir=\"ltr\">Il t\u00e8 High Hawaiians Hero Trip \u00e8 una potente miscela psichedelica creata per gli avventurieri esperti che cercano un'esperienza intensa e trasformativa. Ogni porzione contiene 25 grammi di tartufi magici High Hawaiians, noti per indurre vivide allucinazioni, profonde intuizioni e una profonda connessione con l'io interiore. Abbinato al t\u00e8 Shamanita, una miscela di erbe attentamente curata, questo t\u00e8 potenzia gli effetti dei tartufi, creando un ambiente ideale per l'introspezione, la creativit\u00e0 e la meditazione. La sinergia tra i tartufi e il t\u00e8 alle erbe eleva il viaggio, guidando gli utenti attraverso intricati paesaggi di coscienza. Questo prodotto non \u00e8 solo una bevanda, ma una porta verso l'illuminazione spirituale ed emotiva. La preparazione e la cautela sono essenziali, poich\u00e9 il potente dosaggio \u00e8 riservato a coloro che hanno una precedente esperienza nell'esplorazione psichedelica. Il t\u00e8 offre un'opportunit\u00e0 unica di esplorare le profondit\u00e0 della mente, favorendo l'armonia tra corpo e spirito. Per un'esperienza sicura e arricchente, gli utenti devono seguire le linee guida sul dosaggio e assicurarsi un ambiente confortevole con una guida sobria. Il t\u00e8 High Hawaiians Hero Trip invita a liberare il proprio potenziale interiore e a intraprendere un viaggio alla scoperta di s\u00e9.<\/p>\n<h2 dir=\"ltr\">Storia del t\u00e8 High Hawaiians Hero Trip<\/h2>\n<p dir=\"ltr\">Le origini del T\u00e8 High Hawaiians Hero Trip risalgono alle antiche pratiche di utilizzo di sostanze psicoattive per la crescita spirituale e personale. I tartufi magici, un componente chiave, sono stati utilizzati per secoli in varie culture per le loro propriet\u00e0 di alterazione della mente. Gli sciamani e i guaritori indigeni spesso incorporavano queste sostanze nei rituali per connettersi con il divino, ottenere intuizioni e favorire i legami comunitari. La variet\u00e0 High Hawaiians, nota per la sua potenza, \u00e8 nata da moderne tecniche di coltivazione volte a potenziare gli effetti psichedelici. Abbinato al t\u00e8 Shamanita, una miscela ispirata all'erboristeria tradizionale, questo prodotto rappresenta una fusione di saggezza antica e innovazione contemporanea. Lo sviluppo del t\u00e8 riflette il crescente interesse per gli psichedelici a scopo terapeutico e creativo. Sfruttando il potere dei tartufi magici High Hawaiians, questo t\u00e8 offre una rivisitazione moderna di pratiche antiche, consentendo agli utenti di esplorare la coscienza in modo controllato e intenzionale. Il suo aumento di popolarit\u00e0 si allinea con il rinnovato interesse scientifico per gli psichedelici, che vengono studiati per il loro potenziale nell'affrontare le sfide della salute mentale e migliorare la crescita personale. Il t\u00e8 High Hawaiians Hero Trip si pone come ponte tra tradizione e modernit\u00e0, invitando gli utenti a partecipare a un viaggio senza tempo di autorealizzazione.<\/p>\n<h2 dir=\"ltr\">Come utilizzare il t\u00e8 High Hawaiians Hero Trip<\/h2>\n<p>La preparazione del T\u00e8 Magic Truffle Hero Trip \u00e8 un processo semplice che migliora l'esperienza complessiva di arricchimento:<\/p>\n<p>1. Fate bollire 1,5 litri di acqua in un bollitore o in una pentola. Una volta che l'acqua inizia a bollire, toglierla dal fuoco e lasciarla raffreddare per qualche minuto a circa 80 gradi Celsius.<br \/>\n2. Inserire la bustina di t\u00e8 Shamanita nella teiera o nel bricco.<br \/>\n3. Macinare o tritare i tartufi magici in piccoli pezzi, quindi riempire con essi la bustina di t\u00e8 vuota in dotazione e metterla nella teiera o nel bricco.<br \/>\n4. Versare con cautela l'acqua calda sulle bustine di t\u00e8 nella teiera o nel bricco.<br \/>\n5. Lasciare in infusione il t\u00e8 Shamanita per circa 7 minuti. Il tempo di infusione esatto pu\u00f2 variare a seconda delle preferenze personali. Quindi rimuovere la bustina di t\u00e8 Shamanita dalla teiera o dal bricco.<br \/>\n6. Lasciare in infusione la bustina di t\u00e8 con i tartufi magici per 10-15 minuti.<br \/>\n7. Dopo la macerazione, rimuovere la bustina di t\u00e8 con i tartufi magici. Si pu\u00f2 scegliere di mangiare i tartufi per avere una marcia in pi\u00f9.<br \/>\n8. Servire il t\u00e8 Shamanita caldo in tazze o bicchieri.<\/p>\n<h2 dir=\"ltr\">Ingredienti del t\u00e8 High Hawaiians Hero Trip<\/h2>\n<p dir=\"ltr\">Il t\u00e8 High Hawaiians Hero Trip \u00e8 realizzato con due componenti principali: 25 grammi di tartufi magici High Hawaiians e t\u00e8 Shamanita. I tartufi, una potente variet\u00e0 di sclerozi contenenti psilocibina, sono responsabili degli effetti psichedelici del t\u00e8, inducendo vivide allucinazioni e profonde intuizioni. Questi tartufi sono stati accuratamente selezionati per il loro elevato contenuto di psilocibina, che li rende ideali per gli utenti esperti che cercano un'esperienza profonda e trasformativa. Il t\u00e8 Shamanita, una miscela di erbe brevettata, completa i tartufi potenziandone gli effetti e promuovendo un viaggio equilibrato e introspettivo. Le erbe contenute nel T\u00e8 Shamanita sono state scelte per sinergizzare con i tartufi e per le loro propriet\u00e0 calmanti e di radicamento, garantendo un'esperienza armoniosa. La combinazione di questi ingredienti crea una bevanda potente ma equilibrata che favorisce l'esplorazione emotiva e spirituale. Non sono inclusi additivi o conservanti artificiali, per preservare la naturale potenza dei tartufi e la purezza della tisana. Questo approccio minimalista assicura che gli utenti ricevano tutti i benefici dei componenti attivi, favorendo una profonda connessione con se stessi e con l'universo. L'accurata selezione degli ingredienti rende questa tisana uno strumento unico per chi cerca l'illuminazione e la crescita personale.<\/p>\n<p dir=\"ltr\"><strong>Avvertenze<\/strong><br \/>\nUtilizzare al di sopra dei 18 anni. Tenere fuori dalla portata dei bambini. Consultare un medico prima dell'uso in caso di gravidanza, allattamento o problemi di salute. I soggetti con problemi renali o cardiaci, pressione alta o bassa, diabete o sotto l'effetto di farmaci, alcol o droghe devono evitare l'uso. Questo prodotto non \u00e8 un farmaco. Non acquistare se il sigillo \u00e8 rotto.<\/p>","protected":false},"excerpt":{"rendered":"<p dir=\"auto\">Intraprendete un viaggio di trasformazione con il T\u00e8 High Hawaiians Hero Trip, una potente miscela di 25 grammi di Tartufi Magici High Hawaiians e T\u00e8 Shamanita. Progettato per utenti esperti, questo t\u00e8 sblocca allucinazioni vivide, intuizioni profonde e illuminazione spirituale, favorendo una profonda connessione con il proprio io.<\/p>","protected":false},"featured_media":118787,"template":"","meta":[],"product_brand":[],"product_cat":[620,297,615,515,476],"product_tag":[662],"class_list":{"0":"post-118553","1":"product","2":"type-product","3":"status-publish","4":"has-post-thumbnail","6":"product_cat-shamanita","7":"product_cat-all-products","8":"product_cat-magic-truffle-tea","9":"product_cat-shroomshop","10":"product_cat-smartshop","11":"product_tag-shrdeal","12":"product_shipping_class-creditcard-off","14":"first","15":"instock","16":"taxable","17":"shipping-taxable","18":"purchasable","19":"product-type-variable","20":"has-default-attributes"},"_links":{"self":[{"href":"https:\/\/www.tatanka.nl\/it\/wp-json\/wp\/v2\/product\/118553","targetHints":{"allow":["GET"]}}],"collection":[{"href":"https:\/\/www.tatanka.nl\/it\/wp-json\/wp\/v2\/product"}],"about":[{"href":"https:\/\/www.tatanka.nl\/it\/wp-json\/wp\/v2\/types\/product"}],"wp:featuredmedia":[{"embeddable":true,"href":"https:\/\/www.tatanka.nl\/it\/wp-json\/wp\/v2\/media\/118787"}],"wp:attachment":[{"href":"https:\/\/www.tatanka.nl\/it\/wp-json\/wp\/v2\/media?parent=118553"}],"wp:term":[{"taxonomy":"product_brand","embeddable":true,"href":"https:\/\/www.tatanka.nl\/it\/wp-json\/wp\/v2\/product_brand?post=118553"},{"taxonomy":"product_cat","embeddable":true,"href":"https:\/\/www.tatanka.nl\/it\/wp-json\/wp\/v2\/product_cat?post=118553"},{"taxonomy":"product_tag","embeddable":true,"href":"https:\/\/www.tatanka.nl\/it\/wp-json\/wp\/v2\/product_tag?post=118553"}],"curies":[{"name":"wp","href":"https:\/\/api.w.org\/{rel}","templated":true}]}}