{"id":126724,"date":"2024-12-06T09:55:37","date_gmt":"2024-12-06T08:55:37","guid":{"rendered":"https:\/\/www.tatanka.nl\/?post_type=product&#038;p=126724"},"modified":"2025-03-05T16:25:18","modified_gmt":"2025-03-05T15:25:18","slug":"guarana-capsules","status":"publish","type":"product","link":"https:\/\/www.tatanka.nl\/it\/guarana-capsules\/","title":{"rendered":"Capsule di guaran\u00e0"},"content":{"rendered":"<h2>Che cosa sono i Guaran\u00e0 Capsules?<\/h2>\n<p>Il Guaran\u00e0 Capsules e Indian Elements sono un integratore energetico naturale derivato dai semi della pianta Paullinia Cupana. Originaria della foresta amazzonica, questa pianta \u00e8 stata utilizzata per secoli dalle trib\u00f9 indigene per le sue propriet\u00e0 stimolanti. I semi della pianta di guaran\u00e0 contengono un'elevata concentrazione di caffeina, fino a 4-6 volte superiore a quella del caff\u00e8, che li rende un efficace e duraturo stimolante energetico.<\/p>\n<p>A differenza del caff\u00e8, dove la caffeina viene assorbita rapidamente, la caffeina del guaran\u00e0 viene rilasciata gradualmente nel flusso sanguigno. Ci\u00f2 consente di ottenere livelli di energia sostenuti e riduce il rischio di crollo energetico che spesso segue il consumo di caff\u00e8. Le capsule sono un modo pratico per sfruttare la potenza del guaran\u00e0 e possono sostenere le prestazioni fisiche e mentali. Se si desidera rimanere vigili durante le lunghe ore di lavoro o se si ha bisogno di energia supplementare durante l'attivit\u00e0 fisica, Indian Elements Guarana Capsules offre una soluzione naturale ed equilibrata.<\/p>\n<h2>Storia del Guaran\u00e0<\/h2>\n<p>Il guaran\u00e0 ha una ricca storia radicata nella cultura delle trib\u00f9 indigene della foresta amazzonica. Per secoli, queste comunit\u00e0 hanno utilizzato i semi della pianta Paullinia Cupana per scopi medicinali e cerimoniali. Il guaran\u00e0 \u00e8 considerato cos\u00ec importante da alcune trib\u00f9 che ha un significato simbolico e culturale nella loro vita quotidiana. Tradizionalmente veniva usato come stimolante per aiutare nella caccia o nella guerra, contribuendo a migliorare la concentrazione, l'energia e la resistenza.<\/p>\n<p>Le propriet\u00e0 energizzanti del guaran\u00e0 lo rendevano una risorsa preziosa per queste trib\u00f9, che vi facevano affidamento per sostenere i loro livelli di energia durante le attivit\u00e0 fisicamente impegnative. Con il tempo, il guaran\u00e0 \u00e8 diventato pi\u00f9 conosciuto al di fuori della sua regione d'origine e si \u00e8 fatto strada nel mercato globale. Oggi \u00e8 un ingrediente popolare nelle bevande energetiche, negli integratori e nei prodotti per la perdita di peso, grazie alla sua capacit\u00e0 di fornire una spinta energetica naturale e prolungata.<\/p>\n<h2>Come utilizzare il Guaran\u00e0 Capsules<\/h2>\n<p>Per godere dei benefici del Guaran\u00e0, assumere una capsula con un bicchiere d'acqua come parte della routine quotidiana. Si consiglia di consumare la capsula al mattino o nel primo pomeriggio per evitare qualsiasi potenziale interferenza con il sonno, a causa del contenuto di caffeina. Il rilascio graduale di caffeina dalla pianta di guaran\u00e0 fa s\u00ec che i suoi effetti energizzanti durino pi\u00f9 a lungo, senza il rapido crollo che spesso accompagna il caff\u00e8 o le bevande energetiche.<\/p>\n<p>Se si \u00e8 sensibili alla caffeina o non si \u00e8 mai provato il guaran\u00e0 prima d'ora, \u00e8 consigliabile iniziare con una dose minore e osservare la risposta del corpo. Il guaran\u00e0 \u00e8 noto per migliorare la chiarezza mentale, la concentrazione e le prestazioni fisiche, il che lo rende una scelta eccellente per gli atleti, gli studenti o chiunque abbia bisogno di una spinta durante le lunghe giornate di lavoro.<\/p>\n<p>Oltre ad aumentare l'energia, il guaran\u00e0 pu\u00f2 anche contribuire alla gestione del peso, in quanto ha lievi propriet\u00e0 di soppressione dell'appetito e contiene antiossidanti salutari. Per questo \u00e8 un integratore molto apprezzato da chi vuole sostenere i propri obiettivi di dieta e fitness.<\/p>\n<h2>Ingredienti del Guaran\u00e0 Capsules<\/h2>\n<p>L'ingrediente principale di Indian Elements Guarana Capsules \u00e8 la Paullinia Cupana, il nome scientifico della pianta del guaran\u00e0. I semi di questa pianta sono ricchi di caffeina, che \u00e8 il composto attivo chiave responsabile dei suoi effetti energizzanti. Il guaran\u00e0 contiene una quantit\u00e0 di caffeina 4-6 volte superiore a quella del caff\u00e8, il che lo rende una delle fonti naturali pi\u00f9 potenti di questo stimolante.<\/p>\n<p>Oltre alla caffeina, i semi di guaran\u00e0 contengono anche antiossidanti benefici che contribuiscono ai vantaggi complessivi dell'integratore per la salute. Questi antiossidanti possono aiutare a combattere lo stress ossidativo e a sostenere il benessere generale. La composizione naturale del guaran\u00e0 fornisce una spinta energetica equilibrata e sostenibile, senza i bruschi picchi e le cadute che spesso si verificano con gli stimolanti sintetici.<\/p>\n<p>Indian Elements Guaran\u00e0 Capsules sono 100% naturali, vegani e privi di additivi artificiali. Questo garantisce un prodotto puro e di alta qualit\u00e0 che supporta uno stile di vita sano.<\/p>\n<p><strong>Avvertenze<\/strong><br \/>\nLe capsule di guaran\u00e0 sono destinate agli adulti di et\u00e0 superiore ai 18 anni. Tenere fuori dalla portata dei bambini. L'uso del guaran\u00e0 \u00e8 sconsigliato ai soggetti affetti da patologie cardiache. Consultare sempre un operatore sanitario prima di iniziare un nuovo integratore, soprattutto se si hanno problemi di salute. Questo \u00e8 un integratore alimentare e deve essere usato come parte di una dieta equilibrata. Non acquistare se il sigillo \u00e8 rotto.<\/p>","protected":false},"excerpt":{"rendered":"<p>Indian Elements Guarana Capsules forniscono una spinta energetica naturale, grazie all'elevato contenuto di caffeina della pianta Paullinia Cupana. Ideali per chi cerca di aumentare l'energia, la concentrazione e la motivazione, queste capsule sono apprezzate da atleti, studenti e da tutti coloro che necessitano di una spinta mentale o fisica.<\/p>","protected":false},"featured_media":126727,"template":"","meta":[],"product_brand":[],"product_cat":[597,297,477,476],"product_tag":[],"class_list":{"0":"post-126724","1":"product","2":"type-product","3":"status-publish","4":"has-post-thumbnail","6":"product_cat-indian-elements","7":"product_cat-all-products","8":"product_cat-herbs","9":"product_cat-smartshop","11":"first","12":"instock","13":"taxable","14":"shipping-taxable","15":"purchasable","16":"product-type-variable","17":"has-default-attributes"},"_links":{"self":[{"href":"https:\/\/www.tatanka.nl\/it\/wp-json\/wp\/v2\/product\/126724","targetHints":{"allow":["GET"]}}],"collection":[{"href":"https:\/\/www.tatanka.nl\/it\/wp-json\/wp\/v2\/product"}],"about":[{"href":"https:\/\/www.tatanka.nl\/it\/wp-json\/wp\/v2\/types\/product"}],"wp:featuredmedia":[{"embeddable":true,"href":"https:\/\/www.tatanka.nl\/it\/wp-json\/wp\/v2\/media\/126727"}],"wp:attachment":[{"href":"https:\/\/www.tatanka.nl\/it\/wp-json\/wp\/v2\/media?parent=126724"}],"wp:term":[{"taxonomy":"product_brand","embeddable":true,"href":"https:\/\/www.tatanka.nl\/it\/wp-json\/wp\/v2\/product_brand?post=126724"},{"taxonomy":"product_cat","embeddable":true,"href":"https:\/\/www.tatanka.nl\/it\/wp-json\/wp\/v2\/product_cat?post=126724"},{"taxonomy":"product_tag","embeddable":true,"href":"https:\/\/www.tatanka.nl\/it\/wp-json\/wp\/v2\/product_tag?post=126724"}],"curies":[{"name":"wp","href":"https:\/\/api.w.org\/{rel}","templated":true}]}}