{"id":126729,"date":"2024-12-06T10:00:16","date_gmt":"2024-12-06T09:00:16","guid":{"rendered":"https:\/\/www.tatanka.nl\/?post_type=product&#038;p=126729"},"modified":"2025-01-29T14:02:50","modified_gmt":"2025-01-29T13:02:50","slug":"guarana","status":"publish","type":"product","link":"https:\/\/www.tatanka.nl\/it\/guarana\/","title":{"rendered":"Guaran\u00e0"},"content":{"rendered":"<h2>Che cos'\u00e8 il Guaran\u00e0?<\/h2>\n<p>Il guaran\u00e0 (Paullinia Cupana) \u00e8 una pianta rampicante tropicale originaria della regione amazzonica, in particolare del Brasile. Le sue piccole bacche rosso-marrone e i suoi semi sono stati utilizzati per secoli dalle trib\u00f9 indigene, non solo come fonte di cibo ma anche per le loro propriet\u00e0 energizzanti. Per queste trib\u00f9, il guaran\u00e0 \u00e8 un simbolo culturale importante, spesso considerato vitale per il loro stile di vita. Conosciuto per i suoi potenti effetti stimolanti, il guaran\u00e0 \u00e8 stato storicamente utilizzato nella caccia e nella guerra per la sua capacit\u00e0 di aumentare l'energia e la vigilanza.<\/p>\n<p>La caratteristica pi\u00f9 rilevante del Guaran\u00e0 \u00e8 il suo elevato contenuto di caffeina, da 4 a 6 volte superiore a quello del caff\u00e8. A differenza del caff\u00e8, che fornisce una rapida scarica di caffeina, il Guaran\u00e0 la rilascia gradualmente, garantendo un livello di energia pi\u00f9 duraturo senza un rapido crollo. Questo rende il Guaran\u00e0 un integratore naturale ideale per chi cerca una carica di energia costante e a lungo termine. Gli effetti del Guaran\u00e0 sono pi\u00f9 benefici quando viene usato regolarmente, sostenendo la vitalit\u00e0 generale e migliorando le prestazioni fisiche e mentali.<\/p>\n<hr \/>\n<h2>Storia del Guaran\u00e0<\/h2>\n<p>Il guaran\u00e0 ha una storia profondamente radicata in Amazzonia, dove le trib\u00f9 indigene si affidano a questa pianta da secoli. La usano per le sue propriet\u00e0 stimolanti, particolarmente utili durante le battute di caccia o per prepararsi alla battaglia. Le bacche della pianta, che contengono alti livelli di caffeina, vengono spesso macinate in polvere o mescolate con acqua per creare bevande energizzanti.<\/p>\n<p>Per molte trib\u00f9, il guaran\u00e0 ha un significato culturale ed \u00e8 parte integrante della loro sopravvivenza e delle loro tradizioni. Nel corso del tempo, la conoscenza dei suoi benefici si \u00e8 diffusa e il guaran\u00e0 ha finito per diventare popolare anche al di fuori dell'Amazzonia. Nei tempi moderni, il guaran\u00e0 \u00e8 ampiamente utilizzato nelle bevande energetiche, negli integratori alimentari e nei prodotti per la perdita di peso, grazie alla sua naturale capacit\u00e0 di migliorare l'energia e la concentrazione. Il Guaran\u00e0 Indian Elements porta questa tradizione secolare nel mondo moderno, offrendo un booster energetico naturale ed efficace.<\/p>\n<hr \/>\n<h2>Come utilizzare il guaran\u00e0<\/h2>\n<p>La dose raccomandata di Indian Elements Guaran\u00e0 \u00e8 di 1 grammo al giorno, il che lo rende un modo facile e conveniente per incorporare questa erba energizzante nella vostra routine quotidiana. \u00c8 sufficiente mescolare la polvere in una bevanda, un frullato o uno shake. Grazie al rilascio graduale di caffeina, gli effetti del Guaran\u00e0 si protraggono per tutta la giornata, fornendo un aumento costante di energia, concentrazione e chiarezza mentale.<\/p>\n<p>Anche se il guaran\u00e0 pu\u00f2 essere assunto in qualsiasi momento, \u00e8 preferibile utilizzarlo al mattino o nel primo pomeriggio per non disturbare il sonno. Pu\u00f2 essere particolarmente utile per chi ha bisogno di una spinta energetica durante lunghe sessioni di lavoro o di studio, in quanto aiuta a mantenere la concentrazione e la produttivit\u00e0. Per gli atleti, il guaran\u00e0 pu\u00f2 favorire una migliore performance migliorando la resistenza fisica e riducendo l'affaticamento durante le attivit\u00e0 fisiche intense.<\/p>\n<hr \/>\n<h2>Ingredienti del Guaran\u00e0<\/h2>\n<p>L'unico ingrediente di Indian Elements Guarana \u00e8 il seme della pianta Paullinia Cupana. Questo seme viene macinato in una polvere fine, conservando tutti i benefici naturali dell'erba. Il guaran\u00e0 \u00e8 noto per la sua elevata concentrazione di caffeina, oltre che per altri composti benefici come gli antiossidanti, che favoriscono la salute e il benessere generale.<\/p>\n<p>Inoltre, il guaran\u00e0 ha lievi propriet\u00e0 di soppressione dell'appetito, che lo rendono una scelta popolare per coloro che cercano di gestire il proprio peso. I suoi antiossidanti aiutano a combattere lo stress ossidativo nell'organismo, contribuendo alla vitalit\u00e0 generale. La caffeina del guaran\u00e0, unita agli altri composti naturali, lo rende un integratore potente e completamente naturale per aumentare l'energia, la concentrazione e la resistenza.<\/p>\n<hr \/>\n<p><strong>Attenzione:<\/strong><br \/>\nUsare solo se si ha pi\u00f9 di 18 anni. Tenere fuori dalla portata dei bambini. Il guaran\u00e0 non \u00e8 raccomandato per i soggetti affetti da patologie cardiache. Questo prodotto \u00e8 un integratore alimentare e deve essere usato come tale. Non acquistare se il sigillo \u00e8 rotto.<\/p>","protected":false},"excerpt":{"rendered":"<p>Il Guaran\u00e0 di Indian Elements \u00e8 un energizzante naturale, perfetto per chi ha bisogno di una spinta in pi\u00f9 durante il giorno. Grazie all'elevato contenuto di caffeina, questa potente erba aiuta a migliorare le prestazioni fisiche e mentali, rendendola popolare tra gli atleti, gli studenti e i lavoratori che fanno i turni di notte. Con una dose giornaliera raccomandata di appena 1 grammo, offre energia di lunga durata, maggiore concentrazione e motivazione.<\/p>","protected":false},"featured_media":126732,"template":"","meta":[],"product_brand":[],"product_cat":[597,297,477,476],"product_tag":[],"class_list":{"0":"post-126729","1":"product","2":"type-product","3":"status-publish","4":"has-post-thumbnail","6":"product_cat-indian-elements","7":"product_cat-all-products","8":"product_cat-herbs","9":"product_cat-smartshop","11":"first","12":"instock","13":"taxable","14":"shipping-taxable","15":"purchasable","16":"product-type-variable","17":"has-default-attributes"},"_links":{"self":[{"href":"https:\/\/www.tatanka.nl\/it\/wp-json\/wp\/v2\/product\/126729","targetHints":{"allow":["GET"]}}],"collection":[{"href":"https:\/\/www.tatanka.nl\/it\/wp-json\/wp\/v2\/product"}],"about":[{"href":"https:\/\/www.tatanka.nl\/it\/wp-json\/wp\/v2\/types\/product"}],"wp:featuredmedia":[{"embeddable":true,"href":"https:\/\/www.tatanka.nl\/it\/wp-json\/wp\/v2\/media\/126732"}],"wp:attachment":[{"href":"https:\/\/www.tatanka.nl\/it\/wp-json\/wp\/v2\/media?parent=126729"}],"wp:term":[{"taxonomy":"product_brand","embeddable":true,"href":"https:\/\/www.tatanka.nl\/it\/wp-json\/wp\/v2\/product_brand?post=126729"},{"taxonomy":"product_cat","embeddable":true,"href":"https:\/\/www.tatanka.nl\/it\/wp-json\/wp\/v2\/product_cat?post=126729"},{"taxonomy":"product_tag","embeddable":true,"href":"https:\/\/www.tatanka.nl\/it\/wp-json\/wp\/v2\/product_tag?post=126729"}],"curies":[{"name":"wp","href":"https:\/\/api.w.org\/{rel}","templated":true}]}}