{"id":126743,"date":"2024-12-06T11:16:36","date_gmt":"2024-12-06T10:16:36","guid":{"rendered":"https:\/\/www.tatanka.nl\/?post_type=product&#038;p=126743"},"modified":"2025-03-05T16:24:02","modified_gmt":"2025-03-05T15:24:02","slug":"creatine","status":"publish","type":"product","link":"https:\/\/www.tatanka.nl\/it\/creatine\/","title":{"rendered":"Creatina"},"content":{"rendered":"<h2>Che cosa sono le Creatine Monohydrate Capsules?<\/h2>\n<p>Fit4Seasons Creatine Monohydrate Capsules offre un modo conveniente per incorporare la creatina nella vostra routine di fitness. La creatina \u00e8 un composto naturale che si trova nelle cellule muscolari e svolge un ruolo fondamentale nella produzione di energia durante le brevi fasi di esercizio ad alta intensit\u00e0. Ogni capsula contiene 750 mg di creatina monoidrato, la forma di creatina pi\u00f9 studiata e utilizzata.<\/p>\n<p>La creatina \u00e8 popolare tra gli atleti e gli appassionati di fitness perch\u00e9 pu\u00f2 migliorare le prestazioni fisiche, in particolare nelle attivit\u00e0 esplosive come il sollevamento pesi, lo sprint e l'allenamento a intervalli ad alta intensit\u00e0 (HIIT). Integrando la creatina, gli atleti possono migliorare la forza, la potenza e la resistenza durante gli allenamenti intensi e di breve durata. Queste capsule vegane rappresentano un modo semplice ed efficace per aggiungere la creatina alla vostra routine quotidiana senza dover ricorrere a polveri o frullati.<\/p>\n<p>Fit4Seasons Creatina Monoidrato Capsules sono stati progettati per sostenere gli obiettivi di allenamento e aiutare a raggiungere le prestazioni massime. Sono indicati per gli atleti di tutti i livelli che cercano un modo naturale ed efficace per migliorare le proprie prestazioni fisiche.<\/p>\n<hr \/>\n<h2>Storia della creatina<\/h2>\n<p>La creatina viene utilizzata da decenni come integratore per sostenere le prestazioni atletiche. Scoperta all'inizio del XIX secolo dal chimico francese Michel Eug\u00e8ne Chevreul, la creatina \u00e8 stata identificata come una sostanza presente naturalmente nel tessuto muscolare. Solo negli anni '90, tuttavia, la creatina \u00e8 stata ampiamente riconosciuta per i suoi benefici sulle prestazioni, in particolare nel campo dello sport e del fitness.<\/p>\n<p>All'inizio, l'integrazione di creatina era disponibile soprattutto in polvere, ma col tempo sono stati sviluppati metodi di somministrazione pi\u00f9 pratici, come le capsule, per rendere l'integrazione pi\u00f9 facile per gli atleti. Gli studi hanno dimostrato che la creatina monoidrato pu\u00f2 aumentare la massa muscolare, la forza e le prestazioni negli esercizi, soprattutto negli allenamenti ad alta intensit\u00e0. Di conseguenza, la creatina \u00e8 diventata uno degli integratori pi\u00f9 studiati e popolari al mondo, utilizzato sia dagli atleti professionisti che dai frequentatori occasionali delle palestre.<\/p>\n<p>Oggi la creatina \u00e8 comunemente inclusa nei prodotti per l'alimentazione sportiva grazie ai suoi benefici ben documentati per gli esercizi di breve durata ed esplosivi e alla sua capacit\u00e0 di aiutare gli atleti a recuperare pi\u00f9 efficacemente tra le serie o gli allenamenti.<\/p>\n<hr \/>\n<h2>Come utilizzare la creatina monoidrato Capsules<\/h2>\n<p>Fit4Seasons Creatina Monoidrato Capsules sono semplici da usare. Il dosaggio consigliato \u00e8 di 1 capsula, da assumere due volte al giorno, preferibilmente dopo i pasti con un bicchiere d'acqua. Questo assicura un assorbimento ottimale della creatina e riduce al minimo il rischio di disturbi digestivi.<\/p>\n<p>Per ottenere risultati ottimali, \u00e8 essenziale essere costanti nell'assunzione di creatina. Molti atleti scelgono di assumere le capsule in momenti specifici della giornata, ad esempio dopo l'allenamento o con un pasto, per favorirne l'assorbimento. Mentre alcune persone possono avvertire benefici immediati dalla creatina, altre possono impiegare diversi giorni o settimane per notare cambiamenti evidenti nelle prestazioni.<\/p>\n<p>\u00c8 inoltre importante mantenere una corretta idratazione durante l'assunzione di integratori di creatina, poich\u00e9 pu\u00f2 aumentare la ritenzione idrica nei muscoli. Come sempre, \u00e8 bene consultare un operatore sanitario prima di assumere un nuovo integratore, soprattutto in caso di gravidanza, allattamento o condizioni di salute esistenti.<\/p>\n<hr \/>\n<h2>Ingredienti della creatina monoidrato Capsules<\/h2>\n<p>Ogni capsula di creatina monoidrato Fit4Seasons contiene 750 mg di creatina monoidrato pura, la forma di creatina pi\u00f9 studiata ed efficace. La creatina \u00e8 un composto che si trova naturalmente nell'organismo, soprattutto nelle cellule muscolari, e svolge un ruolo fondamentale nella produzione di energia durante le brevi fasi di attivit\u00e0 fisica intensa.<\/p>\n<p>Se assunta come integratore, la creatina aiuta a ricostituire le riserve di ATP (adenosina trifosfato), la moneta energetica delle cellule. Questo, a sua volta, favorisce l'aumento della forza, della potenza e della resistenza durante gli esercizi ad alta intensit\u00e0 come il sollevamento pesi, lo sprint e altri movimenti esplosivi.<\/p>\n<p>Le capsule sono 100% vegane, quindi adatte a una dieta a base vegetale. Sono prive di additivi artificiali, conservanti e glutine e offrono un modo pulito e naturale per sostenere i vostri obiettivi di fitness. Con Fit4Seasons Creatine Monohydrate Capsules, \u00e8 possibile rifornire il corpo di una fonte pura e potente di creatina per migliorare le prestazioni atletiche e il recupero.<\/p>\n<hr \/>\n<p><strong>Avvertenze<\/strong><\/p>\n<ul>\n<li>Tenere fuori dalla portata dei bambini.<\/li>\n<li>Consultare il medico prima dell'uso in caso di gravidanza, allattamento o condizioni di salute.<\/li>\n<li>Conservare in un luogo fresco e asciutto, lontano dalla luce solare diretta e a temperatura ambiente.<\/li>\n<li>Questo prodotto non sostituisce una dieta equilibrata e deve essere utilizzato come parte di uno stile di vita sano.<\/li>\n<\/ul>","protected":false},"excerpt":{"rendered":"<p>Fit4Seasons Creatine Monohydrate Capsules \u00e8 stato progettato per aiutare gli atleti a migliorare le loro prestazioni durante gli allenamenti brevi e intensi. Ogni capsula vegana contiene 750 mg di creatina monoidrato pura, nota per aumentare l'energia e la forza durante attivit\u00e0 come il sollevamento pesi.<\/p>","protected":false},"featured_media":126746,"template":"","meta":[],"product_brand":[],"product_cat":[598,297,475,482],"product_tag":[],"class_list":{"0":"post-126743","1":"product","2":"type-product","3":"status-publish","4":"has-post-thumbnail","6":"product_cat-fit4seasons","7":"product_cat-all-products","8":"product_cat-healthshop","9":"product_cat-vitamins","11":"first","12":"instock","13":"taxable","14":"shipping-taxable","15":"purchasable","16":"product-type-variable","17":"has-default-attributes"},"_links":{"self":[{"href":"https:\/\/www.tatanka.nl\/it\/wp-json\/wp\/v2\/product\/126743","targetHints":{"allow":["GET"]}}],"collection":[{"href":"https:\/\/www.tatanka.nl\/it\/wp-json\/wp\/v2\/product"}],"about":[{"href":"https:\/\/www.tatanka.nl\/it\/wp-json\/wp\/v2\/types\/product"}],"wp:featuredmedia":[{"embeddable":true,"href":"https:\/\/www.tatanka.nl\/it\/wp-json\/wp\/v2\/media\/126746"}],"wp:attachment":[{"href":"https:\/\/www.tatanka.nl\/it\/wp-json\/wp\/v2\/media?parent=126743"}],"wp:term":[{"taxonomy":"product_brand","embeddable":true,"href":"https:\/\/www.tatanka.nl\/it\/wp-json\/wp\/v2\/product_brand?post=126743"},{"taxonomy":"product_cat","embeddable":true,"href":"https:\/\/www.tatanka.nl\/it\/wp-json\/wp\/v2\/product_cat?post=126743"},{"taxonomy":"product_tag","embeddable":true,"href":"https:\/\/www.tatanka.nl\/it\/wp-json\/wp\/v2\/product_tag?post=126743"}],"curies":[{"name":"wp","href":"https:\/\/api.w.org\/{rel}","templated":true}]}}