{"id":126765,"date":"2024-12-06T12:05:00","date_gmt":"2024-12-06T11:05:00","guid":{"rendered":"https:\/\/www.tatanka.nl\/?post_type=product&#038;p=126765"},"modified":"2025-06-04T15:39:41","modified_gmt":"2025-06-04T14:39:41","slug":"all-in-one-kratom","status":"publish","type":"product","link":"https:\/\/www.tatanka.nl\/it\/all-in-one-kratom\/","title":{"rendered":"Tutto in uno Kratom"},"content":{"rendered":"<h2>Che cos'\u00e8 Kratopia All in One Kratom?<\/h2>\n<p>Kratopia All in One Kratom \u00e8 una miscela accuratamente realizzata di vari ceppi Kratom, tra cui Green, Red e White Vein, con un tocco di Maeng Da per una maggiore potenza. Questa miscela \u00e8 stata progettata per offrire un'ampia gamma di effetti, consentendo agli utenti di provare sollievo dal dolore, aumento di energia e rilassamento. La combinazione di questi diversi ceppi Kratom assicura che la miscela mantenga un effetto equilibrato, con la possibilit\u00e0 di regolare l'intensit\u00e0 in base alle preferenze personali e al dosaggio. Le caratteristiche uniche di ogni ceppo contribuiscono a un'esperienza pi\u00f9 dinamica, rendendo Kratopia All in One Kratom una scelta versatile per chi cerca un'esperienza Kratom olistica. A seconda di fattori come l'et\u00e0, la condizione corporea e il dosaggio, l'impatto della miscela pu\u00f2 variare, fornendo ogni volta un'esperienza personalizzata. Se state cercando di ridurre lo stress, migliorare la concentrazione o trovare sollievo dal disagio, Kratopia All in One Kratom offre una soluzione completa.<\/p>\n<h2>Storia di Kratopia All in One Kratom<\/h2>\n<p>Kratopia All in One Kratom combina le migliori caratteristiche di vari ceppi tradizionali Kratom utilizzati da secoli. Kratom, scientificamente noto come <em>Mitragyna speciosa<\/em>\u00e8 originaria del sud-est asiatico, dove \u00e8 stata per secoli un elemento fondamentale della medicina erboristica. Le diverse variet\u00e0 di Vena Kratom - verde, rossa e bianca - hanno ciascuna propriet\u00e0 uniche e sono state utilizzate per vari scopi. La Vena Verde Kratom \u00e8 nota per i suoi effetti energizzanti, mentre la Vena Rossa \u00e8 pi\u00f9 rilassante e spesso utilizzata per alleviare il dolore. La White Vein Kratom, invece, \u00e8 stimolante ed edificante. Miscelando questi ceppi, Kratopia All in One Kratom crea un prodotto pi\u00f9 completo, combinando gli attributi positivi di ciascun ceppo in una miscela armoniosa. Il Maeng Da, un'altra variet\u00e0 molto apprezzata e nota per la sua potenza, viene aggiunto per potenziare gli effetti complessivi. Questa miscela offre agli utenti un'esperienza Kratom evoluta che abbraccia molteplici benefici ed \u00e8 diventata una scelta popolare per chi cerca versatilit\u00e0 ed equilibrio nel consumo di Kratom.<\/p>\n<h2>Come utilizzare Kratopia Tutto in uno Kratom<\/h2>\n<p>Kratopia All in One Kratom pu\u00f2 essere utilizzato in diversi modi, ma il metodo pi\u00f9 comune \u00e8 la preparazione di un t\u00e8. Per prepararlo, \u00e8 sufficiente sciogliere 4-5 grammi di polvere di Kratom in una tazza di acqua calda, quindi aggiungere un po' di miele o il dolcificante preferito. Questo \u00e8 un modo rilassante e piacevole di consumare la Kratom, che permette agli effetti di agire gradualmente. Ai principianti si consiglia di iniziare con un dosaggio inferiore, soprattutto quando si mescolano diversi ceppi di Kratom, come quelli presenti nella Kratopia All in One Kratom. L'effetto della Kratom pu\u00f2 variare in base al peso corporeo, alla sensibilit\u00e0 e alla tolleranza, quindi regolare il dosaggio \u00e8 fondamentale per ottenere l'effetto desiderato. Per gli utenti pi\u00f9 esperti, pu\u00f2 essere necessaria una dose pi\u00f9 elevata per sentire tutti i benefici. Tuttavia, \u00e8 importante seguire sempre il dosaggio consigliato ed evitare di superare i limiti per prevenire effetti collaterali indesiderati.<\/p>\n<h2>Ingredienti di Kratopia All in One Kratom<\/h2>\n<p>L'ingrediente principale di Kratopia All in One Kratom \u00e8 <em>Mitragyna speciosa<\/em>, comunemente nota come Kratom. Questa pianta contiene diversi alcaloidi, tra cui la mitraginina e la 7-idrossimetraginina, responsabili degli effetti ad ampio raggio della pianta. La miscela di Green Vein Kratom, Red Vein Kratom e White Vein Kratom offre una combinazione equilibrata di effetti stimolanti e calmanti. La Vena Verde Kratom \u00e8 tipicamente usata per le sue propriet\u00e0 di stimolo dell'umore e di aumento dell'energia. La Vena Rossa Kratom \u00e8 pi\u00f9 spesso usata per alleviare il dolore e rilassarsi, mentre la Vena Bianca Kratom \u00e8 nota per i suoi effetti energizzanti e di chiarezza mentale. L'inclusione del Maeng Da, una variet\u00e0 potente, aumenta ulteriormente l'efficacia complessiva di questo prodotto. La combinazione di questi ceppi Kratom in Kratopia All in One Kratom assicura agli utenti una serie di benefici, a seconda del dosaggio e delle condizioni individuali. Se siete alla ricerca di relax, sollievo dal dolore, energia o stress, questa miscela offre una soluzione versatile ed equilibrata.<\/p>\n<p><strong>Attenzione:<\/strong><\/p>\n<p>La vendita e l'uso di Kratopia All in One Kratom sono vietati ai minori di 18 anni. Conservare in un luogo fresco e asciutto, lontano dalla portata dei bambini. Attenersi sempre al dosaggio raccomandato per garantire un uso sicuro.<\/p>","protected":false},"excerpt":{"rendered":"<p>Kratopia All in One Kratom \u00e8 una miscela bilanciata e versatile di Kratom a vena verde, rossa e bianca, arricchita con Maeng Da. Questa potente miscela offre una serie di benefici, dal sollievo dal dolore e dall'aumento di energia alla riduzione dello stress e al rilassamento. I suoi effetti variano a seconda del dosaggio e dei fattori individuali, offrendo ogni volta un'esperienza unica.<\/p>","protected":false},"featured_media":126768,"template":"","meta":[],"product_brand":[],"product_cat":[599,297,477,511,476],"product_tag":[],"class_list":{"0":"post-126765","1":"product","2":"type-product","3":"status-publish","4":"has-post-thumbnail","6":"product_cat-kratopia","7":"product_cat-all-products","8":"product_cat-herbs","9":"product_cat-relax-herbs","10":"product_cat-smartshop","11":"product_shipping_class-not-allowed-group-1","13":"first","14":"instock","15":"taxable","16":"shipping-taxable","17":"purchasable","18":"product-type-variable","19":"has-default-attributes"},"_links":{"self":[{"href":"https:\/\/www.tatanka.nl\/it\/wp-json\/wp\/v2\/product\/126765","targetHints":{"allow":["GET"]}}],"collection":[{"href":"https:\/\/www.tatanka.nl\/it\/wp-json\/wp\/v2\/product"}],"about":[{"href":"https:\/\/www.tatanka.nl\/it\/wp-json\/wp\/v2\/types\/product"}],"wp:featuredmedia":[{"embeddable":true,"href":"https:\/\/www.tatanka.nl\/it\/wp-json\/wp\/v2\/media\/126768"}],"wp:attachment":[{"href":"https:\/\/www.tatanka.nl\/it\/wp-json\/wp\/v2\/media?parent=126765"}],"wp:term":[{"taxonomy":"product_brand","embeddable":true,"href":"https:\/\/www.tatanka.nl\/it\/wp-json\/wp\/v2\/product_brand?post=126765"},{"taxonomy":"product_cat","embeddable":true,"href":"https:\/\/www.tatanka.nl\/it\/wp-json\/wp\/v2\/product_cat?post=126765"},{"taxonomy":"product_tag","embeddable":true,"href":"https:\/\/www.tatanka.nl\/it\/wp-json\/wp\/v2\/product_tag?post=126765"}],"curies":[{"name":"wp","href":"https:\/\/api.w.org\/{rel}","templated":true}]}}