{"id":126770,"date":"2024-12-06T12:14:49","date_gmt":"2024-12-06T11:14:49","guid":{"rendered":"https:\/\/www.tatanka.nl\/?post_type=product&#038;p=126770"},"modified":"2025-06-04T15:39:51","modified_gmt":"2025-06-04T14:39:51","slug":"maeng-da-x-bali-kratom","status":"publish","type":"product","link":"https:\/\/www.tatanka.nl\/it\/maeng-da-x-bali-kratom\/","title":{"rendered":"Maeng Da X Bali Kratom"},"content":{"rendered":"<h2>Che cos'\u00e8 la Kratopia Maeng Da X Bali Kratom?<\/h2>\n<p>Kratopia Maeng Da X Bali Kratom \u00e8 una miscela distintiva che combina due dei ceppi Kratom pi\u00f9 venerati: il Maeng Da e il Bali. Il Maeng Da \u00e8 noto per il suo elevato contenuto di alcaloidi, che fornisce una potente spinta energetica e una maggiore concentrazione, mentre il Bali Kratom \u00e8 famoso per le sue propriet\u00e0 calmanti e antidolorifiche. La combinazione di questi due ceppi crea un'esperienza Kratom a tutto tondo, offrendo agli utenti benefici sia fisici che mentali. La componente Maeng Da offre effetti stimolanti, mentre la Bali Kratom bilancia questi effetti con quelli calmanti e lenitivi, portando a una sensazione di sereno relax. Questa miscela \u00e8 perfetta per chi vuole sperimentare una combinazione di energia, gioia e sollievo dal dolore, con l'ulteriore vantaggio di promuovere la chiarezza mentale e la vitalit\u00e0 fisica. Sia che venga utilizzata per affrontare gli impegni quotidiani o per rilassarsi dopo una lunga giornata, Kratopia Maeng Da X Bali Kratom offre un'esperienza adattabile che pu\u00f2 soddisfare diverse esigenze.<\/p>\n<h2>Storia di Kratopia Maeng Da X Bali Kratom<\/h2>\n<p>Kratopia Maeng Da X Bali Kratom riunisce due dei ceppi Kratom pi\u00f9 famosi e apprezzati del sud-est asiatico. La variet\u00e0 Maeng Da Kratom ha origine in Indonesia, dove i coltivatori del Borneo e di Sumatra hanno allevato selettivamente i migliori alberi Kratom per generazioni. Questo attento processo di coltivazione ha portato alla reputazione della variet\u00e0 Maeng Da di essere la pi\u00f9 potente in termini di contenuto di alcaloidi. \u00c8 spesso considerata il \"gold standard\" dell'Kratom per la sua forza ed efficacia. D'altra parte, la Bali Kratom \u00e8 stata usata per secoli a Bali, in Indonesia, ed \u00e8 nota per le sue propriet\u00e0 calmanti e antidolorifiche. La combinazione di questi due potenti ceppi Kratom d\u00e0 vita a una miscela equilibrata e versatile che offre un'ampia gamma di benefici. Questa miscela ha guadagnato popolarit\u00e0 per la sua capacit\u00e0 di rispondere alle esigenze sia fisiche che mentali, fornendo agli utenti una spinta energetica e un senso di benessere. Inoltre, la miscela contiene una speciale Malaysian White Kratom che potenzia ulteriormente gli effetti stimolanti, creando un prodotto Kratom unico e potente.<\/p>\n<h2>Come utilizzare Kratopia Maeng Da X Bali Kratom<\/h2>\n<p>Per utilizzare Kratopia Maeng Da X Bali Kratom, il metodo pi\u00f9 diffuso \u00e8 quello di preparare un t\u00e8. Si inizia sciogliendo 4-5 grammi di polvere di Kratom in una tazza di acqua calda. Si pu\u00f2 poi aggiungere del miele o un dolcificante a scelta per esaltare il sapore e renderlo pi\u00f9 gradevole. L'Kratom pu\u00f2 essere assunto in altri modi, ad esempio mescolandolo a un frullato o a capsule, ma il t\u00e8 rimane il metodo pi\u00f9 comune per la maggior parte degli utenti. Se si \u00e8 alle prime armi con l'Kratom o con questa specifica miscela, si consiglia di iniziare con un dosaggio minore e di aumentarlo gradualmente per trovare l'effetto ottimale. Per coloro che hanno pi\u00f9 esperienza con la Kratom, una dose pi\u00f9 elevata pu\u00f2 essere pi\u00f9 appropriata. Gli effetti dell'Kratopia Maeng Da X Bali Kratom possono variare a seconda del dosaggio, del peso corporeo e della sensibilit\u00e0 individuale. Sebbene sia tipicamente usata per i suoi effetti energizzanti e calmanti, gli utenti dovrebbero essere consapevoli della loro tolleranza personale e regolare l'assunzione di conseguenza per evitare potenziali effetti collaterali. Siate sempre cauti e iniziate con una dose moderata quando provate una nuova miscela di Kratom.<\/p>\n<h2>Ingredienti di Kratopia Maeng Da X Bali Kratom<\/h2>\n<p>Gli ingredienti principali di Kratopia Maeng Da X Bali Kratom sono le foglie di <em>Mitragyna speciosa<\/em>comunemente nota come Kratom. Questa miscela contiene una combinazione di Maeng Da Kratom, Bali Kratom e un tocco di Malaysian White Kratom. Ognuno di questi ceppi Kratom ha le sue propriet\u00e0 uniche, che contribuiscono agli effetti complessivi della miscela. Il Maeng Da Kratom \u00e8 noto per il suo elevato contenuto di alcaloidi, in particolare la mitraginina, che fornisce effetti stimolanti che aumentano l'energia e la concentrazione. La Bali Kratom, invece, \u00e8 nota per le sue propriet\u00e0 rilassanti e antidolorifiche, che la rendono ideale per alleviare lo stress e rilassare i muscoli. L'aggiunta di Malaysian White Kratom potenzia gli effetti energizzanti complessivi della miscela, creando un'esperienza equilibrata che offre benefici sia fisici che mentali. La combinazione di questi tre ceppi assicura che Kratopia Maeng Da X Bali Kratom fornisca un prodotto potente e versatile, ideale per gli utenti che cercano una vasta gamma di effetti, dall'aumento della vitalit\u00e0 al rilassamento e al sollievo dal dolore.<\/p>\n<p><strong>Attenzione:<\/strong><\/p>\n<p>La vendita e l'uso di Kratopia Maeng Da X Bali Kratom non sono consentiti ai minori di 18 anni. Conservare in un luogo fresco e asciutto, lontano dalla portata dei bambini. Attenersi sempre al dosaggio consigliato per garantire un uso sicuro.<\/p>","protected":false},"excerpt":{"rendered":"<p>Kratopia Maeng Da e Bali Kratom \u00e8 una potente miscela che combina gli effetti energizzanti del Maeng Da con le qualit\u00e0 calmanti del Bali Kratom. Questa miscela unica offre benefici sia fisici che mentali, tra cui sollievo dal dolore, maggiore vitalit\u00e0 e un senso di sereno relax. Ideale per chi cerca un'esperienza Kratom equilibrata ed efficace.<\/p>","protected":false},"featured_media":126773,"template":"","meta":[],"product_brand":[],"product_cat":[599,297,477,479,511,476],"product_tag":[],"class_list":{"0":"post-126770","1":"product","2":"type-product","3":"status-publish","4":"has-post-thumbnail","6":"product_cat-kratopia","7":"product_cat-all-products","8":"product_cat-herbs","9":"product_cat-medicinal-herbs","10":"product_cat-relax-herbs","11":"product_cat-smartshop","12":"product_shipping_class-not-allowed-group-1","14":"first","15":"instock","16":"taxable","17":"shipping-taxable","18":"purchasable","19":"product-type-variable","20":"has-default-attributes"},"_links":{"self":[{"href":"https:\/\/www.tatanka.nl\/it\/wp-json\/wp\/v2\/product\/126770","targetHints":{"allow":["GET"]}}],"collection":[{"href":"https:\/\/www.tatanka.nl\/it\/wp-json\/wp\/v2\/product"}],"about":[{"href":"https:\/\/www.tatanka.nl\/it\/wp-json\/wp\/v2\/types\/product"}],"wp:featuredmedia":[{"embeddable":true,"href":"https:\/\/www.tatanka.nl\/it\/wp-json\/wp\/v2\/media\/126773"}],"wp:attachment":[{"href":"https:\/\/www.tatanka.nl\/it\/wp-json\/wp\/v2\/media?parent=126770"}],"wp:term":[{"taxonomy":"product_brand","embeddable":true,"href":"https:\/\/www.tatanka.nl\/it\/wp-json\/wp\/v2\/product_brand?post=126770"},{"taxonomy":"product_cat","embeddable":true,"href":"https:\/\/www.tatanka.nl\/it\/wp-json\/wp\/v2\/product_cat?post=126770"},{"taxonomy":"product_tag","embeddable":true,"href":"https:\/\/www.tatanka.nl\/it\/wp-json\/wp\/v2\/product_tag?post=126770"}],"curies":[{"name":"wp","href":"https:\/\/api.w.org\/{rel}","templated":true}]}}