{"id":126922,"date":"2024-12-13T10:20:28","date_gmt":"2024-12-13T09:20:28","guid":{"rendered":"https:\/\/www.tatanka.nl\/?post_type=product&#038;p=126922"},"modified":"2025-10-16T07:58:06","modified_gmt":"2025-10-16T06:58:06","slug":"hawaiian-sporeprint","status":"publish","type":"product","link":"https:\/\/www.tatanka.nl\/it\/hawaiian-sporeprint\/","title":{"rendered":"Hawaiian Stampa di spore"},"content":{"rendered":"<h2>Cosa sono le impronte di spore Hawaiian?<\/h2>\n<p>La sporeprint Hawaiian da McSmart \u00e8 una sporeprint di alta qualit\u00e0 derivata dal ceppo Hawaiian di funghi Psilocybe cubensis. Questo ceppo \u00e8 molto apprezzato dalla comunit\u00e0 psichedelica per i suoi potenti effetti, che includono forti distorsioni visive ed esperienze prolungate. I funghi Hawaiian sono pi\u00f9 piccoli e pi\u00f9 difficili da coltivare, ma il loro potente impatto li rende una variet\u00e0 ricercata sia dai nuovi consumatori che da quelli esperti.<\/p>\n<p>L'impronta contiene milioni di spore, che possono essere utilizzate per far crescere una nuova coltura di micelio. Questo processo \u00e8 un metodo classico e interattivo per chi \u00e8 interessato a coltivare i propri funghi magici. Le spore Hawaiian sono perfette per chi vuole ampliare le proprie conoscenze ed esperienze nel mondo degli psichedelici. Grazie all'attenzione ai dettagli della McSmart, potete aspettarvi risultati affidabili e l'opportunit\u00e0 di esplorare le complesse strutture genetiche di questa affascinante variet\u00e0 di funghi.<\/p>\n<h2>Storia delle impronte delle spore Hawaiian<\/h2>\n<p>Il ceppo Hawaiian di Psilocybe cubensis, noto anche come \"fungo magico Hawaiian\", \u00e8 originario delle isole Hawaiian, dove \u00e8 stato usato per secoli nelle pratiche spirituali. Le culture indigene delle Hawaii credevano che i funghi li aiutassero a connettersi a una coscienza superiore, fornendo intuizioni pi\u00f9 profonde e migliorando la loro connessione con il mondo naturale. La variet\u00e0 Hawaiian \u00e8 diventata famosa per i suoi potenti effetti, che includono potenti allucinazioni visive e un'esperienza psichedelica complessivamente intensa.<\/p>\n<p>Con la crescita dell'interesse globale per gli psichedelici nel corso del 20\u00b0 secolo, la variet\u00e0 Hawaiian \u00e8 stata riconosciuta dagli esploratori psichedelici per la sua capacit\u00e0 di produrre effetti forti e duraturi. La Sporeprint Hawaiian \u00e8 un modo moderno per accedere a questa variet\u00e0 unica, offrendo agli appassionati uno strumento affidabile e pratico per coltivare i propri funghi magici. La McSmart Sporeprint Hawaiian cattura l'essenza di questa variet\u00e0 storica, assicurando un prodotto di qualit\u00e0 superiore per chi vuole sperimentare i suoi effetti mistici.<\/p>\n<h2>Come utilizzare le impronte di spore Hawaiian<\/h2>\n<p><strong>Fase 1: preparazione della piastra di Petri<\/strong><br \/>\nIniziate con una piastra Petri sterile contenente una soluzione di agar. \u00c8 possibile preparare l'agar da soli o acquistarlo gi\u00e0 pronto. \u00c8 importante aprire la piastra in un ambiente sterile per evitare qualsiasi contaminazione.<\/p>\n<p><strong>Fase 2: Aggiunta delle spore<\/strong><br \/>\nUtilizzare una siringa sterile per estrarre il liquido delle spore dalla fiala. Se si lavora con una stampa di spore, raschiare delicatamente alcune spore dalla stampa e lasciarle cadere sulla superficie di agar nella piastra Petri.<\/p>\n<p><strong>Fase 3: Incubazione<\/strong><br \/>\nChiudere la capsula di Petri e collocarla in un ambiente adeguato e controllato, dove le spore possano crescere indisturbate fino a diventare micelio. Il periodo di incubazione pu\u00f2 variare da alcuni giorni a settimane, a seconda delle condizioni e del tipo di fungo.<\/p>\n<p><strong>Fase 4: purificazione del micelio<\/strong><br \/>\nUna volta che il micelio si \u00e8 sviluppato a sufficienza e copre un'ampia porzione della piastra Petri, \u00e8 il momento di purificarlo. Selezionare con cura un pezzo di micelio sano e completamente cresciuto per un uso successivo.<\/p>\n<p><strong>Fase 5: Taglio del micelio<\/strong><br \/>\nCon un bisturi sterile, tagliare una piccola sezione del micelio, circa 6 x 6 mm. Questo pezzo servir\u00e0 come starter per una nuova coltura pulita.<\/p>\n<p><strong>Fase 6: Inoculazione del terreno di coltura<\/strong><br \/>\nTrasferire il pezzo di micelio tagliato in un nuovo terreno di coltura, come una nuova piastra di Petri con agar o un altro terreno adatto per l'ulteriore coltivazione. Assicurarsi di maneggiare il nuovo terreno in condizioni di sterilit\u00e0 per mantenerne l'integrit\u00e0.<\/p>\n<h2>Ingredienti di Hawaiian Sporeprints<\/h2>\n<p>La Sporeprint Hawaiian \u00e8 costituita da milioni di spore del ceppo Hawaiian di Psilocybe cubensis, che sono le cellule riproduttive del fungo. Queste spore contengono il materiale genetico necessario per la crescita del micelio, la parte vegetativa del fungo, che alla fine si svilupper\u00e0 in funghi maturi. Il ceppo Hawaiian \u00e8 noto per la produzione di funghi piccoli ma potenti, con potenti effetti allucinogeni.<\/p>\n<p>La sporeprint fornisce tutto il necessario per iniziare a coltivare questa particolare variet\u00e0, garantendo un'esperienza di coltivazione affidabile e di alta qualit\u00e0. I funghi Psilocybe cubensis, compresa la variet\u00e0 Hawaiian, contengono naturalmente psilocibina e psilocina, composti psicoattivi responsabili degli effetti allucinogeni. La Sporeprint McSmart di Hawaiian \u00e8 conservata e immagazzinata con cura per mantenere l'integrit\u00e0 delle spore, garantendo una coltivazione di successo e un prodotto sempre omogeneo.<\/p>\n<p><strong>Avvertenze<\/strong><br \/>\nI funghi magici, compresi quelli coltivati dalla spora Hawaiian, contengono naturalmente psilocibina e psilocina, sostanze allucinogene. Questi composti possono alterare la coscienza e indurre allucinazioni. \u00c8 essenziale consumare questi funghi in un ambiente sicuro e controllato. Teneteli fuori dalla portata dei bambini e maneggiateli in modo responsabile, comprendendo i potenziali effetti prima dell'uso. Avvicinatevi sempre a queste sostanze con cautela e rispettando la loro potenza.<\/p>","protected":false},"excerpt":{"rendered":"<p>Entrate nell'affascinante mondo della Hawaiian Sporeprint della McSmart, specificamente progettata per gli esperti appassionati di psichedelia. Nota per i suoi potenti effetti visivi e per il suo impatto duraturo, la variet\u00e0 Hawaiian \u00e8 una vera gemma nel mondo dei funghi magici. Le spore premium di McSmart offrono un percorso diretto per esplorare i misteri di questi funghi straordinari e consentono di coltivare la propria cultura unica di funghi psichedelici.<\/p>","protected":false},"featured_media":126925,"template":"","meta":[],"product_brand":[],"product_cat":[657,297,518,515,476],"product_tag":[662],"class_list":{"0":"post-126922","1":"product","2":"type-product","3":"status-publish","4":"has-post-thumbnail","6":"product_cat-magic-mushroom-spore-prints","7":"product_cat-all-products","8":"product_cat-mushrooms","9":"product_cat-shroomshop","10":"product_cat-smartshop","11":"product_tag-shrdeal","12":"product_shipping_class-creditcard-off","14":"first","15":"instock","16":"taxable","17":"shipping-taxable","18":"purchasable","19":"product-type-variable","20":"has-default-attributes"},"_links":{"self":[{"href":"https:\/\/www.tatanka.nl\/it\/wp-json\/wp\/v2\/product\/126922","targetHints":{"allow":["GET"]}}],"collection":[{"href":"https:\/\/www.tatanka.nl\/it\/wp-json\/wp\/v2\/product"}],"about":[{"href":"https:\/\/www.tatanka.nl\/it\/wp-json\/wp\/v2\/types\/product"}],"wp:featuredmedia":[{"embeddable":true,"href":"https:\/\/www.tatanka.nl\/it\/wp-json\/wp\/v2\/media\/126925"}],"wp:attachment":[{"href":"https:\/\/www.tatanka.nl\/it\/wp-json\/wp\/v2\/media?parent=126922"}],"wp:term":[{"taxonomy":"product_brand","embeddable":true,"href":"https:\/\/www.tatanka.nl\/it\/wp-json\/wp\/v2\/product_brand?post=126922"},{"taxonomy":"product_cat","embeddable":true,"href":"https:\/\/www.tatanka.nl\/it\/wp-json\/wp\/v2\/product_cat?post=126922"},{"taxonomy":"product_tag","embeddable":true,"href":"https:\/\/www.tatanka.nl\/it\/wp-json\/wp\/v2\/product_tag?post=126922"}],"curies":[{"name":"wp","href":"https:\/\/api.w.org\/{rel}","templated":true}]}}