{"id":127329,"date":"2025-01-10T12:23:11","date_gmt":"2025-01-10T11:23:11","guid":{"rendered":"https:\/\/www.tatanka.nl\/?post_type=product&#038;p=127329"},"modified":"2025-05-16T14:49:11","modified_gmt":"2025-05-16T13:49:11","slug":"amnesia-haze-autoflower-soma-sacred-seeds","status":"publish","type":"product","link":"https:\/\/www.tatanka.nl\/it\/amnesia-haze-autoflower-soma-sacred-seeds\/","title":{"rendered":"Amnesia Haze Autofiorente - Soma Sacred Seeds"},"content":{"rendered":"<h2>Che cos'\u00e8 la Amnesia Haze Autofiorente?<\/h2>\n<p>Amnesia Haze Autofiorente \u00e8 una variet\u00e0 di cannabis che combina le migliori genetiche del sud-est asiatico, della Jamaican Haze e delle variet\u00e0 Afghani-Hawaiian. Questa variet\u00e0 ibrida, con 70% Sativa e 30% Indica, offre un high ben bilanciato che \u00e8 sia edificante che rilassante. La Amnesia Haze Autofiorente si distingue per i suoi effetti potenti e il suo sapore vibrante, che la rendono una delle preferite dagli appassionati di cannabis. \u00c8 particolarmente nota per la sua capacit\u00e0 di offrire un'esperienza energica ed euforica, ideale per le situazioni sociali o gli sforzi creativi.<\/p>\n<p>Con un tempo di fioritura di 9-10 settimane e una resa fino a 40 grammi per pianta, la Amnesia Haze Autofiorente \u00e8 un'ottima scelta sia per i coltivatori esperti che per quelli principianti. La sua natura autofiorente la rende facile da coltivare, richiedendo attenzioni minime pur producendo cime di alta qualit\u00e0. La genetica unica di questa variet\u00e0 la rende un'eccellenza nel mondo della cannabis, con una ricca storia e un'impressionante serie di riconoscimenti, tra cui le vittorie multiple alla High Times Cannabis Cup.<\/p>\n<hr \/>\n<h2>Storia della Amnesia Haze Autofiorente<\/h2>\n<p>La storia della Amnesia Haze Autofiorente risale alla creazione del suo predecessore, l'iconica Amnesia Haze. Sviluppata attraverso un incrocio di varie genetiche internazionali, la Amnesia Haze \u00e8 diventata rapidamente una variet\u00e0 rinomata nella comunit\u00e0 della cannabis. In collaborazione con i principali allevatori di autofiorenti, Soma Sacred Seeds ha sviluppato la versione autofiorente, che mantiene tutte le qualit\u00e0 della Amnesia Haze originale, offrendo al contempo il vantaggio di una coltivazione pi\u00f9 semplice.<\/p>\n<p>L'eredit\u00e0 della Amnesia Haze Autoflower comprende la vittoria della prestigiosa High Times Cannabis Cup nel 2012 e di altri tre concorsi di cannabis nei Paesi Bassi. Questi riconoscimenti hanno cementato lo status della variet\u00e0 come una delle migliori del settore. La Amnesia Haze Autofiorente \u00e8 diventata da allora una delle pi\u00f9 vendute al Barney's Breakfast Bar, un luogo popolare per gli intenditori di cannabis. La sua miscela di genetiche del Sud-Est asiatico, Haze giamaicana e Afghani-Hawaiian la rende una variet\u00e0 versatile e ricercata dai consumatori che apprezzano sia il sapore che la potenza.<\/p>\n<hr \/>\n<h2>Come utilizzare la Amnesia Haze Autofiorente<\/h2>\n<p>Amnesia Haze Autofiorente \u00e8 una variet\u00e0 versatile che pu\u00f2 essere gustata in diversi modi. Per i fumatori, \u00e8 meglio gustarla in uno spinello, in una pipa o in un bong, dove il suo fumo morbido e saporito pu\u00f2 essere pienamente apprezzato. Anche il vaping \u00e8 un'opzione eccellente, in quanto esalta il vibrante profilo terpenico di questa variet\u00e0. La Amnesia Haze Autofiorente \u00e8 nota per i suoi effetti edificanti ed euforici, che la rendono ideale per attivit\u00e0 sociali, progetti creativi o semplicemente per rilassarsi con gli amici.<\/p>\n<p>Quando si tratta di usare questa variet\u00e0 a livello medico, la Amnesia Haze Autofiorente viene spesso scelta per le sue propriet\u00e0 che migliorano l'umore. Coloro che hanno a che fare con stress, ansia o depressione possono beneficiare della sua capacit\u00e0 di elevare l'umore e fornire un senso di calma. Inoltre, grazie ai suoi effetti equilibrati, pu\u00f2 essere utilizzata durante tutta la giornata senza provocare una sedazione eccessiva. Per i coltivatori, la Amnesia Haze Autofiorente offre un'esperienza colturale semplice, con un'attenzione minima. \u00c8 perfetta per chi cerca una pianta a bassa manutenzione che produca cime di alta qualit\u00e0 in tempi relativamente brevi.<\/p>\n<hr \/>\n<h2>Ingredienti della Amnesia Haze Autofiorente<\/h2>\n<p>Amnesia Haze Autofiorente \u00e8 una variet\u00e0 ibrida con una distinta miscela di genetiche che ne modellano sia gli effetti che il sapore. Il rapporto 70% Sativa e 30% Indica assicura un high equilibrato, con la Sativa che contribuisce ai suoi effetti edificanti ed energizzanti, mentre la genetica Indica fornisce relax e qualit\u00e0 calmanti. La discendenza della variet\u00e0 comprende variet\u00e0 del Sud-Est asiatico, Haze giamaicana e Afghani-Hawaiian, ognuna delle quali contribuisce con le sue caratteristiche uniche all'esperienza complessiva.<\/p>\n<p>I terpeni presenti nella Amnesia Haze Autofiorente giocano un ruolo significativo nel suo profilo aromatico. Gli utenti possono aspettarsi una complessa miscela di note terrose, agrumate e dolci, con un pizzico di piccante. Questi terpeni non solo contribuiscono al gusto piacevole della variet\u00e0, ma ne esaltano anche le qualit\u00e0 aromatiche, offrendo un'esperienza sensoriale completa. L'alto contenuto di THC della Amnesia Haze Autofiorente garantisce effetti potenti, offrendo un high potente e duraturo, perfetto per chi cerca un'esperienza di cannabis straordinaria. La natura autofiorente di questa variet\u00e0 la rende un'opzione interessante per i coltivatori che desiderano un processo di coltivazione senza problemi, pur godendo di un prodotto finale di alta qualit\u00e0.<\/p>\n<hr \/>\n<p><strong>Attenzione:<\/strong><br \/>\nLa Amnesia Haze Autofiorente, come tutte le variet\u00e0 di cannabis, deve essere usata in modo responsabile. A causa dei suoi potenti effetti, pu\u00f2 causare un aumento della frequenza cardiaca o un senso di vertigine in alcuni consumatori, soprattutto in quelli nuovi alla cannabis. Si consiglia di iniziare con una dose ridotta e di aumentare gradualmente secondo le necessit\u00e0. Consumare sempre in un ambiente sicuro ed evitare di utilizzare macchinari pesanti o di impegnarsi in attivit\u00e0 che richiedono la massima attenzione dopo il consumo. Tenere fuori dalla portata dei bambini e degli animali domestici.<\/p>","protected":false},"excerpt":{"rendered":"<p>Amnesia Haze Autofiorente \u00e8 una straordinaria variet\u00e0 di cannabis nota per i suoi effetti unici e potenti. Creata grazie alla collaborazione con i migliori coltivatori di autofiorenti, questa variet\u00e0 mescola genetiche del Sud-Est asiatico, Haze giamaicana e Afghani-Hawaiian, offrendo un'esperienza di cannabis davvero unica. Con la sua eredit\u00e0 pluripremiata e il suo profilo aromatico eccezionale, Amnesia Haze Autofiorente \u00e8 un must per gli intenditori.<\/p>","protected":false},"featured_media":127334,"template":"","meta":[],"product_brand":[],"product_cat":[640,297,547,546],"product_tag":[],"class_list":{"0":"post-127329","1":"product","2":"type-product","3":"status-publish","4":"has-post-thumbnail","6":"product_cat-soma-sacred-seeds","7":"product_cat-all-products","8":"product_cat-autoflowering-seeds","9":"product_cat-seedshop","11":"first","12":"instock","13":"taxable","14":"shipping-taxable","15":"purchasable","16":"product-type-variable","17":"has-default-attributes"},"_links":{"self":[{"href":"https:\/\/www.tatanka.nl\/it\/wp-json\/wp\/v2\/product\/127329","targetHints":{"allow":["GET"]}}],"collection":[{"href":"https:\/\/www.tatanka.nl\/it\/wp-json\/wp\/v2\/product"}],"about":[{"href":"https:\/\/www.tatanka.nl\/it\/wp-json\/wp\/v2\/types\/product"}],"wp:featuredmedia":[{"embeddable":true,"href":"https:\/\/www.tatanka.nl\/it\/wp-json\/wp\/v2\/media\/127334"}],"wp:attachment":[{"href":"https:\/\/www.tatanka.nl\/it\/wp-json\/wp\/v2\/media?parent=127329"}],"wp:term":[{"taxonomy":"product_brand","embeddable":true,"href":"https:\/\/www.tatanka.nl\/it\/wp-json\/wp\/v2\/product_brand?post=127329"},{"taxonomy":"product_cat","embeddable":true,"href":"https:\/\/www.tatanka.nl\/it\/wp-json\/wp\/v2\/product_cat?post=127329"},{"taxonomy":"product_tag","embeddable":true,"href":"https:\/\/www.tatanka.nl\/it\/wp-json\/wp\/v2\/product_tag?post=127329"}],"curies":[{"name":"wp","href":"https:\/\/api.w.org\/{rel}","templated":true}]}}