{"id":127347,"date":"2025-01-10T13:18:03","date_gmt":"2025-01-10T12:18:03","guid":{"rendered":"https:\/\/www.tatanka.nl\/?post_type=product&#038;p=127347"},"modified":"2025-05-16T14:47:56","modified_gmt":"2025-05-16T13:47:56","slug":"true-og-soma-sacred-seeds","status":"publish","type":"product","link":"https:\/\/www.tatanka.nl\/it\/true-og-soma-sacred-seeds\/","title":{"rendered":"Vero OG - Soma Sacred Seeds"},"content":{"rendered":"<h2>Che cos'\u00e8 la True OG?<\/h2>\n<p>La True OG \u00e8 una variet\u00e0 distinta creata a partire dalla popolare OG Kush, con radici nella California meridionale. Il nome \"OG\" si riferiva originariamente a \"ocean grown\", indicando le origini della pianta lungo le regioni costiere della California. La True OG, con la sua composizione genetica 80% Indica e 20% Sativa, \u00e8 un potente ibrido noto per i suoi effetti rilassanti e morbidi, combinati con uno sballo pi\u00f9 concentrato. Questa variet\u00e0 offre un profilo aromatico morbido e terroso, ideale per chi cerca un profondo rilassamento senza pesanti sedazioni.<\/p>\n<p>Una delle caratteristiche principali della True OG \u00e8 la sua versatilit\u00e0 come variet\u00e0 adatta ai coltivatori. Sia che venga coltivata all'interno che all'esterno, la True OG prospera nelle giuste condizioni. Sebbene sia pi\u00f9 adatta ai climi pi\u00f9 secchi a causa della sua suscettibilit\u00e0 al marciume delle cime in presenza di umidit\u00e0 elevata, pu\u00f2 essere coltivata con successo anche in ambienti indoor controllati. Le cime dense e piene di resina di questa variet\u00e0 sono molto ricercate per la loro capacit\u00e0 di produrre hashish di alta qualit\u00e0, il che la rende una delle preferite sia dai consumatori ricreativi che dagli appassionati di hashish.<\/p>\n<h2>Storia di True OG<\/h2>\n<p>La True OG trae le sue origini dalla California meridionale, dove il termine \"OG\" \u00e8 stato coniato per la prima volta e significa \"ocean grown\". Questo indicava le variet\u00e0 coltivate vicino alla costa, che beneficiavano dell'aria fresca dell'oceano e di condizioni ambientali uniche. La variet\u00e0 madre, OG Kush, \u00e8 stata a lungo una delle variet\u00e0 di cannabis pi\u00f9 iconiche e influenti, contribuendo con i suoi potenti effetti e il suo sapore unico alla True OG. Nel corso del tempo, questo specifico fenotipo di OG Kush \u00e8 stato selezionato per il suo gusto, la sua potenza e le sue caratteristiche di crescita eccezionali.<\/p>\n<p>Fin dalla sua introduzione, la True OG \u00e8 stata apprezzata sia dai consumatori occasionali che da quelli esperti. La variet\u00e0 ha rapidamente guadagnato popolarit\u00e0 per la sua notevole capacit\u00e0 di fornire un sapore morbido e terroso con effetti rilassanti e stimolanti per l'umore. Soma Sacred Seeds ha ottenuto il fenotipo di True OG che coltiva dal 2008 e che rimane uno dei suoi ceppi preferiti grazie ai suoi terpeni superiori e al suo potenziale di produzione di hashish. Oggi, la True OG \u00e8 famosa per la sua capacit\u00e0 di offrire uno sballo equilibrato che rilassa il corpo e stimola la mente senza causare una sedazione eccessiva.<\/p>\n<h2>Come usare True OG<\/h2>\n<p>La True OG pu\u00f2 essere utilizzata in diversi modi, a seconda delle preferenze. Quando viene fumata, questa variet\u00e0 offre un sapore morbido e terroso che migliora l'esperienza complessiva. I suoi effetti morbidi e rilassanti la rendono ideale per l'uso serale, offrendo un ottimo modo per rilassarsi dopo una lunga giornata senza sentirsi eccessivamente sedati. Gli effetti equilibrati di questa variet\u00e0 la rendono anche una buona opzione per i contesti sociali, in quanto fornisce uno sballo calmante alla testa senza offuscare la chiarezza mentale.<\/p>\n<p>Per coloro che preferiscono gli estratti, la True OG \u00e8 nota anche per il suo eccellente potenziale di produzione di hashish. Le cime dense sono ricche di resina, il che le rende perfette per produrre hashish saporito e potente. Sia che venga consumata come fiore o nella sua forma concentrata, la True OG offre un'esperienza piacevole e rilassante. Quando si coltiva questa variet\u00e0, i coltivatori dovrebbero puntare a mantenere condizioni di temperatura ottimali tra i 18 e i 29\u00b0C e fare attenzione ai livelli di umidit\u00e0, poich\u00e9 la True OG \u00e8 pi\u00f9 suscettibile al marciume delle cime in condizioni di umidit\u00e0.<\/p>\n<h2>Ingredienti di True OG<\/h2>\n<p>Gli effetti e il profilo aromatico della True OG sono in gran parte determinati dalla sua combinazione di cannabinoidi e terpeni. Il terpene principale della variet\u00e0 \u00e8 il mircene, che contribuisce al suo aroma terroso ed erbaceo e alle sue propriet\u00e0 rilassanti. Il limonene, un altro terpene chiave della True OG, aggiunge una leggera nota agrumata, migliorando il suo sapore complessivo e aggiungendo una componente edificante allo sballo. Il pinene, anch'esso presente nella variet\u00e0, offre un profumo rinfrescante simile al pino che bilancia le note pi\u00f9 terrose della variet\u00e0.<\/p>\n<p>Oltre ai terpeni, True OG contiene un'alta concentrazione di THC, responsabile dei suoi potenti effetti. Il patrimonio genetico 80% Indica e 20% Sativa fa s\u00ec che True OG offra un'esperienza rilassante e morbida, con un high chiaro e concentrato. Il profilo terpenico della variet\u00e0, combinato con il suo contenuto di THC, rende la True OG una scelta eccellente per chi cerca un'esperienza saporita e antistress. Sia per uso ricreativo che medico, la combinazione unica di cannabinoidi e terpeni rende la True OG una delle preferite da molti consumatori di cannabis.<\/p>\n<p><strong>Attenzione:<\/strong><br \/>\nLa True OG \u00e8 una variet\u00e0 potente e i suoi effetti possono essere intensi per alcuni consumatori. I neofiti o coloro che hanno una minore tolleranza dovrebbero iniziare con una piccola dose per evitare un consumo eccessivo. \u00c8 anche importante tenere presente che le cime dense e la natura ricca di resina della True OG la rendono ideale per la produzione di hashish, per cui una corretta manipolazione durante la coltivazione \u00e8 essenziale per evitare contaminazioni o marciumi. Consumare sempre in modo responsabile e in conformit\u00e0 alle leggi locali.<\/p>","protected":false},"excerpt":{"rendered":"<p>True OG \u00e8 un potente ibrido a predominanza Indica che offre esperienze terrose e saporite. Con le genetiche 80% Indica e 20% Sativa, offre effetti duraturi e morbidi insieme a uno sballo concentrato. Nota per il suo eccellente potenziale di produzione di hashish, True OG prospera sia in ambienti interni che esterni, rendendola un'opzione versatile per i coltivatori. Le sue cime ricche e dense e i suoi deliziosi terpeni la rendono una delle preferite da chi apprezza un fumo morbido e saporito e un relax di lunga durata.<\/p>","protected":false},"featured_media":127352,"template":"","meta":[],"product_brand":[],"product_cat":[640,297,549,546],"product_tag":[],"class_list":{"0":"post-127347","1":"product","2":"type-product","3":"status-publish","4":"has-post-thumbnail","6":"product_cat-soma-sacred-seeds","7":"product_cat-all-products","8":"product_cat-feminized-seeds","9":"product_cat-seedshop","11":"first","12":"instock","13":"taxable","14":"shipping-taxable","15":"purchasable","16":"product-type-variable","17":"has-default-attributes"},"_links":{"self":[{"href":"https:\/\/www.tatanka.nl\/it\/wp-json\/wp\/v2\/product\/127347","targetHints":{"allow":["GET"]}}],"collection":[{"href":"https:\/\/www.tatanka.nl\/it\/wp-json\/wp\/v2\/product"}],"about":[{"href":"https:\/\/www.tatanka.nl\/it\/wp-json\/wp\/v2\/types\/product"}],"wp:featuredmedia":[{"embeddable":true,"href":"https:\/\/www.tatanka.nl\/it\/wp-json\/wp\/v2\/media\/127352"}],"wp:attachment":[{"href":"https:\/\/www.tatanka.nl\/it\/wp-json\/wp\/v2\/media?parent=127347"}],"wp:term":[{"taxonomy":"product_brand","embeddable":true,"href":"https:\/\/www.tatanka.nl\/it\/wp-json\/wp\/v2\/product_brand?post=127347"},{"taxonomy":"product_cat","embeddable":true,"href":"https:\/\/www.tatanka.nl\/it\/wp-json\/wp\/v2\/product_cat?post=127347"},{"taxonomy":"product_tag","embeddable":true,"href":"https:\/\/www.tatanka.nl\/it\/wp-json\/wp\/v2\/product_tag?post=127347"}],"curies":[{"name":"wp","href":"https:\/\/api.w.org\/{rel}","templated":true}]}}