{"id":127353,"date":"2025-01-10T13:24:09","date_gmt":"2025-01-10T12:24:09","guid":{"rendered":"https:\/\/www.tatanka.nl\/?post_type=product&#038;p=127353"},"modified":"2025-05-16T14:48:56","modified_gmt":"2025-05-16T13:48:56","slug":"buddhas-sister-soma-sacred-seeds","status":"publish","type":"product","link":"https:\/\/www.tatanka.nl\/it\/buddhas-sister-soma-sacred-seeds\/","title":{"rendered":"La Sorella di Buddha - Semi Sacri di Soma"},"content":{"rendered":"<h2>Qual \u00e8 la sorella di Buddha?<\/h2>\n<p>Buddha's Sister, originariamente conosciuta come Soma Skunk V+, \u00e8 una variet\u00e0 di cannabis ibrida che \u00e8 diventata una scelta popolare per chi cerca uno sballo creativo e cerebrale. \u00c8 stata ribattezzata in modo specifico per attirare i coffeeshop di Amsterdam, dove ha rapidamente ottenuto il riconoscimento per le sue caratteristiche uniche e i suoi potenti effetti. La variet\u00e0 \u00e8 un incrocio tra Siddharta e Afghani Hawaiian, che ha dato origine a una pianta con una resa impressionante e un sapore aspro di caramella alla ciliegia. Buddha's Sister offre un'esperienza equilibrata con un mix di 60% Indica e 40% Sativa, che la rende ideale per chi desidera sia il relax che la stimolazione mentale.<\/p>\n<p>Questa variet\u00e0 si distingue per la sua struttura alta e allampanata, con molti rami laterali che la rendono pi\u00f9 adatta a un metodo di coltivazione a pi\u00f9 rami piuttosto che alla tecnica Sea of Green (SOG). Buddha's Sister \u00e8 altamente resinosa, il che la rende eccellente per la produzione di hashish, e le sue cime hanno una consistenza setosa e scivolosa che evidenzia l'abbondanza di resina grassa. Pur avendo un sapore leggermente meno dolce rispetto alla sorella Reclining Buddha, la Buddha's Sister \u00e8 comunque nota per le sue qualit\u00e0 medicinali, in quanto offre benefici terapeutici insieme a un delizioso profilo aromatico.<\/p>\n<h2>Storia della sorella di Buddha<\/h2>\n<p>La storia della Buddha's Sister inizia con il suo nome originale, Soma Skunk V+, una variet\u00e0 allevata dalla Soma Sacred Seeds. Questo ibrido faceva inizialmente parte degli sforzi di Soma per creare variet\u00e0 che offrissero un valore sia medicinale che ricreativo. Dopo il suo rilascio, la variet\u00e0 \u00e8 diventata rapidamente popolare grazie ai suoi potenti effetti e al suo sapore unico. La ridenominazione in Buddha's Sister ha contribuito ad aumentare il suo fascino, soprattutto nella scena dei coffeeshop di Amsterdam, dove \u00e8 diventata una pianta molto venduta e regolarmente esaurita.<\/p>\n<p>Il lignaggio genetico di questa variet\u00e0 affonda le sue radici nella combinazione di Siddharta e Afghani Hawaiian, due variet\u00e0 note per i loro effetti forti e i sapori ricchi. L'ibridazione di queste due variet\u00e0 ha dato vita a una pianta con una resa maggiore ma meno dolce della sua controparte, la Reclining Buddha. Da allora Buddha's Sister \u00e8 diventata un punto fermo nella comunit\u00e0 della cannabis, ammirata per le sue propriet\u00e0 medicinali e per la sua capacit\u00e0 di fornire uno sballo creativo e cerebrale. Di conseguenza, rimane una delle variet\u00e0 pi\u00f9 ricercate sia nel mercato della cannabis terapeutica che in quello della cannabis ricreativa.<\/p>\n<h2>Come usare la Sorella di Buddha<\/h2>\n<p>Buddha's Sister \u00e8 una variet\u00e0 versatile che pu\u00f2 essere gustata in varie forme, a seconda delle preferenze. Le cime di Buddha's Sister hanno una consistenza liscia e setosa, che le rende facili da maneggiare e ideali per la produzione di hashish. L'alto contenuto di resina della pianta la rende perfetta per creare concentrati potenti e saporiti. Per coloro che preferiscono fumarla, la variet\u00e0 offre un sapore di caramella alla ciliegia che offre un'esperienza piacevole e morbida.<\/p>\n<p>Quando si usa Buddha's Sister, gli utenti possono aspettarsi uno sballo potente, creativo e cerebrale, perfetto per stimolare la mente e potenziare la creativit\u00e0. \u00c8 ideale per coloro che desiderano impegnarsi in attivit\u00e0 artistiche, brainstorming o semplicemente godere di un'esperienza rilassante ed edificante. Questa variet\u00e0 \u00e8 anche popolare tra i consumatori di medicinali grazie ai suoi effetti terapeutici, che possono aiutare in varie condizioni come stress, ansia e dolore cronico. Sia che la si consumi tramite fumo, vaporizzazione o concentrati, Buddha's Sister offre un'esperienza completa e piacevole.<\/p>\n<h2>Ingredienti della Sorella di Buddha<\/h2>\n<p>Il sapore e gli effetti unici di Buddha's Sister sono il risultato di una complessa combinazione di cannabinoidi e terpeni. I terpeni dominanti della variet\u00e0 includono mircene, limonene e cariofillene. Il mircene contribuisce al suo aroma terroso e muschiato e ai suoi effetti rilassanti, mentre il limonene aggiunge una scorza agrumata al profilo aromatico. Il cariofillene, noto per le sue note pepate e speziate, fornisce un ulteriore livello di complessit\u00e0 al profumo e al gusto della variet\u00e0.<\/p>\n<p>Oltre ai terpeni, Buddha's Sister \u00e8 ricca di THC, responsabile dei suoi potenti effetti. Le genetiche 60% Indica e 40% Sativa forniscono un high ben bilanciato che \u00e8 sia fisicamente rilassante che mentalmente stimolante. Questa combinazione di cannabinoidi e terpeni rende Buddha's Sister una variet\u00e0 unica, perfetta per chi cerca sia benefici terapeutici che una spinta creativa. Sia che venga usata a scopo ricreativo o terapeutico, gli ingredienti di Buddha's Sister lavorano in armonia per offrire un'esperienza di cannabis eccezionale.<\/p>\n<p><strong>Attenzione:<\/strong><br \/>\nBuddha's Sister \u00e8 una variet\u00e0 potente e i suoi effetti possono essere intensi per alcuni consumatori. Se siete nuovi a questa variet\u00e0, si raccomanda di iniziare con una piccola dose per valutare la vostra tolleranza. Le cime ricche di resina di questa variet\u00e0 richiedono anche un'attenta manipolazione durante la coltivazione per evitare muffe o funghi, soprattutto in ambienti umidi. Consumare sempre in modo responsabile e nel rispetto delle leggi locali.<\/p>","protected":false},"excerpt":{"rendered":"<p>Buddha's Sister \u00e8 una variet\u00e0 di cannabis saporita e potente, nota per i suoi effetti creativi e cerebrali. Con genetiche 60% Indica e 40% Sativa, offre uno sballo potente, ideale per chi cerca ispirazione e relax. Conosciuta per il suo sapore unico di caramella alla ciliegia, questa variet\u00e0 produce rese elevate e resina abbondante, perfetta per la produzione di hashish. Sia che venga coltivata in modo idroponico o in terreno organico, Buddha's Sister prospera in una configurazione a pi\u00f9 rami e offre un'esperienza soddisfacente sia per i consumatori ricreativi che per quelli medicinali.<\/p>","protected":false},"featured_media":127357,"template":"","meta":[],"product_brand":[],"product_cat":[640,297,549,546],"product_tag":[],"class_list":{"0":"post-127353","1":"product","2":"type-product","3":"status-publish","4":"has-post-thumbnail","6":"product_cat-soma-sacred-seeds","7":"product_cat-all-products","8":"product_cat-feminized-seeds","9":"product_cat-seedshop","11":"first","12":"instock","13":"taxable","14":"shipping-taxable","15":"purchasable","16":"product-type-variable","17":"has-default-attributes"},"_links":{"self":[{"href":"https:\/\/www.tatanka.nl\/it\/wp-json\/wp\/v2\/product\/127353","targetHints":{"allow":["GET"]}}],"collection":[{"href":"https:\/\/www.tatanka.nl\/it\/wp-json\/wp\/v2\/product"}],"about":[{"href":"https:\/\/www.tatanka.nl\/it\/wp-json\/wp\/v2\/types\/product"}],"wp:featuredmedia":[{"embeddable":true,"href":"https:\/\/www.tatanka.nl\/it\/wp-json\/wp\/v2\/media\/127357"}],"wp:attachment":[{"href":"https:\/\/www.tatanka.nl\/it\/wp-json\/wp\/v2\/media?parent=127353"}],"wp:term":[{"taxonomy":"product_brand","embeddable":true,"href":"https:\/\/www.tatanka.nl\/it\/wp-json\/wp\/v2\/product_brand?post=127353"},{"taxonomy":"product_cat","embeddable":true,"href":"https:\/\/www.tatanka.nl\/it\/wp-json\/wp\/v2\/product_cat?post=127353"},{"taxonomy":"product_tag","embeddable":true,"href":"https:\/\/www.tatanka.nl\/it\/wp-json\/wp\/v2\/product_tag?post=127353"}],"curies":[{"name":"wp","href":"https:\/\/api.w.org\/{rel}","templated":true}]}}