{"id":127363,"date":"2025-01-10T13:37:12","date_gmt":"2025-01-10T12:37:12","guid":{"rendered":"https:\/\/www.tatanka.nl\/?post_type=product&#038;p=127363"},"modified":"2025-05-16T14:48:41","modified_gmt":"2025-05-16T13:48:41","slug":"lavender-soma-sacred-seeds","status":"publish","type":"product","link":"https:\/\/www.tatanka.nl\/it\/lavender-soma-sacred-seeds\/","title":{"rendered":"Lavanda - Semi Sacri di Soma"},"content":{"rendered":"<h2>Che cos'\u00e8 la lavanda?<\/h2>\n<p>La lavanda \u00e8 una variet\u00e0 di cannabis accattivante che si distingue non solo per il suo aspetto sorprendente, ma anche per il suo complesso patrimonio genetico. Si tratta di un incrocio a tre, che incorpora i migliori tratti di varie regioni: Afghanistan, Hawaii, Corea, Stati Uniti ed Europa. Questo patrimonio genetico diversificato si traduce in una pianta che \u00e8 sia visivamente sorprendente che potente. La Lavender \u00e8 particolarmente nota per la sua colorazione viola intenso, che pu\u00f2 raggiungere tonalit\u00e0 quasi nere sulle punte delle foglie, rendendola una delle variet\u00e0 pi\u00f9 appariscenti disponibili.<\/p>\n<p>Le dense cime della pianta emettono un aroma speziato che ricorda l'hashish afgano, aumentando il suo fascino. Con un elevato rapporto calice-foglia, la Lavender \u00e8 relativamente facile da curare, il che la rende un'opzione interessante per i coltivatori. Sebbene non cresca in altezza come le variet\u00e0 Haze, la Lavender pu\u00f2 comunque raggiungere altezze impressionanti se le viene concesso un periodo vegetativo prolungato. \u00c8 versatile e pu\u00f2 prosperare sia all'interno che all'esterno, offrendo una resa generosa e una qualit\u00e0 eccezionale. Sia che venga coltivata in un mare di verde o come pianta multiramo, la Lavender offre un'esperienza piacevole e potente agli appassionati di cannabis.<\/p>\n<h2>Storia della lavanda<\/h2>\n<p>La storia della lavanda \u00e8 varia e ricca come il suo lignaggio genetico. Questa variet\u00e0 riunisce genetiche provenienti da diverse regioni, tra cui Afghanistan, Hawaii, Corea, Stati Uniti ed Europa. La combinazione di queste diverse variet\u00e0 di cannabis d\u00e0 vita a una variet\u00e0 che fonde le migliori qualit\u00e0 di ogni regione, creando un prodotto complesso e molto ricercato. L'influenza afgana conferisce a Lavender il suo caratteristico aroma speziato e simile a quello dell'hashish, mentre la genetica Hawaiian e quella statunitense contribuiscono alla sua potenza e al suo fascino complessivo.<\/p>\n<p>Le genetiche uniche di Lavender sono state accuratamente curate nel tempo per produrre una variet\u00e0 che non solo offre un high eccellente, ma prospera anche in varie condizioni di coltivazione. L'adattabilit\u00e0 della pianta e la sua resa eccezionale l'hanno resa una delle preferite dai coltivatori indoor e outdoor. La colorazione e il sapore caratteristici della lavanda l'hanno resa famosa nel mondo della cannabis, attirando l'attenzione sia per la sua bellezza che per i suoi potenti effetti rilassanti. Oggi rimane una scelta popolare per gli intenditori di cannabis che cercano un'esperienza equilibrata e rilassante.<\/p>\n<h2>Come usare la lavanda<\/h2>\n<p>La lavanda \u00e8 una variet\u00e0 versatile che pu\u00f2 essere gustata in vari modi, a seconda delle preferenze. Che si preferisca fumare, svapare o usare concentrati, la Lavender offre un'esperienza potente e rilassante, ideale per rilassarsi dopo una lunga giornata. Il sapore distinto di questa variet\u00e0, che ricorda da vicino l'hashish afgano, la rende una scelta eccellente per chi ama le note ricche, speziate e terrose della propria cannabis.<\/p>\n<p>Per chi \u00e8 alle prime armi con questa variet\u00e0, si consiglia di iniziare con una piccola dose per valutarne gli effetti. L'effetto rilassante e dolce della lavanda la rende una scelta ideale per l'uso serale o per i giorni di pioggia, quando si desidera rilassarsi e distendersi. Gli effetti calmanti possono aiutare ad alleviare lo stress e l'ansia e, per alcuni, pu\u00f2 persino aiutare a dormire. Sia che venga usata per rilassarsi che come aiuto per il sonno, la lavanda offre un'esperienza tranquilla e piacevole che lascia gli utenti soddisfatti e a proprio agio.<\/p>\n<h2>Ingredienti della lavanda<\/h2>\n<p>Gli effetti e il profilo aromatico della Lavanda sono il risultato di una complessa combinazione di cannabinoidi e terpeni. L'alto contenuto di THC di questa variet\u00e0 fornisce uno sballo potente e rilassante, perfetto per rilassarsi. Oltre al THC, la Lavanda contiene altri cannabinoidi come il CBD, che contribuiscono ai suoi effetti terapeutici, come il sollievo dallo stress e il rilassamento.<\/p>\n<p>Anche i terpeni della lavanda svolgono un ruolo cruciale nel suo sapore e aroma distinti. Il mircene, il terpene dominante, conferisce note terrose e muschiate, mentre il limonene aggiunge una scorza agrumata al profilo generale. Il cariofillene apporta un aroma speziato e pepato, che completa il profumo di hashish afghano. Questi terpeni lavorano insieme per creare un sapore unico e complesso che migliora l'esperienza complessiva dell'uso della lavanda. La combinazione di questi ingredienti si traduce in una variet\u00e0 non solo lenitiva, ma anche saporita, che la rende la scelta migliore per gli appassionati di cannabis.<\/p>\n<p><strong>Attenzione:<\/strong><br \/>\nLa lavanda \u00e8 una variet\u00e0 potente e i suoi effetti calmanti possono essere intensi per alcuni utenti. Se si \u00e8 alle prime armi con questa variet\u00e0 o si ha una bassa tolleranza, si consiglia di iniziare con una piccola dose e di aumentare gradualmente secondo le necessit\u00e0. La natura rilassante della Lavanda la rende pi\u00f9 adatta all'uso serale, in quanto pu\u00f2 indurre sonnolenza. Siate consapevoli degli effetti di questa variet\u00e0 e consumatela in modo responsabile, soprattutto se avete intenzione di dedicarvi ad attivit\u00e0 che richiedono attenzione o concentrazione. Rispettare sempre le leggi e le normative locali quando si utilizzano prodotti a base di cannabis.<\/p>","protected":false},"excerpt":{"rendered":"<p>La Lavender \u00e8 una variet\u00e0 di cannabis sorprendente ed esotica con una ricca storia genetica, che combina influenze provenienti da Afghanistan, Hawaii, Corea, Stati Uniti ed Europa. Conosciuta per la sua intensa colorazione viola e per le sue cime dense, questa variet\u00e0 offre un aroma speziato, simile a quello dell'hashish afgano, e uno sballo rilassante e dolce. La lavanda prospera nei climi temperati e produce un raccolto eccezionale con un processo di coltivazione semplificato. Ideale per l'uso serale, offre un effetto rilassante e calmante, perfetto per rilassarsi o indurre il sonno.<\/p>","protected":false},"featured_media":127367,"template":"","meta":[],"product_brand":[],"product_cat":[640,297,549,546],"product_tag":[],"class_list":{"0":"post-127363","1":"product","2":"type-product","3":"status-publish","4":"has-post-thumbnail","6":"product_cat-soma-sacred-seeds","7":"product_cat-all-products","8":"product_cat-feminized-seeds","9":"product_cat-seedshop","11":"first","12":"instock","13":"taxable","14":"shipping-taxable","15":"purchasable","16":"product-type-variable","17":"has-default-attributes"},"_links":{"self":[{"href":"https:\/\/www.tatanka.nl\/it\/wp-json\/wp\/v2\/product\/127363","targetHints":{"allow":["GET"]}}],"collection":[{"href":"https:\/\/www.tatanka.nl\/it\/wp-json\/wp\/v2\/product"}],"about":[{"href":"https:\/\/www.tatanka.nl\/it\/wp-json\/wp\/v2\/types\/product"}],"wp:featuredmedia":[{"embeddable":true,"href":"https:\/\/www.tatanka.nl\/it\/wp-json\/wp\/v2\/media\/127367"}],"wp:attachment":[{"href":"https:\/\/www.tatanka.nl\/it\/wp-json\/wp\/v2\/media?parent=127363"}],"wp:term":[{"taxonomy":"product_brand","embeddable":true,"href":"https:\/\/www.tatanka.nl\/it\/wp-json\/wp\/v2\/product_brand?post=127363"},{"taxonomy":"product_cat","embeddable":true,"href":"https:\/\/www.tatanka.nl\/it\/wp-json\/wp\/v2\/product_cat?post=127363"},{"taxonomy":"product_tag","embeddable":true,"href":"https:\/\/www.tatanka.nl\/it\/wp-json\/wp\/v2\/product_tag?post=127363"}],"curies":[{"name":"wp","href":"https:\/\/api.w.org\/{rel}","templated":true}]}}