{"id":129627,"date":"2025-05-09T08:20:26","date_gmt":"2025-05-09T07:20:26","guid":{"rendered":"https:\/\/www.tatanka.nl\/?post_type=product&#038;p=129627"},"modified":"2025-10-16T07:58:42","modified_gmt":"2025-10-16T06:58:42","slug":"cutting-monstrosus-25-29-cm","status":"publish","type":"product","link":"https:\/\/www.tatanka.nl\/it\/cutting-monstrosus-25-29-cm\/","title":{"rendered":"Taglio Monstrosus 25 - 29 cm"},"content":{"rendered":"<h2 class=\"\" data-start=\"474\" data-end=\"511\">Cosa sono i Cutting Monstrosus?<\/h2>\n<p class=\"\" data-start=\"513\" data-end=\"1495\">Il <em data-start=\"517\" data-end=\"544\">Taglio del cactus Monstrosus<\/em> \u00e8 una forma speciale e naturalmente mutata di un cactus contenente mescalina, spesso ritenuta una variante di specie quali <em data-start=\"671\" data-end=\"694\">Trichocereus pachanoi<\/em> o <em data-start=\"698\" data-end=\"723\">Trichocereus peruvianus<\/em>. Riconosciuto per i suoi modelli di crescita irregolari e \"mostruosi\", il cactus sviluppa forme contorte e annodate che rendono ogni esemplare visivamente unico. Oltre al suo aspetto affascinante, il <em data-start=\"910\" data-end=\"937\">Taglio del cactus Monstrosus<\/em> ha un valore spirituale significativo. \u00c8 stato utilizzato per secoli nelle pratiche indigene grazie ai suoi potenti effetti psicoattivi, attribuiti principalmente al suo contenuto di mescalina. Quando viene consumato, il cactus pu\u00f2 fungere da strumento di profonda introspezione, pulizia energetica e guarigione emotiva. Come talea, permette agli utenti di preparare la propria dose cerimoniale o di propagarla per un uso futuro. Il <em data-start=\"1330\" data-end=\"1357\">Taglio del cactus Monstrosus<\/em> fa da ponte tra il regno fisico e quello spirituale, aiutando coloro che cercano connessione, chiarezza e un rinnovato senso di s\u00e9 attraverso mezzi naturali.<\/p>\n<h2 class=\"\" data-start=\"1502\" data-end=\"1540\">Storia del taglio di Monstrosus<\/h2>\n<p class=\"\" data-start=\"1542\" data-end=\"2786\">Il <em data-start=\"1546\" data-end=\"1573\">Taglio del cactus Monstrosus<\/em> condivide le sue origini con le antiche culture andine che hanno venerato a lungo i cactus ricchi di mescalina come piante sacre. Spesso presenti nelle regioni montuose del Per\u00f9, della Bolivia e del Cile settentrionale, questi cactus venivano tradizionalmente utilizzati nei rituali sciamanici finalizzati alla guarigione, alla divinazione e al risveglio spirituale. La variante \"monstrosus\" si riferisce alla mutazione genetica unica che causa una crescita anomala e non lineare, rendendola un simbolo di trasformazione e imprevedibilit\u00e0. Anche se non si sa con esattezza quando il <em data-start=\"2072\" data-end=\"2099\">Taglio del cactus Monstrosus<\/em> Il suo uso \u00e8 parallelo a quello di cactus cerimoniali pi\u00f9 comuni, come l'San Pedro e la Torcia peruviana. Gli sciamani e i leader spirituali preparavano il cactus come sacramento, da consumare durante i rituali notturni per accedere a stati di coscienza superiori. Nelle comunit\u00e0 spirituali moderne, il <em data-start=\"2406\" data-end=\"2433\">Taglio del cactus Monstrosus<\/em> \u00e8 apprezzato non solo per la sua rarit\u00e0, ma anche per il suo intenso simbolismo. La forma imprevedibile del cactus rispecchia il viaggio umano: bello, caotico e profondamente personale. La sua reputazione \u00e8 cresciuta costantemente nei circoli di medicina vegetale contemporanea, rendendolo un cactus molto ricercato da coloro che esplorano la guarigione a base vegetale e l'intuizione mistica.<\/p>\n<h2 class=\"\" data-start=\"2793\" data-end=\"2831\">Come utilizzare Cutting Monstrosus<\/h2>\n<p class=\"\" data-start=\"2833\" data-end=\"3374\">Il <em data-start=\"2837\" data-end=\"2864\">Taglio del cactus Monstrosus<\/em> \u00e8 tipicamente consumato in contesti cerimoniali o meditativi, apprezzato per le sue forti propriet\u00e0 psicoattive. Prima dell'ingestione, la pelle esterna e le spine devono essere accuratamente rimosse. La polpa interna viene tagliata a pezzi e spesso fatta bollire in acqua per diverse ore per creare un t\u00e8 concentrato. Questo t\u00e8 \u00e8 noto per il suo sapore amaro, ma \u00e8 il metodo pi\u00f9 tradizionale ed efficace per consumare il cactus. Alcuni individui scelgono anche di consumare la polpa cruda, anche se \u00e8 pi\u00f9 probabile che ci\u00f2 induca la nausea.<\/p>\n<p class=\"\" data-start=\"3376\" data-end=\"4065\">\u00c8 essenziale affrontare l'esperienza con intenzione e preparazione. Gli effetti iniziano in genere da 1 a 2 ore dopo il consumo, con un picco di circa 4-6 ore. L'esperienza complessiva pu\u00f2 durare dalle 10 alle 15 ore. Durante questo periodo, gli utenti possono sperimentare fenomeni visivi, una maggiore consapevolezza emotiva e un forte senso di interconnessione con la natura e con se stessi. \u00c8 fondamentale consumare il <em data-start=\"3779\" data-end=\"3806\">Taglio del cactus Monstrosus<\/em> in un ambiente tranquillo e sicuro, con la presenza di un accompagnatore sobrio. Si raccomanda una corretta idratazione, una dieta leggera e il riposo dopo l'esperienza. Il cactus deve essere trattato come una guida sacra, non per svago, ma per la guarigione e l'allineamento spirituale.<\/p>\n<h2 class=\"\" data-start=\"4072\" data-end=\"4114\">Ingredienti di Cutting Monstrosus<\/h2>\n<p class=\"\" data-start=\"4116\" data-end=\"4612\">Il <em data-start=\"4120\" data-end=\"4147\">Taglio del cactus Monstrosus<\/em> contiene una serie di composti presenti in natura, in particolare <strong data-start=\"4212\" data-end=\"4225\">mescalina<\/strong>che \u00e8 responsabile dei suoi effetti psicoattivi e visionari. La mescalina \u00e8 un potente entheogen che interagisce con i recettori della serotonina, inducendo stati alterati di coscienza, percezione potenziata e profonda introspezione. Oltre alla mescalina, il cactus pu\u00f2 contenere anche altri alcaloidi in quantit\u00e0 minori, come l'analonidina e la tiramina, che possono sostenere i suoi effetti complessivi.<\/p>\n<p class=\"\" data-start=\"4614\" data-end=\"5349\">In termini di composizione fisica, il <em data-start=\"4652\" data-end=\"4679\">Taglio del cactus Monstrosus<\/em> \u00e8 costituito da un elevato contenuto di acqua, tessuto vegetale fibroso e strati protettivi di pelle. La struttura irregolare della variante \"monstrosus\" \u00e8 dovuta a una mutazione genetica, ma ci\u00f2 non influisce sulla sua potenza. Mentre ogni talea di cactus pu\u00f2 variare nella concentrazione di mescalina a seconda dell'et\u00e0, delle dimensioni e delle condizioni di crescita, la componente spirituale di base rimane intatta. Questo rende la <em data-start=\"5050\" data-end=\"5077\">Taglio del cactus Monstrosus<\/em> una fonte di trasformazione sia biochimica che simbolica. La sua struttura pulita e naturale ne consente l'uso con una lavorazione minima. Per chi \u00e8 alla ricerca di uno strumento naturale a base vegetale per il risveglio e la guarigione, il <em data-start=\"5288\" data-end=\"5315\">Taglio del cactus Monstrosus<\/em> fornisce un percorso profondo e organico.<\/p>\n<p class=\"\" data-start=\"5356\" data-end=\"5817\"><strong data-start=\"5356\" data-end=\"5368\">Attenzione:<\/strong><br data-start=\"5368\" data-end=\"5371\" \/>Fare <strong data-start=\"5374\" data-end=\"5381\">non<\/strong> utilizzare il <em data-start=\"5390\" data-end=\"5417\">Taglio del cactus Monstrosus<\/em> in caso di gravidanza, allattamento, et\u00e0 inferiore ai 18 anni o condizioni mediche quali problemi cardiaci, anomalie della pressione sanguigna o problemi di salute mentale. Evitare di mischiarlo con alcol, farmaci o altre sostanze. Consumare sempre in un luogo sicuro con la presenza di un accompagnatore sobrio. Non guidate e non azionate macchinari sotto l'effetto dell'alcol. Rispettare il cactus come medicina sacra, non come droga ricreativa.<\/p>","protected":false},"excerpt":{"rendered":"<p>Il cactus Monstrosus da taglio \u00e8 una pianta rara e venerata, nota per la sua potente profondit\u00e0 spirituale e la sua naturale energia curativa. Tradizionalmente utilizzato nei rituali sacri e nei viaggi introspettivi, questo cactus offre un percorso unico verso la chiarezza emotiva, la scoperta di s\u00e9 e la connessione con l'universo.<\/p>","protected":false},"featured_media":129629,"template":"","meta":[],"product_brand":[],"product_cat":[536,297,476],"product_tag":[],"class_list":{"0":"post-129627","1":"product","2":"type-product","3":"status-publish","4":"has-post-thumbnail","6":"product_cat-mescaline-cacti","7":"product_cat-all-products","8":"product_cat-smartshop","9":"product_shipping_class-creditcard-off","11":"first","12":"instock","13":"taxable","14":"shipping-taxable","15":"purchasable","16":"product-type-variable","17":"has-default-attributes"},"_links":{"self":[{"href":"https:\/\/www.tatanka.nl\/it\/wp-json\/wp\/v2\/product\/129627","targetHints":{"allow":["GET"]}}],"collection":[{"href":"https:\/\/www.tatanka.nl\/it\/wp-json\/wp\/v2\/product"}],"about":[{"href":"https:\/\/www.tatanka.nl\/it\/wp-json\/wp\/v2\/types\/product"}],"wp:featuredmedia":[{"embeddable":true,"href":"https:\/\/www.tatanka.nl\/it\/wp-json\/wp\/v2\/media\/129629"}],"wp:attachment":[{"href":"https:\/\/www.tatanka.nl\/it\/wp-json\/wp\/v2\/media?parent=129627"}],"wp:term":[{"taxonomy":"product_brand","embeddable":true,"href":"https:\/\/www.tatanka.nl\/it\/wp-json\/wp\/v2\/product_brand?post=129627"},{"taxonomy":"product_cat","embeddable":true,"href":"https:\/\/www.tatanka.nl\/it\/wp-json\/wp\/v2\/product_cat?post=129627"},{"taxonomy":"product_tag","embeddable":true,"href":"https:\/\/www.tatanka.nl\/it\/wp-json\/wp\/v2\/product_tag?post=129627"}],"curies":[{"name":"wp","href":"https:\/\/api.w.org\/{rel}","templated":true}]}}