{"id":129631,"date":"2025-05-09T08:31:49","date_gmt":"2025-05-09T07:31:49","guid":{"rendered":"https:\/\/www.tatanka.nl\/?post_type=product&#038;p=129631"},"modified":"2025-10-16T07:58:42","modified_gmt":"2025-10-16T06:58:42","slug":"cutting-bridgesii-25-29-cm","status":"publish","type":"product","link":"https:\/\/www.tatanka.nl\/it\/cutting-bridgesii-25-29-cm\/","title":{"rendered":"Ponti di taglio 25 - 29 cm"},"content":{"rendered":"<h2 class=\"\" data-start=\"540\" data-end=\"576\">Cosa sono i ponti di taglio?<\/h2>\n<p class=\"\" data-start=\"578\" data-end=\"1508\">Il <em data-start=\"582\" data-end=\"608\">Taglio del cactus Bridgesii<\/em>-noto anche come <strong data-start=\"623\" data-end=\"650\">Echinopsis lageniformis<\/strong> o <strong data-start=\"654\" data-end=\"672\">Torcia boliviana<\/strong>-\u00e8 un cactus colonnare a crescita rapida originario della Bolivia. Con la sua caratteristica buccia verde-blu, i lunghi aculei e la struttura a coste, \u00e8 un cactus di grande impatto visivo e di grande potenza spirituale. Questo cactus \u00e8 apprezzato per il suo alto contenuto di mescalina, che lo rende una delle specie pi\u00f9 psicoattive della famiglia dei Trichocereus. Come talea, offre un modo flessibile per propagare una nuova pianta o preparare una dose cerimoniale per uso spirituale. Conosciuta per indurre stati visionari, chiarezza emotiva e profonda connessione con se stessi e con la natura, la <em data-start=\"1216\" data-end=\"1242\">Taglio del cactus Bridgesii<\/em> \u00e8 diventato uno strumento essenziale per chi pratica un lavoro interiore consapevole. Sia che venga utilizzato nelle cerimonie tradizionali o nei moderni contesti di guarigione, il <em data-start=\"1386\" data-end=\"1412\">Taglio del cactus Bridgesii<\/em> serve come alleato vegetale in grado di guidare gli individui attraverso una profonda trasformazione personale.<\/p>\n<h2 class=\"\" data-start=\"1515\" data-end=\"1552\">Storia del taglio dei ponti<\/h2>\n<p class=\"\" data-start=\"1554\" data-end=\"2080\">Il <em data-start=\"1558\" data-end=\"1584\">Taglio del cactus Bridgesii<\/em> affonda le sue radici nelle regioni d'alta quota della Bolivia, dove \u00e8 stato utilizzato per secoli dalle culture indigene andine. Guaritori e sciamani consumano tradizionalmente questo cactus nelle cerimonie sacre per accedere alla guida spirituale, facilitare la guarigione e comunicare con il mondo degli spiriti. La Torcia boliviana viene spesso citata insieme ad altri cactus cerimoniali come l'San Pedro e il Peyote, anche se la Torcia boliviana \u00e8 un cactus che si trova in un luogo di culto. <em data-start=\"1989\" data-end=\"2015\">Taglio del cactus Bridgesii<\/em> \u00e8 noto per le sue esperienze particolarmente intense e visionarie.<\/p>\n<p class=\"\" data-start=\"2082\" data-end=\"2687\">Il suo nome \u00e8 in onore del botanico del XIX secolo Thomas Bridges e, dalla sua scoperta, ha oltrepassato i confini del Sud America per entrare nei circoli spirituali di tutto il mondo. Negli ultimi decenni si \u00e8 guadagnato un seguito fedele nelle comunit\u00e0 di fitoterapia grazie ai suoi effetti forti e lucidi. Il cactus \u00e8 considerato un \"maestro insegnante\", con la capacit\u00e0 di affrontare dolori emotivi radicati, smantellare le strutture dell'ego e guidare gli utenti verso una maggiore libert\u00e0 personale. Oggi, il <em data-start=\"2552\" data-end=\"2578\">Taglio del cactus Bridgesii<\/em> si pone come ponte - sia letteralmente che simbolicamente - tra l'antica saggezza e i moderni ricercatori della verit\u00e0 interiore.<\/p>\n<h2 class=\"\" data-start=\"2694\" data-end=\"2731\">Come utilizzare Cutting Bridgesii<\/h2>\n<p class=\"\" data-start=\"2733\" data-end=\"3248\">Il <em data-start=\"2737\" data-end=\"2763\">Taglio del cactus Bridgesii<\/em> \u00e8 tipicamente consumato in contesti cerimoniali o terapeutici per accedere alle sue potenti propriet\u00e0 visionarie. La preparazione prevede la rimozione delle spine e della buccia esterna verde scuro, quindi l'affettamento della polpa interna in piccole sezioni. Queste vengono fatte bollire per diverse ore in acqua per produrre un t\u00e8 denso e amaro. Il liquido cos\u00ec ottenuto viene consumato lentamente e con intenzione, spesso in un ambiente tranquillo e solidale. Alcuni utenti frullano il cactus bollito in una pasta potabile o lo essiccano per un uso successivo.<\/p>\n<p class=\"\" data-start=\"3250\" data-end=\"3906\">A stomaco vuoto, gli effetti iniziano solitamente entro 1 o 2 ore, per poi raggiungere il picco a 3 o 5 ore. L'esperienza completa pu\u00f2 durare dalle 10 alle 14 ore. Molti riferiscono di profonda introspezione, liberazione emotiva, schemi visivi e un profondo senso di unit\u00e0 con la natura. Il <em data-start=\"3523\" data-end=\"3549\">Taglio del cactus Bridgesii<\/em> non va presa alla leggera: i suoi effetti possono essere intensi e va usata solo se si \u00e8 preparati mentalmente e fisicamente. Assicurarsi sempre della presenza di un compagno di viaggio fidato ed evitare distrazioni esterne. L'integrazione dopo il viaggio \u00e8 essenziale. Il diario, il riposo e la riflessione possono aiutare ad assorbire e a radicare le intuizioni ricevute da questo potente cactus.<\/p>\n<h2 class=\"\" data-start=\"3913\" data-end=\"3954\">Ingredienti del taglio Bridgesii<\/h2>\n<p class=\"\" data-start=\"3956\" data-end=\"4436\">Il principale composto attivo del <em data-start=\"3991\" data-end=\"4017\">Taglio del cactus Bridgesii<\/em> \u00e8 <strong data-start=\"4021\" data-end=\"4034\">mescalina<\/strong>, un alcaloide psichedelico naturale che \u00e8 stato usato nei rituali sacri per migliaia di anni. La mescalina agisce sui recettori della serotonina nel cervello, alterando la percezione, esaltando le emozioni e aprendo percorsi di consapevolezza spirituale. Questo cactus contiene tipicamente un'alta concentrazione di mescalina rispetto ad altre specie di Trichocereus, il che lo rende particolarmente ricercato per i cerimoniali.<\/p>\n<p class=\"\" data-start=\"4438\" data-end=\"5111\">Altri alcaloidi come l'analonidina e la tiramina possono essere presenti in quantit\u00e0 minori, contribuendo al profilo energetico complessivo. In termini fisici, il <em data-start=\"4598\" data-end=\"4624\">Taglio del cactus Bridgesii<\/em> \u00e8 composta da un tessuto vegetale fibroso ad alto contenuto di acqua, che le permette di sopravvivere in ambienti aridi. La sua buccia nervata e cerosa aiuta a conservare l'umidit\u00e0, mentre il suo nucleo, ricco di alcaloidi, produce i suoi effetti spirituali e curativi se preparato correttamente. A differenza dei cactus ornamentali, questa pianta \u00e8 considerata uno strumento sacro. Il <em data-start=\"4943\" data-end=\"4969\">Taglio del cactus Bridgesii<\/em> non \u00e8 solo una pianta: \u00e8 un potente alleato per chi cerca la crescita personale, la verit\u00e0 spirituale e l'espansione della coscienza attraverso mezzi naturali.<\/p>\n<p class=\"\" data-start=\"5118\" data-end=\"5619\"><strong data-start=\"5118\" data-end=\"5130\">Attenzione:<\/strong><br data-start=\"5130\" data-end=\"5133\" \/>Fare <strong data-start=\"5136\" data-end=\"5143\">non<\/strong> consumare il <em data-start=\"5156\" data-end=\"5182\">Taglio del cactus Bridgesii<\/em> in caso di gravidanza, allattamento, minori di 18 anni o problemi di salute mentale, condizioni cardiache o pressione alta\/bassa. Evitare l'associazione con alcol, farmaci da prescrizione o altre sostanze psicoattive. Usare solo in un ambiente sicuro e tranquillo, con la presenza di una persona sobria. Non guidare o utilizzare macchinari sotto l'effetto del farmaco. Rispettare il <em data-start=\"5543\" data-end=\"5569\">Taglio del cactus Bridgesii<\/em> come medicina sacra, non come sostanza ricreativa.<\/p>","protected":false},"excerpt":{"rendered":"<p>Il cactus Bridgesii da taglio \u00e8 una pianta sacra e potente, a lungo venerata per le sue profonde intuizioni spirituali e le sue profonde propriet\u00e0 curative. Tradizionalmente usato nei rituali sciamanici e nel lavoro interiore, offre un potente percorso verso la scoperta di s\u00e9, la pulizia energetica e l'elevazione della coscienza.<\/p>","protected":false},"featured_media":129633,"template":"","meta":[],"product_brand":[],"product_cat":[536,297,476],"product_tag":[],"class_list":{"0":"post-129631","1":"product","2":"type-product","3":"status-publish","4":"has-post-thumbnail","6":"product_cat-mescaline-cacti","7":"product_cat-all-products","8":"product_cat-smartshop","9":"product_shipping_class-creditcard-off","11":"first","12":"instock","13":"taxable","14":"shipping-taxable","15":"purchasable","16":"product-type-variable","17":"has-default-attributes"},"_links":{"self":[{"href":"https:\/\/www.tatanka.nl\/it\/wp-json\/wp\/v2\/product\/129631","targetHints":{"allow":["GET"]}}],"collection":[{"href":"https:\/\/www.tatanka.nl\/it\/wp-json\/wp\/v2\/product"}],"about":[{"href":"https:\/\/www.tatanka.nl\/it\/wp-json\/wp\/v2\/types\/product"}],"wp:featuredmedia":[{"embeddable":true,"href":"https:\/\/www.tatanka.nl\/it\/wp-json\/wp\/v2\/media\/129633"}],"wp:attachment":[{"href":"https:\/\/www.tatanka.nl\/it\/wp-json\/wp\/v2\/media?parent=129631"}],"wp:term":[{"taxonomy":"product_brand","embeddable":true,"href":"https:\/\/www.tatanka.nl\/it\/wp-json\/wp\/v2\/product_brand?post=129631"},{"taxonomy":"product_cat","embeddable":true,"href":"https:\/\/www.tatanka.nl\/it\/wp-json\/wp\/v2\/product_cat?post=129631"},{"taxonomy":"product_tag","embeddable":true,"href":"https:\/\/www.tatanka.nl\/it\/wp-json\/wp\/v2\/product_tag?post=129631"}],"curies":[{"name":"wp","href":"https:\/\/api.w.org\/{rel}","templated":true}]}}