{"id":129635,"date":"2025-05-09T08:51:27","date_gmt":"2025-05-09T07:51:27","guid":{"rendered":"https:\/\/www.tatanka.nl\/?post_type=product&#038;p=129635"},"modified":"2025-10-16T07:58:41","modified_gmt":"2025-10-16T06:58:41","slug":"san-pedro-cutting-pachanoi","status":"publish","type":"product","link":"https:\/\/www.tatanka.nl\/it\/san-pedro-cutting-pachanoi\/","title":{"rendered":"San Pedro taglio Pachanoi"},"content":{"rendered":"<h2 class=\"\" data-start=\"524\" data-end=\"559\">Cosa sono i cactus Pachanoi da taglio?<\/h2>\n<p class=\"\" data-start=\"561\" data-end=\"1030\">Il <em data-start=\"565\" data-end=\"590\">Taglio del cactus Pachanoi<\/em>, comunemente chiamato <strong data-start=\"616\" data-end=\"629\">San Pedro<\/strong>\u00e8 un cactus colonnare a crescita rapida originario della Cordigliera delle Ande di Per\u00f9, Ecuador e Bolivia. Fa parte della famiglia dei <em data-start=\"749\" data-end=\"761\">Echinopsis<\/em> (in precedenza <em data-start=\"772\" data-end=\"786\">Trichocereus<\/em>) ed \u00e8 noto per la sua buccia verde e liscia, i pochi aculei e la sua potenza spirituale. Questo cactus contiene mescalina, un composto psichedelico naturale utilizzato da migliaia di anni nella medicina tradizionale andina e nelle cerimonie religiose.<\/p>\n<p class=\"\" data-start=\"1032\" data-end=\"1588\">Come taglio, il <em data-start=\"1050\" data-end=\"1075\">Taglio del cactus Pachanoi<\/em> pu\u00f2 essere propagata o consumata per scopi cerimoniali. Nota per i suoi effetti delicati ma trasformativi, promuove uno stato di armonia, compassione e profonda connessione con il s\u00e9 e l'universo. A differenza di molte altre piante enteogeniche, l'esperienza che offre \u00e8 spesso descritta come emotivamente nutriente e spiritualmente espansiva. Sia che venga usata in un rituale sacro o come parte di un percorso di guarigione personale, la <em data-start=\"1497\" data-end=\"1522\">Taglio del cactus Pachanoi<\/em> \u00e8 una guida fidata verso l'intuizione personale e l'allineamento dell'anima.<\/p>\n<h2 class=\"\" data-start=\"1595\" data-end=\"1631\">Storia del taglio di Pachanoi<\/h2>\n<p class=\"\" data-start=\"1633\" data-end=\"2018\">Il <em data-start=\"1637\" data-end=\"1662\">Taglio del cactus Pachanoi<\/em> ha una storia lunga e sacra nella cultura andina, che risale a oltre 3.000 anni fa. Le prove archeologiche dimostrano che veniva utilizzato nelle pratiche cerimoniali precolombiane dalle popolazioni indigene del Per\u00f9 e della Bolivia. Il cactus compare spesso in antiche incisioni, ceramiche e arte templare, a simboleggiare il potere divino, la guarigione e la comunicazione con il mondo degli spiriti.<\/p>\n<p class=\"\" data-start=\"2020\" data-end=\"2778\">Il suo nome tradizionale, San Pedro, fu adottato durante la conquista spagnola, in riferimento a San Pietro, il detentore delle chiavi del paradiso. Ci\u00f2 riflette la sua capacit\u00e0 percepita di aprire le porte dell'intuizione spirituale e della coscienza superiore. Sciamani e guaritori usavano <em data-start=\"2279\" data-end=\"2304\">Taglio del cactus Pachanoi<\/em> in cerimonie notturne, preparando un infuso che permetteva ai partecipanti di affrontare il dolore interiore, sciogliere i blocchi emotivi e connettersi con la saggezza ancestrale. In epoca contemporanea, rimane una pietra miliare della pratica spirituale per molti, apprezzata per la sua combinazione unica di energia gentile e profondo potere visionario. Il cactus continua a fare da ponte tra l'antica saggezza e i moderni ricercatori, invitando ogni utente a intraprendere un viaggio sacro alla scoperta di s\u00e9 e del rinnovamento energetico.<\/p>\n<h2 class=\"\" data-start=\"2785\" data-end=\"2821\">Come utilizzare Cutting Pachanoi<\/h2>\n<p class=\"\" data-start=\"2823\" data-end=\"3243\">Il <em data-start=\"2827\" data-end=\"2852\">Taglio del cactus Pachanoi<\/em> \u00e8 pi\u00f9 comunemente consumato in forma liquida come infuso tradizionale. Per la preparazione, la pelle esterna e le spine vengono accuratamente rimosse. La polpa interna viene tagliata a pezzi e fatta bollire in acqua per diverse ore. Il t\u00e8 che ne deriva \u00e8 denso, amaro e spesso viene assunto in piccole dosi misurate. Questa preparazione pu\u00f2 anche essere ulteriormente ridotta in una forma pi\u00f9 concentrata o essiccata in resina per essere conservata.<\/p>\n<p class=\"\" data-start=\"3245\" data-end=\"4010\">Gli effetti iniziano tipicamente entro 1 o 2 ore dall'ingestione e raggiungono il picco intorno alle 3-6 ore, per una durata complessiva di 12-15 ore. Molti riferiscono sensazioni di maggiore empatia, pace interiore, stimolazione visiva e profonda introspezione. Il <em data-start=\"3489\" data-end=\"3514\">Taglio del cactus Pachanoi<\/em> \u00e8 preferibile utilizzarlo in un ambiente tranquillo e intenzionale - idealmente nella natura o in uno spazio sacro - con la presenza di una persona fidata e sobria. Poich\u00e9 il viaggio pu\u00f2 essere emotivamente intenso, le pratiche di radicamento prima e dopo l'uso sono essenziali. Si consiglia di digiunare da 6 a 12 ore prima per ridurre la nausea e migliorare l'esperienza complessiva. Usato con riverenza e scopo, il <em data-start=\"3883\" data-end=\"3908\">Taglio del cactus Pachanoi<\/em> diventa pi\u00f9 di una sostanza, diventa un insegnante che guida l'anima verso la guarigione e la comprensione.<\/p>\n<h2 class=\"\" data-start=\"4017\" data-end=\"4057\">Ingredienti del Pachanoi da taglio<\/h2>\n<p class=\"\" data-start=\"4059\" data-end=\"4642\">Il composto attivo pi\u00f9 significativo del <em data-start=\"4103\" data-end=\"4128\">Taglio del cactus Pachanoi<\/em> \u00e8 <strong data-start=\"4132\" data-end=\"4145\">mescalina<\/strong>, uno psichedelico naturale che interagisce con i recettori cerebrali della serotonina. La mescalina \u00e8 responsabile degli effetti visionari ed emotivi del cactus, che comprendono il miglioramento della percezione, l'elevazione dell'umore e una profonda riflessione spirituale. La <em data-start=\"4395\" data-end=\"4420\">Taglio del cactus Pachanoi<\/em> \u00e8 noto per contenere livelli pi\u00f9 bassi di mescalina rispetto ai suoi parenti come <em data-start=\"4498\" data-end=\"4509\">Ponti<\/em>ma \u00e8 ancora abbastanza potente da facilitare profonde esperienze interiori, soprattutto se consumata in dosi maggiori o concentrate.<\/p>\n<p class=\"\" data-start=\"4644\" data-end=\"5224\">Altri alcaloidi come l'analonidina, la tiramina e l'hordenina sono presenti in quantit\u00e0 minori e contribuiscono alla firma energetica complessiva della pianta. Dal punto di vista della struttura fisica, il cactus \u00e8 costituito da un tessuto vegetale ricco di acqua, da una polpa fibrosa e da una pelle esterna protettiva. La sua crescita rapida e il numero relativamente basso di spine lo rendono uno dei cactus pi\u00f9 accessibili sia per la coltivazione che per l'uso cerimoniale. Il <em data-start=\"5050\" data-end=\"5075\">Taglio del cactus Pachanoi<\/em> offre un equilibrio armonioso tra potenza chimica e presenza spirituale, che la rende un punto fermo nel lavoro con le piante sacre e nei viaggi di guarigione emotiva.<\/p>\n<p class=\"\" data-start=\"5231\" data-end=\"5747\"><strong data-start=\"5231\" data-end=\"5243\">Attenzione:<\/strong><br data-start=\"5243\" data-end=\"5246\" \/>Fare <strong data-start=\"5249\" data-end=\"5256\">non<\/strong> utilizzare il <em data-start=\"5265\" data-end=\"5290\">Taglio del cactus Pachanoi<\/em> in caso di gravidanza, allattamento, et\u00e0 inferiore ai 18 anni o condizioni mediche come malattie cardiache, pressione alta o bassa o disturbi mentali. Non associare il farmaco ad alcolici, farmaci o altre sostanze. Usare sempre in un ambiente sicuro e tranquillo, con la presenza di un accompagnatore sobrio. Non guidare mai veicoli o macchinari sotto la sua influenza. Questa pianta deve essere affrontata con rispetto e intenzione: non \u00e8 di natura ricreativa ma cerimoniale.<\/p>","protected":false},"excerpt":{"rendered":"<p>Il cactus Pachanoi da taglio, noto anche come San Pedro, \u00e8 un venerato alleato vegetale noto per le sue qualit\u00e0 curative e di apertura del cuore. Utilizzato da secoli nei rituali sacri, questo cactus offre un potente percorso verso la pace interiore, la chiarezza emotiva e il risveglio spirituale.<\/p>","protected":false},"featured_media":129636,"template":"","meta":[],"product_brand":[],"product_cat":[536,297,476],"product_tag":[],"class_list":{"0":"post-129635","1":"product","2":"type-product","3":"status-publish","4":"has-post-thumbnail","6":"product_cat-mescaline-cacti","7":"product_cat-all-products","8":"product_cat-smartshop","9":"product_shipping_class-creditcard-off","11":"first","12":"instock","13":"taxable","14":"shipping-taxable","15":"purchasable","16":"product-type-variable","17":"has-default-attributes"},"_links":{"self":[{"href":"https:\/\/www.tatanka.nl\/it\/wp-json\/wp\/v2\/product\/129635","targetHints":{"allow":["GET"]}}],"collection":[{"href":"https:\/\/www.tatanka.nl\/it\/wp-json\/wp\/v2\/product"}],"about":[{"href":"https:\/\/www.tatanka.nl\/it\/wp-json\/wp\/v2\/types\/product"}],"wp:featuredmedia":[{"embeddable":true,"href":"https:\/\/www.tatanka.nl\/it\/wp-json\/wp\/v2\/media\/129636"}],"wp:attachment":[{"href":"https:\/\/www.tatanka.nl\/it\/wp-json\/wp\/v2\/media?parent=129635"}],"wp:term":[{"taxonomy":"product_brand","embeddable":true,"href":"https:\/\/www.tatanka.nl\/it\/wp-json\/wp\/v2\/product_brand?post=129635"},{"taxonomy":"product_cat","embeddable":true,"href":"https:\/\/www.tatanka.nl\/it\/wp-json\/wp\/v2\/product_cat?post=129635"},{"taxonomy":"product_tag","embeddable":true,"href":"https:\/\/www.tatanka.nl\/it\/wp-json\/wp\/v2\/product_tag?post=129635"}],"curies":[{"name":"wp","href":"https:\/\/api.w.org\/{rel}","templated":true}]}}