{"id":129639,"date":"2025-05-09T09:00:19","date_gmt":"2025-05-09T08:00:19","guid":{"rendered":"https:\/\/www.tatanka.nl\/?post_type=product&#038;p=129639"},"modified":"2025-10-16T07:58:41","modified_gmt":"2025-10-16T06:58:41","slug":"san-pedro-cutting-peruvianus-25-29-cm","status":"publish","type":"product","link":"https:\/\/www.tatanka.nl\/it\/san-pedro-cutting-peruvianus-25-29-cm\/","title":{"rendered":"San Pedro Taglio Peruvianus - 25 - 29 cm"},"content":{"rendered":"<h2 class=\"\" data-start=\"569\" data-end=\"606\">Cosa sono i cactus Cutting Peruvianus?<\/h2>\n<p class=\"\" data-start=\"608\" data-end=\"1033\">Il <em data-start=\"612\" data-end=\"639\">Taglio del cactus Peruvianus<\/em>-Chiamato anche <strong data-start=\"652\" data-end=\"676\">Echinopsis peruviana<\/strong> o <strong data-start=\"680\" data-end=\"698\">Torcia peruviana<\/strong>-\u00e8 un cactus colonnare a crescita rapida che cresce sugli altopiani del Per\u00f9. Conosciuto per la sua buccia verde-bluastra e le costole pronunciate, questo cactus \u00e8 particolarmente ricercato per la sua alta concentrazione di mescalina, un composto psichedelico presente in natura. Come talea, pu\u00f2 essere propagato in una pianta intera o preparato per uso cerimoniale.<\/p>\n<p class=\"\" data-start=\"1035\" data-end=\"1556\">Il <em data-start=\"1039\" data-end=\"1066\">Taglio del cactus Peruvianus<\/em> \u00e8 utilizzata nelle pratiche spirituali per la sua potente capacit\u00e0 di facilitare la visione interiore, la guarigione emotiva e la profonda connessione con la natura e l'universo. L'esperienza che offre \u00e8 spesso descritta come intensamente introspettiva, con effetti che possono essere sia radicanti che illuminanti. Sia che venga utilizzata per cerimonie sciamaniche o per l'esplorazione personale, il <em data-start=\"1416\" data-end=\"1443\">Taglio del cactus Peruvianus<\/em> \u00e8 una venerata insegnante di piante, che offre una guida a coloro che cercano chiarezza, equilibrio e una maggiore consapevolezza.<\/p>\n<h2 class=\"\" data-start=\"1563\" data-end=\"1601\">Storia del Taglio Peruviano<\/h2>\n<p class=\"\" data-start=\"1603\" data-end=\"2108\">Il <em data-start=\"1607\" data-end=\"1634\">Taglio del cactus Peruvianus<\/em> ha radici profonde nella storia culturale e spirituale del Per\u00f9, dove \u00e8 stato utilizzato per migliaia di anni in contesti cerimoniali e curativi. Le popolazioni indigene delle Ande considerano questo cactus sacro, ritenendolo un ponte tra il mondo fisico e quello spirituale. Le testimonianze archeologiche, tra cui incisioni nei templi e manufatti rituali, dimostrano che i cactus ricchi di mescalina come questo avevano un ruolo centrale nei riti religiosi, spesso guidati da sciamani o curanderos.<\/p>\n<p class=\"\" data-start=\"2110\" data-end=\"2655\">A differenza del cactus San Pedro, che \u00e8 pi\u00f9 diffuso, il cactus <em data-start=\"2169\" data-end=\"2196\">Taglio del cactus Peruvianus<\/em> \u00e8 noto per il suo esordio pi\u00f9 rapido e gli effetti visivamente pi\u00f9 intensi. \u00c8 stata a lungo utilizzata per pulire i blocchi energetici, rivelare verit\u00e0 nascoste e risvegliare la saggezza interiore. Nei tempi moderni, rimane una scelta popolare tra coloro che cercano un percorso naturale, a base vegetale, verso l'intuizione spirituale. Grazie alla combinazione di una ricca storia culturale e di potenti propriet\u00e0 psicoattive, la pianta di <em data-start=\"2564\" data-end=\"2591\">Taglio del cactus Peruvianus<\/em> offre un'esperienza cerimoniale profondamente radicata nell'antica saggezza.<\/p>\n<h2 class=\"\" data-start=\"2662\" data-end=\"2700\">Come utilizzare Cutting Peruvianus<\/h2>\n<p class=\"\" data-start=\"2702\" data-end=\"3113\">Il <em data-start=\"2706\" data-end=\"2733\">Taglio del cactus Peruvianus<\/em> \u00e8 pi\u00f9 comunemente preparato come t\u00e8 cerimoniale. Si inizia rimuovendo le spine e la buccia scura esterna, quindi si taglia la polpa interna in pezzi maneggevoli. Questi vengono fatti bollire per diverse ore in acqua fino a ottenere un infuso denso e amaro. Questo t\u00e8 viene tipicamente consumato lentamente in un ambiente tranquillo e intenzionale, da soli o sotto la guida di un assistente o di un facilitatore spirituale.<\/p>\n<p class=\"\" data-start=\"3115\" data-end=\"3806\">A stomaco vuoto, gli effetti iniziano solitamente entro 1 o 2 ore e aumentano costantemente, raggiungendo il picco tra le 4 e le 6 ore. Il viaggio complessivo pu\u00f2 durare fino a 12-15 ore. Gli effetti pi\u00f9 comuni includono un profondo rilascio emotivo, fenomeni visivi, una forte connessione con la natura e un senso accresciuto di amore e unit\u00e0 universale. Il <em data-start=\"3436\" data-end=\"3463\">Taglio del cactus Peruvianus<\/em> pu\u00f2 evocare visioni e sensazioni potenti, quindi \u00e8 fondamentale creare un ambiente sicuro e radicato e avere pronte le pratiche di integrazione per il dopo-esperienza. Il digiuno prima dell'uso aiuta a ridurre la nausea e ad approfondire l'effetto. Se affrontato con riverenza, questo cactus diventa non solo una sostanza psichedelica, ma una porta sacra verso il s\u00e9.<\/p>\n<h2 class=\"\" data-start=\"3813\" data-end=\"3855\">Ingredienti del Taglio Peruviano<\/h2>\n<p class=\"\" data-start=\"3857\" data-end=\"4218\">L'ingrediente pi\u00f9 attivo e importante del <em data-start=\"3905\" data-end=\"3932\">Taglio del cactus Peruvianus<\/em> \u00e8 <strong data-start=\"3936\" data-end=\"3949\">mescalina<\/strong>, un alcaloide presente in natura che \u00e8 stato usato per scopi spirituali in tutte le culture indigene. La mescalina stimola i recettori della serotonina nel cervello, creando cambiamenti nella percezione, nelle emozioni e nel pensiero che favoriscono l'introspezione profonda e l'esplorazione spirituale.<\/p>\n<p class=\"\" data-start=\"4220\" data-end=\"4934\">Il <em data-start=\"4224\" data-end=\"4251\">Taglio del cactus Peruvianus<\/em> pu\u00f2 contenere anche altri alcaloidi come l'analonidina e l'hordenina, che contribuiscono al suo profilo energetico e fisiologico complessivo. Fisicamente \u00e8 costituita da tessuto fibroso denso di acqua, pelle spessa e spine protettive. La sua tonalit\u00e0 bluastra e la sua grande struttura a coste sono visivamente distintive. La potenza pu\u00f2 variare a seconda dei fattori ambientali, dell'et\u00e0 e della cura, ma \u00e8 ampiamente considerata una delle specie pi\u00f9 potenti del suo genere. Se preparata correttamente, la <em data-start=\"4722\" data-end=\"4749\">Taglio del cactus Peruvianus<\/em> offre un viaggio spirituale profondamente coinvolgente che combina la chimica con l'antica saggezza. Si tratta di uno strumento sacro e di un'espressione vivente dell'intelligenza curativa della natura.<\/p>\n<p class=\"\" data-start=\"4941\" data-end=\"5474\"><strong data-start=\"4941\" data-end=\"4953\">Attenzione:<\/strong><br data-start=\"4953\" data-end=\"4956\" \/>Fare <strong data-start=\"4959\" data-end=\"4966\">non<\/strong> consumare il <em data-start=\"4979\" data-end=\"5006\">Taglio del cactus Peruvianus<\/em> in caso di gravidanza, allattamento, et\u00e0 inferiore ai 18 anni o condizioni mediche come malattie cardiache, problemi di pressione sanguigna o disturbi psichiatrici. Non mescolare mai il farmaco con alcol, farmaci da prescrizione o altre droghe. Usare solo in un ambiente sicuro e tranquillo, con una persona fidata e sobria. Non guidare e non correre rischi fisici durante l'esperienza. Trattare il <em data-start=\"5384\" data-end=\"5411\">Taglio del cactus Peruvianus<\/em> con rispetto, come medicina sacra, non come sostanza ricreativa.<\/p>","protected":false},"excerpt":{"rendered":"<p>Il cactus Cutting Peruvianus, pianta sacra originaria delle Ande, \u00e8 celebrato per la sua profonda risonanza spirituale e per i suoi poteri curativi naturali. Conosciuto per l'apertura del cuore e l'espansione della coscienza, \u00e8 una potente guida nei viaggi di trasformazione interiore e di rinnovamento energetico.<\/p>","protected":false},"featured_media":129641,"template":"","meta":[],"product_brand":[],"product_cat":[536,297,476],"product_tag":[],"class_list":{"0":"post-129639","1":"product","2":"type-product","3":"status-publish","4":"has-post-thumbnail","6":"product_cat-mescaline-cacti","7":"product_cat-all-products","8":"product_cat-smartshop","9":"product_shipping_class-creditcard-off","11":"first","12":"instock","13":"taxable","14":"shipping-taxable","15":"purchasable","16":"product-type-variable","17":"has-default-attributes"},"_links":{"self":[{"href":"https:\/\/www.tatanka.nl\/it\/wp-json\/wp\/v2\/product\/129639","targetHints":{"allow":["GET"]}}],"collection":[{"href":"https:\/\/www.tatanka.nl\/it\/wp-json\/wp\/v2\/product"}],"about":[{"href":"https:\/\/www.tatanka.nl\/it\/wp-json\/wp\/v2\/types\/product"}],"wp:featuredmedia":[{"embeddable":true,"href":"https:\/\/www.tatanka.nl\/it\/wp-json\/wp\/v2\/media\/129641"}],"wp:attachment":[{"href":"https:\/\/www.tatanka.nl\/it\/wp-json\/wp\/v2\/media?parent=129639"}],"wp:term":[{"taxonomy":"product_brand","embeddable":true,"href":"https:\/\/www.tatanka.nl\/it\/wp-json\/wp\/v2\/product_brand?post=129639"},{"taxonomy":"product_cat","embeddable":true,"href":"https:\/\/www.tatanka.nl\/it\/wp-json\/wp\/v2\/product_cat?post=129639"},{"taxonomy":"product_tag","embeddable":true,"href":"https:\/\/www.tatanka.nl\/it\/wp-json\/wp\/v2\/product_tag?post=129639"}],"curies":[{"name":"wp","href":"https:\/\/api.w.org\/{rel}","templated":true}]}}