{"id":129643,"date":"2025-05-09T09:04:53","date_gmt":"2025-05-09T08:04:53","guid":{"rendered":"https:\/\/www.tatanka.nl\/?post_type=product&#038;p=129643"},"modified":"2025-10-16T07:58:41","modified_gmt":"2025-10-16T06:58:41","slug":"cutting-macrogona-25-29-cm","status":"publish","type":"product","link":"https:\/\/www.tatanka.nl\/it\/cutting-macrogona-25-29-cm\/","title":{"rendered":"Taglio Macrogona 25 - 29 cm"},"content":{"rendered":"<h2 class=\"\" data-start=\"559\" data-end=\"595\">Quali sono i cactus Macrogona da taglio?<\/h2>\n<p class=\"\" data-start=\"597\" data-end=\"1081\">Il <em data-start=\"601\" data-end=\"627\">Taglio del cactus Macrogona<\/em>, anche chiamato <strong data-start=\"649\" data-end=\"673\">Echinopsis macrogona<\/strong>\u00e8 un membro meno conosciuto ma molto rispettato della famiglia dei Trichocereus. Visivamente appariscente con la sua tonalit\u00e0 verde-bluastra e le sue lunghe e affilate spine, \u00e8 un cactus colonnare a crescita rapida originario delle regioni andine del Sud America. Conosciuta per il suo forte contenuto di mescalina, la <em data-start=\"950\" data-end=\"976\">Taglio del cactus Macrogona<\/em> \u00e8 spesso ricercato da chi cerca un'esperienza di medicina vegetale profondamente introspettiva e che apra il cuore.<\/p>\n<p class=\"\" data-start=\"1083\" data-end=\"1562\">Come talea, pu\u00f2 essere radicata per la coltivazione o preparata per l'uso cerimoniale. Questo cactus \u00e8 famoso per indurre viaggi psichedelici potenti ma gestibili, aiutando gli utenti a connettersi con il proprio subconscio, a liberare le ferite emotive e ad accedere a un profondo senso di pace e chiarezza. Sia che si tratti di esplorazione spirituale o di guarigione personale, la <em data-start=\"1436\" data-end=\"1462\">Taglio del cactus Macrogona<\/em> offre un'esperienza radicata ed espansiva, profondamente radicata nella tradizione e nell'intelligenza naturale.<\/p>\n<h2 class=\"\" data-start=\"1569\" data-end=\"1606\">Storia del taglio della Macrogona<\/h2>\n<p class=\"\" data-start=\"1608\" data-end=\"2030\">Il <em data-start=\"1612\" data-end=\"1638\">Taglio del cactus Macrogona<\/em> \u00e8 stata a lungo parte della medicina tradizionale e dei rituali spirituali nelle Ande. Sebbene non sia cos\u00ec ampiamente riconosciuta come la San Pedro o la Bridgesii, condivide lo stesso lignaggio culturale. Gli sciamani indigeni, o curanderos, usavano il <em data-start=\"1860\" data-end=\"1886\">Taglio del cactus Macrogona<\/em> in cerimonie sacre per connettersi con il mondo degli spiriti, purificare il corpo energetico e ricevere visioni e indicazioni dall'intelligenza della natura.<\/p>\n<p class=\"\" data-start=\"2032\" data-end=\"2659\">Il suo uso viene fatto risalire a secoli fa e compare nelle tradizioni orali delle culture peruviane e boliviane, spesso accanto a cactus entheogenici pi\u00f9 comunemente conosciuti. La potenza e la chiarezza uniche di questo cactus gli hanno fatto guadagnare un posto di tutto rispetto negli strumenti cerimoniali. Con la crescita dell'interesse per la medicina vegetale a livello globale, la <em data-start=\"2341\" data-end=\"2367\">Taglio del cactus Macrogona<\/em> ha guadagnato popolarit\u00e0 per il suo profilo psichedelico equilibrato: abbastanza forte da aprire le porte interiori, ma abbastanza delicato da sostenere la sicurezza emotiva durante il processo. Oggi funge da ponte tra le antiche pratiche di guarigione e i moderni ricercatori che perseguono la verit\u00e0, la guarigione e il risveglio spirituale.<\/p>\n<h2 class=\"\" data-start=\"2666\" data-end=\"2703\">Come utilizzare Cutting Macrogona<\/h2>\n<p class=\"\" data-start=\"2705\" data-end=\"3105\">Il <em data-start=\"2709\" data-end=\"2735\">Taglio del cactus Macrogona<\/em> \u00e8 tradizionalmente consumato sotto forma di un denso infuso cerimoniale. Per prepararlo, si rimuovono la pelle esterna e gli aculei e si taglia la polpa del cactus in pezzi. Questi pezzi vengono fatti bollire lentamente in acqua per diverse ore per estrarre i composti attivi, in particolare la mescalina. Il liquido risultante \u00e8 solitamente scuro, amaro e viene consumato in un ambiente calmo e sacro.<\/p>\n<p class=\"\" data-start=\"3107\" data-end=\"3862\">Gli effetti iniziano generalmente da 1 a 2 ore dopo l'ingestione e raggiungono il picco intorno alle 3-6 ore. Il viaggio completo pu\u00f2 durare dalle 10 alle 14 ore. Gli utilizzatori riferiscono spesso di immagini visive, percezione emotiva amplificata, profonda chiarezza mentale e un senso di unit\u00e0 con la vita. Poich\u00e9 il <em data-start=\"3383\" data-end=\"3409\">Taglio del cactus Macrogona<\/em> ha un forte profilo psicoattivo, \u00e8 essenziale avvicinarsi al suo uso con rispetto e preparazione. Il digiuno preventivo \u00e8 comunemente praticato per ridurre la nausea e migliorare la ricettivit\u00e0. \u00c8 fortemente consigliato l'aiuto di un accompagnatore o di una guida di fiducia. Il cactus dovrebbe essere usato solo quando ci si sente mentalmente e fisicamente pronti. Se usato con la giusta intenzione, il <em data-start=\"3762\" data-end=\"3788\">Taglio del cactus Macrogona<\/em> diventa pi\u00f9 di una pianta, diventa un insegnante e uno specchio per l'anima.<\/p>\n<h2 class=\"\" data-start=\"3869\" data-end=\"3910\">Ingredienti di Macrogona da taglio<\/h2>\n<p class=\"\" data-start=\"3912\" data-end=\"4304\">Il componente psicoattivo primario della <em data-start=\"3954\" data-end=\"3980\">Taglio del cactus Macrogona<\/em> \u00e8 <strong data-start=\"3984\" data-end=\"3997\">mescalina<\/strong>, un noto alcaloide enteogenico. La mescalina si lega ai recettori della serotonina nel cervello, facilitando profondi cambiamenti nella percezione, nell'umore e nella consapevolezza. \u00c8 stata utilizzata per millenni in contesti spirituali e terapeutici grazie alla sua capacit\u00e0 di illuminare il subconscio e catalizzare il rilascio emotivo.<\/p>\n<p class=\"\" data-start=\"4306\" data-end=\"4972\">Oltre alla mescalina, la <em data-start=\"4336\" data-end=\"4362\">Taglio del cactus Macrogona<\/em> contiene alcaloidi minori come l'analonidina e la tiramina, che contribuiscono al profilo complessivo dell'effetto. Il cactus stesso \u00e8 costituito da un tessuto fibroso e ricco d'acqua racchiuso in una pelle liscia verde-bluastra con lunghe spine. La sua composizione chimica unica e la sua firma energetica lo rendono una delle specie di Trichocereus pi\u00f9 intense. A differenza dei cactus ornamentali, il <em data-start=\"4720\" data-end=\"4746\">Taglio del cactus Macrogona<\/em> \u00e8 una pianta cerimoniale, apprezzata per la sua capacit\u00e0 di guidare gli utenti attraverso viaggi interiori di trasformazione. Se rispettata e preparata correttamente, offre un'esperienza diretta del potere curativo della natura e dell'antica saggezza spirituale.<\/p>\n<p class=\"\" data-start=\"4979\" data-end=\"5515\"><strong data-start=\"4979\" data-end=\"4991\">Attenzione:<\/strong><br data-start=\"4991\" data-end=\"4994\" \/>Fare <strong data-start=\"4997\" data-end=\"5004\">non<\/strong> utilizzare il <em data-start=\"5013\" data-end=\"5039\">Taglio del cactus Macrogona<\/em> in caso di gravidanza, allattamento, et\u00e0 inferiore ai 18 anni o condizioni di salute come malattie cardiache, pressione alta o bassa o disturbi psichiatrici. Non associare mai alcool, farmaci o altre sostanze psicoattive. Usare solo in un ambiente sicuro, in presenza di una persona sobria ed esperta. Non guidare o azionare macchinari sotto l'effetto del farmaco. Trattare il <em data-start=\"5416\" data-end=\"5442\">Taglio del cactus Macrogona<\/em> con profondo rispetto: questa \u00e8 una medicina sacra, non una sostanza ricreativa.<\/p>","protected":false},"excerpt":{"rendered":"<p>Il cactus Macrogona da taglio \u00e8 un alleato sacro nella trasformazione personale e spirituale. Conosciuto per la sua energia di radicamento e il suo potenziale visionario, questo cactus \u00e8 stato usato nelle pratiche cerimoniali per risvegliare la saggezza interiore, dissolvere le barriere emotive e ripristinare l'armonia della mente e dello spirito.<\/p>","protected":false},"featured_media":129645,"template":"","meta":[],"product_brand":[],"product_cat":[536,297,476],"product_tag":[],"class_list":{"0":"post-129643","1":"product","2":"type-product","3":"status-publish","4":"has-post-thumbnail","6":"product_cat-mescaline-cacti","7":"product_cat-all-products","8":"product_cat-smartshop","9":"product_shipping_class-creditcard-off","11":"first","12":"instock","13":"taxable","14":"shipping-taxable","15":"purchasable","16":"product-type-variable","17":"has-default-attributes"},"_links":{"self":[{"href":"https:\/\/www.tatanka.nl\/it\/wp-json\/wp\/v2\/product\/129643","targetHints":{"allow":["GET"]}}],"collection":[{"href":"https:\/\/www.tatanka.nl\/it\/wp-json\/wp\/v2\/product"}],"about":[{"href":"https:\/\/www.tatanka.nl\/it\/wp-json\/wp\/v2\/types\/product"}],"wp:featuredmedia":[{"embeddable":true,"href":"https:\/\/www.tatanka.nl\/it\/wp-json\/wp\/v2\/media\/129645"}],"wp:attachment":[{"href":"https:\/\/www.tatanka.nl\/it\/wp-json\/wp\/v2\/media?parent=129643"}],"wp:term":[{"taxonomy":"product_brand","embeddable":true,"href":"https:\/\/www.tatanka.nl\/it\/wp-json\/wp\/v2\/product_brand?post=129643"},{"taxonomy":"product_cat","embeddable":true,"href":"https:\/\/www.tatanka.nl\/it\/wp-json\/wp\/v2\/product_cat?post=129643"},{"taxonomy":"product_tag","embeddable":true,"href":"https:\/\/www.tatanka.nl\/it\/wp-json\/wp\/v2\/product_tag?post=129643"}],"curies":[{"name":"wp","href":"https:\/\/api.w.org\/{rel}","templated":true}]}}