{"id":21391,"date":"2019-01-02T13:03:58","date_gmt":"2019-01-02T13:03:58","guid":{"rendered":"https:\/\/www.tatanka.nl\/?post_type=product&#038;p=21391"},"modified":"2025-05-20T10:16:29","modified_gmt":"2025-05-20T09:16:29","slug":"aphrodite-mix-sex-herbs","status":"publish","type":"product","link":"https:\/\/www.tatanka.nl\/it\/aphrodite-mix-sex-herbs\/","title":{"rendered":"Aphrodite Mix \u2013 Sex herbs"},"content":{"rendered":"<h2>Che cos'\u00e8 l'Afrodite Mix?<\/h2>\n<p>Aphrodite Mix di Indian Elements \u00e8 una miscela di erbe unica che combina cinque ingredienti accuratamente selezionati: Damiana, Trifoglio rosso, Menta, Calendula e Fiori d'arancio. Queste erbe sono note per le loro propriet\u00e0 stimolanti e lenitive e rendono la miscela perfetta per chi cerca un modo naturale per migliorare la propria vita intima. La miscela \u00e8 stata specificamente formulata per migliorare le prestazioni sessuali, elevare l'umore e promuovere un senso di euforia e relax. L'ingrediente principale, la Damiana, \u00e8 particolarmente rinomato per i suoi effetti afrodisiaci, utilizzati da secoli per aumentare la libido e stimolare il desiderio.<\/p>\n<p>Il Mix Afrodite riunisce una variet\u00e0 di sapori e profumi che sono allo stesso tempo rinvigorenti e calmanti. Il trifoglio rosso e i fiori d'arancio offrono una sottile nota floreale, mentre la menta aggiunge una freschezza rinfrescante. La Calendula contribuisce a migliorare l'esperienza rilassante complessiva, mentre la Damiana offre i pi\u00f9 potenti benefici afrodisiaci. Se volete rendere pi\u00f9 piccante la vostra serata o aumentare la vostra libido, l'Aphrodite Mix offre una soluzione naturale ed efficace.<\/p>\n<h2>Storia di Aphrodite Mix<\/h2>\n<p>Il nome \"Aphrodite Mix\" si ispira all'antica dea greca dell'amore, della bellezza e della sessualit\u00e0, Afrodite. Nell'antichit\u00e0, le persone offrivano tributi alla dea nella speranza di migliorare la propria vita sentimentale o di potenziare le proprie relazioni fisiche. Le erbe utilizzate in questa miscela hanno un profondo significato storico nella medicina erboristica tradizionale. Per esempio, la Damiana \u00e8 stata usata per migliaia di anni, soprattutto in America centrale e meridionale, come afrodisiaco naturale. Si riteneva che aumentasse il desiderio sessuale e migliorasse l'energia generale.<\/p>\n<p>Allo stesso modo, il trifoglio rosso e i fiori d'arancio sono stati a lungo utilizzati per le loro propriet\u00e0 calmanti e sensuali, rendendoli ingredienti comuni nelle pozioni d'amore nel corso della storia. Anche la menta \u00e8 un simbolo di freschezza e vitalit\u00e0, spesso usata per aumentare le esperienze sensoriali. Nel tempo, queste erbe sono state riconosciute per la loro capacit\u00e0 di lavorare in sinergia, creando una miscela che migliora l'esperienza dell'intimit\u00e0 e favorisce il rilassamento.<\/p>\n<p>Oggi, l'Aphrodite Mix continua a onorare queste antiche tradizioni, offrendo un modo moderno per migliorare la libido e migliorare le esperienze intime in modo naturale e olistico.<\/p>\n<h2>Come utilizzare Aphrodite Mix<\/h2>\n<p>Per godere appieno dei benefici della miscela Afrodite, si consiglia di preparare una tazza di t\u00e8 forte con la miscela. \u00c8 sufficiente mettere in infusione un grammo di miscela di erbe in acqua calda per circa 5-10 minuti, consentendo alle erbe di infondere e rilasciare tutte le loro propriet\u00e0 aromatiche e terapeutiche. Il risultato \u00e8 un t\u00e8 saporito e rinvigorente che stimola i sensi e favorisce il rilassamento.<\/p>\n<p>Per un'esperienza ottimale, si consiglia di condividere il t\u00e8 con il partner o con gli amici, in quanto \u00e8 stato progettato per migliorare l'interazione sociale e creare uno stato d'animo euforico. La capacit\u00e0 della miscela di stimolare la libido e promuovere un leggero effetto \"high\" pu\u00f2 portare a una serata memorabile e appassionata.<\/p>\n<p>\u00c8 importante usare l'Aphrodite Mix con moderazione. La dose consigliata \u00e8 di un grammo al giorno, poich\u00e9 un consumo eccessivo pu\u00f2 provocare un effetto eccessivo. Per mantenere la potenza della miscela, \u00e8 meglio consumarla in occasioni speciali, per migliorare l'atmosfera di un'esperienza intima ed eccitante.<\/p>\n<h2>Ingredienti di Aphrodite Mix<\/h2>\n<p>L'Aphrodite Mix \u00e8 composto da cinque ingredienti completamente naturali che lavorano insieme per creare un effetto euforizzante, calmante e stimolante della libido. Questi ingredienti sono Damiana, Trifoglio rosso, Menta, Calendula e Fiori d'arancio. La Damiana \u00e8 l'ingrediente principale, noto per le sue potenti propriet\u00e0 afrodisiache. \u00c8 stata usata per secoli per aumentare il desiderio sessuale e creare un senso di euforia.<\/p>\n<p>Il trifoglio rosso viene aggiunto per le sue qualit\u00e0 dolci e calmanti e per la sua capacit\u00e0 di sostenere la salute generale. La menta offre un tocco rinfrescante e rinvigorente, contribuendo a stimolare i sensi e ad aumentare il piacere. La Calendula \u00e8 nota per le sue propriet\u00e0 lenitive e rilassanti, che contribuiscono a migliorare l'esperienza complessiva. Infine, i fiori d'arancio apportano una dolce fragranza floreale che si aggiunge agli effetti sensuali e calmanti della miscela.<\/p>\n<p>Questa miscela naturale e vegana 100% \u00e8 priva di additivi artificiali e rappresenta un'opzione sicura e salutare per chi cerca un modo naturale e olistico per migliorare la propria vita intima e aumentare l'umore.<\/p>\n<p><strong>Attenzione:<\/strong><\/p>\n<p>Non usare se si hanno meno di 18 anni. Tenere fuori dalla portata dei bambini. Non \u00e8 raccomandato a persone con problemi renali o cardiaci, pressione alta o bassa, diabete o che fanno uso di farmaci, alcol o droghe. Questo prodotto non \u00e8 un farmaco e non deve essere usato come tale. \u00c8 un integratore alimentare e deve essere usato di conseguenza. Non acquistare se il sigillo \u00e8 rotto.<\/p>","protected":false},"excerpt":{"rendered":"<p>L'Aphrodite Mix di Indian Elements \u00e8 una potente miscela di erbe studiata per migliorare le esperienze intime e stimolare i sensi. Realizzata con una combinazione di Damiana, Trifoglio rosso, Menta, Calendula e Fiori d'arancio, questa miscela \u00e8 stata accuratamente realizzata per sostenere la libido, promuovere il rilassamento e creare un effetto euforico ed esaltante. Perfetta per una serata eccitante e passionale, offre un modo naturale per aumentare la libido e migliorare l'umore generale.<\/p>","protected":false},"featured_media":125944,"template":"","meta":[],"product_brand":[],"product_cat":[597,297,531,576,383,476],"product_tag":[],"class_list":{"0":"post-21391","1":"product","2":"type-product","3":"status-publish","4":"has-post-thumbnail","6":"product_cat-indian-elements","7":"product_cat-all-products","8":"product_cat-aphrodisiacs","9":"product_cat-sex-products-for-couples","10":"product_cat-sex-shop","11":"product_cat-smartshop","13":"first","14":"instock","15":"taxable","16":"shipping-taxable","17":"purchasable","18":"product-type-variable"},"_links":{"self":[{"href":"https:\/\/www.tatanka.nl\/it\/wp-json\/wp\/v2\/product\/21391","targetHints":{"allow":["GET"]}}],"collection":[{"href":"https:\/\/www.tatanka.nl\/it\/wp-json\/wp\/v2\/product"}],"about":[{"href":"https:\/\/www.tatanka.nl\/it\/wp-json\/wp\/v2\/types\/product"}],"wp:featuredmedia":[{"embeddable":true,"href":"https:\/\/www.tatanka.nl\/it\/wp-json\/wp\/v2\/media\/125944"}],"wp:attachment":[{"href":"https:\/\/www.tatanka.nl\/it\/wp-json\/wp\/v2\/media?parent=21391"}],"wp:term":[{"taxonomy":"product_brand","embeddable":true,"href":"https:\/\/www.tatanka.nl\/it\/wp-json\/wp\/v2\/product_brand?post=21391"},{"taxonomy":"product_cat","embeddable":true,"href":"https:\/\/www.tatanka.nl\/it\/wp-json\/wp\/v2\/product_cat?post=21391"},{"taxonomy":"product_tag","embeddable":true,"href":"https:\/\/www.tatanka.nl\/it\/wp-json\/wp\/v2\/product_tag?post=21391"}],"curies":[{"name":"wp","href":"https:\/\/api.w.org\/{rel}","templated":true}]}}