{"id":21406,"date":"2019-01-02T14:38:15","date_gmt":"2019-01-02T14:38:15","guid":{"rendered":"https:\/\/www.tatanka.nl\/?post_type=product&#038;p=21406"},"modified":"2025-05-20T10:16:21","modified_gmt":"2025-05-20T09:16:21","slug":"relax-mix-herbs","status":"publish","type":"product","link":"https:\/\/www.tatanka.nl\/it\/relax-mix-herbs\/","title":{"rendered":"Relax Mix Herbs"},"content":{"rendered":"<h2>Che cos'\u00e8 la miscela Relax?<\/h2>\n<p>La miscela Relax di Indian Elements \u00e8 una miscela di erbe appositamente studiata per favorire il rilassamento. Combina tre erbe rilassanti: Passion Flower (Passiflora Incarnata), Woodruff (Asperula Odorata) e Catmint (Nepeta Cataria). Queste erbe sono note per le loro propriet\u00e0 calmanti, sia singolarmente che in combinazione. Se usate insieme, creano una formula potente che favorisce la calma mentale e il rilassamento, rendendola l'aggiunta perfetta alla vostra routine di cura di s\u00e9, soprattutto dopo una giornata stressante. Oltre a favorire il rilassamento, questa miscela \u00e8 comunemente usata per favorire il sonno e la salute dell'apparato digerente.<\/p>\n<p>Per migliorare la routine serale o ridurre i livelli di stress, la miscela Relax offre una soluzione naturale. Questa miscela da 50 grammi \u00e8 ideale per chi cerca un rimedio a base di erbe per alleviare l'ansia e promuovere un senso di benessere. Facile da preparare, pu\u00f2 essere utilizzata per preparare un t\u00e8 calmante o incorporata nelle vostre pratiche di benessere per ottenere i massimi benefici.<\/p>\n<h2>Storia della miscela Relax<\/h2>\n<p>Le origini della miscela Relax risalgono alla lunga storia dei rimedi erboristici utilizzati in tutte le culture per promuovere il relax e la salute. Passion Flower, Sweet Woodruff e Catmint sono stati utilizzati per secoli per le loro propriet\u00e0 terapeutiche. L'Passion Flower, ad esempio, era usato dalle trib\u00f9 dei nativi americani per alleviare l'ansia e indurre il sonno. Allo stesso modo, la menta gatta, nota per i suoi lievi effetti sedativi, ha una ricca tradizione nell'erboristeria europea e nordamericana. La Sweet Woodruff, anch'essa nota per le sue qualit\u00e0 calmanti, \u00e8 stata un punto fermo nelle pratiche erboristiche europee fin dal Medioevo.<\/p>\n<p>Queste erbe sono state scelte non solo per i loro benefici individuali, ma anche per la loro sinergia quando vengono combinate. Nel corso del tempo, questa miscela si \u00e8 evoluta fino a diventare la Miscela Relax offerta oggi, con un'attenzione particolare al rilassamento naturale e delicato. Poich\u00e9 sempre pi\u00f9 persone si rivolgono a soluzioni a base vegetale per il loro benessere, la miscela Relax ha guadagnato popolarit\u00e0 per la sua capacit\u00e0 di promuovere la tranquillit\u00e0 mentale e fisica senza ricorrere a sostanze sintetiche.<\/p>\n<h2>Come utilizzare la miscela Relax<\/h2>\n<p>Il Mix Relax di Indian Elements pu\u00f2 essere utilizzato in diversi modi per favorire il relax e la tranquillit\u00e0. Il metodo pi\u00f9 comune \u00e8 quello di preparare un t\u00e8 rilassante. \u00c8 sufficiente mettere in infusione un grammo di miscela di erbe in acqua calda per 5-10 minuti e godere degli effetti calmanti. \u00c8 perfetto per rilassarsi prima di andare a letto o dopo una giornata intensa per ridurre lo stress.<\/p>\n<p>Oltre al t\u00e8, \u00e8 possibile incorporare la miscela Relax nei bagni o utilizzarla come cataplasma per il rilassamento topico. Le erbe contenute nella miscela possono essere utilizzate anche nelle pratiche di aromaterapia, dove il loro profumo rilassante contribuisce a indurre un senso di calma. \u00c8 importante notare che la miscela Relax deve essere consumata con moderazione: un grammo al giorno \u00e8 la dose raccomandata. L'uso regolare pu\u00f2 aumentare i benefici, ma un consumo eccessivo pu\u00f2 portare a effetti collaterali indesiderati.<\/p>\n<h2>Ingredienti della miscela Relax<\/h2>\n<p>La miscela Relax \u00e8 composta da tre ingredienti vegetali completamente naturali: Asperula Odorata (Sweet Woodruff), Nepeta Cataria (Catmint) e Passiflora Incarnata (Passion Flower). Ognuno di questi ingredienti apporta le proprie qualit\u00e0 terapeutiche. L'Passion Flower \u00e8 noto per la sua capacit\u00e0 di calmare la mente, ridurre l'ansia e favorire il sonno. \u00c8 stato a lungo utilizzato nella medicina tradizionale per trattare l'insonnia e lo stress.<\/p>\n<p>La menta gatta, appartenente alla famiglia della menta, \u00e8 famosa per i suoi effetti calmanti sia sugli esseri umani che sugli animali domestici. \u00c8 nota per alleviare lo stress e fornire sollievo in caso di lieve ansia. La Sweet Woodruff, spesso usata in Europa da secoli, ha propriet\u00e0 leggermente sedative e pu\u00f2 aiutare ad alleviare la tensione e favorire il rilassamento. Combinate insieme, queste tre erbe creano una potente miscela che fornisce un sollievo naturale da stress, ansia e insonnia.<\/p>\n<p>Questa miscela di erbe non contiene THC ed \u00e8 100% naturale, vegana e priva di additivi artificiali, il che la rende un'opzione sicura e salutare per chi cerca un modo naturale di rilassarsi.<\/p>\n<p><strong>Attenzione:<\/strong><\/p>\n<p>Non utilizzare se si ha meno di 18 anni. Tenere fuori dalla portata dei bambini. Si sconsiglia l'uso a persone con problemi renali o cardiaci, con pressione alta o bassa, con diabete o che assumono farmaci, alcol o droghe. Questa erba non \u00e8 un farmaco e non deve essere usata come tale. \u00c8 un integratore alimentare e deve essere assunto di conseguenza. Non acquistare se il sigillo \u00e8 rotto.<\/p>","protected":false},"excerpt":{"rendered":"<p>La miscela Relax di Indian Elements \u00e8 una miscela di erbe calmante che favorisce il rilassamento e la tranquillit\u00e0. Con tre potenti erbe - Passion Flower, menta gatta e Woodruff - questa miscela \u00e8 perfetta per alleviare lo stress e favorire un sonno ristoratore. Le propriet\u00e0 calmanti naturali di queste erbe possono contribuire a portare pace e relax, soprattutto quando ci si sente sopraffatti. Pu\u00f2 essere gustata in varie forme, come una tisana calmante.<\/p>","protected":false},"featured_media":125941,"template":"","meta":[],"product_brand":[],"product_cat":[597,297,477,510,511,476],"product_tag":[],"class_list":{"0":"post-21406","1":"product","2":"type-product","3":"status-publish","4":"has-post-thumbnail","6":"product_cat-indian-elements","7":"product_cat-all-products","8":"product_cat-herbs","9":"product_cat-relax","10":"product_cat-relax-herbs","11":"product_cat-smartshop","13":"first","14":"instock","15":"taxable","16":"shipping-taxable","17":"purchasable","18":"product-type-variable"},"_links":{"self":[{"href":"https:\/\/www.tatanka.nl\/it\/wp-json\/wp\/v2\/product\/21406","targetHints":{"allow":["GET"]}}],"collection":[{"href":"https:\/\/www.tatanka.nl\/it\/wp-json\/wp\/v2\/product"}],"about":[{"href":"https:\/\/www.tatanka.nl\/it\/wp-json\/wp\/v2\/types\/product"}],"wp:featuredmedia":[{"embeddable":true,"href":"https:\/\/www.tatanka.nl\/it\/wp-json\/wp\/v2\/media\/125941"}],"wp:attachment":[{"href":"https:\/\/www.tatanka.nl\/it\/wp-json\/wp\/v2\/media?parent=21406"}],"wp:term":[{"taxonomy":"product_brand","embeddable":true,"href":"https:\/\/www.tatanka.nl\/it\/wp-json\/wp\/v2\/product_brand?post=21406"},{"taxonomy":"product_cat","embeddable":true,"href":"https:\/\/www.tatanka.nl\/it\/wp-json\/wp\/v2\/product_cat?post=21406"},{"taxonomy":"product_tag","embeddable":true,"href":"https:\/\/www.tatanka.nl\/it\/wp-json\/wp\/v2\/product_tag?post=21406"}],"curies":[{"name":"wp","href":"https:\/\/api.w.org\/{rel}","templated":true}]}}