{"id":21423,"date":"2016-01-02T16:06:07","date_gmt":"2016-01-02T14:06:07","guid":{"rendered":"https:\/\/www.tatanka.nl\/?post_type=product&#038;p=21423"},"modified":"2026-01-20T12:48:32","modified_gmt":"2026-01-20T11:48:32","slug":"cbd-hempcare-90-pearlcaps","status":"publish","type":"product","link":"https:\/\/www.tatanka.nl\/it\/cbd-hempcare-90-pearlcaps\/","title":{"rendered":"CBD Hempcare - 90 Pearlcaps"},"content":{"rendered":"<h2><span style=\"font-size: 100%;\">CBD Hempcare - 90 Pearlcaps<br \/>\n<\/span><\/h2>\n<h2 data-start=\"0\" data-end=\"35\">Cosa sono i CBD Hempcare Pearlcaps?<\/h2>\n<p data-start=\"37\" data-end=\"398\">Hempcare CBD Pearlcaps sono capsule di qualit\u00e0 superiore che contengono estratto di canapa puro e naturale. Queste capsule sono formulate con olio di semi di canapa ed estratto di CBD grezzo, garantendo il mantenimento di tutti i nutrienti essenziali della pianta di canapa. A differenza degli oli di CBD, queste capsule softgel si sciolgono nello stomaco, rilasciando i composti benefici senza alcun sapore forte.<\/p>\n<p data-start=\"400\" data-end=\"812\">Ogni capsula \u00e8 stata accuratamente progettata per fornire CBD a spettro completo, il che significa che include una variet\u00e0 di cannabinoidi naturali, flavonoidi e terpeni che possono lavorare insieme per potenziarne gli effetti. Senza THC, queste capsule forniscono un'esperienza non psicoattiva, rendendole sicure e adatte all'uso quotidiano. Il comodo formato in capsule rende Hempcare CBD Pearlcaps un modo semplice per incorporare il CBD nella vostra routine.<\/p>\n<h2 data-start=\"814\" data-end=\"854\">Storia di Hempcare CBD Pearlcaps<\/h2>\n<p data-start=\"856\" data-end=\"1229\">Il CBD, o cannabidiolo, viene utilizzato da secoli per i suoi potenziali benefici per la salute. La pianta della canapa, da cui si ricava il CBD, ha una lunga storia che risale a migliaia di anni fa. Le antiche civilt\u00e0, tra cui i cinesi e gli egizi, usavano la canapa per scopi medicinali e industriali, riconoscendo le sue propriet\u00e0 calmanti e antinfiammatorie per trattare vari disturbi.<\/p>\n<p data-start=\"1231\" data-end=\"1582\">Negli ultimi anni, la popolarit\u00e0 del CBD \u00e8 aumentata grazie alla crescente ricerca scientifica e all'interesse dei consumatori per i prodotti naturali per il benessere. Hempcare ha fatto tesoro di questa eredit\u00e0 creando capsule di CBD di alta qualit\u00e0 che conservano l'estratto grezzo di CBD e altri componenti naturali, assicurando agli utenti un integratore puro ed efficace proveniente dalla pianta di canapa.<\/p>\n<h2 data-start=\"1584\" data-end=\"1620\">Come utilizzare Hempcare CBD Pearlcaps<\/h2>\n<p data-start=\"1622\" data-end=\"1865\">L'uso di Hempcare CBD Pearlcaps \u00e8 semplice e conveniente. Il dosaggio consigliato \u00e8 di una capsula al giorno, da assumere con acqua. Se si desidera, il dosaggio pu\u00f2 essere aumentato fino a un massimo di quattro capsule al giorno, ma \u00e8 importante non superare questa quantit\u00e0.<\/p>\n<p data-start=\"1867\" data-end=\"2282\">A differenza dell'olio di CBD, che pu\u00f2 avere un sapore forte, queste capsule sono insapori e facili da ingerire. L'involucro in softgel si scioglie nello stomaco, consentendo un efficace assorbimento dei principi attivi. Un uso costante pu\u00f2 contribuire al benessere generale, favorendo il rilassamento, riducendo lo stress e promuovendo uno stile di vita equilibrato. Per ottenere risultati ottimali, assumere il CBD quotidianamente per massimizzare i suoi potenziali benefici nel tempo.<\/p>\n<h2 data-start=\"2284\" data-end=\"2324\">Ingredienti di Hempcare CBD Pearlcaps<\/h2>\n<p data-start=\"2326\" data-end=\"2466\">Hempcare CBD Pearlcaps sono realizzati con ingredienti naturali accuratamente selezionati per garantire purezza ed efficacia. Gli ingredienti chiave includono:<\/p>\n<ul data-start=\"2468\" data-end=\"2884\">\n<li data-start=\"2468\" data-end=\"2581\"><strong data-start=\"2470\" data-end=\"2487\">Olio di semi di canapa<\/strong> - Un olio ricco di sostanze nutritive che fornisce acidi grassi essenziali e migliora l'assorbimento del CBD.<\/li>\n<li data-start=\"2582\" data-end=\"2741\"><strong data-start=\"2584\" data-end=\"2610\">Estratto di canapa (Raw CBD)<\/strong> - Contiene cannabinoidi a spettro completo, tra cui CBD, flavonoidi, terpeni e fenoli, che contribuiscono ai benefici complessivi.<\/li>\n<li data-start=\"2742\" data-end=\"2884\"><strong data-start=\"2744\" data-end=\"2779\">Capsula softgel (a base di proteine)<\/strong> - Realizzato con 100% ingredienti naturali, che garantiscono una facile digestione e un rilascio efficiente dei composti attivi.<\/li>\n<\/ul>\n<p data-start=\"2886\" data-end=\"3098\">Mantenendo l'essenza grezza e non filtrata della canapa, Hempcare garantisce che tutti i componenti benefici rimangano intatti, dando vita a un integratore di alta qualit\u00e0 che si inserisce perfettamente in uno stile di vita attento alla salute.<\/p>\n<p data-start=\"3100\" data-end=\"3110\"><strong>Avvertenze<\/strong><\/p>\n<p data-start=\"3112\" data-end=\"3349\" data-is-last-node=\"\">Non superare la dose giornaliera raccomandata. Questo prodotto non \u00e8 destinato a diagnosticare, trattare, curare o prevenire alcuna malattia. Consultare un operatore sanitario prima dell'uso, soprattutto in caso di gravidanza, allattamento o assunzione di farmaci.<\/p>","protected":false},"excerpt":{"rendered":"<p>HempCare CBD Pearlcaps \u00e8 composto da 90 capsule di tutti i componenti naturali della pianta di canapa. Oltre al cannabidiolo, contiene altri cannabinoidi e flavonoidi, terpeni e fenoli. L'insieme \u00e8 un prodotto naturale completo con sostanze che il nostro corpo riconosce e assorbe.<\/p>","protected":false},"featured_media":126588,"template":"","meta":[],"product_brand":[],"product_cat":[601,297,484,371,483],"product_tag":[],"class_list":{"0":"post-21423","1":"product","2":"type-product","3":"status-publish","4":"has-post-thumbnail","6":"product_cat-hempcare","7":"product_cat-all-products","8":"product_cat-cbd-capsules","9":"product_cat-cbd-top-10","10":"product_cat-cbdshop","12":"first","13":"instock","14":"taxable","15":"shipping-taxable","16":"purchasable","17":"product-type-simple"},"_links":{"self":[{"href":"https:\/\/www.tatanka.nl\/it\/wp-json\/wp\/v2\/product\/21423","targetHints":{"allow":["GET"]}}],"collection":[{"href":"https:\/\/www.tatanka.nl\/it\/wp-json\/wp\/v2\/product"}],"about":[{"href":"https:\/\/www.tatanka.nl\/it\/wp-json\/wp\/v2\/types\/product"}],"wp:featuredmedia":[{"embeddable":true,"href":"https:\/\/www.tatanka.nl\/it\/wp-json\/wp\/v2\/media\/126588"}],"wp:attachment":[{"href":"https:\/\/www.tatanka.nl\/it\/wp-json\/wp\/v2\/media?parent=21423"}],"wp:term":[{"taxonomy":"product_brand","embeddable":true,"href":"https:\/\/www.tatanka.nl\/it\/wp-json\/wp\/v2\/product_brand?post=21423"},{"taxonomy":"product_cat","embeddable":true,"href":"https:\/\/www.tatanka.nl\/it\/wp-json\/wp\/v2\/product_cat?post=21423"},{"taxonomy":"product_tag","embeddable":true,"href":"https:\/\/www.tatanka.nl\/it\/wp-json\/wp\/v2\/product_tag?post=21423"}],"curies":[{"name":"wp","href":"https:\/\/api.w.org\/{rel}","templated":true}]}}