{"id":21612,"date":"2016-01-22T19:15:57","date_gmt":"2016-01-22T17:15:57","guid":{"rendered":"https:\/\/www.tatanka.nl\/?post_type=product&#038;p=21612"},"modified":"2025-08-29T10:25:37","modified_gmt":"2025-08-29T09:25:37","slug":"cbd-crystals-99-hempcare","status":"publish","type":"product","link":"https:\/\/www.tatanka.nl\/it\/cbd-crystals-99-hempcare\/","title":{"rendered":"CBD Crystals 99% - Hempcare"},"content":{"rendered":"<h2>CBD Crystals 99% - Hempcare<\/h2>\n<p>Hemp Care CBD Crystals proviene da canapa coltivata nei Paesi Bassi ed \u00e8 estratta con il processo di estrazione SuperCritical CO2 per garantire purezza e pulizia. Nessun ingrediente OGM. Nessun pesticida utilizzato nella coltivazione.<\/p>\n<p>Ci sono molti modi per utilizzare Hemp Care CBD Crystals. \u00c8 possibile ingerire piccole quantit\u00e0 di cristalli direttamente sotto la lingua. Ma \u00e8 anche possibile aggiungerli ad altri prodotti come bevande, cibo o svapare o fumare!<\/p>\n<p>La consistenza fine dei cristalli del CBD 99% di Hemp Care lo rende estremamente facile da aggiungere alle diete a base di cannabinoidi come ingrediente. Potete anche aggiungere i cristalli a qualsiasi dabs o a qualsiasi prodotto che gi\u00e0 utilizzate!<\/p>","protected":false},"excerpt":{"rendered":"<p>Hempcare Crystals \u00e8 un prodotto a base di CBD (cannabidiolo) puro 99%; i cristalli contengono 99% CBD e 0% THC. \u00c8 ottenuto dall'estrazione di canapa biologica e cristallizzato utilizzando la tecnica di separazione pi\u00f9 avanzata per garantire la purezza del CBD di 99%.<\/p>","protected":false},"featured_media":126586,"template":"","meta":[],"product_brand":[],"product_cat":[601,297,542,371,483],"product_tag":[],"class_list":{"0":"post-21612","1":"product","2":"type-product","3":"status-publish","4":"has-post-thumbnail","6":"product_cat-hempcare","7":"product_cat-all-products","8":"product_cat-cbd-crystals","9":"product_cat-cbd-top-10","10":"product_cat-cbdshop","12":"first","13":"instock","14":"taxable","15":"shipping-taxable","16":"purchasable","17":"product-type-simple"},"_links":{"self":[{"href":"https:\/\/www.tatanka.nl\/it\/wp-json\/wp\/v2\/product\/21612","targetHints":{"allow":["GET"]}}],"collection":[{"href":"https:\/\/www.tatanka.nl\/it\/wp-json\/wp\/v2\/product"}],"about":[{"href":"https:\/\/www.tatanka.nl\/it\/wp-json\/wp\/v2\/types\/product"}],"wp:featuredmedia":[{"embeddable":true,"href":"https:\/\/www.tatanka.nl\/it\/wp-json\/wp\/v2\/media\/126586"}],"wp:attachment":[{"href":"https:\/\/www.tatanka.nl\/it\/wp-json\/wp\/v2\/media?parent=21612"}],"wp:term":[{"taxonomy":"product_brand","embeddable":true,"href":"https:\/\/www.tatanka.nl\/it\/wp-json\/wp\/v2\/product_brand?post=21612"},{"taxonomy":"product_cat","embeddable":true,"href":"https:\/\/www.tatanka.nl\/it\/wp-json\/wp\/v2\/product_cat?post=21612"},{"taxonomy":"product_tag","embeddable":true,"href":"https:\/\/www.tatanka.nl\/it\/wp-json\/wp\/v2\/product_tag?post=21612"}],"curies":[{"name":"wp","href":"https:\/\/api.w.org\/{rel}","templated":true}]}}