{"id":2248,"date":"2017-10-06T13:34:21","date_gmt":"2017-10-06T13:34:21","guid":{"rendered":"http:\/\/www.tatanka.nl\/?post_type=product&#038;p=2248"},"modified":"2025-05-20T11:15:38","modified_gmt":"2025-05-20T10:15:38","slug":"kanna-extract-20x-powder-energy-party","status":"publish","type":"product","link":"https:\/\/www.tatanka.nl\/it\/kanna-extract-20x-powder-energy-party\/","title":{"rendered":"Kanna Estratto 20x"},"content":{"rendered":"<h2 class=\"\" data-start=\"109\" data-end=\"126\">Che cos'\u00e8 l'Kanna?<\/h2>\n<p class=\"\" data-start=\"128\" data-end=\"594\">Kanna (<em data-start=\"135\" data-end=\"156\">Sceletium tortuosum<\/em>) \u00e8 un estratto vegetale naturale noto per le sue propriet\u00e0 stimolanti, calmanti e di miglioramento dell'umore. Originaria del Sudafrica, la Kanna \u00e8 stata utilizzata per secoli dalle popolazioni indigene che ne masticavano le foglie per migliorare la lucidit\u00e0 mentale, ridurre lo stress ed elevare l'umore. Oggi \u00e8 disponibile in diverse forme moderne, tra cui estratti concentrati come il <strong data-start=\"503\" data-end=\"518\">Versione 20x<\/strong>che \u00e8 circa 20 volte pi\u00f9 forte della pianta essiccata tradizionale.<\/p>\n<p class=\"\" data-start=\"596\" data-end=\"898\">L'Kanna \u00e8 apprezzato per la sua capacit\u00e0 di promuovere un senso di benessere, ridurre l'ansia, sostenere i livelli di energia e persino migliorare la libido. La sua crescente popolarit\u00e0 deriva dalla sua efficacia come aiuto naturale per l'equilibrio emotivo e fisico, offrendo un miglioramento non allucinogeno ma evidente dell'umore e della concentrazione.<\/p>\n<h2 class=\"\" data-start=\"905\" data-end=\"928\">La storia di Kanna<\/h2>\n<p class=\"\" data-start=\"930\" data-end=\"1185\">L'uso tradizionale della Kanna risale a secoli fa in Sudafrica, dove era un rimedio fidato tra le trib\u00f9 indigene. Alla fine del XIX secolo, i botanici olandesi hanno documentato la pianta e l'hanno portata in Europa, dove i suoi effetti hanno suscitato interesse scientifico.<\/p>\n<p class=\"\" data-start=\"1187\" data-end=\"1521\">Con lo sviluppo della ricerca, l'Kanna \u00e8 stato perfezionato in forme pi\u00f9 concentrate, come il moderno <strong data-start=\"1274\" data-end=\"1289\">Estratto 20x<\/strong>che fornisce i benefici della pianta in modo pi\u00f9 rapido e intenso. Sebbene le radici dell'Kanna siano profondamente culturali, la sua crescita di popolarit\u00e0 a livello globale ha fatto conoscere questo antico rimedio a un pubblico pi\u00f9 vasto alla ricerca di alternative naturali per il benessere.<\/p>\n<h2 class=\"\" data-start=\"1528\" data-end=\"1547\">Come utilizzare l'Kanna<\/h2>\n<p class=\"\" data-start=\"1549\" data-end=\"1730\">La versatilit\u00e0 dell'Kanna lo rende accessibile a un'ampia gamma di utenti, mentre il <strong data-start=\"1623\" data-end=\"1638\">Estratto 20x<\/strong> fornisce un'esperienza pi\u00f9 potente in dosi minori. I metodi di consumo pi\u00f9 diffusi includono:<\/p>\n<ul data-start=\"1732\" data-end=\"2126\">\n<li class=\"\" data-start=\"1732\" data-end=\"1872\">\n<p class=\"\" data-start=\"1734\" data-end=\"1872\"><strong data-start=\"1734\" data-end=\"1741\">T\u00e8<\/strong>: Un metodo comune \u00e8 quello di preparare l'estratto in forma di t\u00e8. Una dose iniziale di circa <strong data-start=\"1818\" data-end=\"1828\">150 mg<\/strong> in genere fornisce una calma leggera ed energizzante.<\/p>\n<\/li>\n<li class=\"\" data-start=\"1873\" data-end=\"1995\">\n<p class=\"\" data-start=\"1875\" data-end=\"1995\"><strong data-start=\"1875\" data-end=\"1886\">Masticare<\/strong>: Questo metodo tradizionale offre un inizio graduale ed \u00e8 adatto a chi cerca un'esperienza pi\u00f9 autentica.<\/p>\n<\/li>\n<li class=\"\" data-start=\"1996\" data-end=\"2126\">\n<p class=\"\" data-start=\"1998\" data-end=\"2126\"><strong data-start=\"1998\" data-end=\"2021\">Capsules o polveri<\/strong>: Per comodit\u00e0, Kanna pu\u00f2 essere assunto anche sotto forma di capsule o mescolato a frullati o altre sostanze.<\/p>\n<\/li>\n<\/ul>\n<p class=\"\" data-start=\"2128\" data-end=\"2398\">Poich\u00e9 l'estratto 20x \u00e8 altamente concentrato, i principianti dovrebbero <strong data-start=\"2193\" data-end=\"2218\">iniziare con una dose bassa<\/strong> e aumentare lentamente secondo le necessit\u00e0. La Kanna non provoca allucinazioni e quindi \u00e8 adatta agli utenti che cercano un leggero cambiamento di umore, concentrazione e rilassamento senza effetti psichedelici.<\/p>\n<h2 class=\"\" data-start=\"2405\" data-end=\"2435\">Principi attivi in Kanna<\/h2>\n<p class=\"\" data-start=\"2437\" data-end=\"2522\">Gli effetti dell'Kanna sono in gran parte dovuti alla sua miscela esclusiva di <strong data-start=\"2497\" data-end=\"2510\">alcaloidi<\/strong>, tra cui:<\/p>\n<ul data-start=\"2524\" data-end=\"2746\">\n<li class=\"\" data-start=\"2524\" data-end=\"2606\">\n<p class=\"\" data-start=\"2526\" data-end=\"2606\"><strong data-start=\"2526\" data-end=\"2540\">Mesembrina<\/strong>: Agisce come un SSRI naturale, contribuendo a migliorare l'umore e a ridurre l'ansia.<\/p>\n<\/li>\n<li class=\"\" data-start=\"2607\" data-end=\"2668\">\n<p class=\"\" data-start=\"2609\" data-end=\"2668\"><strong data-start=\"2609\" data-end=\"2625\">Mesembrenone<\/strong>: Contribuisce alla calma e alla concentrazione mentale.<\/p>\n<\/li>\n<li class=\"\" data-start=\"2669\" data-end=\"2746\">\n<p class=\"\" data-start=\"2671\" data-end=\"2746\"><strong data-start=\"2671\" data-end=\"2687\">Tortuosamina<\/strong>: Si ritiene che favorisca il benessere emotivo e la libido.<\/p>\n<\/li>\n<\/ul>\n<p class=\"\" data-start=\"2748\" data-end=\"3044\">Questi composti interagiscono con il cervello <strong data-start=\"2790\" data-end=\"2824\">sistemi di serotonina e dopamina<\/strong>, migliorando l'umore, aumentando l'energia e promuovendo la pace interiore. Il <strong data-start=\"2892\" data-end=\"2907\">Estratto 20x<\/strong> amplifica questi benefici concentrando questi alcaloidi attivi, fornendo effetti pi\u00f9 rapidi e potenti rispetto alla Kanna essiccata standard.<\/p>\n<p data-start=\"3051\" data-end=\"3076\"><strong>Sicurezza e precauzioni<\/strong><\/p>\n<p class=\"\" data-start=\"3078\" data-end=\"3261\">A causa della sua potenza, soprattutto in forma di estratto, \u00e8 importante avvicinarsi alla Kanna con cautela. Iniziare con un <strong data-start=\"3184\" data-end=\"3198\">piccola dose<\/strong> per valutare la risposta dell'organismo e regolare gradualmente in base alle necessit\u00e0.<\/p>\n<p class=\"\" data-start=\"3263\" data-end=\"3561\">Kanna \u00e8 generalmente ben tollerato, ma la sua efficacia pu\u00f2 variare da individuo a individuo. Tenere sempre sotto controllo le proprie sensazioni ed evitare di associare Kanna a farmaci che influenzano i livelli di serotonina, come gli antidepressivi. In caso di gravidanza, allattamento o assunzione di farmaci, consultare un operatore sanitario prima dell'uso.<\/p>","protected":false},"excerpt":{"rendered":"<p><span style=\"font-size: 100%; color: #333333;\"><span style=\"color: #000000;\">L'estratto Kanna 20x in polvere \u00e8 ricavato dalla pianta Sceletium tortuosum, la pianta sudafricana. Kanna 20x \u00e8 due volte pi\u00f9 forte di Kanna 10x. <\/span><\/span><\/p>\n<p><span style=\"font-size: 100%; color: #333333;\"><span style=\"color: #000000;\">Kanna regala sensazioni eccitanti, energetiche, felici e rilassanti allo stesso tempo, riduce le paure e migliora l'umore. Contiene 1 grammo.<\/span><br \/>\n<\/span><\/p>","protected":false},"featured_media":126908,"template":"","meta":[],"product_brand":[],"product_cat":[600,297,512,508,476],"product_tag":[],"class_list":{"0":"post-2248","1":"product","2":"type-product","3":"status-publish","4":"has-post-thumbnail","6":"product_cat-mcmystic","7":"product_cat-all-products","8":"product_cat-extracts","9":"product_cat-kanna","10":"product_cat-smartshop","12":"first","13":"instock","14":"taxable","15":"shipping-taxable","16":"purchasable","17":"product-type-simple"},"_links":{"self":[{"href":"https:\/\/www.tatanka.nl\/it\/wp-json\/wp\/v2\/product\/2248","targetHints":{"allow":["GET"]}}],"collection":[{"href":"https:\/\/www.tatanka.nl\/it\/wp-json\/wp\/v2\/product"}],"about":[{"href":"https:\/\/www.tatanka.nl\/it\/wp-json\/wp\/v2\/types\/product"}],"wp:featuredmedia":[{"embeddable":true,"href":"https:\/\/www.tatanka.nl\/it\/wp-json\/wp\/v2\/media\/126908"}],"wp:attachment":[{"href":"https:\/\/www.tatanka.nl\/it\/wp-json\/wp\/v2\/media?parent=2248"}],"wp:term":[{"taxonomy":"product_brand","embeddable":true,"href":"https:\/\/www.tatanka.nl\/it\/wp-json\/wp\/v2\/product_brand?post=2248"},{"taxonomy":"product_cat","embeddable":true,"href":"https:\/\/www.tatanka.nl\/it\/wp-json\/wp\/v2\/product_cat?post=2248"},{"taxonomy":"product_tag","embeddable":true,"href":"https:\/\/www.tatanka.nl\/it\/wp-json\/wp\/v2\/product_tag?post=2248"}],"curies":[{"name":"wp","href":"https:\/\/api.w.org\/{rel}","templated":true}]}}