{"id":2249,"date":"2017-10-06T13:46:57","date_gmt":"2017-10-06T11:46:57","guid":{"rendered":"http:\/\/www.tatanka.nl\/?post_type=product&#038;p=2249"},"modified":"2026-01-20T12:48:32","modified_gmt":"2026-01-20T11:48:32","slug":"kanna-extract-40x-energy-party-euphoria-powder","status":"publish","type":"product","link":"https:\/\/www.tatanka.nl\/it\/kanna-extract-40x-energy-party-euphoria-powder\/","title":{"rendered":"Kanna Estratto 40x"},"content":{"rendered":"<h2 class=\"\" data-start=\"113\" data-end=\"130\">Che cos'\u00e8 l'Kanna?<\/h2>\n<p class=\"\" data-start=\"132\" data-end=\"558\">Kanna, o <em data-start=\"142\" data-end=\"163\">Sceletium tortuosum<\/em>\u00e8 un potente estratto di erbe noto per la sua miscela unica di effetti energizzanti e calmanti. Originaria del Sudafrica, questa pianta \u00e8 stata usata per secoli dalle popolazioni indigene, che ne masticavano le foglie per migliorare l'umore e ridurre lo stress. In tempi moderni, l'Kanna \u00e8 disponibile in varie forme, tra cui un estratto 40x altamente potente, quaranta volte pi\u00f9 forte dei preparati standard.<\/p>\n<p class=\"\" data-start=\"560\" data-end=\"968\">Questa versione concentrata fornisce una dose pi\u00f9 forte dei composti attivi dell'Kanna, offrendo un'ampia gamma di benefici come un maggiore benessere, un miglioramento dei livelli di energia, una riduzione dell'ansia e persino un aumento della libido. Preparato come t\u00e8 o masticato nella sua forma naturale, l'Kanna consente agli utenti di personalizzare la propria esperienza senza il rischio di allucinazioni, rendendolo un'opzione sicura e adattabile per migliorare l'umore.<\/p>\n<h2 class=\"\" data-start=\"975\" data-end=\"998\">La storia di Kanna<\/h2>\n<p class=\"\" data-start=\"1000\" data-end=\"1396\">La Kanna ha radici storiche profonde che risalgono alle trib\u00f9 indigene del Sudafrica. Molto prima che venisse introdotta nel mondo occidentale, le comunit\u00e0 locali utilizzavano la Kanna masticandone le foglie per gestire lo stress e migliorare l'interazione sociale. Nel XIX secolo, i botanici olandesi incontrarono la pianta e la portarono in Europa, dove inizi\u00f2 a essere riconosciuta per le sue propriet\u00e0 che migliorano l'umore.<\/p>\n<p class=\"\" data-start=\"1398\" data-end=\"1770\">Con l'aumentare delle conoscenze sulla pianta, questa \u00e8 stata trasformata in estratti pi\u00f9 raffinati, aumentandone significativamente la potenza. Questo progresso ha aiutato la Kanna a farsi strada nel mercato globale degli integratori a base di erbe. Oggi, il suo retaggio vive sia nelle pratiche tradizionali che nelle moderne routine di benessere, celebrato per la sua capacit\u00e0 di promuovere la chiarezza mentale e l'equilibrio emotivo.<\/p>\n<h2 class=\"\" data-start=\"1777\" data-end=\"1796\">Come utilizzare l'Kanna<\/h2>\n<p class=\"\" data-start=\"1798\" data-end=\"1897\">La Kanna pu\u00f2 essere consumata in diversi modi, ognuno dei quali offre un effetto distinto in base al dosaggio e al metodo:<\/p>\n<ul data-start=\"1899\" data-end=\"2372\">\n<li class=\"\" data-start=\"1899\" data-end=\"2094\">\n<p class=\"\" data-start=\"1901\" data-end=\"2094\"><strong data-start=\"1901\" data-end=\"1908\">T\u00e8<\/strong>: La preparazione della Kanna come t\u00e8 \u00e8 uno dei metodi pi\u00f9 diffusi, soprattutto quando si utilizza l'estratto 40x. Una dose iniziale tipica \u00e8 di circa 100 mg, che offre un'esperienza morbida e rilassante.<\/p>\n<\/li>\n<li class=\"\" data-start=\"2095\" data-end=\"2262\">\n<p class=\"\" data-start=\"2097\" data-end=\"2262\"><strong data-start=\"2097\" data-end=\"2108\">Masticare<\/strong>: Masticare l'estratto riproduce l'uso tradizionale e spesso produce effetti pi\u00f9 rapidi ed evidenti. Iniziare con una piccola quantit\u00e0 per valutare la tolleranza.<\/p>\n<\/li>\n<li class=\"\" data-start=\"2263\" data-end=\"2372\">\n<p class=\"\" data-start=\"2265\" data-end=\"2372\"><strong data-start=\"2265\" data-end=\"2290\">Capsules o Tinctures<\/strong>: Per comodit\u00e0, Kanna pu\u00f2 essere assunto anche sotto forma di capsule o di estratto liquido.<\/p>\n<\/li>\n<\/ul>\n<p class=\"\" data-start=\"2374\" data-end=\"2596\">Poich\u00e9 l'Kanna non \u00e8 allucinogeno, \u00e8 considerato sicuro per chi \u00e8 interessato agli stimolatori naturali dell'umore. Tuttavia, \u00e8 fondamentale iniziare con dosi basse e regolare gradualmente per trovare il livello pi\u00f9 confortevole ed efficace.<\/p>\n<h2 class=\"\" data-start=\"2603\" data-end=\"2633\">Principi attivi in Kanna<\/h2>\n<p class=\"\" data-start=\"2635\" data-end=\"2770\">La potenza dell'Kanna deriva da un gruppo di alcaloidi che influenzano il sistema cerebrale della serotonina. I composti pi\u00f9 importanti includono:<\/p>\n<ul data-start=\"2772\" data-end=\"3036\">\n<li class=\"\" data-start=\"2772\" data-end=\"2903\">\n<p class=\"\" data-start=\"2774\" data-end=\"2903\"><strong data-start=\"2774\" data-end=\"2788\">Mesembrina<\/strong>: Funziona come un SSRI (inibitore selettivo della ricaptazione della serotonina) naturale, contribuendo a migliorare l'umore e a ridurre l'ansia.<\/p>\n<\/li>\n<li class=\"\" data-start=\"2904\" data-end=\"2965\">\n<p class=\"\" data-start=\"2906\" data-end=\"2965\"><strong data-start=\"2906\" data-end=\"2922\">Mesembrenone<\/strong>: Contribuisce alla concentrazione e alla calma mentale.<\/p>\n<\/li>\n<li class=\"\" data-start=\"2966\" data-end=\"3036\">\n<p class=\"\" data-start=\"2968\" data-end=\"3036\"><strong data-start=\"2968\" data-end=\"2983\">Mesembrenolo<\/strong>: Aumenta gli effetti rilassanti e riequilibranti della pianta.<\/p>\n<\/li>\n<\/ul>\n<p class=\"\" data-start=\"3038\" data-end=\"3333\">Questi composti sono particolarmente concentrati nell'estratto 40x, che rappresenta un'opzione molto efficace per gli utenti che cercano risultati terapeutici pi\u00f9 intensi. Questa potenza consente dosi ridotte e una maggiore flessibilit\u00e0 nell'uso dell'integratore, sia per il benessere quotidiano che per alleviare lo stress occasionale.<\/p>\n<p data-start=\"3340\" data-end=\"3365\"><strong>Sicurezza e precauzioni<\/strong><\/p>\n<p class=\"\" data-start=\"3367\" data-end=\"3565\">Sebbene l'Kanna sia generalmente ben tollerato, la cautela \u00e8 essenziale, soprattutto quando si usa l'estratto concentrato 40x. Iniziare con una dose bassa e aumentare lentamente solo se necessario per evitare effetti collaterali.<\/p>\n<p class=\"\" data-start=\"3567\" data-end=\"3831\">Evitare di associare Kanna ad altre sostanze che influenzano la serotonina, come ad esempio gli antidepressivi, poich\u00e9 ci\u00f2 potrebbe causare interazioni avverse. Inoltre, le persone in gravidanza, che allattano o che assumono farmaci devono consultare un professionista sanitario prima dell'uso.<\/p>\n<p class=\"\" data-start=\"3838\" data-end=\"3915\">","protected":false},"excerpt":{"rendered":"<p><span style=\"font-size: 100%; color: #333333;\"><span style=\"color: #000000;\">Kanna Extract 40x \u00e8 l'estratto pi\u00f9 forte della collezione Kanna! Ricavato dalla pianta sudafricana Sceletium tortuosum. Questo estratto di Kanna migliora l'umore, riduce lo stress e l'ansia. <\/span><\/span><\/p>\n<p><span style=\"font-size: 100%; color: #333333;\"><span style=\"color: #000000;\">Sperimentate una maggiore energia, sensibilit\u00e0 al tatto e un aumento della libido! Contiene 1 grammo.<\/span><br \/>\n<\/span><\/p>","protected":false},"featured_media":126905,"template":"","meta":[],"product_brand":[],"product_cat":[600,297,512,508,476,514],"product_tag":[],"class_list":{"0":"post-2249","1":"product","2":"type-product","3":"status-publish","4":"has-post-thumbnail","6":"product_cat-mcmystic","7":"product_cat-all-products","8":"product_cat-extracts","9":"product_cat-kanna","10":"product_cat-smartshop","11":"product_cat-smartshop-top-10","13":"first","14":"instock","15":"taxable","16":"shipping-taxable","17":"purchasable","18":"product-type-simple"},"_links":{"self":[{"href":"https:\/\/www.tatanka.nl\/it\/wp-json\/wp\/v2\/product\/2249","targetHints":{"allow":["GET"]}}],"collection":[{"href":"https:\/\/www.tatanka.nl\/it\/wp-json\/wp\/v2\/product"}],"about":[{"href":"https:\/\/www.tatanka.nl\/it\/wp-json\/wp\/v2\/types\/product"}],"wp:featuredmedia":[{"embeddable":true,"href":"https:\/\/www.tatanka.nl\/it\/wp-json\/wp\/v2\/media\/126905"}],"wp:attachment":[{"href":"https:\/\/www.tatanka.nl\/it\/wp-json\/wp\/v2\/media?parent=2249"}],"wp:term":[{"taxonomy":"product_brand","embeddable":true,"href":"https:\/\/www.tatanka.nl\/it\/wp-json\/wp\/v2\/product_brand?post=2249"},{"taxonomy":"product_cat","embeddable":true,"href":"https:\/\/www.tatanka.nl\/it\/wp-json\/wp\/v2\/product_cat?post=2249"},{"taxonomy":"product_tag","embeddable":true,"href":"https:\/\/www.tatanka.nl\/it\/wp-json\/wp\/v2\/product_tag?post=2249"}],"curies":[{"name":"wp","href":"https:\/\/api.w.org\/{rel}","templated":true}]}}