{"id":2276,"date":"2017-10-06T16:19:10","date_gmt":"2017-10-06T16:19:10","guid":{"rendered":"http:\/\/www.tatanka.nl\/?post_type=product&#038;p=2276"},"modified":"2025-05-20T11:13:39","modified_gmt":"2025-05-20T10:13:39","slug":"after-recovery-party-pills-capsules","status":"publish","type":"product","link":"https:\/\/www.tatanka.nl\/it\/after-recovery-party-pills-capsules\/","title":{"rendered":"After-E - Recovery"},"content":{"rendered":"<h2><span style=\"font-size: 95%; color: #000000;\">After-E - Recovery da XTC e MDMA<\/span><\/h2>\n<h2 data-start=\"0\" data-end=\"21\">Che cos'\u00e8 il Dopo E?<\/h2>\n<p data-start=\"22\" data-end=\"503\">After E \u00e8 un integratore alimentare appositamente formulato per favorire il recupero dell'organismo dopo una serata intensa. Questa miscela unica comprende un <strong data-start=\"173\" data-end=\"239\">multivitaminico, una capsula di guaran\u00e0 e due capsule di L-triptofano.<\/strong>, lavorando insieme per <strong data-start=\"261\" data-end=\"352\">ripristinare i nutrienti essenziali, eliminare le tossine e riequilibrare i livelli di vitamine e minerali<\/strong>. Assumendo After E il giorno successivo, insieme a una corretta idratazione, \u00e8 possibile potenziare il naturale processo di recupero del corpo e sentirsi ringiovaniti pi\u00f9 velocemente.<\/p>\n<h2 data-start=\"505\" data-end=\"528\">Storia del Dopo E<\/h2>\n<p data-start=\"529\" data-end=\"774\">After E \u00e8 stato sviluppato in risposta alla crescente domanda di una soluzione affidabile per il recupero dopo uno sforzo eccessivo. Nel corso degli anni, l'industria della salute e del benessere si \u00e8 concentrata sulla creazione di integratori che ripristinano l'equilibrio naturale dell'organismo.<\/p>\n<p data-start=\"776\" data-end=\"1062\">La ricerca scientifica ha evidenziato i benefici di <strong data-start=\"828\" data-end=\"856\">guaran\u00e0 e L-triptofano<\/strong> per il ripristino dell'energia e il sostegno dell'umore. Combinando questi ingredienti con le vitamine essenziali, After E fornisce una <strong data-start=\"974\" data-end=\"1006\">Soluzione di recupero all-in-one<\/strong> che si allineano a stili di vita moderni e attenti alla salute.<\/p>\n<h2 data-start=\"1064\" data-end=\"1087\">Come usare il Dopo E<\/h2>\n<p data-start=\"1088\" data-end=\"1149\">Per ottenere risultati ottimali, seguire i seguenti passaggi quando si utilizza After E:<\/p>\n<ol data-start=\"1151\" data-end=\"1617\">\n<li data-start=\"1151\" data-end=\"1268\"><strong data-start=\"1154\" data-end=\"1196\">Assumete After E il giorno dopo una serata fuori casa<\/strong> con <strong data-start=\"1202\" data-end=\"1229\">Da 1 a 4 bicchieri d'acqua<\/strong> per favorire l'idratazione e la disintossicazione.<\/li>\n<li data-start=\"1269\" data-end=\"1505\"><strong data-start=\"1272\" data-end=\"1300\">Consumare l'intera porzione<\/strong>, che comprende:\n<ul data-start=\"1323\" data-end=\"1505\">\n<li data-start=\"1323\" data-end=\"1369\"><strong data-start=\"1325\" data-end=\"1343\">1 multivitaminico<\/strong> per i nutrienti essenziali<\/li>\n<li data-start=\"1373\" data-end=\"1423\"><strong data-start=\"1375\" data-end=\"1396\">1 capsula di guaran\u00e0<\/strong> per l'energia e la vigilanza<\/li>\n<li data-start=\"1427\" data-end=\"1505\"><strong data-start=\"1429\" data-end=\"1456\">2 capsule di L-triptofano<\/strong> per favorire la produzione di serotonina e il rilassamento<\/li>\n<\/ul>\n<\/li>\n<li data-start=\"1506\" data-end=\"1617\"><strong data-start=\"1509\" data-end=\"1526\">Rimanere idratati<\/strong> per potenziare gli effetti dell'integratore e sostenere i naturali processi metabolici dell'organismo.<\/li>\n<\/ol>\n<p data-start=\"1619\" data-end=\"1761\">Mentre dopo la E reintegra efficacemente le sostanze nutritive, il mantenimento di una <strong data-start=\"1682\" data-end=\"1723\">dieta equilibrata e riposo sufficiente<\/strong> migliorer\u00e0 ulteriormente il recupero.<\/p>\n<h2 data-start=\"1763\" data-end=\"1790\">Ingredienti di Dopo E<\/h2>\n<p data-start=\"1791\" data-end=\"1880\">Dopo che E contiene un <strong data-start=\"1810\" data-end=\"1851\">potente miscela di nutrienti essenziali<\/strong> per aiutare il corpo a recuperare:<\/p>\n<ul data-start=\"1882\" data-end=\"2274\">\n<li data-start=\"1882\" data-end=\"2027\"><strong data-start=\"1884\" data-end=\"1900\">Multivitaminico<\/strong> - Reintegra le vitamine e i minerali vitali persi durante l'attivit\u00e0 intensa, ripristinando l'equilibrio e favorendo il benessere generale.<\/li>\n<li data-start=\"2028\" data-end=\"2137\"><strong data-start=\"2030\" data-end=\"2041\">Guaran\u00e0<\/strong> - Una fonte naturale di caffeina che favorisce <strong data-start=\"2084\" data-end=\"2114\">vigilanza, riduce la stanchezza<\/strong>e migliora la concentrazione.<\/li>\n<li data-start=\"2138\" data-end=\"2274\"><strong data-start=\"2140\" data-end=\"2156\">L-triptofano<\/strong> - Un aminoacido essenziale che supporta <strong data-start=\"2197\" data-end=\"2221\">produzione di serotonina<\/strong>, migliorando l'umore, il rilassamento e il recupero generale.<\/li>\n<\/ul>\n<p data-start=\"2276\" data-end=\"2473\">Questi ingredienti lavorano insieme per fornire un <strong data-start=\"2321\" data-end=\"2356\">soluzione di recupero completa<\/strong>e questo fa di After E un integratore essenziale per coloro che desiderano <strong data-start=\"2418\" data-end=\"2470\">riprendersi rapidamente e sostenere il loro benessere<\/strong>.<\/p>\n<p data-start=\"2475\" data-end=\"2487\"><strong>Avvertenze<\/strong><\/p>\n<p data-start=\"2488\" data-end=\"2818\" data-is-last-node=\"\">Questo \u00e8 un integratore alimentare e deve essere usato come tale. Non utilizzare After E come sostituto di una dieta varia. La dose consigliata \u00e8 l'intero contenuto della confezione. Non superare la dose giornaliera raccomandata. In caso di patologie di base o di assunzione di farmaci, consultare un medico prima dell'uso.<\/p>","protected":false},"excerpt":{"rendered":"<p><span style=\"font-size: 100%; color: #000000;\">Vi sentite stanchi e gi\u00f9 di morale dopo una festa, dopo aver bevuto troppo o aver assunto troppe droghe come MDMA o XTC? After-E \u00e8 ricco di vitamine e aminoacidi che riportano il vostro umore e il vostro corpo alla normalit\u00e0.<br \/>\n<\/span><\/p>","protected":false},"featured_media":14679,"template":"","meta":[],"product_brand":[],"product_cat":[475,297,522,481,533],"product_tag":[],"class_list":{"0":"post-2276","1":"product","2":"type-product","3":"status-publish","4":"has-post-thumbnail","6":"product_cat-healthshop","7":"product_cat-all-products","8":"product_cat-detox","9":"product_cat-healthshop-top-10","10":"product_cat-recovery","12":"first","13":"instock","14":"taxable","15":"shipping-taxable","16":"purchasable","17":"product-type-variable"},"_links":{"self":[{"href":"https:\/\/www.tatanka.nl\/it\/wp-json\/wp\/v2\/product\/2276","targetHints":{"allow":["GET"]}}],"collection":[{"href":"https:\/\/www.tatanka.nl\/it\/wp-json\/wp\/v2\/product"}],"about":[{"href":"https:\/\/www.tatanka.nl\/it\/wp-json\/wp\/v2\/types\/product"}],"wp:featuredmedia":[{"embeddable":true,"href":"https:\/\/www.tatanka.nl\/it\/wp-json\/wp\/v2\/media\/14679"}],"wp:attachment":[{"href":"https:\/\/www.tatanka.nl\/it\/wp-json\/wp\/v2\/media?parent=2276"}],"wp:term":[{"taxonomy":"product_brand","embeddable":true,"href":"https:\/\/www.tatanka.nl\/it\/wp-json\/wp\/v2\/product_brand?post=2276"},{"taxonomy":"product_cat","embeddable":true,"href":"https:\/\/www.tatanka.nl\/it\/wp-json\/wp\/v2\/product_cat?post=2276"},{"taxonomy":"product_tag","embeddable":true,"href":"https:\/\/www.tatanka.nl\/it\/wp-json\/wp\/v2\/product_tag?post=2276"}],"curies":[{"name":"wp","href":"https:\/\/api.w.org\/{rel}","templated":true}]}}