{"id":2370,"date":"2017-10-07T13:51:08","date_gmt":"2017-10-07T13:51:08","guid":{"rendered":"http:\/\/www.tatanka.nl\/?post_type=product&#038;p=2370"},"modified":"2025-11-18T15:37:59","modified_gmt":"2025-11-18T14:37:59","slug":"kratom-bali-capsules-pills-caps-mitragyna-speciosa","status":"publish","type":"product","link":"https:\/\/www.tatanka.nl\/it\/kratom-bali-capsules-pills-caps-mitragyna-speciosa\/","title":{"rendered":"Bali Kratom Caps"},"content":{"rendered":"<h2 data-start=\"391\" data-end=\"419\">Cosa sono le Kratom Capsules?<\/h2>\n<p data-start=\"421\" data-end=\"932\">Le capsule Kratom Capsules sono un modo comodo ed efficace per consumare la Kratom, una pianta originaria del sud-est asiatico. Queste capsule contengono una potente miscela di estratto di Mitragyna speciosa 15x, polvere di Bali bianco e una piccola dose di caffeina. L'estratto fornisce i composti attivi chiave della Kratom in forma concentrata, consentendo un effetto pi\u00f9 potente e rapido. L'aggiunta della polvere di White Bali Kratom potenzia gli effetti calmanti, mentre la caffeina offre una leggera spinta stimolante, creando un'esperienza equilibrata.<\/p>\n<p data-start=\"934\" data-end=\"1394\">Queste capsule sono state progettate per essere facili da usare e rappresentano un'ottima opzione sia per i nuovi utenti che per quelli esperti della Kratom. Ogni capsula contiene una dose pre-misurata di 505 mg e garantisce risultati costanti, eliminando la necessit\u00e0 di tirare a indovinare o di misurare le polveri. Che siate alla ricerca di un leggero rilassamento o di un effetto pi\u00f9 forte, le Kratom Capsules offrono un modo accessibile per sperimentare i benefici della Kratom senza il fastidio di prepararla in altre forme.<\/p>\n<h2 data-start=\"1401\" data-end=\"1430\">Storia di Kratom Capsules<\/h2>\n<p data-start=\"1432\" data-end=\"1803\">Kratom, scientificamente nota come Mitragyna speciosa, \u00e8 stata utilizzata per secoli nel sud-est asiatico, dove veniva tradizionalmente consumata sotto forma di foglie crude. I lavoratori locali masticavano le foglie per le loro propriet\u00e0 energizzanti e gli effetti antidolorifici. Nel corso del tempo, la Kratom ha guadagnato popolarit\u00e0 in Occidente per le sue propriet\u00e0 naturali ed \u00e8 diventata una base per gli integratori a base di erbe.<\/p>\n<p data-start=\"1805\" data-end=\"2365\">L'innovazione di Kratom Capsules \u00e8 una soluzione moderna per rendere Kratom pi\u00f9 facile da consumare e pi\u00f9 accessibile per le persone in tutto il mondo. L'Capsules offre un modo comodo per provare gli effetti dell'Kratom senza dover misurare o mescolare le polveri. L'introduzione di estratti come la versione 15x utilizzata in queste capsule ha migliorato la potenza dell'Kratom, rendendolo pi\u00f9 efficiente per gli utenti che cercano effetti pi\u00f9 forti. Oggi, le capsule Kratom e Capsules sono tra i prodotti Kratom pi\u00f9 popolari, in quanto forniscono risultati costanti e offrono un dosaggio controllato in una forma portatile.<\/p>\n<h2 data-start=\"2372\" data-end=\"2401\">Come utilizzare Kratom Capsules<\/h2>\n<p data-start=\"2403\" data-end=\"2898\">L'uso di Kratom Capsules \u00e8 semplice e immediato. Il dosaggio consigliato per la maggior parte degli utenti \u00e8 compreso tra 1 e 5 capsule, a seconda dell'effetto desiderato e della sensibilit\u00e0 individuale. Per chi \u00e8 alle prime armi con l'Kratom, si consiglia di iniziare con una sola capsula per sperimentare un effetto lieve. Man mano che il corpo si abitua alla Kratom, \u00e8 possibile aumentare il dosaggio per ottenere effetti pi\u00f9 forti. In genere, 2-3 capsule producono un effetto da moderato a buono, mentre 3-5 capsule producono un'esperienza forte.<\/p>\n<p data-start=\"2900\" data-end=\"3343\">Per utilizzare le capsule \u00e8 sufficiente deglutirle con un bicchiere d'acqua. Le capsule possono essere assunte con o senza cibo, anche se l'assunzione a stomaco vuoto pu\u00f2 provocare effetti pi\u00f9 rapidi. \u00c8 importante evitare di superare il dosaggio consigliato per prevenire eventuali effetti negativi. Poich\u00e9 queste capsule contengono un potente estratto di Mitragyna speciosa, \u00e8 essenziale iniziare con un dosaggio inferiore, soprattutto se si \u00e8 alle prime armi con la Kratom o se si ha una bassa tolleranza.<\/p>\n<h2 data-start=\"3350\" data-end=\"3383\">Ingredienti di Kratom Capsules<\/h2>\n<p data-start=\"3385\" data-end=\"3845\">Ogni capsula di Kratom contiene una potente miscela di ingredienti studiata per fornire un'esperienza equilibrata ed efficace. L'ingrediente principale \u00e8 l'estratto di Mitragyna speciosa 15x, che \u00e8 una forma altamente concentrata di Kratom. Questo estratto contiene gli alcaloidi chiave responsabili degli effetti stimolanti e calmanti dell'Kratom. L'estratto 15x rende le capsule molto pi\u00f9 forti della normale polvere di Kratom o delle foglie essiccate, consentendo un effetto pi\u00f9 potente e immediato.<\/p>\n<p data-start=\"3847\" data-end=\"4329\">Oltre all'estratto di Mitragyna speciosa, le capsule contengono la polvere White Bali Kratom. Il Bali bianco \u00e8 noto per le sue propriet\u00e0 energizzanti e di miglioramento dell'umore, che lo rendono un eccellente complemento all'estratto di Mitragyna speciosa. \u00c8 inclusa anche una piccola quantit\u00e0 di caffeina (5 mg), che fornisce una leggera spinta stimolante per migliorare gli effetti complessivi delle capsule. Insieme, questi ingredienti lavorano in armonia per offrire un'esperienza equilibrata di relax, energia e chiarezza mentale.<\/p>\n<p data-start=\"4336\" data-end=\"4739\" data-is-last-node=\"\"><strong data-start=\"4336\" data-end=\"4347\">Avvertenze<\/strong><br data-start=\"4347\" data-end=\"4350\" \/>Usare con cautela. La vendita e l'uso di Kratom Capsules sono vietati ai minori di 18 anni. Non utilizzare durante l'uso di veicoli o macchinari, in caso di gravidanza o allattamento, o se si stanno assumendo farmaci o droghe con o senza prescrizione medica. Tenere fuori dalla portata dei bambini. Questo prodotto non \u00e8 stato valutato dalla FDA e non \u00e8 inteso come medicinale.<\/p>","protected":false},"excerpt":{"rendered":"<p>La nostra miscela Kratom Capsules contiene estratto di Mitragyna speciosa 15x, polvere di Bali bianco e un pizzico di caffeina per offrire un'esperienza equilibrata di energia e relax. Con un potente dosaggio di 505 mg per capsula, rappresentano un'alternativa precisa e facile da consumare alle forme tradizionali di Kratom. Ideali per chi cerca un effetto da lieve a forte, queste capsule sono disponibili in una confezione da 20 pezzi.<\/p>","protected":false},"featured_media":126075,"template":"","meta":[],"product_brand":[],"product_cat":[599,297,477,509,510,511,530,476],"product_tag":[],"class_list":{"0":"post-2370","1":"product","2":"type-product","3":"status-publish","4":"has-post-thumbnail","6":"product_cat-kratopia","7":"product_cat-all-products","8":"product_cat-herbs","9":"product_cat-kratom","10":"product_cat-relax","11":"product_cat-relax-herbs","12":"product_cat-relax-pills","13":"product_cat-smartshop","14":"product_shipping_class-creditcard-off","16":"first","17":"instock","18":"taxable","19":"shipping-taxable","20":"purchasable","21":"product-type-variable"},"_links":{"self":[{"href":"https:\/\/www.tatanka.nl\/it\/wp-json\/wp\/v2\/product\/2370","targetHints":{"allow":["GET"]}}],"collection":[{"href":"https:\/\/www.tatanka.nl\/it\/wp-json\/wp\/v2\/product"}],"about":[{"href":"https:\/\/www.tatanka.nl\/it\/wp-json\/wp\/v2\/types\/product"}],"wp:featuredmedia":[{"embeddable":true,"href":"https:\/\/www.tatanka.nl\/it\/wp-json\/wp\/v2\/media\/126075"}],"wp:attachment":[{"href":"https:\/\/www.tatanka.nl\/it\/wp-json\/wp\/v2\/media?parent=2370"}],"wp:term":[{"taxonomy":"product_brand","embeddable":true,"href":"https:\/\/www.tatanka.nl\/it\/wp-json\/wp\/v2\/product_brand?post=2370"},{"taxonomy":"product_cat","embeddable":true,"href":"https:\/\/www.tatanka.nl\/it\/wp-json\/wp\/v2\/product_cat?post=2370"},{"taxonomy":"product_tag","embeddable":true,"href":"https:\/\/www.tatanka.nl\/it\/wp-json\/wp\/v2\/product_tag?post=2370"}],"curies":[{"name":"wp","href":"https:\/\/api.w.org\/{rel}","templated":true}]}}