{"id":2371,"date":"2017-10-07T14:04:47","date_gmt":"2017-10-07T14:04:47","guid":{"rendered":"http:\/\/www.tatanka.nl\/?post_type=product&#038;p=2371"},"modified":"2025-11-18T15:37:58","modified_gmt":"2025-11-18T14:37:58","slug":"thai-kratom-capsules-mitragyna-speciosa","status":"publish","type":"product","link":"https:\/\/www.tatanka.nl\/it\/thai-kratom-capsules-mitragyna-speciosa\/","title":{"rendered":"Thai Kratom Caps"},"content":{"rendered":"<h2 data-start=\"408\" data-end=\"436\">Cosa sono le Kratom Capsules?<\/h2>\n<p data-start=\"438\" data-end=\"1018\">Le capsule Kratom Capsules sono un modo comodo e semplice per provare gli effetti della Kratom, una pianta naturale originaria del sud-est asiatico. L'ingrediente principale di queste capsule \u00e8 l'estratto di Mitragyna speciosa 15x, una forma concentrata di Kratom. Questo estratto fornisce effetti potenti a dosi inferiori rispetto alla polvere o alle foglie di Kratom tradizionali. Oltre all'estratto, le capsule contengono anche polvere di Red Thai e una piccola dose di caffeina. Il Red Thai Kratom \u00e8 noto per i suoi effetti calmanti, mentre la caffeina aggiunge una leggera spinta stimolante, creando un'esperienza equilibrata per l'utente.<\/p>\n<p data-start=\"1020\" data-end=\"1420\">Queste capsule sono state progettate per essere un modo facile e controllato di consumare Kratom. Poich\u00e9 sono disponibili in dosi pre-misurate, \u00e8 possibile monitorare facilmente l'assunzione. Le capsule sono perfette per chi desidera i benefici dell'Kratom ma preferisce non avere a che fare con la confusione delle polveri. Le capsule di Kratom sono ideali per chi cerca un modo comodo, portatile ed efficace per godere dei benefici di questa pianta unica.<\/p>\n<h2 data-start=\"1427\" data-end=\"1456\">Storia di Kratom Capsules<\/h2>\n<p data-start=\"1458\" data-end=\"1887\">La storia della Kratom risale a secoli fa: la pianta, la Mitragyna speciosa, \u00e8 stata ampiamente utilizzata nel sud-est asiatico per le sue propriet\u00e0 stimolanti e antidolorifiche. Tradizionalmente, le foglie di Kratom venivano masticate o trasformate in t\u00e8 dai lavoratori per aumentare l'energia e la resistenza. Con il tempo, la Kratom \u00e8 stata riconosciuta anche per i suoi effetti calmanti, rendendola popolare in varie culture per il relax e la chiarezza mentale.<\/p>\n<p data-start=\"1889\" data-end=\"2558\">La creazione di capsule di Kratom \u00e8 un'innovazione pi\u00f9 moderna, progettata per rendere il consumo di Kratom pi\u00f9 facile, soprattutto per coloro che potrebbero non gradire il sapore di Kratom in forma di t\u00e8 o polvere. Lo sviluppo di estratti di Kratom, come l'estratto 15x utilizzato in queste capsule, ha segnato un significativo passo avanti nella potenza e nella convenienza dei prodotti Kratom. Con la diffusione della popolarit\u00e0 dell'Kratom a livello globale, le capsule si sono diffuse grazie alla loro precisione nel dosaggio e alla facilit\u00e0 d'uso. Oggi le capsule di Kratom sono uno dei modi pi\u00f9 convenienti per godere dei benefici dell'Kratom e sono disponibili in vari dosaggi e combinazioni per soddisfare le diverse preferenze ed esigenze.<\/p>\n<h2 data-start=\"2565\" data-end=\"2594\">Come utilizzare Kratom Capsules<\/h2>\n<p data-start=\"2596\" data-end=\"3096\">L'uso di Kratom Capsules \u00e8 semplice e conveniente. Il dosaggio consigliato varia a seconda della sensibilit\u00e0 dell'organismo e dell'effetto desiderato. Per i principianti, \u00e8 meglio iniziare con una sola capsula, in modo da ottenere un effetto leggero. Se si cerca un effetto pi\u00f9 forte, si possono assumere fino a 3 capsule, mentre gli utenti pi\u00f9 esperti possono trovare 4 o 5 capsule ideali per ottenere i risultati desiderati. \u00c8 importante notare che il dosaggio deve essere regolato in base alla tolleranza personale e al peso.<\/p>\n<p data-start=\"3098\" data-end=\"3646\">Per utilizzare le capsule \u00e8 sufficiente deglutirle con acqua. \u00c8 possibile assumerle a stomaco vuoto per ottenere effetti pi\u00f9 rapidi, ma se si preferisce possono essere assunte anche con il cibo. Poich\u00e9 le capsule sono pre-misurate, non \u00e8 necessario tirare a indovinare o misurare la polvere. Questo le rende un'opzione perfetta per chi \u00e8 alle prime armi con l'Kratom o per chi cerca un'esperienza pi\u00f9 controllata. Come per qualsiasi integratore, \u00e8 fondamentale evitare di superare il dosaggio consigliato per evitare effetti collaterali indesiderati. Ascoltate sempre il vostro corpo e regolate il dosaggio secondo le necessit\u00e0.<\/p>\n<h2 data-start=\"3653\" data-end=\"3686\">Ingredienti di Kratom Capsules<\/h2>\n<p data-start=\"3688\" data-end=\"4186\">Gli ingredienti principali di questi Kratom Capsules sono l'estratto 15x di Mitragyna speciosa, la polvere di Red Thai e la caffeina. L'estratto 15x di Mitragyna speciosa, noto anche come Kratom, \u00e8 l'ingrediente principale. Questo estratto \u00e8 una forma concentrata della pianta Kratom, che fornisce un effetto pi\u00f9 potente rispetto alla normale polvere Kratom o alle foglie essiccate. L'estratto 15x consente una somministrazione pi\u00f9 forte ed efficiente degli alcaloidi attivi presenti nella Kratom, rendendola ideale per gli utenti che desiderano un effetto pi\u00f9 immediato.<\/p>\n<p data-start=\"4188\" data-end=\"4687\">La polvere rossa Thai \u00e8 un altro ingrediente importante di queste capsule. \u00c8 noto per le sue propriet\u00e0 calmanti e antidolorifiche, che lo rendono un complemento perfetto agli effetti stimolanti dell'estratto di Kratom. La piccola quantit\u00e0 di caffeina contenuta nelle capsule aggiunge un elemento energizzante alla formula, aiutando a bilanciare gli effetti stimolanti e rilassanti della combinazione Kratom e Red Thai. Ogni capsula contiene 505 mg di questi ingredienti, assicurando un'esperienza potente ed equilibrata a ogni dose.<\/p>\n<p data-start=\"4694\" data-end=\"5097\" data-is-last-node=\"\"><strong data-start=\"4694\" data-end=\"4705\">Avvertenze<\/strong><br data-start=\"4705\" data-end=\"4708\" \/>Usare con cautela. La vendita e l'uso di Kratom Capsules sono vietati ai minori di 18 anni. Non utilizzare durante l'uso di veicoli o macchinari, in caso di gravidanza o allattamento, o se si stanno assumendo farmaci o droghe con o senza prescrizione medica. Tenere fuori dalla portata dei bambini. Questo prodotto non \u00e8 stato valutato dalla FDA e non \u00e8 inteso come medicinale.<\/p>","protected":false},"excerpt":{"rendered":"<p>Provate la potente miscela di estratto di Mitragyna speciosa 15x, polvere di Red Thai e caffeina con il nostro Kratom Capsules. Ogni capsula contiene una potente combinazione di ingredienti studiati per fornire effetti stimolanti e calmanti. Con 20 capsule per flacone, \u00e8 possibile regolare facilmente il dosaggio per ottenere l'effetto desiderato. Adatto sia ai nuovi utenti che a quelli esperti di Kratom.<\/p>","protected":false},"featured_media":126074,"template":"","meta":[],"product_brand":[],"product_cat":[599,297,477,509,510,511,530,476],"product_tag":[],"class_list":{"0":"post-2371","1":"product","2":"type-product","3":"status-publish","4":"has-post-thumbnail","6":"product_cat-kratopia","7":"product_cat-all-products","8":"product_cat-herbs","9":"product_cat-kratom","10":"product_cat-relax","11":"product_cat-relax-herbs","12":"product_cat-relax-pills","13":"product_cat-smartshop","14":"product_shipping_class-creditcard-off","16":"first","17":"instock","18":"taxable","19":"shipping-taxable","20":"purchasable","21":"product-type-variable"},"_links":{"self":[{"href":"https:\/\/www.tatanka.nl\/it\/wp-json\/wp\/v2\/product\/2371","targetHints":{"allow":["GET"]}}],"collection":[{"href":"https:\/\/www.tatanka.nl\/it\/wp-json\/wp\/v2\/product"}],"about":[{"href":"https:\/\/www.tatanka.nl\/it\/wp-json\/wp\/v2\/types\/product"}],"wp:featuredmedia":[{"embeddable":true,"href":"https:\/\/www.tatanka.nl\/it\/wp-json\/wp\/v2\/media\/126074"}],"wp:attachment":[{"href":"https:\/\/www.tatanka.nl\/it\/wp-json\/wp\/v2\/media?parent=2371"}],"wp:term":[{"taxonomy":"product_brand","embeddable":true,"href":"https:\/\/www.tatanka.nl\/it\/wp-json\/wp\/v2\/product_brand?post=2371"},{"taxonomy":"product_cat","embeddable":true,"href":"https:\/\/www.tatanka.nl\/it\/wp-json\/wp\/v2\/product_cat?post=2371"},{"taxonomy":"product_tag","embeddable":true,"href":"https:\/\/www.tatanka.nl\/it\/wp-json\/wp\/v2\/product_tag?post=2371"}],"curies":[{"name":"wp","href":"https:\/\/api.w.org\/{rel}","templated":true}]}}