{"id":2493,"date":"2017-10-09T12:52:14","date_gmt":"2017-10-09T12:52:14","guid":{"rendered":"http:\/\/www.tatanka.nl\/?post_type=product&#038;p=2493"},"modified":"2025-12-25T00:48:30","modified_gmt":"2025-12-24T23:48:30","slug":"b-plus-magic-mushroom-paddo-grow-kit","status":"publish","type":"product","link":"https:\/\/www.tatanka.nl\/it\/b-plus-magic-mushroom-paddo-grow-kit\/","title":{"rendered":"B+ Fungo magico Paddo Kit di coltivazione"},"content":{"rendered":"<h2 dir=\"ltr\" data-pm-slice=\"1 1 []\">Cosa sono i B+ Magic Mushrooms?<\/h2>\n<p dir=\"ltr\">Il B+ All-in-one GrowKit \u00e8 una soluzione completa per la coltivazione dei funghi magici B+, famosi per le loro dimensioni impressionanti e i loro potenti effetti. Questo kit semplifica il processo di coltivazione, rendendolo accessibile sia ai principianti che ai coltivatori esperti. Contiene un substrato pre-preparato, un sacchetto di coltivazione con filtri per l'aria e due graffette, e richiede solo acqua e il rispetto di istruzioni semplici. La variet\u00e0 B+ \u00e8 rinomata per la sua crescita robusta, che spesso produce raccolti consistenti, con il primo ciclo che in genere produce fino a 400 grammi da un kit da 1200 cc. In grado di supportare tre cicli di crescita, il kit offre pi\u00f9 raccolti se mantenuto correttamente. Conservato in frigorifero, rimane vitale fino a sei mesi, anche se la sua durata di conservazione \u00e8 limitata al di fuori delle celle frigorifere. La B+ offre una profonda esperienza psichedelica grazie al suo contenuto di psilocibina, che si trasforma in psilocina nel corpo, influenzando i livelli di serotonina e inducendo vivide allucinazioni. Questo prodotto permette agli utenti di godersi il processo di coltivazione dei propri funghi magici e di esplorarne gli effetti unici in modo responsabile.<\/p>\n<h2 dir=\"ltr\">Storia di B+ Magic Mushrooms<\/h2>\n<p dir=\"ltr\">La variet\u00e0 B+ ha una storia affascinante nel mondo dei funghi psilocibinici. Nata negli anni '90, si ritiene che sia stata sviluppata da coltivatori alla ricerca di una variet\u00e0 resistente e ad alto rendimento. La B+ ha guadagnato rapidamente popolarit\u00e0 grazie alla sua resilienza e alla capacit\u00e0 di crescere in condizioni diverse, diventando una delle preferite dai coltivatori domestici. Il suo nome riflette probabilmente le sue caratteristiche \"pi\u00f9 grandi\" e \"migliori\", dato che produce costantemente funghi grandi e carnosi. A differenza di altre variet\u00e0, la B+ \u00e8 indulgente nei confronti di piccoli errori colturali, il che ha contribuito alla sua diffusione. Nel corso degli anni, \u00e8 diventata un punto fermo nella comunit\u00e0 psichedelica, apprezzata non solo per la sua facilit\u00e0 di crescita, ma anche per le esperienze intense e introspettive che facilita. Il kit di coltivazione B+ All-in-one si basa su questa eredit\u00e0, offrendo ai coltivatori moderni un modo conveniente per coltivare questa variet\u00e0 iconica. Il suo fascino duraturo risiede nell'equilibrio tra accessibilit\u00e0 e potenza, che unisce la coltivazione tradizionale dei funghi alla facilit\u00e0 contemporanea. Oggi, la B+ rimane un simbolo di qualit\u00e0 e affidabilit\u00e0, che invita gli utenti a connettersi con una ricca storia di esplorazione psichedelica mentre coltivano le proprie piante a casa.<\/p>\n<h2 dir=\"ltr\">Come utilizzare il kit di coltivazione B+ All-in-one<\/h2>\n<p dir=\"ltr\">L'uso del kit di coltivazione B+ All-in-one \u00e8 semplice, progettato per garantire una coltivazione di successo con il minimo sforzo. Iniziate lavando accuratamente le mani e pulendo l'esterno del kit con un panno asciutto. Rimuovere e conservare il coperchio, quindi riempire il kit con acqua tiepida (20\u00b0C) e lasciarlo in ammollo per cinque minuti, senza superare mai un'ora. Scaricare completamente l'acqua, lasciando sgocciolare il kit per dieci secondi. Posizionare il kit all'interno del sacchetto di coltivazione fornito, aggiungere 200-250 ml di acqua tiepida e sigillare il sacchetto con le graffette in dotazione. Posizionare il kit in una stanza con una temperatura di 20-25\u00b0C, evitando la luce diretta del sole, le lampade o le fonti di calore. Mantenere il sacchetto sigillato fino alla comparsa delle teste di spillo (prime formazioni di funghi), che pu\u00f2 richiedere 10-20 giorni, per mantenere alti i livelli di umidit\u00e0 e CO2. Una volta formate le teste di spillo, arieggiare brevemente il sacchetto ogni giorno e nebulizzare leggermente il kit. Raccogliere i funghi appena prima che i veli sotto i cappelli si rompano, torcendoli delicatamente ed estraendoli completamente. Ripetete il procedimento per altri cicli di raccolta. Questo metodo assicura una crescita ottimale, permettendovi di godere di pi\u00f9 raccolti di potenti funghi magici B+ con facilit\u00e0.<\/p>\n<h2 dir=\"ltr\">Ingredienti del kit di coltivazione B+ All-in-one<\/h2>\n<p dir=\"ltr\">Il GrowKit B+ All-in-one \u00e8 stato accuratamente realizzato per fornire tutto il necessario per una coltivazione di funghi di successo. Il componente principale \u00e8 un substrato pre-inoculato, un terreno ricco di nutrienti progettato per sostenere la crescita dei funghi magici B+. Questo substrato \u00e8 composto da una miscela di materiali organici, tipicamente grani e altri composti naturali, ottimizzati per favorire un robusto sviluppo del micelio. Il kit comprende anche un sacchetto di coltivazione specializzato, dotato di filtri d'aria, che mantiene l'umidit\u00e0 e il ricambio d'aria ideali per la crescita dei funghi. Due graffette sono in dotazione per sigillare saldamente il sacchetto, garantendo un ambiente controllato. Non sono necessari altri prodotti chimici o fertilizzanti, poich\u00e9 il substrato \u00e8 preformulato per supportare pi\u00f9 cicli di funghi. La variet\u00e0 B+ contiene psilocibina e psilocina, i composti attivi responsabili degli effetti psichedelici. Questi composti sono intrinseci ai funghi e non vengono aggiunti separatamente. Il design del kit elimina la necessit\u00e0 di apporti esterni oltre all'acqua, rendendolo un sistema autonomo. Questa semplicit\u00e0, unita a componenti di alta qualit\u00e0, fa s\u00ec che gli utenti possano concentrarsi sul processo di coltivazione e ottenere risultati costanti e ad alto rendimento con i loro funghi magici B+.<\/p>\n<p dir=\"ltr\"><strong>Avvertenze<\/strong><br \/>\nI funghi magici, compresi quelli coltivati con il B+ All-in-one GrowKit, contengono naturalmente psilocibina e psilocina, potenti allucinogeni. Queste sostanze possono alterare la coscienza, causando potenzialmente allucinazioni vivide e cambiamenti nella percezione, nell'umore e nella cognizione. A causa dei loro effetti psicoattivi, devono essere maneggiate e consumate con cautela. Conservare sempre il kit e i funghi raccolti in modo sicuro, fuori dalla portata di bambini e animali domestici, per evitare l'ingestione accidentale. Le persone con condizioni di salute mentale preesistenti o che assumono farmaci che influenzano i livelli di serotonina dovrebbero evitarne l'uso, poich\u00e9 questi composti influenzano il sistema cerebrale della serotonina. L'uso responsabile e la consapevolezza degli effetti sono essenziali per garantire un'esperienza sicura.<\/p>","protected":false},"excerpt":{"rendered":"<p><span style=\"font-size: 100%;\">La B+ \u00e8 una variet\u00e0 molto popolare, molto apprezzata per i funghi di grandi dimensioni. Anche questa \u00e8 una variet\u00e0 originale Cubensis. <\/span><span style=\"font-size: 100%;\">Se vi piace vedere una buona grafica colorata con una connessione spirituale con tutto l'universo e sperimentare comunque un viaggio divertente, questo \u00e8 un buon fungo per voi. <\/span><\/p>\n<p><span style=\"font-size: 100%;\">Disponibile in confezioni medie e grandi.<\/span><span style=\"font-size: 100%; color: #000000;\"><br \/>\n<\/span><\/p>","protected":false},"featured_media":19885,"template":"","meta":[],"product_brand":[],"product_cat":[539,297,592,595,513,515,476],"product_tag":[662],"class_list":{"0":"post-2493","1":"product","2":"type-product","3":"status-publish","4":"has-post-thumbnail","6":"product_cat-magic-mushroom-grow-kits","7":"product_cat-all-products","8":"product_cat-beginner-magic-mushroom-grow-kits","9":"product_cat-mcsmart","10":"product_cat-party","11":"product_cat-shroomshop","12":"product_cat-smartshop","13":"product_tag-shrdeal","14":"product_shipping_class-creditcard-off","16":"first","17":"instock","18":"taxable","19":"shipping-taxable","20":"purchasable","21":"product-type-variable","22":"has-default-attributes"},"_links":{"self":[{"href":"https:\/\/www.tatanka.nl\/it\/wp-json\/wp\/v2\/product\/2493","targetHints":{"allow":["GET"]}}],"collection":[{"href":"https:\/\/www.tatanka.nl\/it\/wp-json\/wp\/v2\/product"}],"about":[{"href":"https:\/\/www.tatanka.nl\/it\/wp-json\/wp\/v2\/types\/product"}],"wp:featuredmedia":[{"embeddable":true,"href":"https:\/\/www.tatanka.nl\/it\/wp-json\/wp\/v2\/media\/19885"}],"wp:attachment":[{"href":"https:\/\/www.tatanka.nl\/it\/wp-json\/wp\/v2\/media?parent=2493"}],"wp:term":[{"taxonomy":"product_brand","embeddable":true,"href":"https:\/\/www.tatanka.nl\/it\/wp-json\/wp\/v2\/product_brand?post=2493"},{"taxonomy":"product_cat","embeddable":true,"href":"https:\/\/www.tatanka.nl\/it\/wp-json\/wp\/v2\/product_cat?post=2493"},{"taxonomy":"product_tag","embeddable":true,"href":"https:\/\/www.tatanka.nl\/it\/wp-json\/wp\/v2\/product_tag?post=2493"}],"curies":[{"name":"wp","href":"https:\/\/api.w.org\/{rel}","templated":true}]}}