{"id":2497,"date":"2017-10-09T13:03:43","date_gmt":"2017-10-09T13:03:43","guid":{"rendered":"http:\/\/www.tatanka.nl\/?post_type=product&#038;p=2497"},"modified":"2025-10-16T07:56:52","modified_gmt":"2025-10-16T06:56:52","slug":"ecuadorian-magic-mushroom-paddo-grow-kit","status":"publish","type":"product","link":"https:\/\/www.tatanka.nl\/it\/ecuadorian-magic-mushroom-paddo-grow-kit\/","title":{"rendered":"Ecuadorian Kit di coltivazione del fungo magico Paddo"},"content":{"rendered":"<h2 dir=\"ltr\" data-pm-slice=\"1 1 []\">Cosa sono i kit di coltivazione Ecuadorian All-in-One?<\/h2>\n<p dir=\"ltr\">Il GrowKit All-in-One Ecuadorian \u00e8 una soluzione completa per la coltivazione della Magic Mushrooms, progettata sia per i principianti che per i coltivatori esperti. Include tutto il necessario per coltivare Magic Ecuadorian di alta qualit\u00e0, nota per i suoi effetti puri e potenti. Il kit contiene un vassoio di coltivazione, un sacchetto di coltivazione con filtri per l'aria e due graffette, e richiede solo acqua per iniziare. Con una cura adeguata, supporta fino a tre raccolti, di cui il primo \u00e8 in genere il pi\u00f9 abbondante, con una resa di circa 400 grammi da un kit da 1200 cc. Conservato in frigorifero, il kit rimane vitale per circa sei mesi, anche se la sua durata di conservazione \u00e8 limitata al di fuori di condizioni fresche. La variet\u00e0 Ecuadorian \u00e8 apprezzata per il suo viaggio pulito e vibrante, che la rende una delle preferite dagli appassionati che cercano un'esperienza di coltivazione affidabile e piacevole. Seguendo le semplici istruzioni, gli utenti possono coltivare la propria Magic Mushrooms in un ambiente domestico controllato, garantendo ogni volta un prodotto fresco e autentico.<\/p>\n<h2 dir=\"ltr\">Storia dei kit di coltivazione Ecuadorian All-in-One<\/h2>\n<p dir=\"ltr\">L'Ecuadorian All-in-One GrowKit trae origine da una ricca storia che affonda le sue radici nell'uso tradizionale del Magic Mushrooms nelle culture sudamericane. Le comunit\u00e0 indigene dell'Ecuador hanno a lungo venerato questi funghi per le loro propriet\u00e0 spirituali e medicinali, usandoli nei rituali per connettersi con la natura e il divino. Il moderno kit di coltivazione \u00e8 emerso con il progredire delle tecniche di coltivazione, consentendo agli appassionati di replicare queste antiche pratiche a casa. Alla fine del XX secolo, aziende come Mcsmart hanno introdotto kit di coltivazione accessibili, semplificando il processo e preservando la qualit\u00e0 di variet\u00e0 come la Ecuadorian Magic Mushrooms. Questa variet\u00e0 ha guadagnato popolarit\u00e0 per la sua potenza bilanciata e gli effetti puliti, paragonabili ai ceppi Colombian. Il GrowKit All-in-One rappresenta anni di perfezionamento, combinando un design facile da usare con condizioni di coltivazione ottimali. Il suo sviluppo riflette il crescente interesse per la coltivazione domestica, guidato dal desiderio di Magic Mushrooms fresca e di alta qualit\u00e0. Oggi, il kit rappresenta un ponte tra le antiche tradizioni e l'innovazione moderna, consentendo agli utenti di tutto il mondo di sperimentare le propriet\u00e0 uniche della Ecuadorian Magic Mushrooms, promuovendo al contempo un pi\u00f9 profondo apprezzamento per il loro significato culturale e storico.<\/p>\n<h2 dir=\"ltr\">Come utilizzare i kit di coltivazione all-in-one Ecuadorian<\/h2>\n<p dir=\"ltr\">L'utilizzo del GrowKit All-in-One Ecuadorian \u00e8 semplice e lo rende ideale per la coltivazione domestica. Iniziate lavandovi le mani e pulendo l'esterno del kit con un panno asciutto. Rimuovere il coperchio, riempire la vaschetta con acqua tiepida (20\u00b0C) e immergerla per cinque minuti, assicurandosi di non superare un'ora. Scolare l'acqua, mettere la vaschetta nel sacchetto di coltivazione fornito e aggiungere 200-250 ml di acqua tiepida. Chiudere il sacchetto con le graffette e tenerlo in una stanza a 20-25\u00b0C, lontano dalla luce diretta del sole o da fonti di calore. Mantenere alti i livelli di umidit\u00e0 e CO2 fino alla comparsa delle teste di spillo (prime formazioni di funghi), che pu\u00f2 richiedere 10-20 giorni. Una volta visibili, aerare il sacchetto ogni giorno e nebulizzare leggermente il kit. Raccogliere i funghi appena prima che il velo sotto il cappello si rompa, torcendoli delicatamente ed estraendoli completamente. Dopo la raccolta, ripetere il processo per ottenere ulteriori raccolti, in genere fino a tre per kit. Questo metodo assicura un'esperienza di coltivazione di successo, fornendo Ecuadorian Magic Mushrooms fresco con il minimo sforzo e massimizzando la potenza e la qualit\u00e0 per un viaggio indimenticabile.<\/p>\n<h2 dir=\"ltr\">Ingredienti dei kit di coltivazione Ecuadorian All-in-One<\/h2>\n<p dir=\"ltr\">Il kit di coltivazione Ecuadorian All-in-One \u00e8 composto da componenti accuratamente selezionati per garantire una crescita ottimale dei funghi. L'ingrediente principale \u00e8 un substrato pre-inoculato con il micelio del fungo magico Ecuadorian, un terreno ricco di sostanze nutritive che favorisce uno sviluppo robusto. Questo substrato \u00e8 in genere una miscela di materiali organici come grano, paglia o compost, adattata alle esigenze del ceppo Ecuadorian. Il kit comprende anche un sacchetto di coltivazione con filtri d'aria incorporati, che mantiene i livelli ideali di umidit\u00e0 e CO2 evitando la contaminazione. Vengono fornite due graffette per sigillare saldamente il sacchetto durante la coltivazione. A differenza di altri kit di coltivazione, non sono necessari ingredienti o sostanze chimiche aggiuntive, ma solo acqua tiepida (20\u00b0C) per attivare il processo. L'assenza di additivi sintetici garantisce un'esperienza di coltivazione naturale, preservando la purezza e la potenza della Magic Mushrooms. Le propriet\u00e0 uniche della variet\u00e0 Ecuadorian, compreso il suo contenuto di psilocibina, sono intrinseche al micelio, e garantiscono gli effetti puliti e vibranti che rendono questa variet\u00e0 cos\u00ec ricercata. Questo kit, progettato con cura, semplifica il processo di coltivazione e garantisce agli appassionati una resa di alta qualit\u00e0.<\/p>\n<p dir=\"ltr\"><strong>Avvertenza: Manipolazione e stoccaggio sicuri<\/strong><\/p>\n<p dir=\"ltr\">La Magic Mushrooms coltivata con il GrowKit All-in-One Ecuadorian contiene psilocibina e psilocina, allucinogeni naturali che possono alterare la coscienza e indurre allucinazioni. Queste sostanze influenzano i livelli di serotonina nel cervello, influenzando l'umore, la percezione e la cognizione. A causa dei loro potenti effetti, consumare con cautela e in un ambiente sicuro. Conservare sempre il kit e i funghi raccolti fuori dalla portata dei bambini e degli animali domestici per evitare l'ingestione accidentale. Consultare un medico prima dell'uso, soprattutto se si hanno condizioni mediche preesistenti o si assumono farmaci.<\/p>","protected":false},"excerpt":{"rendered":"<p><span style=\"font-size: 100%;\">La Psilocybe Cubensis Ecuador \u00e8 uno dei ceppi pi\u00f9 popolari, questa variet\u00e0 delle Ande Ecuadorian produce spesso funghi molto grandi, anche in condizioni estreme. <\/span><\/p>\n<p><span style=\"font-size: 100%;\">Questa grande lunghezza del fungo lo rende uno dei ceppi cubensis pi\u00f9 grandi e potenti. Questo fungo vi dar\u00e0 un effetto rapido e una mente chiara. Ecuadorian <a href=\"https:\/\/www.tatanka.nl\/it\/shroomshop\/magic-mushroom-grow-kits\/\">Kit per la coltivazione del fungo magico<\/a> sono disponibili in confezioni piccole e medie.<\/span><span style=\"font-size: 100%; color: #000000;\"><br \/>\n<\/span><\/p>","protected":false},"featured_media":19893,"template":"","meta":[],"product_brand":[],"product_cat":[539,297,595,513,515,476,593],"product_tag":[662],"class_list":{"0":"post-2497","1":"product","2":"type-product","3":"status-publish","4":"has-post-thumbnail","6":"product_cat-magic-mushroom-grow-kits","7":"product_cat-all-products","8":"product_cat-mcsmart","9":"product_cat-party","10":"product_cat-shroomshop","11":"product_cat-smartshop","12":"product_cat-strongest-magic-mushroom-grow-kits","13":"product_tag-shrdeal","14":"product_shipping_class-creditcard-off","16":"first","17":"instock","18":"taxable","19":"shipping-taxable","20":"purchasable","21":"product-type-variable","22":"has-default-attributes"},"_links":{"self":[{"href":"https:\/\/www.tatanka.nl\/it\/wp-json\/wp\/v2\/product\/2497","targetHints":{"allow":["GET"]}}],"collection":[{"href":"https:\/\/www.tatanka.nl\/it\/wp-json\/wp\/v2\/product"}],"about":[{"href":"https:\/\/www.tatanka.nl\/it\/wp-json\/wp\/v2\/types\/product"}],"wp:featuredmedia":[{"embeddable":true,"href":"https:\/\/www.tatanka.nl\/it\/wp-json\/wp\/v2\/media\/19893"}],"wp:attachment":[{"href":"https:\/\/www.tatanka.nl\/it\/wp-json\/wp\/v2\/media?parent=2497"}],"wp:term":[{"taxonomy":"product_brand","embeddable":true,"href":"https:\/\/www.tatanka.nl\/it\/wp-json\/wp\/v2\/product_brand?post=2497"},{"taxonomy":"product_cat","embeddable":true,"href":"https:\/\/www.tatanka.nl\/it\/wp-json\/wp\/v2\/product_cat?post=2497"},{"taxonomy":"product_tag","embeddable":true,"href":"https:\/\/www.tatanka.nl\/it\/wp-json\/wp\/v2\/product_tag?post=2497"}],"curies":[{"name":"wp","href":"https:\/\/api.w.org\/{rel}","templated":true}]}}