{"id":2567,"date":"2017-10-10T16:02:05","date_gmt":"2017-10-10T16:02:05","guid":{"rendered":"http:\/\/www.tatanka.nl\/?post_type=product&#038;p=2567"},"modified":"2026-04-10T00:48:42","modified_gmt":"2026-04-09T23:48:42","slug":"mushrocks-magic-truffles-15-gram-mushrooms-shrooms","status":"publish","type":"product","link":"https:\/\/www.tatanka.nl\/it\/mushrocks-magic-truffles-15-gram-mushrooms-shrooms\/","title":{"rendered":"Mushrocks Tartufi magici"},"content":{"rendered":"<h2>Cosa sono i tartufi magici MushRocks?<\/h2>\n<p>I tartufi magici MushRocks sono sclerozi, una massa compatta di fili di micelio che si forma nel sottosuolo di alcuni funghi. Questi tartufi si sviluppano quando le condizioni ambientali, come l'abbassamento della temperatura e l'aumento dell'umidit\u00e0, non sono ideali per la crescita dei funghi. Al contrario, il micelio immagazzina le sostanze nutritive, creando sclerozi che possono poi far germogliare i funghi quando le condizioni migliorano. Noti per il loro contenuto di psilocibina, i tartufi magici MushRocks offrono un'esperienza allucinogena, spesso descritta come un \"trip\", che pu\u00f2 variare da visioni vivide a profonde intuizioni filosofiche. Ogni confezione contiene 15 grammi di Psilocybe Galindoii, prodotti da McSmart Truffles per un effetto costante e potente. Gli utilizzatori riferiscono di aver fatto un viaggio unico nel tempo, nello spazio o nella loro coscienza interiore, rendendo questi tartufi popolari tra gli psiconauti. L'esperienza dipende dal dosaggio, dall'ambiente e dalla sensibilit\u00e0 individuale, garantendo un'avventura su misura per ogni utente. Che siate nuovi al tartufo o esploratori esperti, questo prodotto vi invita a scoprire i misteri della mente e dell'universo in modo sicuro e controllato.<\/p>\n<h2>La storia dei tartufi magici MushRocks<\/h2>\n<p>L'uso di funghi contenenti psilocibina, come i tartufi magici MushRocks, risale a secoli fa, con radici nelle culture indigene della Mesoamerica. Le antiche civilt\u00e0, come gli Aztechi, veneravano queste sostanze per le loro propriet\u00e0 spirituali e curative, usandole nei rituali per connettersi con il divino o per comprendere i misteri della vita. Conosciuti come \"teonan\u00e1catl\" o \"carne degli dei\", questi funghi erano sacri. Nel XX secolo, l'interesse occidentale \u00e8 aumentato dopo che il micologo R. Gordon Wasson ne ha documentato l'uso in Messico, scatenando una curiosit\u00e0 globale. Gli sclerozi, la forma dei tartufi magici di MushRocks, hanno guadagnato popolarit\u00e0 in tempi moderni grazie al loro status legale in alcune regioni e alla facilit\u00e0 di coltivazione. A differenza dei funghi, gli sclerotia si formano sottoterra, rendendoli discreti e resistenti. Oggi, McSmart Truffles sfrutta questa antica tradizione, combinandola con le moderne tecniche di coltivazione per produrre Psilocybe Galindoii di alta qualit\u00e0. L'ascesa dei tartufi magici di MushRocks riflette il crescente interesse per gli psichedelici per l'autoesplorazione e il benessere mentale, con utenti di tutto il mondo che abbracciano la loro capacit\u00e0 di ispirare stupore e introspezione. Questa ricca storia sottolinea il fascino senza tempo di questi tartufi come porta d'accesso a esperienze profonde.<\/p>\n<h2>Come utilizzare i tartufi magici MushRocks<\/h2>\n<p>Per gustare i tartufi magici MushRocks in tutta sicurezza, iniziare in un ambiente calmo e familiare con compagni fidati. Iniziare con met\u00e0 del contenuto di 15 grammi della scatola, masticando accuratamente per migliorare l'assorbimento, in quanto ci\u00f2 migliora l'efficacia dei tartufi. Gli effetti iniziano in genere entro 30-45 minuti, quindi bisogna aspettare prima di consumarne altri per valutarne l'intensit\u00e0. Per ottenere risultati ottimali, si consiglia di consumare il prodotto a stomaco vuoto, poich\u00e9 il cibo pu\u00f2 ritardare l'insorgenza dell'effetto. In alternativa, \u00e8 possibile preparare un t\u00e8 o una zuppa con i tartufi per ottenere un gusto pi\u00f9 delicato. Conservare in un luogo buio e fresco tra i 2\u00b0C e i 4\u00b0C per mantenere la potenza. Il trip raggiunge l'apice circa 1-3 ore dopo l'ingestione, per una durata complessiva di 5-6 ore. Non superare mai una confezione per sessione ed evitare di combinarla con alcol, farmaci o altre sostanze. I tartufi magici MushRocks sono indicati per chi \u00e8 in buona salute fisica e mentale: evitate l'uso in caso di gravidanza, depressione o patologie come l'ipertensione o il diabete. Dopo l'esperienza, rilassatevi e riflettete sulle conoscenze acquisite. \u00c8 severamente vietato guidare o usare macchinari durante e dopo l'uso. Questo approccio attento garantisce un viaggio sicuro e trasformativo con i tartufi magici MushRocks.<\/p>\n<h2>Ingredienti dei tartufi magici MushRocks<\/h2>\n<p>I tartufi magici MushRocks sono un prodotto naturale composto principalmente da sclerozi del fungo Psilocybe Galindoii. Il principio attivo chiave \u00e8 la psilocibina, che si converte in psilocina nell'organismo, scatenando gli effetti allucinogeni. Oltre alla psilocibina, questi tartufi contengono una serie di nutrienti essenziali per la salute umana, tra cui carboidrati (13,2 g per 100 g), proteine (5,3 g per 100 g) e fibre alimentari (16,7 g per 100 g). Forniscono inoltre una quantit\u00e0 minima di grassi (0,4 g per 100 g) e di sale (0,3 g per 100 g), con un valore energetico di 110,5 kcal per 100 g. Oligominerali come potassio (210 mg per 100 g), fosforo (169,3 mg per 100 g), calcio (12,5 mg per 100 g) e ferro (0,7 mg per 100 g) supportano le funzioni corporee, mentre la vitamina D (10 UI per 100 g) aggiunge valore nutrizionale. Questi nutrienti rendono i tartufi non solo una fonte di esperienze psichedeliche, ma anche un integratore alimentare unico. Prodotti da McSmart Truffles, gli sclerozi sono coltivati per garantire purezza e potenza, senza additivi artificiali. Questa composizione naturale sottolinea l'attrattiva dei tartufi come prodotto olistico per i viaggi nella mente e per i benefici nutrizionali, radicati nei processi della terra.<\/p>\n<p><strong>Avvertenze<\/strong><\/p>\n<p>I tartufi magici MushRocks contengono psilocibina e psilocina, allucinogeni naturali che possono indurre profondi effetti di alterazione della coscienza, comprese le allucinazioni. Queste sostanze possono avere un impatto significativo sulla percezione, sulle emozioni e sullo stato mentale, quindi vanno consumate con cautela. Usare sempre in un ambiente sicuro e controllato ed evitare se si hanno problemi di salute mentale, depressione o condizioni fisiche come problemi cardiaci, polmonari o di pressione sanguigna, diabete o durante la gravidanza o l'allattamento. Tenere fuori dalla portata dei bambini a causa dei potenti effetti di questi composti. Non utilizzare al di sotto dei 18 anni e non associare mai il farmaco ad alcolici, droghe o farmaci, in quanto potrebbe provocare reazioni imprevedibili. Durante e dopo l'uso \u00e8 vietato partecipare al traffico o azionare macchinari. Conservare responsabilmente per evitare l'ingestione accidentale.<\/p>","protected":false},"excerpt":{"rendered":"<p><span style=\"font-size: 100%;\">Questi tartufi al fungo psilocybe Mushrocks vi daranno un trip energico ed euforico di media\/forte intensit\u00e0 con un effetto visivo colorato. Potreste provare una risata. Non si verificano allucinazioni reali.\u00a0<\/span><span style=\"font-size: 100%;\">Un'esperienza intergalattica con un'energia avventurosa che vi porta in uno spazio ideale pieno di felicit\u00e0!<\/span><\/p>","protected":false},"featured_media":35151,"template":"","meta":[],"product_brand":[],"product_cat":[516,297,595,395,518,513,515,519,476,578],"product_tag":[662],"class_list":{"0":"post-2567","1":"product","2":"type-product","3":"status-publish","4":"has-post-thumbnail","6":"product_cat-magic-truffles","7":"product_cat-all-products","8":"product_cat-mcsmart","9":"product_cat-microdosing","10":"product_cat-mushrooms","11":"product_cat-party","12":"product_cat-shroomshop","13":"product_cat-shroomshop-top-10","14":"product_cat-smartshop","15":"product_cat-strongest-magic-truffles","16":"product_tag-shrdeal","17":"product_shipping_class-creditcard-off","19":"first","20":"instock","21":"taxable","22":"shipping-taxable","23":"purchasable","24":"product-type-variable","25":"has-default-attributes"},"_links":{"self":[{"href":"https:\/\/www.tatanka.nl\/it\/wp-json\/wp\/v2\/product\/2567","targetHints":{"allow":["GET"]}}],"collection":[{"href":"https:\/\/www.tatanka.nl\/it\/wp-json\/wp\/v2\/product"}],"about":[{"href":"https:\/\/www.tatanka.nl\/it\/wp-json\/wp\/v2\/types\/product"}],"wp:featuredmedia":[{"embeddable":true,"href":"https:\/\/www.tatanka.nl\/it\/wp-json\/wp\/v2\/media\/35151"}],"wp:attachment":[{"href":"https:\/\/www.tatanka.nl\/it\/wp-json\/wp\/v2\/media?parent=2567"}],"wp:term":[{"taxonomy":"product_brand","embeddable":true,"href":"https:\/\/www.tatanka.nl\/it\/wp-json\/wp\/v2\/product_brand?post=2567"},{"taxonomy":"product_cat","embeddable":true,"href":"https:\/\/www.tatanka.nl\/it\/wp-json\/wp\/v2\/product_cat?post=2567"},{"taxonomy":"product_tag","embeddable":true,"href":"https:\/\/www.tatanka.nl\/it\/wp-json\/wp\/v2\/product_tag?post=2567"}],"curies":[{"name":"wp","href":"https:\/\/api.w.org\/{rel}","templated":true}]}}